{"id":145,"date":"2016-01-29T12:24:30","date_gmt":"2016-01-29T11:24:30","guid":{"rendered":"http:\/\/www.mechatronik.hu\/new\/?page_id=145"},"modified":"2016-09-20T12:23:05","modified_gmt":"2016-09-20T11:23:05","slug":"miert-a-mechatronik-automatika","status":"publish","type":"page","link":"http:\/\/www.mechatronik.hu\/index.php\/hu\/miert-a-mechatronik-automatika\/","title":{"rendered":"Mi\u00e9rt a Mechatronik Automatika?"},"content":{"rendered":"<p style=\"text-align: justify;\">A munkat\u00e1rsi g\u00e1rd\u00e1nk z\u00f6me t\u00f6bb mint 14 \u00e9ve v\u00e9gez egyedi g\u00e9pgy\u00e1rt\u00e1s, jav\u00edt\u00e1s, telep\u00edt\u00e9s \u00e9s karbantart\u00e1s ter\u00fclet\u00e9n feladatokat.\u00a0Ez\u00e9rt a k\u00e9pzett \u00e9s \u00f6sszeszokott szakemberg\u00e1rda \u2013 az esetek t\u00f6bbs\u00e9g\u00e9ben &#8211; a projektek gyors \u00e1tfut\u00e1s\u00e1t teszi lehet\u0151v\u00e9.<\/p>\n<p><strong>Legf\u0151bb egyedis\u00e9g\u00fcnk, hogy<\/strong><\/p>\n<ul style=\"list-style-type: square;\">\n<li style=\"text-align: justify;\">\n<h4>mind g\u00e9p\u00e9szeti, mind villamos oldalr\u00f3l egy k\u00e9zben tudjuk \u00f6sszehangoltan megval\u00f3s\u00edtani a projekteket, \u00edgy a tervez\u00e9st\u0151l a megval\u00f3s\u00edt\u00e1sig a k\u00e9t ter\u00fclet \u00f6sszehangoltan m\u0171k\u00f6dik <strong>&#8211; Minden projekt egy k\u00e9zben<\/strong><\/h4>\n<\/li>\n<\/ul>\n<p>&nbsp;<\/p>\n<p><img loading=\"lazy\" decoding=\"async\" class=\"aligncenter size-full wp-image-154\" src=\"http:\/\/www.mechatronik.hu\/wp-content\/uploads\/egy-k\u00e9zben.png\" alt=\"egy-k\u00e9zben\" width=\"1040\" height=\"458\" srcset=\"http:\/\/www.mechatronik.hu\/wp-content\/uploads\/egy-k\u00e9zben.png 1040w, http:\/\/www.mechatronik.hu\/wp-content\/uploads\/egy-k\u00e9zben-300x132.png 300w, http:\/\/www.mechatronik.hu\/wp-content\/uploads\/egy-k\u00e9zben-768x338.png 768w, http:\/\/www.mechatronik.hu\/wp-content\/uploads\/egy-k\u00e9zben-1024x451.png 1024w\" sizes=\"(max-width: 1040px) 100vw, 1040px\" \/><\/p>\n<p>&nbsp;<\/p>\n<p>&nbsp;<\/p>\n<p>&nbsp;<\/p>\n<ul style=\"list-style-type: square;\">\n<li style=\"text-align: justify;\">\n<h4>\u201eSoha nem hagyunk sebes\u00fclteket az \u00fat sz\u00e9l\u00e9n\u2026\u201d <b>&#8211; <\/b><b>Minden projektet <\/b><b>v\u00e9gigvisz\u00fcnk<\/b><\/h4>\n<\/li>\n<\/ul>\n<p style=\"text-align: center;\"><strong>Eddig minden projekt\u00fcnket m\u0171k\u00f6d\u0151k\u00e9pes v\u00e9geredm\u00e9nnyel le tudtuk z\u00e1rni!<\/strong><\/p>\n<p><img loading=\"lazy\" decoding=\"async\" class=\"aligncenter size-full wp-image-155\" src=\"http:\/\/www.mechatronik.hu\/wp-content\/uploads\/el\u00e9gedett.png\" alt=\"el\u00e9gedett\" width=\"1040\" height=\"420\" srcset=\"http:\/\/www.mechatronik.hu\/wp-content\/uploads\/el\u00e9gedett.png 1040w, http:\/\/www.mechatronik.hu\/wp-content\/uploads\/el\u00e9gedett-300x121.png 300w, http:\/\/www.mechatronik.hu\/wp-content\/uploads\/el\u00e9gedett-768x310.png 768w, http:\/\/www.mechatronik.hu\/wp-content\/uploads\/el\u00e9gedett-1024x414.png 1024w\" sizes=\"(max-width: 1040px) 100vw, 1040px\" \/><\/p>\n<p>&nbsp;<\/p>\n<p>&nbsp;<\/p>\n<p>&nbsp;<\/p>\n<ul style=\"list-style-type: square;\">\n<li>\n<h4>Kor\u00e1bbi megrendel\u0151ink nagy %-ban keres meg minket \u00faj projektj\u00e9vel <b>&#8211; A visszat\u00e9r\u0151 \u00fcgyfeleink ar\u00e1nya nagyobb, mint 90%<\/b><\/h4>\n<\/li>\n<\/ul>\n<p>&nbsp;<\/p>\n<p><img loading=\"lazy\" decoding=\"async\" class=\"aligncenter size-full wp-image-163\" src=\"http:\/\/www.mechatronik.hu\/wp-content\/uploads\/92.png\" alt=\"92\" width=\"617\" height=\"355\" srcset=\"http:\/\/www.mechatronik.hu\/wp-content\/uploads\/92.png 617w, http:\/\/www.mechatronik.hu\/wp-content\/uploads\/92-300x173.png 300w\" sizes=\"(max-width: 617px) 100vw, 617px\" \/><\/p>\n<p>&nbsp;<\/p>\n<p>&nbsp;<\/p>\n<ul style=\"list-style-type: square;\">\n<li>\n<h4>Min\u0151s\u00e9gi alkatr\u00e9szekkel dolgozunk \u00e9s \u00e9lvezz\u00fck besz\u00e1ll\u00edt\u00f3ink maxim\u00e1lis szakmai t\u00e1mogat\u00e1s\u00e1t <b>&#8211; <\/b><b>Stabil, megb\u00edzhat\u00f3 m\u0171k\u00f6d\u00e9s<\/b><\/h4>\n<\/li>\n<\/ul>\n<p>&nbsp;<\/p>\n<p><img loading=\"lazy\" decoding=\"async\" class=\"aligncenter size-full wp-image-159\" src=\"http:\/\/www.mechatronik.hu\/wp-content\/uploads\/min\u0151s\u00e9gi.png\" alt=\"min\u0151s\u00e9gi\" width=\"1013\" height=\"395\" srcset=\"http:\/\/www.mechatronik.hu\/wp-content\/uploads\/min\u0151s\u00e9gi.png 1013w, http:\/\/www.mechatronik.hu\/wp-content\/uploads\/min\u0151s\u00e9gi-300x117.png 300w, http:\/\/www.mechatronik.hu\/wp-content\/uploads\/min\u0151s\u00e9gi-768x299.png 768w\" sizes=\"(max-width: 1013px) 100vw, 1013px\" \/><\/p>\n<p>&nbsp;<\/p>\n<p>&nbsp;<\/p>\n<h5><b>F\u0151bb besz\u00e1ll\u00edt\u00f3ink:<\/b> Siemens, Phoenix Contact, Schneider Electric, Balluff<\/h5>\n<p>&nbsp;<\/p>\n<p><img loading=\"lazy\" decoding=\"async\" class=\"aligncenter size-full wp-image-158\" src=\"http:\/\/www.mechatronik.hu\/wp-content\/uploads\/besz\u00e1ll\u00edt\u00f3k.png\" alt=\"besz\u00e1ll\u00edt\u00f3k\" width=\"1879\" height=\"173\" srcset=\"http:\/\/www.mechatronik.hu\/wp-content\/uploads\/besz\u00e1ll\u00edt\u00f3k.png 1879w, http:\/\/www.mechatronik.hu\/wp-content\/uploads\/besz\u00e1ll\u00edt\u00f3k-300x28.png 300w, http:\/\/www.mechatronik.hu\/wp-content\/uploads\/besz\u00e1ll\u00edt\u00f3k-768x71.png 768w, http:\/\/www.mechatronik.hu\/wp-content\/uploads\/besz\u00e1ll\u00edt\u00f3k-1024x94.png 1024w\" sizes=\"(max-width: 1879px) 100vw, 1879px\" \/><\/p>\n","protected":false},"excerpt":{"rendered":"<p>A munkat\u00e1rsi g\u00e1rd\u00e1nk z\u00f6me t\u00f6bb mint 14 \u00e9ve v\u00e9gez egyedi g\u00e9pgy\u00e1rt\u00e1s, jav\u00edt\u00e1s, telep\u00edt\u00e9s \u00e9s karbantart\u00e1s ter\u00fclet\u00e9n feladatokat.\u00a0Ez\u00e9rt a k\u00e9pzett \u00e9s \u00f6sszeszokott szakemberg\u00e1rda \u2013 az esetek t\u00f6bbs\u00e9g\u00e9ben &#8211; a projektek gyors [&hellip;]<\/p>\n","protected":false},"author":1,"featured_media":0,"parent":0,"menu_order":0,"comment_status":"closed","ping_status":"closed","template":"","meta":{"footnotes":""},"yoast_head":"<!-- This site is optimized with the Yoast SEO plugin v23.4 - https:\/\/yoast.com\/wordpress\/plugins\/seo\/ -->\n<title>Mi\u00e9rt a Mechatronik Automatika? - Mechatronik Automatika Kft. - egyedi g\u00e9pgy\u00e1rt\u00e1s, automatiz\u00e1l\u00e1s, vez\u00e9rl\u00e9s fel\u00faj\u00edt\u00e1s, g\u00e9p\u00e9szeti nagyjav\u00edt\u00e1s, \u00e1raj\u00e1nlat, felm\u00e9r\u00e9s<\/title>\n<meta name=\"description\" content=\"G\u00e9p\u00e9szeti \u00e9s villamos oldalr\u00f3l egy k\u00e9zben tudjuk \u00f6sszehangoltan megval\u00f3s\u00edtani a projekteket.A tervez\u00e9st\u0151l a megval\u00f3s\u00edt\u00e1sig a k\u00e9t ter\u00fclet egy\u00fctt m\u0171k\u00f6dik.\" \/>\n<meta name=\"robots\" content=\"index, follow, max-snippet:-1, max-image-preview:large, max-video-preview:-1\" \/>\n<link rel=\"canonical\" href=\"http:\/\/www.mechatronik.hu\/index.php\/hu\/miert-a-mechatronik-automatika\/\" \/>\n<meta property=\"og:locale\" content=\"hu_HU\" \/>\n<meta property=\"og:type\" content=\"article\" \/>\n<meta property=\"og:title\" content=\"Mi\u00e9rt a Mechatronik Automatika? - Mechatronik Automatika Kft. - egyedi g\u00e9pgy\u00e1rt\u00e1s, automatiz\u00e1l\u00e1s, vez\u00e9rl\u00e9s fel\u00faj\u00edt\u00e1s, g\u00e9p\u00e9szeti nagyjav\u00edt\u00e1s, \u00e1raj\u00e1nlat, felm\u00e9r\u00e9s\" \/>\n<meta property=\"og:description\" content=\"G\u00e9p\u00e9szeti \u00e9s villamos oldalr\u00f3l egy k\u00e9zben tudjuk \u00f6sszehangoltan megval\u00f3s\u00edtani a projekteket.A tervez\u00e9st\u0151l a megval\u00f3s\u00edt\u00e1sig a k\u00e9t ter\u00fclet egy\u00fctt m\u0171k\u00f6dik.\" \/>\n<meta property=\"og:url\" content=\"http:\/\/www.mechatronik.hu\/index.php\/hu\/miert-a-mechatronik-automatika\/\" \/>\n<meta property=\"og:site_name\" content=\"Mechatronik Automatika Kft.\" \/>\n<meta property=\"article:modified_time\" content=\"2016-09-20T11:23:05+00:00\" \/>\n<meta property=\"og:image\" content=\"http:\/\/www.mechatronik.hu\/wp-content\/uploads\/92.png\" \/>\n<meta name=\"twitter:card\" content=\"summary_large_image\" \/>\n<meta name=\"twitter:label1\" content=\"Becs\u00fclt olvas\u00e1si id\u0151\" \/>\n\t<meta name=\"twitter:data1\" content=\"1 perc\" \/>\n<script type=\"application\/ld+json\" class=\"yoast-schema-graph\">{\"@context\":\"https:\/\/schema.org\",\"@graph\":[{\"@type\":\"WebPage\",\"@id\":\"http:\/\/www.mechatronik.hu\/index.php\/hu\/miert-a-mechatronik-automatika\/\",\"url\":\"http:\/\/www.mechatronik.hu\/index.php\/hu\/miert-a-mechatronik-automatika\/\",\"name\":\"Mi\u00e9rt a Mechatronik Automatika? - Mechatronik Automatika Kft. - egyedi g\u00e9pgy\u00e1rt\u00e1s, automatiz\u00e1l\u00e1s, vez\u00e9rl\u00e9s fel\u00faj\u00edt\u00e1s, g\u00e9p\u00e9szeti nagyjav\u00edt\u00e1s, \u00e1raj\u00e1nlat, felm\u00e9r\u00e9s\",\"isPartOf\":{\"@id\":\"http:\/\/www.mechatronik.hu\/#website\"},\"primaryImageOfPage\":{\"@id\":\"http:\/\/www.mechatronik.hu\/index.php\/hu\/miert-a-mechatronik-automatika\/#primaryimage\"},\"image\":{\"@id\":\"http:\/\/www.mechatronik.hu\/index.php\/hu\/miert-a-mechatronik-automatika\/#primaryimage\"},\"thumbnailUrl\":\"http:\/\/www.mechatronik.hu\/wp-content\/uploads\/92.png\",\"datePublished\":\"2016-01-29T11:24:30+00:00\",\"dateModified\":\"2016-09-20T11:23:05+00:00\",\"description\":\"G\u00e9p\u00e9szeti \u00e9s villamos oldalr\u00f3l egy k\u00e9zben tudjuk \u00f6sszehangoltan megval\u00f3s\u00edtani a projekteket.A tervez\u00e9st\u0151l a megval\u00f3s\u00edt\u00e1sig a k\u00e9t ter\u00fclet egy\u00fctt m\u0171k\u00f6dik.\",\"breadcrumb\":{\"@id\":\"http:\/\/www.mechatronik.hu\/index.php\/hu\/miert-a-mechatronik-automatika\/#breadcrumb\"},\"inLanguage\":\"hu\",\"potentialAction\":[{\"@type\":\"ReadAction\",\"target\":[\"http:\/\/www.mechatronik.hu\/index.php\/hu\/miert-a-mechatronik-automatika\/\"]}]},{\"@type\":\"ImageObject\",\"inLanguage\":\"hu\",\"@id\":\"http:\/\/www.mechatronik.hu\/index.php\/hu\/miert-a-mechatronik-automatika\/#primaryimage\",\"url\":\"http:\/\/www.mechatronik.hu\/wp-content\/uploads\/92.png\",\"contentUrl\":\"http:\/\/www.mechatronik.hu\/wp-content\/uploads\/92.png\",\"width\":617,\"height\":355},{\"@type\":\"BreadcrumbList\",\"@id\":\"http:\/\/www.mechatronik.hu\/index.php\/hu\/miert-a-mechatronik-automatika\/#breadcrumb\",\"itemListElement\":[{\"@type\":\"ListItem\",\"position\":1,\"name\":\"Home\",\"item\":\"https:\/\/www.mechatronik.hu\/index.php\/de\/mechatronik-automatika-kft\/\"},{\"@type\":\"ListItem\",\"position\":2,\"name\":\"Mi\u00e9rt a Mechatronik Automatika?\"}]},{\"@type\":\"WebSite\",\"@id\":\"http:\/\/www.mechatronik.hu\/#website\",\"url\":\"http:\/\/www.mechatronik.hu\/\",\"name\":\"Mechatronik Automatika Kft.\",\"description\":\"Mechatronik Automatika Kft. - egyedi g\u00e9pgy\u00e1rt\u00e1s, ipari automatiz\u00e1l\u00e1s, vez\u00e9rl\u00e9s fel\u00faj\u00edt\u00e1s, g\u00e9p\u00e9szeti nagyjav\u00edt\u00e1s, \u00e1raj\u00e1nlat, felm\u00e9r\u00e9s\",\"publisher\":{\"@id\":\"http:\/\/www.mechatronik.hu\/#organization\"},\"potentialAction\":[{\"@type\":\"SearchAction\",\"target\":{\"@type\":\"EntryPoint\",\"urlTemplate\":\"http:\/\/www.mechatronik.hu\/?s={search_term_string}\"},\"query-input\":{\"@type\":\"PropertyValueSpecification\",\"valueRequired\":true,\"valueName\":\"search_term_string\"}}],\"inLanguage\":\"hu\"},{\"@type\":\"Organization\",\"@id\":\"http:\/\/www.mechatronik.hu\/#organization\",\"name\":\"Mechatronik Automatika Kft.\",\"url\":\"http:\/\/www.mechatronik.hu\/\",\"logo\":{\"@type\":\"ImageObject\",\"inLanguage\":\"hu\",\"@id\":\"http:\/\/www.mechatronik.hu\/#\/schema\/logo\/image\/\",\"url\":\"http:\/\/www.mechatronik.hu\/wp-content\/uploads\/MECHLOGO.png\",\"contentUrl\":\"http:\/\/www.mechatronik.hu\/wp-content\/uploads\/MECHLOGO.png\",\"width\":84,\"height\":78,\"caption\":\"Mechatronik Automatika Kft.\"},\"image\":{\"@id\":\"http:\/\/www.mechatronik.hu\/#\/schema\/logo\/image\/\"}}]}<\/script>\n<!-- \/ Yoast SEO plugin. -->","yoast_head_json":{"title":"Mi\u00e9rt a Mechatronik Automatika? - Mechatronik Automatika Kft. - egyedi g\u00e9pgy\u00e1rt\u00e1s, automatiz\u00e1l\u00e1s, vez\u00e9rl\u00e9s fel\u00faj\u00edt\u00e1s, g\u00e9p\u00e9szeti nagyjav\u00edt\u00e1s, \u00e1raj\u00e1nlat, felm\u00e9r\u00e9s","description":"G\u00e9p\u00e9szeti \u00e9s villamos oldalr\u00f3l egy k\u00e9zben tudjuk \u00f6sszehangoltan megval\u00f3s\u00edtani a projekteket.A tervez\u00e9st\u0151l a megval\u00f3s\u00edt\u00e1sig a k\u00e9t ter\u00fclet egy\u00fctt m\u0171k\u00f6dik.","robots":{"index":"index","follow":"follow","max-snippet":"max-snippet:-1","max-image-preview":"max-image-preview:large","max-video-preview":"max-video-preview:-1"},"canonical":"http:\/\/www.mechatronik.hu\/index.php\/hu\/miert-a-mechatronik-automatika\/","og_locale":"hu_HU","og_type":"article","og_title":"Mi\u00e9rt a Mechatronik Automatika? - Mechatronik Automatika Kft. - egyedi g\u00e9pgy\u00e1rt\u00e1s, automatiz\u00e1l\u00e1s, vez\u00e9rl\u00e9s fel\u00faj\u00edt\u00e1s, g\u00e9p\u00e9szeti nagyjav\u00edt\u00e1s, \u00e1raj\u00e1nlat, felm\u00e9r\u00e9s","og_description":"G\u00e9p\u00e9szeti \u00e9s villamos oldalr\u00f3l egy k\u00e9zben tudjuk \u00f6sszehangoltan megval\u00f3s\u00edtani a projekteket.A tervez\u00e9st\u0151l a megval\u00f3s\u00edt\u00e1sig a k\u00e9t ter\u00fclet egy\u00fctt m\u0171k\u00f6dik.","og_url":"http:\/\/www.mechatronik.hu\/index.php\/hu\/miert-a-mechatronik-automatika\/","og_site_name":"Mechatronik Automatika Kft.","article_modified_time":"2016-09-20T11:23:05+00:00","og_image":[{"url":"http:\/\/www.mechatronik.hu\/wp-content\/uploads\/92.png"}],"twitter_card":"summary_large_image","twitter_misc":{"Becs\u00fclt olvas\u00e1si id\u0151":"1 perc"},"schema":{"@context":"https:\/\/schema.org","@graph":[{"@type":"WebPage","@id":"http:\/\/www.mechatronik.hu\/index.php\/hu\/miert-a-mechatronik-automatika\/","url":"http:\/\/www.mechatronik.hu\/index.php\/hu\/miert-a-mechatronik-automatika\/","name":"Mi\u00e9rt a Mechatronik Automatika? - Mechatronik Automatika Kft. - egyedi g\u00e9pgy\u00e1rt\u00e1s, automatiz\u00e1l\u00e1s, vez\u00e9rl\u00e9s fel\u00faj\u00edt\u00e1s, g\u00e9p\u00e9szeti nagyjav\u00edt\u00e1s, \u00e1raj\u00e1nlat, felm\u00e9r\u00e9s","isPartOf":{"@id":"http:\/\/www.mechatronik.hu\/#website"},"primaryImageOfPage":{"@id":"http:\/\/www.mechatronik.hu\/index.php\/hu\/miert-a-mechatronik-automatika\/#primaryimage"},"image":{"@id":"http:\/\/www.mechatronik.hu\/index.php\/hu\/miert-a-mechatronik-automatika\/#primaryimage"},"thumbnailUrl":"http:\/\/www.mechatronik.hu\/wp-content\/uploads\/92.png","datePublished":"2016-01-29T11:24:30+00:00","dateModified":"2016-09-20T11:23:05+00:00","description":"G\u00e9p\u00e9szeti \u00e9s villamos oldalr\u00f3l egy k\u00e9zben tudjuk \u00f6sszehangoltan megval\u00f3s\u00edtani a projekteket.A tervez\u00e9st\u0151l a megval\u00f3s\u00edt\u00e1sig a k\u00e9t ter\u00fclet egy\u00fctt m\u0171k\u00f6dik.","breadcrumb":{"@id":"http:\/\/www.mechatronik.hu\/index.php\/hu\/miert-a-mechatronik-automatika\/#breadcrumb"},"inLanguage":"hu","potentialAction":[{"@type":"ReadAction","target":["http:\/\/www.mechatronik.hu\/index.php\/hu\/miert-a-mechatronik-automatika\/"]}]},{"@type":"ImageObject","inLanguage":"hu","@id":"http:\/\/www.mechatronik.hu\/index.php\/hu\/miert-a-mechatronik-automatika\/#primaryimage","url":"http:\/\/www.mechatronik.hu\/wp-content\/uploads\/92.png","contentUrl":"http:\/\/www.mechatronik.hu\/wp-content\/uploads\/92.png","width":617,"height":355},{"@type":"BreadcrumbList","@id":"http:\/\/www.mechatronik.hu\/index.php\/hu\/miert-a-mechatronik-automatika\/#breadcrumb","itemListElement":[{"@type":"ListItem","position":1,"name":"Home","item":"https:\/\/www.mechatronik.hu\/index.php\/de\/mechatronik-automatika-kft\/"},{"@type":"ListItem","position":2,"name":"Mi\u00e9rt a Mechatronik Automatika?"}]},{"@type":"WebSite","@id":"http:\/\/www.mechatronik.hu\/#website","url":"http:\/\/www.mechatronik.hu\/","name":"Mechatronik Automatika Kft.","description":"Mechatronik Automatika Kft. - egyedi g\u00e9pgy\u00e1rt\u00e1s, ipari automatiz\u00e1l\u00e1s, vez\u00e9rl\u00e9s fel\u00faj\u00edt\u00e1s, g\u00e9p\u00e9szeti nagyjav\u00edt\u00e1s, \u00e1raj\u00e1nlat, felm\u00e9r\u00e9s","publisher":{"@id":"http:\/\/www.mechatronik.hu\/#organization"},"potentialAction":[{"@type":"SearchAction","target":{"@type":"EntryPoint","urlTemplate":"http:\/\/www.mechatronik.hu\/?s={search_term_string}"},"query-input":{"@type":"PropertyValueSpecification","valueRequired":true,"valueName":"search_term_string"}}],"inLanguage":"hu"},{"@type":"Organization","@id":"http:\/\/www.mechatronik.hu\/#organization","name":"Mechatronik Automatika Kft.","url":"http:\/\/www.mechatronik.hu\/","logo":{"@type":"ImageObject","inLanguage":"hu","@id":"http:\/\/www.mechatronik.hu\/#\/schema\/logo\/image\/","url":"http:\/\/www.mechatronik.hu\/wp-content\/uploads\/MECHLOGO.png","contentUrl":"http:\/\/www.mechatronik.hu\/wp-content\/uploads\/MECHLOGO.png","width":84,"height":78,"caption":"Mechatronik Automatika Kft."},"image":{"@id":"http:\/\/www.mechatronik.hu\/#\/schema\/logo\/image\/"}}]}},"_links":{"self":[{"href":"http:\/\/www.mechatronik.hu\/index.php\/wp-json\/wp\/v2\/pages\/145"}],"collection":[{"href":"http:\/\/www.mechatronik.hu\/index.php\/wp-json\/wp\/v2\/pages"}],"about":[{"href":"http:\/\/www.mechatronik.hu\/index.php\/wp-json\/wp\/v2\/types\/page"}],"author":[{"embeddable":true,"href":"http:\/\/www.mechatronik.hu\/index.php\/wp-json\/wp\/v2\/users\/1"}],"replies":[{"embeddable":true,"href":"http:\/\/www.mechatronik.hu\/index.php\/wp-json\/wp\/v2\/comments?post=145"}],"version-history":[{"count":7,"href":"http:\/\/www.mechatronik.hu\/index.php\/wp-json\/wp\/v2\/pages\/145\/revisions"}],"predecessor-version":[{"id":210,"href":"http:\/\/www.mechatronik.hu\/index.php\/wp-json\/wp\/v2\/pages\/145\/revisions\/210"}],"wp:attachment":[{"href":"http:\/\/www.mechatronik.hu\/index.php\/wp-json\/wp\/v2\/media?parent=145"}],"curies":[{"name":"wp","href":"https:\/\/api.w.org\/{rel}","templated":true}]}}