{"id":147,"date":"2016-01-29T12:25:53","date_gmt":"2016-01-29T11:25:53","guid":{"rendered":"http:\/\/www.mechatronik.hu\/new\/?page_id=147"},"modified":"2016-09-20T13:59:28","modified_gmt":"2016-09-20T12:59:28","slug":"referenciak","status":"publish","type":"page","link":"http:\/\/www.mechatronik.hu\/index.php\/hu\/referenciak\/","title":{"rendered":"Referenci\u00e1k"},"content":{"rendered":"<p style=\"text-align: justify;\">Jellemz\u0151en els\u0151sorban magasabb m\u0171szaki hozz\u00e1adott \u00e9rt\u00e9kkel rendelkez\u0151 feladatokkal b\u00edztak meg benn\u00fcnket.<\/p>\n<p style=\"text-align: justify;\">\u00cdgy v\u00e9gezt\u00fcnk <b>gumiipari<\/b> (a kever\u00e9k , heveder \u00e9s t\u00f6ml\u0151gy\u00e1rt\u00e1sn\u00e1l haszn\u00e1latos g\u00e9pekn\u00e9l), <b>k\u00e1belipari<\/b> (vezet\u00e9k \u00e9s k\u00e1belgy\u00e1rt\u00f3 szigetel\u0151sorok, sodr\u00f3, dr\u00f3th\u00faz\u00f3), <b>tollfeldolgoz\u00f3<\/b> (tolloszt\u00e1lyoz\u00f3, mos\u00f3 \u00e9s kever\u0151), <b>izomvizsg\u00e1l\u00f3<\/b> dinamom\u00e9ter, <b>kipufog\u00f3dob<\/b> <b>gy\u00e1rt\u00e1s<\/b>sal kapcsolatos ellen\u0151rz\u0151 \u00e9s jel\u00f6l\u0151 berendez\u00e9sek, aut\u00f3ipari besz\u00e1ll\u00edt\u00f3 alkatr\u00e9sz gy\u00e1rt\u00f3khoz szerel\u0151helyek stb. kapcsolatos tervez\u00e9si, gy\u00e1rt\u00e1si, telep\u00edt\u00e9si, be\u00fczemel\u00e9si, jav\u00edt\u00e1si \u00e9s karbantart\u00e1si feladatokat.<\/p>\n<p>&nbsp;<\/p>\n<p><strong>Gumiipar ter\u00fclet\u00e9n v\u00e9gzett f\u0151bb munk\u00e1ink:<\/strong><\/p>\n<ul>\n<li>Forgat\u00f3korongok vez\u00e9rl\u00e9s\u00e9nek elk\u00e9sz\u00edt\u00e9se \u00e9s telep\u00edt\u00e9se<\/li>\n<li>Sodrony\u00e1tors\u00f3z\u00f3k villamos \u00e9s g\u00e9p\u00e9szeti fel\u00faj\u00edt\u00e1sa<\/li>\n<li>Forgat\u00f3m\u0171vek, t\u00f6ml\u0151 fel\u00e9p\u00edt\u0151 g\u00e9pek gy\u00e1rt\u00e1sa<\/li>\n<li>T\u00f6ml\u0151\u00a0fel\u00e9p\u00edt\u0151 g\u00e9pek villamos vez\u00e9rl\u00e9s\u00e9nek tervez\u00e9se, kivitelez\u00e9se \u00e9s telep\u00edt\u00e9se<\/li>\n<li>Nagynyom\u00e1s\u00fa t\u00f6ml\u0151k nyom\u00e1spr\u00f3b\u00e1z\u00f3 berendez\u00e9s vez\u00e9rl\u00e9s\u00e9nek tervez\u00e9se<\/li>\n<li>Csatlakoz\u00f3 megh\u00faz\u00f3 berendez\u00e9s tervez\u00e9se \u00e9s gy\u00e1rt\u00e1sa<\/li>\n<li>T\u00f6ml\u0151 csatlakoz\u00f3 pal\u00e1stf\u0171t\u00e9s dobozok elk\u00e9sz\u00edt\u00e9se<\/li>\n<li>T\u00f6ml\u0151 fel\u00e9p\u00edt\u0151g\u00e9pek biztons\u00e1gtechnikai kieg\u00e9sz\u00edt\u00e9si munk\u00e1i<\/li>\n<li>Nyom\u00e1spr\u00f3b\u00e1z\u00f3 vez\u00e9rl\u00e9s fel\u00faj\u00edt\u00e1sa, \u00e1ttelep\u00edt\u00e9se<\/li>\n<li>H\u0151fok szab\u00e1lyoz\u00f3 \u00e9s regisztr\u00e1l\u00f3 t\u00f6ml\u0151 t\u00fal\u00e9l\u00e9si teszthez<\/li>\n<li>Nanokompozit nyom\u00e1spulz\u00e1l\u00f3 villamos vez\u00e9rl\u00e9se<\/li>\n<li>T\u00f6ml\u0151fel\u00e9p\u00edt\u0151 g\u00e9p\n<ul>\n<li>villamos vez\u00e9rl\u00e9s\u00e9nek fel\u00faj\u00edt\u00e1sa<\/li>\n<li>inkrement\u00e1lis jelad\u00f3k \u00e1t\u00e9p\u00edt\u00e9se<\/li>\n<li>cs\u0151magfesz\u00edt\u00e9s g\u00e9p\u00e9szeti \u00e9s villamos tervez\u00e9se \u00e9s kialak\u00edt\u00e1sa<\/li>\n<li>f\u00f3lia visszaszed\u0151 tengely kialak\u00edt\u00e1sa, villamos vez\u00e9rl\u00e9se vez\u00e9rl\u00e9se<\/li>\n<li>hajt\u00f3m\u0171 csere<\/li>\n<\/ul>\n<\/li>\n<\/ul>\n<ul>\n<li>Heveder kiszerel\u0151 g\u00e9p l\u00e9zeres vastags\u00e1gm\u00e9r\u00e9s kialak\u00edt\u00e1sa<\/li>\n<li>Kalander feltekercsel\u0151 motor \u00e9s hajt\u00e1s csere<\/li>\n<li>T\u00f6bb k\u00fcl\u00f6nb\u00f6z\u0151\u00a0pr\u00e9s vez\u00e9rl\u00e9snek elk\u00e9sz\u00edt\u00e9se, fel\u00faj\u00edt\u00e1sa, m\u00f3dos\u00edt\u00e1sa<\/li>\n<li>Kever\u0151 berendez\u00e9s\n<ul>\n<li>f\u0151hajt\u00e1s cser\u00e9je (A r\u00e9gi AEG hajt\u00e1s cser\u00e9je Siemens gy\u00e1rtm\u00e1ny\u00fara, hajt\u00e1s: 800V, 3000A; motor:1,6MW)<\/li>\n<li>hajt\u00f3motor tachogener\u00e1tor, inkrement\u00e1lis jelad\u00f3 csere<\/li>\n<\/ul>\n<\/li>\n<\/ul>\n<ul>\n<li>Kalander:\n<ul>\n<li>vez\u00e9rl\u00e9s\u00e9nek tervez\u00e9se, kivitelez\u00e9se, be\u00fczemel\u00e9se<\/li>\n<li>motoros k\u00e9smozgat\u00e1s kivitelez\u00e9se<\/li>\n<li>Tachogener\u00e1torok inkrement\u00e1lis jelad\u00f3kkal t\u00f6rt\u00e9n\u0151 kiv\u00e1lt\u00e1s\u00e1nak mechanikai \u00e9s villamos kivitelez\u00e9se<\/li>\n<li><span style=\"line-height: 1.5;\">sz\u00e1m\u00edt\u00f3g\u00e9p cser\u00e9je Siemens oper\u00e1tor panelre<\/span><\/li>\n<\/ul>\n<ul>\n<li>egyen\u00e1ram\u00fa hajt\u00e1sok cser\u00e9je (12db Ansaldo gy\u00e1rtm\u00e1ny\u00faak helyett Siemens)<\/li>\n<li>hengerhajt\u00e1sok cser\u00e9je<\/li>\n<\/ul>\n<\/li>\n<li>V\u00e1g\u00f3g\u00e9p elektromos vez\u00e9rl\u00e9s\u00e9nek elk\u00e9sz\u00edt\u00e9se, telep\u00edt\u00e9se, be\u00fczemel\u00e9se<\/li>\n<li>Pr\u00e9s oper\u00e1tor panel csere (Siemens) \u00fajabb t\u00edpusra<\/li>\n<li>K\u00eds\u00e9r\u0151 sz\u00f6vet \u00e1thajt\u00f3\u00a0berendez\u00e9s villamos \u00e9s g\u00e9p\u00e9szeti tervez\u00e9se, villamos vez\u00e9rl\u00e9s\u00e9nek kialak\u00edt\u00e1sa<\/li>\n<li>Laborpr\u00e9s villamos vez\u00e9rl\u00e9s\u00e9nek PLC cser\u00e9je Siemens t\u00edpusra<\/li>\n<li>PH3 pr\u00e9s jellegg\u00f6rb\u00e9s receptkezel\u00e9s kialak\u00edt\u00e1sa<\/li>\n<li>Heveder fel\u00e9p\u00edt\u0151 g\u00e9p\n<ul>\n<li>villamos vez\u00e9rl\u00e9s\u00e9nek \u00e1talak\u00edt\u00e1sa<\/li>\n<li>komplett villamos hajt\u00e1scser\u00e9je<\/li>\n<\/ul>\n<ul>\n<li>PLC cser\u00e9je<\/li>\n<li>v\u00e9szle\u00e1ll\u00edt\u00f3 k\u00f6r\u00e9nek \u00e1talak\u00edt\u00e1sa<\/li>\n<li>biztons\u00e1gi f\u00e9nysoromp\u00f3 rendszer\u00e9nek korszer\u0171s\u00edt\u00e9se<\/li>\n<li>sz\u00e9lszab\u00e1lyz\u00f3 rendszer\u00e9nek g\u00e9p\u00e9szeti \u00e9s villamos \u00e1talak\u00edt\u00e1sa<\/li>\n<\/ul>\n<\/li>\n<li>Kever\u0151k informatikai szekr\u00e9nyeinek villamos szerel\u00e9se<\/li>\n<li>Villamos eloszt\u00f3szekr\u00e9ny cser\u00e9j\u00e9nek tervez\u00e9se, kivitelez\u00e9se<\/li>\n<\/ul>\n<ul>\n<li>SPS szerel\u0151bet\u00e9tek tervez\u00e9se, gy\u00e1rt\u00e1sa, PLC program k\u00e9sz\u00edt\u00e9se<\/li>\n<li>Stancol\u00f3 g\u00e9p tervez\u00e9se, gy\u00e1rt\u00e1sa<\/li>\n<li>Felad\u00f3 \u00e1talak\u00edt\u00e1s<\/li>\n<li>El\u0151roppant\u00f3 tervez\u00e9s, \u00e1talak\u00edt\u00e1s<\/li>\n<li>TAV kaz\u00e1n vez\u00e9rl\u00e9s PLC programoz\u00e1sa<\/li>\n<li>Ragaszt\u00f3 \u00e1llom\u00e1s villamos vez\u00e9rl\u00e9s\u00e9nek tervez\u00e9se \u00e9s kivitelez\u00e9se<\/li>\n<\/ul>\n<p>&nbsp;<\/p>\n<p><strong>K\u00e1belipar ter\u00fclet\u00e9n v\u00e9gzett f\u0151bb munk\u00e1ink:<\/strong><\/p>\n<ul>\n<li>Vezet\u00e9k \u00e9s k\u00e1belszigetel\u0151 sorok vez\u00e9rl\u00e9seinek tervez\u00e9se, kialak\u00edt\u00e1sa<\/li>\n<li>Sodr\u00f3g\u00e9p vez\u00e9rl\u00e9s tervez\u00e9se, kialak\u00edt\u00e1sa<\/li>\n<li>Vezet\u00e9kek \u00e9s k\u00e1belek dobozol\u00e1sa, f\u00f3li\u00e1z\u00f3 g\u00e9p, kiszerel\u0151 g\u00e9pek<\/li>\n<li>Selejt\u00e9r leors\u00f3z\u00f3k<\/li>\n<li>K\u00fcl\u00f6nb\u00f6z\u0151 k\u00e1belgy\u00e1rt\u00f3 g\u00e9pek vez\u00e9rl\u00e9s\u00e9nek fel\u00faj\u00edt\u00e1sa<\/li>\n<li>G\u00e9pek telep\u00edt\u00e9se, \u00e1ttelep\u00edt\u00e9se \u00fczemen bel\u00fcl (kb. 15 g\u00e9p)<\/li>\n<li>G\u00e9pek g\u00e9p\u00e9szeti nagyjav\u00edt\u00e1sa (kb. 10 g\u00e9p)\n<ul>\n<li>Tengelyek jav\u00edt\u00e1sa, \u00fajragy\u00e1rt\u00e1sa<\/li>\n<li>Csap\u00e1gyaz\u00e1s cser\u00e9je<\/li>\n<li>Cs\u00fasz\u00f3gy\u0171r\u0171k cser\u00e9je<\/li>\n<li>Hajt\u00f3m\u0171vek jav\u00edt\u00e1sa<\/li>\n<li>Villamos motorok fel\u00faj\u00edt\u00e1sa, cser\u00e9je<\/li>\n<li>Burkolatok jav\u00edt\u00e1sa, cser\u00e9je<\/li>\n<\/ul>\n<\/li>\n<\/ul>\n<p><strong>Egy\u00e9b ter\u00fcleteken v\u00e9gzett f\u0151bb munk\u00e1ink:<\/strong><\/p>\n<ul>\n<li>Tolloszt\u00e1lyoz\u00f3 g\u00e9pek \u00e1talak\u00edt\u00e1sa, automatiz\u00e1l\u00e1sa<\/li>\n<li>Tollkever\u0151k vez\u00e9rl\u00e9se \u00e9s hajt\u00e1sa<\/li>\n<li>Tollmos\u00f3g\u00e9pek, mos\u00f3sorok vez\u00e9rl\u00e9s\u00e9nek fel\u00faj\u00edt\u00e1sa, automatiz\u00e1l\u00e1sa<\/li>\n<li>Takarm\u00e1ny kever\u0151 \u00fczem automatiz\u00e1l\u00e1sa: PLC program elk\u00e9sz\u00edt\u00e9se<\/li>\n<li>Kever\u0151k elektromos vez\u00e9rl\u00e9s\u00e9nek tervez\u00e9se, elk\u00e9sz\u00edt\u00e9se, telep\u00edt\u00e9se \u00e9s be\u00fczemel\u00e9se.<\/li>\n<li>Multicont izomvizsg\u00e1l\u00f3 berendez\u00e9s g\u00e9p\u00e9szeti \u00e9s villamos tervez\u00e9se, kivitelez\u00e9se<\/li>\n<li>Szign\u00e1l\u00f3 \u00e9s grav\u00edroz\u00f3 berendez\u00e9sek illeszt\u00e9se, integr\u00e1l\u00e1sa g\u00e9psorokba<\/li>\n<li>Kipufog\u00f3dobokhoz:\n<ul>\n<li>grav\u00edroz\u00f3 g\u00e9pek g\u00e9p\u00e9szeti \u00e9s villamos tervez\u00e9se \u00e9s kivitelez\u00e9se<\/li>\n<li>l\u00e9gveszt\u00e9s ellen\u0151rz\u0151 g\u00e9pek g\u00e9p\u00e9szeti \u00e9s villamos tervez\u00e9se, kivitelez\u00e9se<\/li>\n<\/ul>\n<\/li>\n<li>Ipari varr\u00f3g\u00e9pek vez\u00e9rl\u00e9s\u00e9nek fel\u00faj\u00edt\u00e1sa<\/li>\n<li>\u00dasz\u00f3 sebess\u00e9gjelz\u0151<\/li>\n<li>D\u00edzel \u00e1ramfejleszt\u0151k illeszt\u00e9se, be\u00fczemel\u00e9se<\/li>\n<li>Elektromos eloszt\u00f3k tervez\u00e9se, kivitelez\u00e9se<\/li>\n<li>S\u00e1tort\u00e1bor t\u00e9rvil\u00e1g\u00edt\u00e1si \u00e9s elektromos eloszt\u00f3 rendszer\u00e9nek tervez\u00e9se, kivitelez\u00e9se<\/li>\n<li>Pneumatikus sz\u00e9ktesztel\u0151 berendez\u00e9s villamos vez\u00e9rl\u00e9s\u00e9nek tervez\u00e9se, kivitelez\u00e9se<\/li>\n<li>\u00c9lelmiszeripari kiszerel\u0151 berendez\u00e9s villamos vez\u00e9rl\u00e9s\u00e9nek tervez\u00e9se, kivitelez\u00e9se<\/li>\n<li>\u00c9lelmiszeripari kever\u0151sz\u00e1r mobil mos\u00f3berendez\u00e9s\u00e9nek g\u00e9p\u00e9szeti \u00e9s villamos tervez\u00e9se \u00e9s kivitelez\u00e9se<\/li>\n<\/ul>\n<p>&nbsp;<\/p>\n<p><strong>N\u00e9h\u00e1ny munk\u00e1nk k\u00e9pekben:<\/strong><\/p>\n<figure id=\"attachment_190\" aria-describedby=\"caption-attachment-190\" style=\"width: 560px\" class=\"wp-caption aligncenter\"><img loading=\"lazy\" decoding=\"async\" class=\"wp-image-190 size-full\" src=\"http:\/\/www.mechatronik.hu\/wp-content\/uploads\/Multicont.png\" alt=\"Multicont\" width=\"560\" height=\"738\" srcset=\"http:\/\/www.mechatronik.hu\/wp-content\/uploads\/Multicont.png 560w, http:\/\/www.mechatronik.hu\/wp-content\/uploads\/Multicont-228x300.png 228w\" sizes=\"(max-width: 560px) 100vw, 560px\" \/><figcaption id=\"caption-attachment-190\" class=\"wp-caption-text\">Multicont izomvizsg\u00e1l\u00f3 \u00e9s rehabilit\u00e1ci\u00f3s berendez\u00e9s<\/figcaption><\/figure>\n<p style=\"text-align: center;\"><img loading=\"lazy\" decoding=\"async\" class=\"wp-image-191 size-full\" src=\"http:\/\/www.mechatronik.hu\/wp-content\/uploads\/Tolloszt.png\" alt=\"Tolloszt\" width=\"1098\" height=\"470\" srcset=\"http:\/\/www.mechatronik.hu\/wp-content\/uploads\/Tolloszt.png 1098w, http:\/\/www.mechatronik.hu\/wp-content\/uploads\/Tolloszt-300x128.png 300w, http:\/\/www.mechatronik.hu\/wp-content\/uploads\/Tolloszt-768x329.png 768w, http:\/\/www.mechatronik.hu\/wp-content\/uploads\/Tolloszt-1024x438.png 1024w\" sizes=\"(max-width: 1098px) 100vw, 1098px\" \/><\/p>\n<p>Tolloszt\u00e1lyoz\u00f3 g\u00e9p g\u00e9p\u00e9szeti tervez\u00e9se, kivitelez\u00e9se, PLC programoz\u00e1sa, be\u00fczemel\u00e9se<\/p>\n<figure id=\"attachment_188\" aria-describedby=\"caption-attachment-188\" style=\"width: 945px\" class=\"wp-caption aligncenter\"><img loading=\"lazy\" decoding=\"async\" class=\"wp-image-188 size-full\" src=\"http:\/\/www.mechatronik.hu\/wp-content\/uploads\/Kalmar-targonca.png\" alt=\"Kalmar targonca\" width=\"945\" height=\"640\" srcset=\"http:\/\/www.mechatronik.hu\/wp-content\/uploads\/Kalmar-targonca.png 945w, http:\/\/www.mechatronik.hu\/wp-content\/uploads\/Kalmar-targonca-300x203.png 300w, http:\/\/www.mechatronik.hu\/wp-content\/uploads\/Kalmar-targonca-768x520.png 768w\" sizes=\"(max-width: 945px) 100vw, 945px\" \/><figcaption id=\"caption-attachment-188\" class=\"wp-caption-text\">Kalmar targonca villamos vez\u00e9rl\u00e9s fel\u00faj\u00edt\u00e1sa<\/figcaption><\/figure>\n<p>&nbsp;<\/p>\n<figure id=\"attachment_189\" aria-describedby=\"caption-attachment-189\" style=\"width: 892px\" class=\"wp-caption aligncenter\"><img loading=\"lazy\" decoding=\"async\" class=\"wp-image-189 size-full\" src=\"http:\/\/www.mechatronik.hu\/wp-content\/uploads\/L\u00e9gveszt\u00e9s-ell..png\" alt=\"L\u00e9gveszt\u00e9s ell.\" width=\"892\" height=\"625\" srcset=\"http:\/\/www.mechatronik.hu\/wp-content\/uploads\/L\u00e9gveszt\u00e9s-ell..png 892w, http:\/\/www.mechatronik.hu\/wp-content\/uploads\/L\u00e9gveszt\u00e9s-ell.-300x210.png 300w, http:\/\/www.mechatronik.hu\/wp-content\/uploads\/L\u00e9gveszt\u00e9s-ell.-768x538.png 768w\" sizes=\"(max-width: 892px) 100vw, 892px\" \/><figcaption id=\"caption-attachment-189\" class=\"wp-caption-text\">Kipuffog\u00f3 dob l\u00e9gveszt\u00e9s ellen\u0151rz\u0151 \u00e9s grav\u00edroz\u00f3 berendez\u00e9s, c\u00edmke nyomtat\u00e1ssal, vonalk\u00f3d ellen\u0151rz\u00e9ssel<\/figcaption><\/figure>\n<figure id=\"attachment_187\" aria-describedby=\"caption-attachment-187\" style=\"width: 772px\" class=\"wp-caption aligncenter\"><img loading=\"lazy\" decoding=\"async\" class=\"wp-image-187 size-full\" src=\"http:\/\/www.mechatronik.hu\/wp-content\/uploads\/Grav\u00edroz\u00f3.png\" alt=\"Grav\u00edroz\u00f3\" width=\"772\" height=\"589\" srcset=\"http:\/\/www.mechatronik.hu\/wp-content\/uploads\/Grav\u00edroz\u00f3.png 772w, http:\/\/www.mechatronik.hu\/wp-content\/uploads\/Grav\u00edroz\u00f3-300x229.png 300w, http:\/\/www.mechatronik.hu\/wp-content\/uploads\/Grav\u00edroz\u00f3-768x586.png 768w\" sizes=\"(max-width: 772px) 100vw, 772px\" \/><figcaption id=\"caption-attachment-187\" class=\"wp-caption-text\">Kipuffog\u00f3 dobh\u00e9ly grav\u00edroz\u00f3 berendez\u00e9s<\/figcaption><\/figure>\n","protected":false},"excerpt":{"rendered":"<p>Jellemz\u0151en els\u0151sorban magasabb m\u0171szaki hozz\u00e1adott \u00e9rt\u00e9kkel rendelkez\u0151 feladatokkal b\u00edztak meg benn\u00fcnket. \u00cdgy v\u00e9gezt\u00fcnk gumiipari (a kever\u00e9k , heveder \u00e9s t\u00f6ml\u0151gy\u00e1rt\u00e1sn\u00e1l haszn\u00e1latos g\u00e9pekn\u00e9l), k\u00e1belipari (vezet\u00e9k \u00e9s k\u00e1belgy\u00e1rt\u00f3 szigetel\u0151sorok, sodr\u00f3, dr\u00f3th\u00faz\u00f3), tollfeldolgoz\u00f3 [&hellip;]<\/p>\n","protected":false},"author":1,"featured_media":0,"parent":0,"menu_order":0,"comment_status":"closed","ping_status":"closed","template":"","meta":{"footnotes":""},"yoast_head":"<!-- This site is optimized with the Yoast SEO plugin v23.4 - https:\/\/yoast.com\/wordpress\/plugins\/seo\/ -->\n<title>Referenci\u00e1k - Mechatronik Automatika Kft. - egyedi g\u00e9pgy\u00e1rt\u00e1s, automatiz\u00e1l\u00e1s, vez\u00e9rl\u00e9s fel\u00faj\u00edt\u00e1s, g\u00e9p\u00e9szeti nagyjav\u00edt\u00e1s, \u00e1raj\u00e1nlat, felm\u00e9r\u00e9s<\/title>\n<meta name=\"description\" content=\"Jellemz\u0151en els\u0151sorban magasabb m\u0171szaki hozz\u00e1adott \u00e9rt\u00e9kkel rendelkez\u0151 feladatokkal b\u00edztak meg benn\u00fcnket.\" \/>\n<meta name=\"robots\" content=\"index, follow, max-snippet:-1, max-image-preview:large, max-video-preview:-1\" \/>\n<link rel=\"canonical\" href=\"http:\/\/www.mechatronik.hu\/index.php\/hu\/referenciak\/\" \/>\n<meta property=\"og:locale\" content=\"hu_HU\" \/>\n<meta property=\"og:type\" content=\"article\" \/>\n<meta property=\"og:title\" content=\"Referenci\u00e1k - Mechatronik Automatika Kft. - egyedi g\u00e9pgy\u00e1rt\u00e1s, automatiz\u00e1l\u00e1s, vez\u00e9rl\u00e9s fel\u00faj\u00edt\u00e1s, g\u00e9p\u00e9szeti nagyjav\u00edt\u00e1s, \u00e1raj\u00e1nlat, felm\u00e9r\u00e9s\" \/>\n<meta property=\"og:description\" content=\"Jellemz\u0151en els\u0151sorban magasabb m\u0171szaki hozz\u00e1adott \u00e9rt\u00e9kkel rendelkez\u0151 feladatokkal b\u00edztak meg benn\u00fcnket.\" \/>\n<meta property=\"og:url\" content=\"http:\/\/www.mechatronik.hu\/index.php\/hu\/referenciak\/\" \/>\n<meta property=\"og:site_name\" content=\"Mechatronik Automatika Kft.\" \/>\n<meta property=\"article:modified_time\" content=\"2016-09-20T12:59:28+00:00\" \/>\n<meta property=\"og:image\" content=\"http:\/\/www.mechatronik.hu\/wp-content\/uploads\/Multicont.png\" \/>\n<meta name=\"twitter:card\" content=\"summary_large_image\" \/>\n<meta name=\"twitter:label1\" content=\"Becs\u00fclt olvas\u00e1si id\u0151\" \/>\n\t<meta name=\"twitter:data1\" content=\"6 perc\" \/>\n<script type=\"application\/ld+json\" class=\"yoast-schema-graph\">{\"@context\":\"https:\/\/schema.org\",\"@graph\":[{\"@type\":\"WebPage\",\"@id\":\"http:\/\/www.mechatronik.hu\/index.php\/hu\/referenciak\/\",\"url\":\"http:\/\/www.mechatronik.hu\/index.php\/hu\/referenciak\/\",\"name\":\"Referenci\u00e1k - Mechatronik Automatika Kft. - egyedi g\u00e9pgy\u00e1rt\u00e1s, automatiz\u00e1l\u00e1s, vez\u00e9rl\u00e9s fel\u00faj\u00edt\u00e1s, g\u00e9p\u00e9szeti nagyjav\u00edt\u00e1s, \u00e1raj\u00e1nlat, felm\u00e9r\u00e9s\",\"isPartOf\":{\"@id\":\"http:\/\/www.mechatronik.hu\/#website\"},\"primaryImageOfPage\":{\"@id\":\"http:\/\/www.mechatronik.hu\/index.php\/hu\/referenciak\/#primaryimage\"},\"image\":{\"@id\":\"http:\/\/www.mechatronik.hu\/index.php\/hu\/referenciak\/#primaryimage\"},\"thumbnailUrl\":\"http:\/\/www.mechatronik.hu\/wp-content\/uploads\/Multicont.png\",\"datePublished\":\"2016-01-29T11:25:53+00:00\",\"dateModified\":\"2016-09-20T12:59:28+00:00\",\"description\":\"Jellemz\u0151en els\u0151sorban magasabb m\u0171szaki hozz\u00e1adott \u00e9rt\u00e9kkel rendelkez\u0151 feladatokkal b\u00edztak meg benn\u00fcnket.\",\"breadcrumb\":{\"@id\":\"http:\/\/www.mechatronik.hu\/index.php\/hu\/referenciak\/#breadcrumb\"},\"inLanguage\":\"hu\",\"potentialAction\":[{\"@type\":\"ReadAction\",\"target\":[\"http:\/\/www.mechatronik.hu\/index.php\/hu\/referenciak\/\"]}]},{\"@type\":\"ImageObject\",\"inLanguage\":\"hu\",\"@id\":\"http:\/\/www.mechatronik.hu\/index.php\/hu\/referenciak\/#primaryimage\",\"url\":\"http:\/\/www.mechatronik.hu\/wp-content\/uploads\/Multicont.png\",\"contentUrl\":\"http:\/\/www.mechatronik.hu\/wp-content\/uploads\/Multicont.png\",\"width\":560,\"height\":738},{\"@type\":\"BreadcrumbList\",\"@id\":\"http:\/\/www.mechatronik.hu\/index.php\/hu\/referenciak\/#breadcrumb\",\"itemListElement\":[{\"@type\":\"ListItem\",\"position\":1,\"name\":\"Home\",\"item\":\"https:\/\/www.mechatronik.hu\/index.php\/de\/mechatronik-automatika-kft\/\"},{\"@type\":\"ListItem\",\"position\":2,\"name\":\"Referenci\u00e1k\"}]},{\"@type\":\"WebSite\",\"@id\":\"http:\/\/www.mechatronik.hu\/#website\",\"url\":\"http:\/\/www.mechatronik.hu\/\",\"name\":\"Mechatronik Automatika Kft.\",\"description\":\"Mechatronik Automatika Kft. - egyedi g\u00e9pgy\u00e1rt\u00e1s, ipari automatiz\u00e1l\u00e1s, vez\u00e9rl\u00e9s fel\u00faj\u00edt\u00e1s, g\u00e9p\u00e9szeti nagyjav\u00edt\u00e1s, \u00e1raj\u00e1nlat, felm\u00e9r\u00e9s\",\"publisher\":{\"@id\":\"http:\/\/www.mechatronik.hu\/#organization\"},\"potentialAction\":[{\"@type\":\"SearchAction\",\"target\":{\"@type\":\"EntryPoint\",\"urlTemplate\":\"http:\/\/www.mechatronik.hu\/?s={search_term_string}\"},\"query-input\":{\"@type\":\"PropertyValueSpecification\",\"valueRequired\":true,\"valueName\":\"search_term_string\"}}],\"inLanguage\":\"hu\"},{\"@type\":\"Organization\",\"@id\":\"http:\/\/www.mechatronik.hu\/#organization\",\"name\":\"Mechatronik Automatika Kft.\",\"url\":\"http:\/\/www.mechatronik.hu\/\",\"logo\":{\"@type\":\"ImageObject\",\"inLanguage\":\"hu\",\"@id\":\"http:\/\/www.mechatronik.hu\/#\/schema\/logo\/image\/\",\"url\":\"http:\/\/www.mechatronik.hu\/wp-content\/uploads\/MECHLOGO.png\",\"contentUrl\":\"http:\/\/www.mechatronik.hu\/wp-content\/uploads\/MECHLOGO.png\",\"width\":84,\"height\":78,\"caption\":\"Mechatronik Automatika Kft.\"},\"image\":{\"@id\":\"http:\/\/www.mechatronik.hu\/#\/schema\/logo\/image\/\"}}]}<\/script>\n<!-- \/ Yoast SEO plugin. -->","yoast_head_json":{"title":"Referenci\u00e1k - Mechatronik Automatika Kft. - egyedi g\u00e9pgy\u00e1rt\u00e1s, automatiz\u00e1l\u00e1s, vez\u00e9rl\u00e9s fel\u00faj\u00edt\u00e1s, g\u00e9p\u00e9szeti nagyjav\u00edt\u00e1s, \u00e1raj\u00e1nlat, felm\u00e9r\u00e9s","description":"Jellemz\u0151en els\u0151sorban magasabb m\u0171szaki hozz\u00e1adott \u00e9rt\u00e9kkel rendelkez\u0151 feladatokkal b\u00edztak meg benn\u00fcnket.","robots":{"index":"index","follow":"follow","max-snippet":"max-snippet:-1","max-image-preview":"max-image-preview:large","max-video-preview":"max-video-preview:-1"},"canonical":"http:\/\/www.mechatronik.hu\/index.php\/hu\/referenciak\/","og_locale":"hu_HU","og_type":"article","og_title":"Referenci\u00e1k - Mechatronik Automatika Kft. - egyedi g\u00e9pgy\u00e1rt\u00e1s, automatiz\u00e1l\u00e1s, vez\u00e9rl\u00e9s fel\u00faj\u00edt\u00e1s, g\u00e9p\u00e9szeti nagyjav\u00edt\u00e1s, \u00e1raj\u00e1nlat, felm\u00e9r\u00e9s","og_description":"Jellemz\u0151en els\u0151sorban magasabb m\u0171szaki hozz\u00e1adott \u00e9rt\u00e9kkel rendelkez\u0151 feladatokkal b\u00edztak meg benn\u00fcnket.","og_url":"http:\/\/www.mechatronik.hu\/index.php\/hu\/referenciak\/","og_site_name":"Mechatronik Automatika Kft.","article_modified_time":"2016-09-20T12:59:28+00:00","og_image":[{"url":"http:\/\/www.mechatronik.hu\/wp-content\/uploads\/Multicont.png"}],"twitter_card":"summary_large_image","twitter_misc":{"Becs\u00fclt olvas\u00e1si id\u0151":"6 perc"},"schema":{"@context":"https:\/\/schema.org","@graph":[{"@type":"WebPage","@id":"http:\/\/www.mechatronik.hu\/index.php\/hu\/referenciak\/","url":"http:\/\/www.mechatronik.hu\/index.php\/hu\/referenciak\/","name":"Referenci\u00e1k - Mechatronik Automatika Kft. - egyedi g\u00e9pgy\u00e1rt\u00e1s, automatiz\u00e1l\u00e1s, vez\u00e9rl\u00e9s fel\u00faj\u00edt\u00e1s, g\u00e9p\u00e9szeti nagyjav\u00edt\u00e1s, \u00e1raj\u00e1nlat, felm\u00e9r\u00e9s","isPartOf":{"@id":"http:\/\/www.mechatronik.hu\/#website"},"primaryImageOfPage":{"@id":"http:\/\/www.mechatronik.hu\/index.php\/hu\/referenciak\/#primaryimage"},"image":{"@id":"http:\/\/www.mechatronik.hu\/index.php\/hu\/referenciak\/#primaryimage"},"thumbnailUrl":"http:\/\/www.mechatronik.hu\/wp-content\/uploads\/Multicont.png","datePublished":"2016-01-29T11:25:53+00:00","dateModified":"2016-09-20T12:59:28+00:00","description":"Jellemz\u0151en els\u0151sorban magasabb m\u0171szaki hozz\u00e1adott \u00e9rt\u00e9kkel rendelkez\u0151 feladatokkal b\u00edztak meg benn\u00fcnket.","breadcrumb":{"@id":"http:\/\/www.mechatronik.hu\/index.php\/hu\/referenciak\/#breadcrumb"},"inLanguage":"hu","potentialAction":[{"@type":"ReadAction","target":["http:\/\/www.mechatronik.hu\/index.php\/hu\/referenciak\/"]}]},{"@type":"ImageObject","inLanguage":"hu","@id":"http:\/\/www.mechatronik.hu\/index.php\/hu\/referenciak\/#primaryimage","url":"http:\/\/www.mechatronik.hu\/wp-content\/uploads\/Multicont.png","contentUrl":"http:\/\/www.mechatronik.hu\/wp-content\/uploads\/Multicont.png","width":560,"height":738},{"@type":"BreadcrumbList","@id":"http:\/\/www.mechatronik.hu\/index.php\/hu\/referenciak\/#breadcrumb","itemListElement":[{"@type":"ListItem","position":1,"name":"Home","item":"https:\/\/www.mechatronik.hu\/index.php\/de\/mechatronik-automatika-kft\/"},{"@type":"ListItem","position":2,"name":"Referenci\u00e1k"}]},{"@type":"WebSite","@id":"http:\/\/www.mechatronik.hu\/#website","url":"http:\/\/www.mechatronik.hu\/","name":"Mechatronik Automatika Kft.","description":"Mechatronik Automatika Kft. - egyedi g\u00e9pgy\u00e1rt\u00e1s, ipari automatiz\u00e1l\u00e1s, vez\u00e9rl\u00e9s fel\u00faj\u00edt\u00e1s, g\u00e9p\u00e9szeti nagyjav\u00edt\u00e1s, \u00e1raj\u00e1nlat, felm\u00e9r\u00e9s","publisher":{"@id":"http:\/\/www.mechatronik.hu\/#organization"},"potentialAction":[{"@type":"SearchAction","target":{"@type":"EntryPoint","urlTemplate":"http:\/\/www.mechatronik.hu\/?s={search_term_string}"},"query-input":{"@type":"PropertyValueSpecification","valueRequired":true,"valueName":"search_term_string"}}],"inLanguage":"hu"},{"@type":"Organization","@id":"http:\/\/www.mechatronik.hu\/#organization","name":"Mechatronik Automatika Kft.","url":"http:\/\/www.mechatronik.hu\/","logo":{"@type":"ImageObject","inLanguage":"hu","@id":"http:\/\/www.mechatronik.hu\/#\/schema\/logo\/image\/","url":"http:\/\/www.mechatronik.hu\/wp-content\/uploads\/MECHLOGO.png","contentUrl":"http:\/\/www.mechatronik.hu\/wp-content\/uploads\/MECHLOGO.png","width":84,"height":78,"caption":"Mechatronik Automatika Kft."},"image":{"@id":"http:\/\/www.mechatronik.hu\/#\/schema\/logo\/image\/"}}]}},"_links":{"self":[{"href":"http:\/\/www.mechatronik.hu\/index.php\/wp-json\/wp\/v2\/pages\/147"}],"collection":[{"href":"http:\/\/www.mechatronik.hu\/index.php\/wp-json\/wp\/v2\/pages"}],"about":[{"href":"http:\/\/www.mechatronik.hu\/index.php\/wp-json\/wp\/v2\/types\/page"}],"author":[{"embeddable":true,"href":"http:\/\/www.mechatronik.hu\/index.php\/wp-json\/wp\/v2\/users\/1"}],"replies":[{"embeddable":true,"href":"http:\/\/www.mechatronik.hu\/index.php\/wp-json\/wp\/v2\/comments?post=147"}],"version-history":[{"count":7,"href":"http:\/\/www.mechatronik.hu\/index.php\/wp-json\/wp\/v2\/pages\/147\/revisions"}],"predecessor-version":[{"id":282,"href":"http:\/\/www.mechatronik.hu\/index.php\/wp-json\/wp\/v2\/pages\/147\/revisions\/282"}],"wp:attachment":[{"href":"http:\/\/www.mechatronik.hu\/index.php\/wp-json\/wp\/v2\/media?parent=147"}],"curies":[{"name":"wp","href":"https:\/\/api.w.org\/{rel}","templated":true}]}}