{"id":2,"date":"2016-01-18T19:02:09","date_gmt":"2016-01-18T19:02:09","guid":{"rendered":"http:\/\/www.mechatronik.hu\/new\/?page_id=2"},"modified":"2020-06-09T14:18:35","modified_gmt":"2020-06-09T13:18:35","slug":"mivel-fordulhatnak-hozzank","status":"publish","type":"page","link":"http:\/\/www.mechatronik.hu\/index.php\/hu\/mivel-fordulhatnak-hozzank\/","title":{"rendered":"Mivel fordulhatnak hozz\u00e1nk?"},"content":{"rendered":"<p style=\"text-align: justify;\">Megrendel\u0151ink b\u00e1tran fordulhatnak hozz\u00e1nk ipari termel\u0151 berendez\u00e9sek teljes k\u00f6r\u0171 g\u00e9p\u00e9szeti tervez\u00e9s\u00e9vel, kivitelez\u00e9s\u00e9vel \u00e9s PLC-s vez\u00e9rl\u00e9s\u00e9vel kapcsolatos elk\u00e9pzel\u00e9seivel, egyedi g\u00e9pgy\u00e1rt\u00e1si feladatokkal.<\/p>\n<p><img loading=\"lazy\" decoding=\"async\" class=\"aligncenter size-full wp-image-160\" src=\"http:\/\/www.mechatronik.hu\/wp-content\/uploads\/mivel-foglalkozunk01.png\" alt=\"mivel-foglalkozunk01\" width=\"1040\" height=\"269\" srcset=\"http:\/\/www.mechatronik.hu\/wp-content\/uploads\/mivel-foglalkozunk01.png 1040w, http:\/\/www.mechatronik.hu\/wp-content\/uploads\/mivel-foglalkozunk01-300x78.png 300w, http:\/\/www.mechatronik.hu\/wp-content\/uploads\/mivel-foglalkozunk01-768x199.png 768w, http:\/\/www.mechatronik.hu\/wp-content\/uploads\/mivel-foglalkozunk01-1024x265.png 1024w\" sizes=\"(max-width: 1040px) 100vw, 1040px\" \/><\/p>\n<h2><b>G\u00e9pgy\u00e1rt\u00e1s<\/b><\/h2>\n<p>TCS 500 F\u00f3lia tekercs csomagol\u00f3 berendez\u00e9s &#8211; <a href=\"http:\/\/www.mechatronik.hu\/wp-content\/uploads\/TCS-500-katal\u00f3gus-oldal.pdf\">katal\u00f3gus oldal<\/a>.<\/p>\n<p><img loading=\"lazy\" decoding=\"async\" class=\"aligncenter wp-image-458\" src=\"http:\/\/www.mechatronik.hu\/wp-content\/uploads\/TCS500.png\" alt=\"\" width=\"451\" height=\"350\" srcset=\"http:\/\/www.mechatronik.hu\/wp-content\/uploads\/TCS500.png 1328w, http:\/\/www.mechatronik.hu\/wp-content\/uploads\/TCS500-300x233.png 300w, http:\/\/www.mechatronik.hu\/wp-content\/uploads\/TCS500-768x596.png 768w, http:\/\/www.mechatronik.hu\/wp-content\/uploads\/TCS500-1024x794.png 1024w\" sizes=\"(max-width: 451px) 100vw, 451px\" \/><\/p>\n<p>&nbsp;<\/p>\n<p>Jel\u00f6l\u0151berendez\u00e9sek integr\u00e1l\u00e1sa &#8211; <a href=\"http:\/\/www.mechatronik.hu\/wp-content\/uploads\/Jel\u00f6l\u0151-berendez\u00e9sek-integr\u00e1l\u00e1sa-katal\u00f3gus-oldal.pdf\">katal\u00f3gus oldal<\/a>.<\/p>\n<p><img loading=\"lazy\" decoding=\"async\" class=\"aligncenter  wp-image-462\" src=\"http:\/\/www.mechatronik.hu\/wp-content\/uploads\/jelolo.png\" alt=\"\" width=\"451\" height=\"422\" srcset=\"http:\/\/www.mechatronik.hu\/wp-content\/uploads\/jelolo.png 1208w, http:\/\/www.mechatronik.hu\/wp-content\/uploads\/jelolo-300x280.png 300w, http:\/\/www.mechatronik.hu\/wp-content\/uploads\/jelolo-768x717.png 768w, http:\/\/www.mechatronik.hu\/wp-content\/uploads\/jelolo-1024x956.png 1024w\" sizes=\"(max-width: 451px) 100vw, 451px\" \/><\/p>\n<p>&nbsp;<\/p>\n<h2><b>Egyedi g\u00e9pgy\u00e1rt\u00e1s <\/b><\/h2>\n<p style=\"text-align: justify;\">\u00daj term\u00e9kek gy\u00e1rt\u00e1s\u00e1hoz pontos ig\u00e9nyekre kialak\u00edtott egyedi g\u00e9pek gy\u00e1rt\u00e1sa.<\/p>\n<p style=\"text-align: justify;\">Biztos\u00edtjuk azt, hogy a kis \u00e9s nagy sz\u00e9ri\u00e1k, a k\u00fcl\u00f6nf\u00e9le tervezett mennyis\u00e9gekkel a leggazdas\u00e1gosabban \u00e9s \u00fczembiztosan gy\u00e1rthat\u00f3ak legyenek.<\/p>\n<p style=\"text-align: justify;\">Megl\u00e9v\u0151 gy\u00e1rt\u00f3sorok kieg\u00e9sz\u00edt\u00e9se a jobb min\u0151s\u00e9g, nagyobb mennyis\u00e9g \u00e9s gazdas\u00e1goss\u00e1g miatt.<\/p>\n<p>&nbsp;<\/p>\n<h2><b>G\u00e9p \u00e1talak\u00edt\u00e1s <\/b><\/h2>\n<p style=\"text-align: justify;\">Egy megl\u00e9v\u0151 g\u00e9pen, kis beruh\u00e1z\u00e1ssal \u00faj term\u00e9keket, vagy jobb min\u0151s\u00e9get, nagyobb mennyis\u00e9get lehet gy\u00e1rtani, vagy, egy\u00e9b (pl. munkabiztons\u00e1gi) szempontoknak val\u00f3 megfelel\u00e9s.<\/p>\n<p><b>El\u00e9rhet\u0151 megold\u00e1saink:<\/b><\/p>\n<ol>\n<li>a. vez\u00e9rl\u00e9s moderniz\u00e1l\u00e1s<\/li>\n<li>mechanikai \u00e1talak\u00edt\u00e1s<\/li>\n<\/ol>\n<p>&nbsp;<\/p>\n<h2><b>G\u00e9pjav\u00edt\u00e1s<\/b><b>, fel\u00faj\u00edt\u00e1s <\/b><\/h2>\n<p style=\"text-align: justify;\">A megl\u00e9v\u0151 g\u00e9p \u00fczembiztons\u00e1g\u00e1nak n\u00f6vel\u00e9se, karbantart\u00e1si k\u00f6lts\u00e9gek cs\u00f6kkent\u00e9se, term\u00e9k min\u0151s\u00e9g vagy mennyis\u00e9g n\u00f6vel\u00e9se.<\/p>\n<p style=\"text-align: justify;\"><b>G\u00e9p\u00e9szeti \u00e9s villamos r\u00e9szek jav\u00edt\u00e1sa \u00e9s fel\u00faj\u00edt\u00e1sa<\/b>.<\/p>\n<p>&nbsp;<\/p>\n<h2><b>G\u00e9p \u00e1ttelep\u00edt\u00e9s <\/b><\/h2>\n<p style=\"text-align: justify;\">Komplett berendez\u00e9sek, gy\u00e1rt\u00f3-sorok villamos \u00e9s g\u00e9p\u00e9szeti bont\u00e1sa, \u00e1ttelep\u00edt\u00e9se \u00e9s \u00fajb\u00f3li \u00fczembe helyez\u00e9se.<\/p>\n<p style=\"text-align: justify;\">(Technol\u00f3giai \u00e1tszervez\u00e9sekn\u00e9l, csarnok \u00e9p\u00edt\u00e9s \u00e9s b\u0151v\u00edt\u00e9s eset\u00e9n a gy\u00e1rt\u00f3sor optimaliz\u00e1l\u00e1sa miatt, hat\u00e9konys\u00e1g-n\u00f6vel\u00e9si c\u00e9lzattal.)<\/p>\n<p>&nbsp;<\/p>\n","protected":false},"excerpt":{"rendered":"<p>Megrendel\u0151ink b\u00e1tran fordulhatnak hozz\u00e1nk ipari termel\u0151 berendez\u00e9sek teljes k\u00f6r\u0171 g\u00e9p\u00e9szeti tervez\u00e9s\u00e9vel, kivitelez\u00e9s\u00e9vel \u00e9s PLC-s vez\u00e9rl\u00e9s\u00e9vel kapcsolatos elk\u00e9pzel\u00e9seivel, egyedi g\u00e9pgy\u00e1rt\u00e1si feladatokkal. G\u00e9pgy\u00e1rt\u00e1s TCS 500 F\u00f3lia tekercs csomagol\u00f3 berendez\u00e9s &#8211; katal\u00f3gus oldal. [&hellip;]<\/p>\n","protected":false},"author":1,"featured_media":0,"parent":0,"menu_order":0,"comment_status":"closed","ping_status":"open","template":"","meta":{"footnotes":""},"yoast_head":"<!-- This site is optimized with the Yoast SEO plugin v23.4 - https:\/\/yoast.com\/wordpress\/plugins\/seo\/ -->\n<title>Mivel fordulhatnak hozz\u00e1nk? - Mechatronik Automatika Kft. - egyedi g\u00e9pgy\u00e1rt\u00e1s, automatiz\u00e1l\u00e1s, vez\u00e9rl\u00e9s fel\u00faj\u00edt\u00e1s, g\u00e9p\u00e9szeti nagyjav\u00edt\u00e1s, \u00e1raj\u00e1nlat, felm\u00e9r\u00e9s<\/title>\n<meta name=\"description\" content=\"Megrendel\u0151ink b\u00e1tran fordulhatnak hozz\u00e1nk ipari termel\u0151 berendez\u00e9sek teljes k\u00f6r\u0171 g\u00e9p\u00e9szeti tervez\u00e9s\u00e9vel, kivitelez\u00e9s\u00e9vel kapcsolatban.\" \/>\n<meta name=\"robots\" content=\"index, follow, max-snippet:-1, max-image-preview:large, max-video-preview:-1\" \/>\n<link rel=\"canonical\" href=\"http:\/\/www.mechatronik.hu\/index.php\/hu\/mivel-fordulhatnak-hozzank\/\" \/>\n<meta property=\"og:locale\" content=\"hu_HU\" \/>\n<meta property=\"og:type\" content=\"article\" \/>\n<meta property=\"og:title\" content=\"Mivel fordulhatnak hozz\u00e1nk? - Mechatronik Automatika Kft. - egyedi g\u00e9pgy\u00e1rt\u00e1s, automatiz\u00e1l\u00e1s, vez\u00e9rl\u00e9s fel\u00faj\u00edt\u00e1s, g\u00e9p\u00e9szeti nagyjav\u00edt\u00e1s, \u00e1raj\u00e1nlat, felm\u00e9r\u00e9s\" \/>\n<meta property=\"og:description\" content=\"Megrendel\u0151ink b\u00e1tran fordulhatnak hozz\u00e1nk ipari termel\u0151 berendez\u00e9sek teljes k\u00f6r\u0171 g\u00e9p\u00e9szeti tervez\u00e9s\u00e9vel, kivitelez\u00e9s\u00e9vel kapcsolatban.\" \/>\n<meta property=\"og:url\" content=\"http:\/\/www.mechatronik.hu\/index.php\/hu\/mivel-fordulhatnak-hozzank\/\" \/>\n<meta property=\"og:site_name\" content=\"Mechatronik Automatika Kft.\" \/>\n<meta property=\"article:modified_time\" content=\"2020-06-09T13:18:35+00:00\" \/>\n<meta property=\"og:image\" content=\"http:\/\/www.mechatronik.hu\/wp-content\/uploads\/mivel-foglalkozunk01.png\" \/>\n<meta name=\"twitter:card\" content=\"summary_large_image\" \/>\n<meta name=\"twitter:label1\" content=\"Becs\u00fclt olvas\u00e1si id\u0151\" \/>\n\t<meta name=\"twitter:data1\" content=\"2 perc\" \/>\n<script type=\"application\/ld+json\" class=\"yoast-schema-graph\">{\"@context\":\"https:\/\/schema.org\",\"@graph\":[{\"@type\":\"WebPage\",\"@id\":\"http:\/\/www.mechatronik.hu\/index.php\/hu\/mivel-fordulhatnak-hozzank\/\",\"url\":\"http:\/\/www.mechatronik.hu\/index.php\/hu\/mivel-fordulhatnak-hozzank\/\",\"name\":\"Mivel fordulhatnak hozz\u00e1nk? - Mechatronik Automatika Kft. - egyedi g\u00e9pgy\u00e1rt\u00e1s, automatiz\u00e1l\u00e1s, vez\u00e9rl\u00e9s fel\u00faj\u00edt\u00e1s, g\u00e9p\u00e9szeti nagyjav\u00edt\u00e1s, \u00e1raj\u00e1nlat, felm\u00e9r\u00e9s\",\"isPartOf\":{\"@id\":\"http:\/\/www.mechatronik.hu\/#website\"},\"primaryImageOfPage\":{\"@id\":\"http:\/\/www.mechatronik.hu\/index.php\/hu\/mivel-fordulhatnak-hozzank\/#primaryimage\"},\"image\":{\"@id\":\"http:\/\/www.mechatronik.hu\/index.php\/hu\/mivel-fordulhatnak-hozzank\/#primaryimage\"},\"thumbnailUrl\":\"http:\/\/www.mechatronik.hu\/wp-content\/uploads\/mivel-foglalkozunk01.png\",\"datePublished\":\"2016-01-18T19:02:09+00:00\",\"dateModified\":\"2020-06-09T13:18:35+00:00\",\"description\":\"Megrendel\u0151ink b\u00e1tran fordulhatnak hozz\u00e1nk ipari termel\u0151 berendez\u00e9sek teljes k\u00f6r\u0171 g\u00e9p\u00e9szeti tervez\u00e9s\u00e9vel, kivitelez\u00e9s\u00e9vel kapcsolatban.\",\"breadcrumb\":{\"@id\":\"http:\/\/www.mechatronik.hu\/index.php\/hu\/mivel-fordulhatnak-hozzank\/#breadcrumb\"},\"inLanguage\":\"hu\",\"potentialAction\":[{\"@type\":\"ReadAction\",\"target\":[\"http:\/\/www.mechatronik.hu\/index.php\/hu\/mivel-fordulhatnak-hozzank\/\"]}]},{\"@type\":\"ImageObject\",\"inLanguage\":\"hu\",\"@id\":\"http:\/\/www.mechatronik.hu\/index.php\/hu\/mivel-fordulhatnak-hozzank\/#primaryimage\",\"url\":\"http:\/\/www.mechatronik.hu\/wp-content\/uploads\/mivel-foglalkozunk01.png\",\"contentUrl\":\"http:\/\/www.mechatronik.hu\/wp-content\/uploads\/mivel-foglalkozunk01.png\",\"width\":1040,\"height\":269},{\"@type\":\"BreadcrumbList\",\"@id\":\"http:\/\/www.mechatronik.hu\/index.php\/hu\/mivel-fordulhatnak-hozzank\/#breadcrumb\",\"itemListElement\":[{\"@type\":\"ListItem\",\"position\":1,\"name\":\"Home\",\"item\":\"https:\/\/www.mechatronik.hu\/index.php\/de\/mechatronik-automatika-kft\/\"},{\"@type\":\"ListItem\",\"position\":2,\"name\":\"Mivel fordulhatnak hozz\u00e1nk?\"}]},{\"@type\":\"WebSite\",\"@id\":\"http:\/\/www.mechatronik.hu\/#website\",\"url\":\"http:\/\/www.mechatronik.hu\/\",\"name\":\"Mechatronik Automatika Kft.\",\"description\":\"Mechatronik Automatika Kft. - egyedi g\u00e9pgy\u00e1rt\u00e1s, ipari automatiz\u00e1l\u00e1s, vez\u00e9rl\u00e9s fel\u00faj\u00edt\u00e1s, g\u00e9p\u00e9szeti nagyjav\u00edt\u00e1s, \u00e1raj\u00e1nlat, felm\u00e9r\u00e9s\",\"publisher\":{\"@id\":\"http:\/\/www.mechatronik.hu\/#organization\"},\"potentialAction\":[{\"@type\":\"SearchAction\",\"target\":{\"@type\":\"EntryPoint\",\"urlTemplate\":\"http:\/\/www.mechatronik.hu\/?s={search_term_string}\"},\"query-input\":{\"@type\":\"PropertyValueSpecification\",\"valueRequired\":true,\"valueName\":\"search_term_string\"}}],\"inLanguage\":\"hu\"},{\"@type\":\"Organization\",\"@id\":\"http:\/\/www.mechatronik.hu\/#organization\",\"name\":\"Mechatronik Automatika Kft.\",\"url\":\"http:\/\/www.mechatronik.hu\/\",\"logo\":{\"@type\":\"ImageObject\",\"inLanguage\":\"hu\",\"@id\":\"http:\/\/www.mechatronik.hu\/#\/schema\/logo\/image\/\",\"url\":\"http:\/\/www.mechatronik.hu\/wp-content\/uploads\/MECHLOGO.png\",\"contentUrl\":\"http:\/\/www.mechatronik.hu\/wp-content\/uploads\/MECHLOGO.png\",\"width\":84,\"height\":78,\"caption\":\"Mechatronik Automatika Kft.\"},\"image\":{\"@id\":\"http:\/\/www.mechatronik.hu\/#\/schema\/logo\/image\/\"}}]}<\/script>\n<!-- \/ Yoast SEO plugin. -->","yoast_head_json":{"title":"Mivel fordulhatnak hozz\u00e1nk? - Mechatronik Automatika Kft. - egyedi g\u00e9pgy\u00e1rt\u00e1s, automatiz\u00e1l\u00e1s, vez\u00e9rl\u00e9s fel\u00faj\u00edt\u00e1s, g\u00e9p\u00e9szeti nagyjav\u00edt\u00e1s, \u00e1raj\u00e1nlat, felm\u00e9r\u00e9s","description":"Megrendel\u0151ink b\u00e1tran fordulhatnak hozz\u00e1nk ipari termel\u0151 berendez\u00e9sek teljes k\u00f6r\u0171 g\u00e9p\u00e9szeti tervez\u00e9s\u00e9vel, kivitelez\u00e9s\u00e9vel kapcsolatban.","robots":{"index":"index","follow":"follow","max-snippet":"max-snippet:-1","max-image-preview":"max-image-preview:large","max-video-preview":"max-video-preview:-1"},"canonical":"http:\/\/www.mechatronik.hu\/index.php\/hu\/mivel-fordulhatnak-hozzank\/","og_locale":"hu_HU","og_type":"article","og_title":"Mivel fordulhatnak hozz\u00e1nk? - Mechatronik Automatika Kft. - egyedi g\u00e9pgy\u00e1rt\u00e1s, automatiz\u00e1l\u00e1s, vez\u00e9rl\u00e9s fel\u00faj\u00edt\u00e1s, g\u00e9p\u00e9szeti nagyjav\u00edt\u00e1s, \u00e1raj\u00e1nlat, felm\u00e9r\u00e9s","og_description":"Megrendel\u0151ink b\u00e1tran fordulhatnak hozz\u00e1nk ipari termel\u0151 berendez\u00e9sek teljes k\u00f6r\u0171 g\u00e9p\u00e9szeti tervez\u00e9s\u00e9vel, kivitelez\u00e9s\u00e9vel kapcsolatban.","og_url":"http:\/\/www.mechatronik.hu\/index.php\/hu\/mivel-fordulhatnak-hozzank\/","og_site_name":"Mechatronik Automatika Kft.","article_modified_time":"2020-06-09T13:18:35+00:00","og_image":[{"url":"http:\/\/www.mechatronik.hu\/wp-content\/uploads\/mivel-foglalkozunk01.png"}],"twitter_card":"summary_large_image","twitter_misc":{"Becs\u00fclt olvas\u00e1si id\u0151":"2 perc"},"schema":{"@context":"https:\/\/schema.org","@graph":[{"@type":"WebPage","@id":"http:\/\/www.mechatronik.hu\/index.php\/hu\/mivel-fordulhatnak-hozzank\/","url":"http:\/\/www.mechatronik.hu\/index.php\/hu\/mivel-fordulhatnak-hozzank\/","name":"Mivel fordulhatnak hozz\u00e1nk? - Mechatronik Automatika Kft. - egyedi g\u00e9pgy\u00e1rt\u00e1s, automatiz\u00e1l\u00e1s, vez\u00e9rl\u00e9s fel\u00faj\u00edt\u00e1s, g\u00e9p\u00e9szeti nagyjav\u00edt\u00e1s, \u00e1raj\u00e1nlat, felm\u00e9r\u00e9s","isPartOf":{"@id":"http:\/\/www.mechatronik.hu\/#website"},"primaryImageOfPage":{"@id":"http:\/\/www.mechatronik.hu\/index.php\/hu\/mivel-fordulhatnak-hozzank\/#primaryimage"},"image":{"@id":"http:\/\/www.mechatronik.hu\/index.php\/hu\/mivel-fordulhatnak-hozzank\/#primaryimage"},"thumbnailUrl":"http:\/\/www.mechatronik.hu\/wp-content\/uploads\/mivel-foglalkozunk01.png","datePublished":"2016-01-18T19:02:09+00:00","dateModified":"2020-06-09T13:18:35+00:00","description":"Megrendel\u0151ink b\u00e1tran fordulhatnak hozz\u00e1nk ipari termel\u0151 berendez\u00e9sek teljes k\u00f6r\u0171 g\u00e9p\u00e9szeti tervez\u00e9s\u00e9vel, kivitelez\u00e9s\u00e9vel kapcsolatban.","breadcrumb":{"@id":"http:\/\/www.mechatronik.hu\/index.php\/hu\/mivel-fordulhatnak-hozzank\/#breadcrumb"},"inLanguage":"hu","potentialAction":[{"@type":"ReadAction","target":["http:\/\/www.mechatronik.hu\/index.php\/hu\/mivel-fordulhatnak-hozzank\/"]}]},{"@type":"ImageObject","inLanguage":"hu","@id":"http:\/\/www.mechatronik.hu\/index.php\/hu\/mivel-fordulhatnak-hozzank\/#primaryimage","url":"http:\/\/www.mechatronik.hu\/wp-content\/uploads\/mivel-foglalkozunk01.png","contentUrl":"http:\/\/www.mechatronik.hu\/wp-content\/uploads\/mivel-foglalkozunk01.png","width":1040,"height":269},{"@type":"BreadcrumbList","@id":"http:\/\/www.mechatronik.hu\/index.php\/hu\/mivel-fordulhatnak-hozzank\/#breadcrumb","itemListElement":[{"@type":"ListItem","position":1,"name":"Home","item":"https:\/\/www.mechatronik.hu\/index.php\/de\/mechatronik-automatika-kft\/"},{"@type":"ListItem","position":2,"name":"Mivel fordulhatnak hozz\u00e1nk?"}]},{"@type":"WebSite","@id":"http:\/\/www.mechatronik.hu\/#website","url":"http:\/\/www.mechatronik.hu\/","name":"Mechatronik Automatika Kft.","description":"Mechatronik Automatika Kft. - egyedi g\u00e9pgy\u00e1rt\u00e1s, ipari automatiz\u00e1l\u00e1s, vez\u00e9rl\u00e9s fel\u00faj\u00edt\u00e1s, g\u00e9p\u00e9szeti nagyjav\u00edt\u00e1s, \u00e1raj\u00e1nlat, felm\u00e9r\u00e9s","publisher":{"@id":"http:\/\/www.mechatronik.hu\/#organization"},"potentialAction":[{"@type":"SearchAction","target":{"@type":"EntryPoint","urlTemplate":"http:\/\/www.mechatronik.hu\/?s={search_term_string}"},"query-input":{"@type":"PropertyValueSpecification","valueRequired":true,"valueName":"search_term_string"}}],"inLanguage":"hu"},{"@type":"Organization","@id":"http:\/\/www.mechatronik.hu\/#organization","name":"Mechatronik Automatika Kft.","url":"http:\/\/www.mechatronik.hu\/","logo":{"@type":"ImageObject","inLanguage":"hu","@id":"http:\/\/www.mechatronik.hu\/#\/schema\/logo\/image\/","url":"http:\/\/www.mechatronik.hu\/wp-content\/uploads\/MECHLOGO.png","contentUrl":"http:\/\/www.mechatronik.hu\/wp-content\/uploads\/MECHLOGO.png","width":84,"height":78,"caption":"Mechatronik Automatika Kft."},"image":{"@id":"http:\/\/www.mechatronik.hu\/#\/schema\/logo\/image\/"}}]}},"_links":{"self":[{"href":"http:\/\/www.mechatronik.hu\/index.php\/wp-json\/wp\/v2\/pages\/2"}],"collection":[{"href":"http:\/\/www.mechatronik.hu\/index.php\/wp-json\/wp\/v2\/pages"}],"about":[{"href":"http:\/\/www.mechatronik.hu\/index.php\/wp-json\/wp\/v2\/types\/page"}],"author":[{"embeddable":true,"href":"http:\/\/www.mechatronik.hu\/index.php\/wp-json\/wp\/v2\/users\/1"}],"replies":[{"embeddable":true,"href":"http:\/\/www.mechatronik.hu\/index.php\/wp-json\/wp\/v2\/comments?post=2"}],"version-history":[{"count":8,"href":"http:\/\/www.mechatronik.hu\/index.php\/wp-json\/wp\/v2\/pages\/2\/revisions"}],"predecessor-version":[{"id":463,"href":"http:\/\/www.mechatronik.hu\/index.php\/wp-json\/wp\/v2\/pages\/2\/revisions\/463"}],"wp:attachment":[{"href":"http:\/\/www.mechatronik.hu\/index.php\/wp-json\/wp\/v2\/media?parent=2"}],"curies":[{"name":"wp","href":"https:\/\/api.w.org\/{rel}","templated":true}]}}