{"id":216,"date":"2016-05-02T08:39:40","date_gmt":"2016-05-02T07:39:40","guid":{"rendered":"http:\/\/www.mechatronik.hu\/?page_id=216"},"modified":"2018-12-14T09:52:47","modified_gmt":"2018-12-14T08:52:47","slug":"palyazatok","status":"publish","type":"page","link":"http:\/\/www.mechatronik.hu\/index.php\/hu\/palyazatok\/","title":{"rendered":"P\u00e1ly\u00e1zatok"},"content":{"rendered":"<p><a href=\"http:\/\/www.mechatronik.hu\/index.php\/gyartasi-kapacitas-bovitese-a-mechatronik-automatika-kft-nel\/\">Gy\u00e1rt\u00e1si kapacit\u00e1s b\u0151v\u00edt\u00e9se<\/a> &#8211;\u00a0GINOP-1.2.2-15-2015-00096<br \/>\n<a href=\"http:\/\/www.mechatronik.hu\/index.php\/hu\/szellozo-sztreccsfolia-fejlesztese\/\">Szell\u0151z\u0151 sztreccsf\u00f3lia fejleszt\u00e9se a RotaPack Zrt.-n\u00e9l \u00e9s a kapcsol\u00f3d\u00f3 gy\u00e1rt\u00e1stechnol\u00f3gia kialak\u00edt\u00e1sa a Mechatronik Automatika Kft-vel<\/a> &#8211;\u00a0GINOP-2.1.1.15-2015-00088<br \/>\n<a href=\"http:\/\/www.mechatronik.hu\/index.php\/hu\/rugalmas-foglalkoztatassal-versenykepessegert\/\">Rugalmas foglakoztat\u00e1ssal a versenyk\u00e9pess\u00e9g\u00e9rt<\/a> &#8211;\u00a0GINOP-5.3.2-16-2016-00015<br \/>\n<a href=\"http:\/\/www.mechatronik.hu\/index.php\/hu\/gyakornoki-program\/\">Gyakornoki program<\/a> &#8211;\u00a0GINOP-5.2.4-16-2017-02308<br \/>\n<a href=\"http:\/\/www.mechatronik.hu\/index.php\/hu\/vallalati-komplex-infokommunikacios-fejlesztesek-peas-vallalatiranyitasi-rendszer-bevezetesevel-mechatronik-automatika-kft-nel\/\">V\u00e1llalati komplex infokommunik\u00e1ci\u00f3s fejleszt\u00e9sek a PEAS V\u00e1llalatir\u00e1ny\u00edt\u00e1si Rendszer bevezet\u00e9s\u00e9vel a Mechatronik Automatika Kft.-n\u00e9l<\/a> &#8211;\u00a0GINOP-3.2.2-8-2-4-16-2017-00154<br \/>\n<a href=\"http:\/\/www.mechatronik.hu\/index.php\/hu\/munkavallaloi-kepzesek-megvalositasa-mechatronik-automatika-kft-nel\/\/\">Munkav\u00e1llal\u00f3i k\u00e9pz\u00e9sek megval\u00f3s\u00edt\u00e1sa a Mechatronik Automatika Kft.-n\u00e9l<\/a> &#8211;\u00a0GINOP-6.1.6-17-2018-00235<\/p>\n","protected":false},"excerpt":{"rendered":"<p>Gy\u00e1rt\u00e1si kapacit\u00e1s b\u0151v\u00edt\u00e9se &#8211;\u00a0GINOP-1.2.2-15-2015-00096 Szell\u0151z\u0151 sztreccsf\u00f3lia fejleszt\u00e9se a RotaPack Zrt.-n\u00e9l \u00e9s a kapcsol\u00f3d\u00f3 gy\u00e1rt\u00e1stechnol\u00f3gia kialak\u00edt\u00e1sa a Mechatronik Automatika Kft-vel &#8211;\u00a0GINOP-2.1.1.15-2015-00088 Rugalmas foglakoztat\u00e1ssal a versenyk\u00e9pess\u00e9g\u00e9rt &#8211;\u00a0GINOP-5.3.2-16-2016-00015 Gyakornoki program &#8211;\u00a0GINOP-5.2.4-16-2017-02308 V\u00e1llalati komplex [&hellip;]<\/p>\n","protected":false},"author":1,"featured_media":0,"parent":0,"menu_order":0,"comment_status":"closed","ping_status":"closed","template":"","meta":{"footnotes":""},"yoast_head":"<!-- This site is optimized with the Yoast SEO plugin v23.4 - https:\/\/yoast.com\/wordpress\/plugins\/seo\/ -->\n<title>P\u00e1ly\u00e1zatok - Mechatronik Automatika Kft. - egyedi g\u00e9pgy\u00e1rt\u00e1s, automatiz\u00e1l\u00e1s, vez\u00e9rl\u00e9s fel\u00faj\u00edt\u00e1s, g\u00e9p\u00e9szeti nagyjav\u00edt\u00e1s, \u00e1raj\u00e1nlat, felm\u00e9r\u00e9s<\/title>\n<meta name=\"robots\" content=\"index, follow, max-snippet:-1, max-image-preview:large, max-video-preview:-1\" \/>\n<link rel=\"canonical\" href=\"http:\/\/www.mechatronik.hu\/index.php\/hu\/palyazatok\/\" \/>\n<meta property=\"og:locale\" content=\"hu_HU\" \/>\n<meta property=\"og:type\" content=\"article\" \/>\n<meta property=\"og:title\" content=\"P\u00e1ly\u00e1zatok - Mechatronik Automatika Kft. - egyedi g\u00e9pgy\u00e1rt\u00e1s, automatiz\u00e1l\u00e1s, vez\u00e9rl\u00e9s fel\u00faj\u00edt\u00e1s, g\u00e9p\u00e9szeti nagyjav\u00edt\u00e1s, \u00e1raj\u00e1nlat, felm\u00e9r\u00e9s\" \/>\n<meta property=\"og:description\" content=\"Gy\u00e1rt\u00e1si kapacit\u00e1s b\u0151v\u00edt\u00e9se &#8211;\u00a0GINOP-1.2.2-15-2015-00096 Szell\u0151z\u0151 sztreccsf\u00f3lia fejleszt\u00e9se a RotaPack Zrt.-n\u00e9l \u00e9s a kapcsol\u00f3d\u00f3 gy\u00e1rt\u00e1stechnol\u00f3gia kialak\u00edt\u00e1sa a Mechatronik Automatika Kft-vel &#8211;\u00a0GINOP-2.1.1.15-2015-00088 Rugalmas foglakoztat\u00e1ssal a versenyk\u00e9pess\u00e9g\u00e9rt &#8211;\u00a0GINOP-5.3.2-16-2016-00015 Gyakornoki program &#8211;\u00a0GINOP-5.2.4-16-2017-02308 V\u00e1llalati komplex [&hellip;]\" \/>\n<meta property=\"og:url\" content=\"http:\/\/www.mechatronik.hu\/index.php\/hu\/palyazatok\/\" \/>\n<meta property=\"og:site_name\" content=\"Mechatronik Automatika Kft.\" \/>\n<meta property=\"article:modified_time\" content=\"2018-12-14T08:52:47+00:00\" \/>\n<meta name=\"twitter:card\" content=\"summary_large_image\" \/>\n<meta name=\"twitter:label1\" content=\"Becs\u00fclt olvas\u00e1si id\u0151\" \/>\n\t<meta name=\"twitter:data1\" content=\"1 perc\" \/>\n<script type=\"application\/ld+json\" class=\"yoast-schema-graph\">{\"@context\":\"https:\/\/schema.org\",\"@graph\":[{\"@type\":\"WebPage\",\"@id\":\"http:\/\/www.mechatronik.hu\/index.php\/hu\/palyazatok\/\",\"url\":\"http:\/\/www.mechatronik.hu\/index.php\/hu\/palyazatok\/\",\"name\":\"P\u00e1ly\u00e1zatok - Mechatronik Automatika Kft. - egyedi g\u00e9pgy\u00e1rt\u00e1s, automatiz\u00e1l\u00e1s, vez\u00e9rl\u00e9s fel\u00faj\u00edt\u00e1s, g\u00e9p\u00e9szeti nagyjav\u00edt\u00e1s, \u00e1raj\u00e1nlat, felm\u00e9r\u00e9s\",\"isPartOf\":{\"@id\":\"http:\/\/www.mechatronik.hu\/#website\"},\"datePublished\":\"2016-05-02T07:39:40+00:00\",\"dateModified\":\"2018-12-14T08:52:47+00:00\",\"breadcrumb\":{\"@id\":\"http:\/\/www.mechatronik.hu\/index.php\/hu\/palyazatok\/#breadcrumb\"},\"inLanguage\":\"hu\",\"potentialAction\":[{\"@type\":\"ReadAction\",\"target\":[\"http:\/\/www.mechatronik.hu\/index.php\/hu\/palyazatok\/\"]}]},{\"@type\":\"BreadcrumbList\",\"@id\":\"http:\/\/www.mechatronik.hu\/index.php\/hu\/palyazatok\/#breadcrumb\",\"itemListElement\":[{\"@type\":\"ListItem\",\"position\":1,\"name\":\"Home\",\"item\":\"https:\/\/www.mechatronik.hu\/index.php\/de\/mechatronik-automatika-kft\/\"},{\"@type\":\"ListItem\",\"position\":2,\"name\":\"P\u00e1ly\u00e1zatok\"}]},{\"@type\":\"WebSite\",\"@id\":\"http:\/\/www.mechatronik.hu\/#website\",\"url\":\"http:\/\/www.mechatronik.hu\/\",\"name\":\"Mechatronik Automatika Kft.\",\"description\":\"Mechatronik Automatika Kft. - egyedi g\u00e9pgy\u00e1rt\u00e1s, ipari automatiz\u00e1l\u00e1s, vez\u00e9rl\u00e9s fel\u00faj\u00edt\u00e1s, g\u00e9p\u00e9szeti nagyjav\u00edt\u00e1s, \u00e1raj\u00e1nlat, felm\u00e9r\u00e9s\",\"publisher\":{\"@id\":\"http:\/\/www.mechatronik.hu\/#organization\"},\"potentialAction\":[{\"@type\":\"SearchAction\",\"target\":{\"@type\":\"EntryPoint\",\"urlTemplate\":\"http:\/\/www.mechatronik.hu\/?s={search_term_string}\"},\"query-input\":{\"@type\":\"PropertyValueSpecification\",\"valueRequired\":true,\"valueName\":\"search_term_string\"}}],\"inLanguage\":\"hu\"},{\"@type\":\"Organization\",\"@id\":\"http:\/\/www.mechatronik.hu\/#organization\",\"name\":\"Mechatronik Automatika Kft.\",\"url\":\"http:\/\/www.mechatronik.hu\/\",\"logo\":{\"@type\":\"ImageObject\",\"inLanguage\":\"hu\",\"@id\":\"http:\/\/www.mechatronik.hu\/#\/schema\/logo\/image\/\",\"url\":\"http:\/\/www.mechatronik.hu\/wp-content\/uploads\/MECHLOGO.png\",\"contentUrl\":\"http:\/\/www.mechatronik.hu\/wp-content\/uploads\/MECHLOGO.png\",\"width\":84,\"height\":78,\"caption\":\"Mechatronik Automatika Kft.\"},\"image\":{\"@id\":\"http:\/\/www.mechatronik.hu\/#\/schema\/logo\/image\/\"}}]}<\/script>\n<!-- \/ Yoast SEO plugin. -->","yoast_head_json":{"title":"P\u00e1ly\u00e1zatok - Mechatronik Automatika Kft. - egyedi g\u00e9pgy\u00e1rt\u00e1s, automatiz\u00e1l\u00e1s, vez\u00e9rl\u00e9s fel\u00faj\u00edt\u00e1s, g\u00e9p\u00e9szeti nagyjav\u00edt\u00e1s, \u00e1raj\u00e1nlat, felm\u00e9r\u00e9s","robots":{"index":"index","follow":"follow","max-snippet":"max-snippet:-1","max-image-preview":"max-image-preview:large","max-video-preview":"max-video-preview:-1"},"canonical":"http:\/\/www.mechatronik.hu\/index.php\/hu\/palyazatok\/","og_locale":"hu_HU","og_type":"article","og_title":"P\u00e1ly\u00e1zatok - Mechatronik Automatika Kft. - egyedi g\u00e9pgy\u00e1rt\u00e1s, automatiz\u00e1l\u00e1s, vez\u00e9rl\u00e9s fel\u00faj\u00edt\u00e1s, g\u00e9p\u00e9szeti nagyjav\u00edt\u00e1s, \u00e1raj\u00e1nlat, felm\u00e9r\u00e9s","og_description":"Gy\u00e1rt\u00e1si kapacit\u00e1s b\u0151v\u00edt\u00e9se &#8211;\u00a0GINOP-1.2.2-15-2015-00096 Szell\u0151z\u0151 sztreccsf\u00f3lia fejleszt\u00e9se a RotaPack Zrt.-n\u00e9l \u00e9s a kapcsol\u00f3d\u00f3 gy\u00e1rt\u00e1stechnol\u00f3gia kialak\u00edt\u00e1sa a Mechatronik Automatika Kft-vel &#8211;\u00a0GINOP-2.1.1.15-2015-00088 Rugalmas foglakoztat\u00e1ssal a versenyk\u00e9pess\u00e9g\u00e9rt &#8211;\u00a0GINOP-5.3.2-16-2016-00015 Gyakornoki program &#8211;\u00a0GINOP-5.2.4-16-2017-02308 V\u00e1llalati komplex [&hellip;]","og_url":"http:\/\/www.mechatronik.hu\/index.php\/hu\/palyazatok\/","og_site_name":"Mechatronik Automatika Kft.","article_modified_time":"2018-12-14T08:52:47+00:00","twitter_card":"summary_large_image","twitter_misc":{"Becs\u00fclt olvas\u00e1si id\u0151":"1 perc"},"schema":{"@context":"https:\/\/schema.org","@graph":[{"@type":"WebPage","@id":"http:\/\/www.mechatronik.hu\/index.php\/hu\/palyazatok\/","url":"http:\/\/www.mechatronik.hu\/index.php\/hu\/palyazatok\/","name":"P\u00e1ly\u00e1zatok - Mechatronik Automatika Kft. - egyedi g\u00e9pgy\u00e1rt\u00e1s, automatiz\u00e1l\u00e1s, vez\u00e9rl\u00e9s fel\u00faj\u00edt\u00e1s, g\u00e9p\u00e9szeti nagyjav\u00edt\u00e1s, \u00e1raj\u00e1nlat, felm\u00e9r\u00e9s","isPartOf":{"@id":"http:\/\/www.mechatronik.hu\/#website"},"datePublished":"2016-05-02T07:39:40+00:00","dateModified":"2018-12-14T08:52:47+00:00","breadcrumb":{"@id":"http:\/\/www.mechatronik.hu\/index.php\/hu\/palyazatok\/#breadcrumb"},"inLanguage":"hu","potentialAction":[{"@type":"ReadAction","target":["http:\/\/www.mechatronik.hu\/index.php\/hu\/palyazatok\/"]}]},{"@type":"BreadcrumbList","@id":"http:\/\/www.mechatronik.hu\/index.php\/hu\/palyazatok\/#breadcrumb","itemListElement":[{"@type":"ListItem","position":1,"name":"Home","item":"https:\/\/www.mechatronik.hu\/index.php\/de\/mechatronik-automatika-kft\/"},{"@type":"ListItem","position":2,"name":"P\u00e1ly\u00e1zatok"}]},{"@type":"WebSite","@id":"http:\/\/www.mechatronik.hu\/#website","url":"http:\/\/www.mechatronik.hu\/","name":"Mechatronik Automatika Kft.","description":"Mechatronik Automatika Kft. - egyedi g\u00e9pgy\u00e1rt\u00e1s, ipari automatiz\u00e1l\u00e1s, vez\u00e9rl\u00e9s fel\u00faj\u00edt\u00e1s, g\u00e9p\u00e9szeti nagyjav\u00edt\u00e1s, \u00e1raj\u00e1nlat, felm\u00e9r\u00e9s","publisher":{"@id":"http:\/\/www.mechatronik.hu\/#organization"},"potentialAction":[{"@type":"SearchAction","target":{"@type":"EntryPoint","urlTemplate":"http:\/\/www.mechatronik.hu\/?s={search_term_string}"},"query-input":{"@type":"PropertyValueSpecification","valueRequired":true,"valueName":"search_term_string"}}],"inLanguage":"hu"},{"@type":"Organization","@id":"http:\/\/www.mechatronik.hu\/#organization","name":"Mechatronik Automatika Kft.","url":"http:\/\/www.mechatronik.hu\/","logo":{"@type":"ImageObject","inLanguage":"hu","@id":"http:\/\/www.mechatronik.hu\/#\/schema\/logo\/image\/","url":"http:\/\/www.mechatronik.hu\/wp-content\/uploads\/MECHLOGO.png","contentUrl":"http:\/\/www.mechatronik.hu\/wp-content\/uploads\/MECHLOGO.png","width":84,"height":78,"caption":"Mechatronik Automatika Kft."},"image":{"@id":"http:\/\/www.mechatronik.hu\/#\/schema\/logo\/image\/"}}]}},"_links":{"self":[{"href":"http:\/\/www.mechatronik.hu\/index.php\/wp-json\/wp\/v2\/pages\/216"}],"collection":[{"href":"http:\/\/www.mechatronik.hu\/index.php\/wp-json\/wp\/v2\/pages"}],"about":[{"href":"http:\/\/www.mechatronik.hu\/index.php\/wp-json\/wp\/v2\/types\/page"}],"author":[{"embeddable":true,"href":"http:\/\/www.mechatronik.hu\/index.php\/wp-json\/wp\/v2\/users\/1"}],"replies":[{"embeddable":true,"href":"http:\/\/www.mechatronik.hu\/index.php\/wp-json\/wp\/v2\/comments?post=216"}],"version-history":[{"count":11,"href":"http:\/\/www.mechatronik.hu\/index.php\/wp-json\/wp\/v2\/pages\/216\/revisions"}],"predecessor-version":[{"id":447,"href":"http:\/\/www.mechatronik.hu\/index.php\/wp-json\/wp\/v2\/pages\/216\/revisions\/447"}],"wp:attachment":[{"href":"http:\/\/www.mechatronik.hu\/index.php\/wp-json\/wp\/v2\/media?parent=216"}],"curies":[{"name":"wp","href":"https:\/\/api.w.org\/{rel}","templated":true}]}}