{"id":224,"date":"2016-05-02T09:03:04","date_gmt":"2016-05-02T08:03:04","guid":{"rendered":"http:\/\/www.mechatronik.hu\/?page_id=224"},"modified":"2016-09-20T12:22:54","modified_gmt":"2016-09-20T11:22:54","slug":"gyartasi-kapacitas-bovitese-a-mechatronik-automatika-kft-nel","status":"publish","type":"page","link":"http:\/\/www.mechatronik.hu\/index.php\/hu\/gyartasi-kapacitas-bovitese-a-mechatronik-automatika-kft-nel\/","title":{"rendered":"Gy\u00e1rt\u00e1si kapacit\u00e1s b\u0151v\u00edt\u00e9se a Mechatronik Automatika Kft-n\u00e9l"},"content":{"rendered":"<div style=\"background: #ffffff; padding: 20px;\">\n<p><img loading=\"lazy\" decoding=\"async\" class=\" wp-image-226 alignright\" src=\"http:\/\/www.mechatronik.hu\/wp-content\/uploads\/infoblokk_kedv_final_felso_cmyk_ERFA.jpg\" alt=\"infoblokk_kedv_final_felso_cmyk_ERFA\" width=\"419\" height=\"290\" \/><\/p>\n<p>&nbsp;<\/p>\n<p>&nbsp;<\/p>\n<p><span style=\"color: #244bae;\"><strong>GY\u00c1RT\u00c1SI KAPACIT\u00c1S B<span style=\"color: #244bae;\">\u0150V<\/span><\/strong><strong>\u00cd<\/strong><strong><span style=\"color: #244bae;\">T\u00c9S<\/span>E<br \/>\n<\/strong><\/span><span style=\"color: #244bae;\"><strong>A MECHATRONIK AUTOMATIKA KFT-N\u00c9L<\/strong><\/span><\/p>\n<p><strong><u>A projekt alapadatai:<\/u><\/strong><\/p>\n<ul>\n<li>Projekt azonos\u00edt\u00f3: GINOP-1.2.2-15-2015-00096<\/li>\n<li>Ig\u00e9nyelt t\u00e1mogat\u00e1s: 32 000 000 Ft<\/li>\n<li>T\u00e1mogat\u00e1s m\u00e9rt\u00e9ke: 50%<\/li>\n<li>A projekt k\u00f6lts\u00e9gvet\u00e9se: 64 000 000 Ft<\/li>\n<li>Projekt tervezett befejez\u00e9se: 2016.09.30.<\/li>\n<\/ul>\n<p><u><\/u><strong><u>A projekt bemutat\u00e1sa:<\/u><\/strong><\/p>\n<p style=\"text-align: justify;\">A fejleszt\u00e9s r\u00e9v\u00e9n piaci poz\u00edci\u00f3ja jelent\u0151sen meger\u0151s\u00f6dik a Mechatronik Automatika Kft.-nek. A t\u00f6bbfunkci\u00f3s elektromos, hajt\u00e1stechnikai \u00e9s pneumatikus tesztpaddal a termel\u00e9si technol\u00f3gia fejleszthet\u0151, ami hozz\u00e1adott \u00e9rt\u00e9k n\u00f6veked\u00e9st eredm\u00e9nyez, ugyanis az egyedi g\u00e9pek gy\u00e1rt\u00e1s\u00e1n\u00e1l gyors lehet\u0151s\u00e9get teremt az \u00faj konstrukci\u00f3, illetve bonyolultabb g\u00e9p eset\u00e9n a g\u00e9p egy r\u00e9sz\u00e9nek a gyors kipr\u00f3b\u00e1l\u00e1s\u00e1ra, a m\u0171k\u00f6d\u00e9s ellen\u0151rz\u00e9s\u00e9re. A g\u00e9pek telephelyen v\u00e9gzett g\u00e9p\u00e9szeti szerel\u00e9sn\u00e9l lehet\u0151s\u00e9g van a jav\u00edtott g\u00e9p, illetve egys\u00e9geinek a telephelyen t\u00f6rt\u00e9n\u0151 gyors kipr\u00f3b\u00e1l\u00e1s\u00e1ra, villamos szekr\u00e9ny\u00e9t nem kell elbontani, elhozni a megrendel\u0151t\u0151l. A hajt\u00e1sokkal szab\u00e1lyozottan tudj\u00e1k a dolgoz\u00f3k megforgatni \u00e9s pr\u00f3baj\u00e1ratokat ind\u00edtani. Ezekkel a funkci\u00f3kkal a munkafolyamatokat gyors\u00edtani lehet, k\u00f6lts\u00e9geket tud cs\u00f6kkenteni, a helysz\u00ednen elv\u00e9gzend\u0151 munka mennyis\u00e9g\u00e9t tudja cs\u00f6kkenteni a v\u00e1llalkoz\u00e1s. Az automatiz\u00e1lt gy\u00e1rt\u00f3 \u00e9s szerel\u0151 m\u0171helypr\u00e9ssel szerel\u00e9si munkafolyamait tudja seg\u00edteni, \u00e9s lehet\u0151s\u00e9g ny\u00edlik pr\u00e9ssel gy\u00e1rthat\u00f3 kis \u00e9s k\u00f6z\u00e9psz\u00e9ri\u00e1s alkatr\u00e9szgy\u00e1rt\u00e1sra is, jelenleg is van ilyen megkeres\u00e9se a Mechatronik Automatika Kft-nek, de kor\u00e1bban g\u00e9p hi\u00e1ny\u00e1ban nem tudta v\u00e1llalkozni.<\/p>\n<p><strong><u>A projekt megval\u00f3sul\u00e1s\u00e1nak helysz\u00edne:<\/u><\/strong><\/p>\n<p>6791 Szeged (Kiskundorozsma) Kond utca 1., 2794\/1 Hrsz,<\/p>\n<p><strong><u>A projekt a k\u00f6vetkez\u0151 k\u00f6zrem\u0171k\u00f6d\u0151 szervezetek t\u00e1mogat\u00e1s\u00e1val val\u00f3sult meg:<\/u><\/strong><\/p>\n<p><strong>Nemzetgazdas\u00e1gi Miniszt\u00e9rium<\/strong><\/p>\n<p>C\u00edm: 1539 Budapest, Postafi\u00f3k 684<br \/>\nE-mail:\u00a0<a href=\"mailto:gazdasagfejlesztes@ngm.gov.hu\"><strong>gazdasagfejlesztes@ngm.gov.hu<\/strong><\/a><strong>\u00a0<\/strong><br \/>\nInfovonal: 06 40 200-617<br \/>\nHonlap:\u00a0<a href=\"http:\/\/www.palyazat.gov.hu\">www.palyazat.gov.hu<\/a><\/p>\n<p><img loading=\"lazy\" decoding=\"async\" class=\"aligncenter wp-image-225\" src=\"http:\/\/www.mechatronik.hu\/wp-content\/uploads\/szechenyi_2020_logo_fekvo_color_RGB.jpg\" alt=\"szechenyi_2020_logo_fekvo_color_RGB\" width=\"370\" height=\"143\" \/><\/p>\n<\/div>\n","protected":false},"excerpt":{"rendered":"<p>&nbsp; &nbsp; GY\u00c1RT\u00c1SI KAPACIT\u00c1S B\u0150V\u00cdT\u00c9SE A MECHATRONIK AUTOMATIKA KFT-N\u00c9L A projekt alapadatai: Projekt azonos\u00edt\u00f3: GINOP-1.2.2-15-2015-00096 Ig\u00e9nyelt t\u00e1mogat\u00e1s: 32 000 000 Ft T\u00e1mogat\u00e1s m\u00e9rt\u00e9ke: 50% A projekt k\u00f6lts\u00e9gvet\u00e9se: 64 000 000 [&hellip;]<\/p>\n","protected":false},"author":1,"featured_media":0,"parent":0,"menu_order":0,"comment_status":"closed","ping_status":"closed","template":"","meta":{"footnotes":""},"yoast_head":"<!-- This site is optimized with the Yoast SEO plugin v23.4 - https:\/\/yoast.com\/wordpress\/plugins\/seo\/ -->\n<title>Gy\u00e1rt\u00e1si kapacit\u00e1s b\u0151v\u00edt\u00e9se a Mechatronik Automatika Kft-n\u00e9l - Mechatronik Automatika Kft. - egyedi g\u00e9pgy\u00e1rt\u00e1s, automatiz\u00e1l\u00e1s, vez\u00e9rl\u00e9s fel\u00faj\u00edt\u00e1s, g\u00e9p\u00e9szeti nagyjav\u00edt\u00e1s, \u00e1raj\u00e1nlat, felm\u00e9r\u00e9s<\/title>\n<meta name=\"robots\" content=\"index, follow, max-snippet:-1, max-image-preview:large, max-video-preview:-1\" \/>\n<link rel=\"canonical\" href=\"http:\/\/www.mechatronik.hu\/index.php\/hu\/gyartasi-kapacitas-bovitese-a-mechatronik-automatika-kft-nel\/\" \/>\n<meta property=\"og:locale\" content=\"hu_HU\" \/>\n<meta property=\"og:type\" content=\"article\" \/>\n<meta property=\"og:title\" content=\"Gy\u00e1rt\u00e1si kapacit\u00e1s b\u0151v\u00edt\u00e9se a Mechatronik Automatika Kft-n\u00e9l - Mechatronik Automatika Kft. - egyedi g\u00e9pgy\u00e1rt\u00e1s, automatiz\u00e1l\u00e1s, vez\u00e9rl\u00e9s fel\u00faj\u00edt\u00e1s, g\u00e9p\u00e9szeti nagyjav\u00edt\u00e1s, \u00e1raj\u00e1nlat, felm\u00e9r\u00e9s\" \/>\n<meta property=\"og:description\" content=\"&nbsp; &nbsp; GY\u00c1RT\u00c1SI KAPACIT\u00c1S B\u0150V\u00cdT\u00c9SE A MECHATRONIK AUTOMATIKA KFT-N\u00c9L A projekt alapadatai: Projekt azonos\u00edt\u00f3: GINOP-1.2.2-15-2015-00096 Ig\u00e9nyelt t\u00e1mogat\u00e1s: 32 000 000 Ft T\u00e1mogat\u00e1s m\u00e9rt\u00e9ke: 50% A projekt k\u00f6lts\u00e9gvet\u00e9se: 64 000 000 [&hellip;]\" \/>\n<meta property=\"og:url\" content=\"http:\/\/www.mechatronik.hu\/index.php\/hu\/gyartasi-kapacitas-bovitese-a-mechatronik-automatika-kft-nel\/\" \/>\n<meta property=\"og:site_name\" content=\"Mechatronik Automatika Kft.\" \/>\n<meta property=\"article:modified_time\" content=\"2016-09-20T11:22:54+00:00\" \/>\n<meta property=\"og:image\" content=\"http:\/\/www.mechatronik.hu\/wp-content\/uploads\/infoblokk_kedv_final_felso_cmyk_ERFA.jpg\" \/>\n<meta name=\"twitter:card\" content=\"summary_large_image\" \/>\n<meta name=\"twitter:label1\" content=\"Becs\u00fclt olvas\u00e1si id\u0151\" \/>\n\t<meta name=\"twitter:data1\" content=\"2 perc\" \/>\n<script type=\"application\/ld+json\" class=\"yoast-schema-graph\">{\"@context\":\"https:\/\/schema.org\",\"@graph\":[{\"@type\":\"WebPage\",\"@id\":\"http:\/\/www.mechatronik.hu\/index.php\/hu\/gyartasi-kapacitas-bovitese-a-mechatronik-automatika-kft-nel\/\",\"url\":\"http:\/\/www.mechatronik.hu\/index.php\/hu\/gyartasi-kapacitas-bovitese-a-mechatronik-automatika-kft-nel\/\",\"name\":\"Gy\u00e1rt\u00e1si kapacit\u00e1s b\u0151v\u00edt\u00e9se a Mechatronik Automatika Kft-n\u00e9l - Mechatronik Automatika Kft. - egyedi g\u00e9pgy\u00e1rt\u00e1s, automatiz\u00e1l\u00e1s, vez\u00e9rl\u00e9s fel\u00faj\u00edt\u00e1s, g\u00e9p\u00e9szeti nagyjav\u00edt\u00e1s, \u00e1raj\u00e1nlat, felm\u00e9r\u00e9s\",\"isPartOf\":{\"@id\":\"http:\/\/www.mechatronik.hu\/#website\"},\"primaryImageOfPage\":{\"@id\":\"http:\/\/www.mechatronik.hu\/index.php\/hu\/gyartasi-kapacitas-bovitese-a-mechatronik-automatika-kft-nel\/#primaryimage\"},\"image\":{\"@id\":\"http:\/\/www.mechatronik.hu\/index.php\/hu\/gyartasi-kapacitas-bovitese-a-mechatronik-automatika-kft-nel\/#primaryimage\"},\"thumbnailUrl\":\"http:\/\/www.mechatronik.hu\/wp-content\/uploads\/infoblokk_kedv_final_felso_cmyk_ERFA.jpg\",\"datePublished\":\"2016-05-02T08:03:04+00:00\",\"dateModified\":\"2016-09-20T11:22:54+00:00\",\"breadcrumb\":{\"@id\":\"http:\/\/www.mechatronik.hu\/index.php\/hu\/gyartasi-kapacitas-bovitese-a-mechatronik-automatika-kft-nel\/#breadcrumb\"},\"inLanguage\":\"hu\",\"potentialAction\":[{\"@type\":\"ReadAction\",\"target\":[\"http:\/\/www.mechatronik.hu\/index.php\/hu\/gyartasi-kapacitas-bovitese-a-mechatronik-automatika-kft-nel\/\"]}]},{\"@type\":\"ImageObject\",\"inLanguage\":\"hu\",\"@id\":\"http:\/\/www.mechatronik.hu\/index.php\/hu\/gyartasi-kapacitas-bovitese-a-mechatronik-automatika-kft-nel\/#primaryimage\",\"url\":\"http:\/\/www.mechatronik.hu\/wp-content\/uploads\/infoblokk_kedv_final_felso_cmyk_ERFA.jpg\",\"contentUrl\":\"http:\/\/www.mechatronik.hu\/wp-content\/uploads\/infoblokk_kedv_final_felso_cmyk_ERFA.jpg\"},{\"@type\":\"BreadcrumbList\",\"@id\":\"http:\/\/www.mechatronik.hu\/index.php\/hu\/gyartasi-kapacitas-bovitese-a-mechatronik-automatika-kft-nel\/#breadcrumb\",\"itemListElement\":[{\"@type\":\"ListItem\",\"position\":1,\"name\":\"Home\",\"item\":\"https:\/\/www.mechatronik.hu\/index.php\/de\/mechatronik-automatika-kft\/\"},{\"@type\":\"ListItem\",\"position\":2,\"name\":\"Gy\u00e1rt\u00e1si kapacit\u00e1s b\u0151v\u00edt\u00e9se a Mechatronik Automatika Kft-n\u00e9l\"}]},{\"@type\":\"WebSite\",\"@id\":\"http:\/\/www.mechatronik.hu\/#website\",\"url\":\"http:\/\/www.mechatronik.hu\/\",\"name\":\"Mechatronik Automatika Kft.\",\"description\":\"Mechatronik Automatika Kft. - egyedi g\u00e9pgy\u00e1rt\u00e1s, ipari automatiz\u00e1l\u00e1s, vez\u00e9rl\u00e9s fel\u00faj\u00edt\u00e1s, g\u00e9p\u00e9szeti nagyjav\u00edt\u00e1s, \u00e1raj\u00e1nlat, felm\u00e9r\u00e9s\",\"publisher\":{\"@id\":\"http:\/\/www.mechatronik.hu\/#organization\"},\"potentialAction\":[{\"@type\":\"SearchAction\",\"target\":{\"@type\":\"EntryPoint\",\"urlTemplate\":\"http:\/\/www.mechatronik.hu\/?s={search_term_string}\"},\"query-input\":{\"@type\":\"PropertyValueSpecification\",\"valueRequired\":true,\"valueName\":\"search_term_string\"}}],\"inLanguage\":\"hu\"},{\"@type\":\"Organization\",\"@id\":\"http:\/\/www.mechatronik.hu\/#organization\",\"name\":\"Mechatronik Automatika Kft.\",\"url\":\"http:\/\/www.mechatronik.hu\/\",\"logo\":{\"@type\":\"ImageObject\",\"inLanguage\":\"hu\",\"@id\":\"http:\/\/www.mechatronik.hu\/#\/schema\/logo\/image\/\",\"url\":\"http:\/\/www.mechatronik.hu\/wp-content\/uploads\/MECHLOGO.png\",\"contentUrl\":\"http:\/\/www.mechatronik.hu\/wp-content\/uploads\/MECHLOGO.png\",\"width\":84,\"height\":78,\"caption\":\"Mechatronik Automatika Kft.\"},\"image\":{\"@id\":\"http:\/\/www.mechatronik.hu\/#\/schema\/logo\/image\/\"}}]}<\/script>\n<!-- \/ Yoast SEO plugin. -->","yoast_head_json":{"title":"Gy\u00e1rt\u00e1si kapacit\u00e1s b\u0151v\u00edt\u00e9se a Mechatronik Automatika Kft-n\u00e9l - Mechatronik Automatika Kft. - egyedi g\u00e9pgy\u00e1rt\u00e1s, automatiz\u00e1l\u00e1s, vez\u00e9rl\u00e9s fel\u00faj\u00edt\u00e1s, g\u00e9p\u00e9szeti nagyjav\u00edt\u00e1s, \u00e1raj\u00e1nlat, felm\u00e9r\u00e9s","robots":{"index":"index","follow":"follow","max-snippet":"max-snippet:-1","max-image-preview":"max-image-preview:large","max-video-preview":"max-video-preview:-1"},"canonical":"http:\/\/www.mechatronik.hu\/index.php\/hu\/gyartasi-kapacitas-bovitese-a-mechatronik-automatika-kft-nel\/","og_locale":"hu_HU","og_type":"article","og_title":"Gy\u00e1rt\u00e1si kapacit\u00e1s b\u0151v\u00edt\u00e9se a Mechatronik Automatika Kft-n\u00e9l - Mechatronik Automatika Kft. - egyedi g\u00e9pgy\u00e1rt\u00e1s, automatiz\u00e1l\u00e1s, vez\u00e9rl\u00e9s fel\u00faj\u00edt\u00e1s, g\u00e9p\u00e9szeti nagyjav\u00edt\u00e1s, \u00e1raj\u00e1nlat, felm\u00e9r\u00e9s","og_description":"&nbsp; &nbsp; GY\u00c1RT\u00c1SI KAPACIT\u00c1S B\u0150V\u00cdT\u00c9SE A MECHATRONIK AUTOMATIKA KFT-N\u00c9L A projekt alapadatai: Projekt azonos\u00edt\u00f3: GINOP-1.2.2-15-2015-00096 Ig\u00e9nyelt t\u00e1mogat\u00e1s: 32 000 000 Ft T\u00e1mogat\u00e1s m\u00e9rt\u00e9ke: 50% A projekt k\u00f6lts\u00e9gvet\u00e9se: 64 000 000 [&hellip;]","og_url":"http:\/\/www.mechatronik.hu\/index.php\/hu\/gyartasi-kapacitas-bovitese-a-mechatronik-automatika-kft-nel\/","og_site_name":"Mechatronik Automatika Kft.","article_modified_time":"2016-09-20T11:22:54+00:00","og_image":[{"url":"http:\/\/www.mechatronik.hu\/wp-content\/uploads\/infoblokk_kedv_final_felso_cmyk_ERFA.jpg"}],"twitter_card":"summary_large_image","twitter_misc":{"Becs\u00fclt olvas\u00e1si id\u0151":"2 perc"},"schema":{"@context":"https:\/\/schema.org","@graph":[{"@type":"WebPage","@id":"http:\/\/www.mechatronik.hu\/index.php\/hu\/gyartasi-kapacitas-bovitese-a-mechatronik-automatika-kft-nel\/","url":"http:\/\/www.mechatronik.hu\/index.php\/hu\/gyartasi-kapacitas-bovitese-a-mechatronik-automatika-kft-nel\/","name":"Gy\u00e1rt\u00e1si kapacit\u00e1s b\u0151v\u00edt\u00e9se a Mechatronik Automatika Kft-n\u00e9l - Mechatronik Automatika Kft. - egyedi g\u00e9pgy\u00e1rt\u00e1s, automatiz\u00e1l\u00e1s, vez\u00e9rl\u00e9s fel\u00faj\u00edt\u00e1s, g\u00e9p\u00e9szeti nagyjav\u00edt\u00e1s, \u00e1raj\u00e1nlat, felm\u00e9r\u00e9s","isPartOf":{"@id":"http:\/\/www.mechatronik.hu\/#website"},"primaryImageOfPage":{"@id":"http:\/\/www.mechatronik.hu\/index.php\/hu\/gyartasi-kapacitas-bovitese-a-mechatronik-automatika-kft-nel\/#primaryimage"},"image":{"@id":"http:\/\/www.mechatronik.hu\/index.php\/hu\/gyartasi-kapacitas-bovitese-a-mechatronik-automatika-kft-nel\/#primaryimage"},"thumbnailUrl":"http:\/\/www.mechatronik.hu\/wp-content\/uploads\/infoblokk_kedv_final_felso_cmyk_ERFA.jpg","datePublished":"2016-05-02T08:03:04+00:00","dateModified":"2016-09-20T11:22:54+00:00","breadcrumb":{"@id":"http:\/\/www.mechatronik.hu\/index.php\/hu\/gyartasi-kapacitas-bovitese-a-mechatronik-automatika-kft-nel\/#breadcrumb"},"inLanguage":"hu","potentialAction":[{"@type":"ReadAction","target":["http:\/\/www.mechatronik.hu\/index.php\/hu\/gyartasi-kapacitas-bovitese-a-mechatronik-automatika-kft-nel\/"]}]},{"@type":"ImageObject","inLanguage":"hu","@id":"http:\/\/www.mechatronik.hu\/index.php\/hu\/gyartasi-kapacitas-bovitese-a-mechatronik-automatika-kft-nel\/#primaryimage","url":"http:\/\/www.mechatronik.hu\/wp-content\/uploads\/infoblokk_kedv_final_felso_cmyk_ERFA.jpg","contentUrl":"http:\/\/www.mechatronik.hu\/wp-content\/uploads\/infoblokk_kedv_final_felso_cmyk_ERFA.jpg"},{"@type":"BreadcrumbList","@id":"http:\/\/www.mechatronik.hu\/index.php\/hu\/gyartasi-kapacitas-bovitese-a-mechatronik-automatika-kft-nel\/#breadcrumb","itemListElement":[{"@type":"ListItem","position":1,"name":"Home","item":"https:\/\/www.mechatronik.hu\/index.php\/de\/mechatronik-automatika-kft\/"},{"@type":"ListItem","position":2,"name":"Gy\u00e1rt\u00e1si kapacit\u00e1s b\u0151v\u00edt\u00e9se a Mechatronik Automatika Kft-n\u00e9l"}]},{"@type":"WebSite","@id":"http:\/\/www.mechatronik.hu\/#website","url":"http:\/\/www.mechatronik.hu\/","name":"Mechatronik Automatika Kft.","description":"Mechatronik Automatika Kft. - egyedi g\u00e9pgy\u00e1rt\u00e1s, ipari automatiz\u00e1l\u00e1s, vez\u00e9rl\u00e9s fel\u00faj\u00edt\u00e1s, g\u00e9p\u00e9szeti nagyjav\u00edt\u00e1s, \u00e1raj\u00e1nlat, felm\u00e9r\u00e9s","publisher":{"@id":"http:\/\/www.mechatronik.hu\/#organization"},"potentialAction":[{"@type":"SearchAction","target":{"@type":"EntryPoint","urlTemplate":"http:\/\/www.mechatronik.hu\/?s={search_term_string}"},"query-input":{"@type":"PropertyValueSpecification","valueRequired":true,"valueName":"search_term_string"}}],"inLanguage":"hu"},{"@type":"Organization","@id":"http:\/\/www.mechatronik.hu\/#organization","name":"Mechatronik Automatika Kft.","url":"http:\/\/www.mechatronik.hu\/","logo":{"@type":"ImageObject","inLanguage":"hu","@id":"http:\/\/www.mechatronik.hu\/#\/schema\/logo\/image\/","url":"http:\/\/www.mechatronik.hu\/wp-content\/uploads\/MECHLOGO.png","contentUrl":"http:\/\/www.mechatronik.hu\/wp-content\/uploads\/MECHLOGO.png","width":84,"height":78,"caption":"Mechatronik Automatika Kft."},"image":{"@id":"http:\/\/www.mechatronik.hu\/#\/schema\/logo\/image\/"}}]}},"_links":{"self":[{"href":"http:\/\/www.mechatronik.hu\/index.php\/wp-json\/wp\/v2\/pages\/224"}],"collection":[{"href":"http:\/\/www.mechatronik.hu\/index.php\/wp-json\/wp\/v2\/pages"}],"about":[{"href":"http:\/\/www.mechatronik.hu\/index.php\/wp-json\/wp\/v2\/types\/page"}],"author":[{"embeddable":true,"href":"http:\/\/www.mechatronik.hu\/index.php\/wp-json\/wp\/v2\/users\/1"}],"replies":[{"embeddable":true,"href":"http:\/\/www.mechatronik.hu\/index.php\/wp-json\/wp\/v2\/comments?post=224"}],"version-history":[{"count":9,"href":"http:\/\/www.mechatronik.hu\/index.php\/wp-json\/wp\/v2\/pages\/224\/revisions"}],"predecessor-version":[{"id":237,"href":"http:\/\/www.mechatronik.hu\/index.php\/wp-json\/wp\/v2\/pages\/224\/revisions\/237"}],"wp:attachment":[{"href":"http:\/\/www.mechatronik.hu\/index.php\/wp-json\/wp\/v2\/media?parent=224"}],"curies":[{"name":"wp","href":"https:\/\/api.w.org\/{rel}","templated":true}]}}