{"id":284,"date":"2016-10-18T06:58:00","date_gmt":"2016-10-18T05:58:00","guid":{"rendered":"http:\/\/www.mechatronik.hu\/?page_id=284"},"modified":"2016-10-25T12:17:36","modified_gmt":"2016-10-25T11:17:36","slug":"womit-konnen-sie-sich-uns-wenden","status":"publish","type":"page","link":"http:\/\/www.mechatronik.hu\/index.php\/de\/womit-konnen-sie-sich-uns-wenden\/","title":{"rendered":"Womit k\u00f6nnen Sie sich an uns wenden?"},"content":{"rendered":"<p style=\"text-align: justify;\">Wenden Sie sich mit ihren Vorstellungen \u00fcber die komplette mechanische Planung, Ausf\u00fchrung und PCL-Steurung industrieller Produktionsanlagen bzw. beim Anspruch auf Sondermaschinenbau an uns.<\/p>\n<p><img loading=\"lazy\" decoding=\"async\" class=\"aligncenter size-full wp-image-160\" src=\"http:\/\/www.mechatronik.hu\/wp-content\/uploads\/mivel-foglalkozunkDE.png\" alt=\"mivel-foglalkozunk01\" width=\"1040\" height=\"269\" \/><\/p>\n<h2><b>Beim Anspruch auf Sondermaschinenbau<\/b><\/h2>\n<p style=\"text-align: justify;\">Nach der genauen Formulierung der Anspr\u00fcche verfertigen und setzen wir die zur Herstellung neuer Produkte n\u00f6tigen Sondereinrichtungen auf Grund der Pl\u00e4ne unserer gut vorbereiteten Mitarbeiter in Betrieb.<\/p>\n<p style=\"text-align: justify;\">Unsere betriebsicheren Zielmaschinen sichern eine L\u00f6sung sowohl f\u00fcr die Herstellung kleiner und gro\u00dfer Serien als auch f\u00fcr die Erzeugung von Posten in verschiedenen im Produktionsplan angef\u00fchrten Mengen.<\/p>\n<p style=\"text-align: justify;\">Wir erg\u00e4nzen die vorhandenen Flie\u00dfb\u00e4nder mit gro\u00dfer Kompetenz, damit erm\u00f6glichen wir die rentable Herstellung von Produkten besserer Qualit\u00e4t und gr\u00f6\u00dferer Quantit\u00e4t.<\/p>\n<p>&nbsp;<\/p>\n<h2><b>Beim Anspruch auf Maschinenumbau<\/b><\/h2>\n<p style=\"text-align: justify;\">Mit unseren Pl\u00e4nen verrichten wir solche \u00c4nderungen an Ihren Anlagen, durch die sie bei Bedarf f\u00fcr die Herstellung neuer Produkten besserer Qualit\u00e4t und gr\u00f6\u00dferer Quantit\u00e4t geeignet werden bzw. auch anderen Kriterien entsprechen (z. B. Arbeitssicherheit).<\/p>\n<p><b>Wir bieten die unterschiedlichsten L\u00f6sungen f\u00fcr Ihre Probleme:<\/b><\/p>\n<ol>\n<li>1. wir modernisieren die Steuerung vorhandener Maschinen<\/li>\n<li>2. wir f\u00fchren an Ihren Anlagen die n\u00f6tigen mechanischen \u00c4nderungen durch<\/li>\n<\/ol>\n<p>&nbsp;<\/p>\n<h2><b>Wenn Ihre Maschinen Reparatur, Erneuerung ben\u00f6tigen<\/b><\/h2>\n<p style=\"text-align: justify;\">Wir verrichten die dem Zustand der Anlagen entsprechenden Reparatur- und Erneuerungarbeiten, die die Produktion sicherer machen, die Produktivit\u00e4t und die Qualit\u00e4t der Produktion steigern. <\/p>\n<p style=\"text-align: justify;\"><b>Au\u00dfer Maschinenbauarbeiten reparieren und erneuern wir die elektrischen Einrichtungen, die den Anlagenbetrieb sichern.<\/b>.<\/p>\n<p>&nbsp;<\/p>\n<h2><b>Wenn die Aufgabe der Maschinenumzug ist <\/b><\/h2>\n<p style=\"text-align: justify;\">Unsere Mitarbeiten f\u00fchren die elektrische und mechanische Zerlegung und den Umzug bzw. die wiederholte Inbetriebnahme der schon vorhandenen Maschinen mit gro\u00dfer Sorgfalt durch.<\/p>\n<p style=\"text-align: justify;\">Mit solchen Aufgaben werden wir in erster Linie anl\u00e4sslich technologischer Umstrukturierungen, nach dem Bau neuer Hallen und Erweiterungen, zur Optimalisierung der Produktion und zur Steigerung der Effizienz beauftragt.<\/p>\n<p>&nbsp;<\/p>\n","protected":false},"excerpt":{"rendered":"<p>Wenden Sie sich mit ihren Vorstellungen \u00fcber die komplette mechanische Planung, Ausf\u00fchrung und PCL-Steurung industrieller Produktionsanlagen bzw. beim Anspruch auf Sondermaschinenbau an uns. Beim Anspruch auf Sondermaschinenbau Nach der genauen [&hellip;]<\/p>\n","protected":false},"author":1,"featured_media":0,"parent":0,"menu_order":0,"comment_status":"closed","ping_status":"open","template":"","meta":{"footnotes":""},"yoast_head":"<!-- This site is optimized with the Yoast SEO plugin v23.4 - https:\/\/yoast.com\/wordpress\/plugins\/seo\/ -->\n<title>Womit k\u00f6nnen Sie sich an uns wenden? - Mechatronik Automatika Kft. - egyedi g\u00e9pgy\u00e1rt\u00e1s, automatiz\u00e1l\u00e1s, vez\u00e9rl\u00e9s fel\u00faj\u00edt\u00e1s, g\u00e9p\u00e9szeti nagyjav\u00edt\u00e1s, \u00e1raj\u00e1nlat, felm\u00e9r\u00e9s<\/title>\n<meta name=\"description\" content=\"Megrendel\u0151ink b\u00e1tran fordulhatnak hozz\u00e1nk ipari termel\u0151 berendez\u00e9sek teljes k\u00f6r\u0171 g\u00e9p\u00e9szeti tervez\u00e9s\u00e9vel, kivitelez\u00e9s\u00e9vel kapcsolatban.\" \/>\n<meta name=\"robots\" content=\"index, follow, max-snippet:-1, max-image-preview:large, max-video-preview:-1\" \/>\n<link rel=\"canonical\" href=\"http:\/\/www.mechatronik.hu\/index.php\/de\/womit-konnen-sie-sich-uns-wenden\/\" \/>\n<meta property=\"og:locale\" content=\"hu_HU\" \/>\n<meta property=\"og:type\" content=\"article\" \/>\n<meta property=\"og:title\" content=\"Womit k\u00f6nnen Sie sich an uns wenden? - Mechatronik Automatika Kft. - egyedi g\u00e9pgy\u00e1rt\u00e1s, automatiz\u00e1l\u00e1s, vez\u00e9rl\u00e9s fel\u00faj\u00edt\u00e1s, g\u00e9p\u00e9szeti nagyjav\u00edt\u00e1s, \u00e1raj\u00e1nlat, felm\u00e9r\u00e9s\" \/>\n<meta property=\"og:description\" content=\"Megrendel\u0151ink b\u00e1tran fordulhatnak hozz\u00e1nk ipari termel\u0151 berendez\u00e9sek teljes k\u00f6r\u0171 g\u00e9p\u00e9szeti tervez\u00e9s\u00e9vel, kivitelez\u00e9s\u00e9vel kapcsolatban.\" \/>\n<meta property=\"og:url\" content=\"http:\/\/www.mechatronik.hu\/index.php\/de\/womit-konnen-sie-sich-uns-wenden\/\" \/>\n<meta property=\"og:site_name\" content=\"Mechatronik Automatika Kft.\" \/>\n<meta property=\"article:modified_time\" content=\"2016-10-25T11:17:36+00:00\" \/>\n<meta property=\"og:image\" content=\"http:\/\/www.mechatronik.hu\/wp-content\/uploads\/mivel-foglalkozunkDE.png\" \/>\n<meta name=\"twitter:card\" content=\"summary_large_image\" \/>\n<meta name=\"twitter:label1\" content=\"Becs\u00fclt olvas\u00e1si id\u0151\" \/>\n\t<meta name=\"twitter:data1\" content=\"2 perc\" \/>\n<script type=\"application\/ld+json\" class=\"yoast-schema-graph\">{\"@context\":\"https:\/\/schema.org\",\"@graph\":[{\"@type\":\"WebPage\",\"@id\":\"http:\/\/www.mechatronik.hu\/index.php\/de\/womit-konnen-sie-sich-uns-wenden\/\",\"url\":\"http:\/\/www.mechatronik.hu\/index.php\/de\/womit-konnen-sie-sich-uns-wenden\/\",\"name\":\"Womit k\u00f6nnen Sie sich an uns wenden? - Mechatronik Automatika Kft. - egyedi g\u00e9pgy\u00e1rt\u00e1s, automatiz\u00e1l\u00e1s, vez\u00e9rl\u00e9s fel\u00faj\u00edt\u00e1s, g\u00e9p\u00e9szeti nagyjav\u00edt\u00e1s, \u00e1raj\u00e1nlat, felm\u00e9r\u00e9s\",\"isPartOf\":{\"@id\":\"http:\/\/www.mechatronik.hu\/#website\"},\"primaryImageOfPage\":{\"@id\":\"http:\/\/www.mechatronik.hu\/index.php\/de\/womit-konnen-sie-sich-uns-wenden\/#primaryimage\"},\"image\":{\"@id\":\"http:\/\/www.mechatronik.hu\/index.php\/de\/womit-konnen-sie-sich-uns-wenden\/#primaryimage\"},\"thumbnailUrl\":\"http:\/\/www.mechatronik.hu\/wp-content\/uploads\/mivel-foglalkozunkDE.png\",\"datePublished\":\"2016-10-18T05:58:00+00:00\",\"dateModified\":\"2016-10-25T11:17:36+00:00\",\"description\":\"Megrendel\u0151ink b\u00e1tran fordulhatnak hozz\u00e1nk ipari termel\u0151 berendez\u00e9sek teljes k\u00f6r\u0171 g\u00e9p\u00e9szeti tervez\u00e9s\u00e9vel, kivitelez\u00e9s\u00e9vel kapcsolatban.\",\"breadcrumb\":{\"@id\":\"http:\/\/www.mechatronik.hu\/index.php\/de\/womit-konnen-sie-sich-uns-wenden\/#breadcrumb\"},\"inLanguage\":\"hu\",\"potentialAction\":[{\"@type\":\"ReadAction\",\"target\":[\"http:\/\/www.mechatronik.hu\/index.php\/de\/womit-konnen-sie-sich-uns-wenden\/\"]}]},{\"@type\":\"ImageObject\",\"inLanguage\":\"hu\",\"@id\":\"http:\/\/www.mechatronik.hu\/index.php\/de\/womit-konnen-sie-sich-uns-wenden\/#primaryimage\",\"url\":\"http:\/\/www.mechatronik.hu\/wp-content\/uploads\/mivel-foglalkozunkDE.png\",\"contentUrl\":\"http:\/\/www.mechatronik.hu\/wp-content\/uploads\/mivel-foglalkozunkDE.png\",\"width\":1040,\"height\":269},{\"@type\":\"BreadcrumbList\",\"@id\":\"http:\/\/www.mechatronik.hu\/index.php\/de\/womit-konnen-sie-sich-uns-wenden\/#breadcrumb\",\"itemListElement\":[{\"@type\":\"ListItem\",\"position\":1,\"name\":\"Home\",\"item\":\"https:\/\/www.mechatronik.hu\/index.php\/de\/mechatronik-automatika-kft\/\"},{\"@type\":\"ListItem\",\"position\":2,\"name\":\"Womit k\u00f6nnen Sie sich an uns wenden?\"}]},{\"@type\":\"WebSite\",\"@id\":\"http:\/\/www.mechatronik.hu\/#website\",\"url\":\"http:\/\/www.mechatronik.hu\/\",\"name\":\"Mechatronik Automatika Kft.\",\"description\":\"Mechatronik Automatika Kft. - egyedi g\u00e9pgy\u00e1rt\u00e1s, ipari automatiz\u00e1l\u00e1s, vez\u00e9rl\u00e9s fel\u00faj\u00edt\u00e1s, g\u00e9p\u00e9szeti nagyjav\u00edt\u00e1s, \u00e1raj\u00e1nlat, felm\u00e9r\u00e9s\",\"publisher\":{\"@id\":\"http:\/\/www.mechatronik.hu\/#organization\"},\"potentialAction\":[{\"@type\":\"SearchAction\",\"target\":{\"@type\":\"EntryPoint\",\"urlTemplate\":\"http:\/\/www.mechatronik.hu\/?s={search_term_string}\"},\"query-input\":{\"@type\":\"PropertyValueSpecification\",\"valueRequired\":true,\"valueName\":\"search_term_string\"}}],\"inLanguage\":\"hu\"},{\"@type\":\"Organization\",\"@id\":\"http:\/\/www.mechatronik.hu\/#organization\",\"name\":\"Mechatronik Automatika Kft.\",\"url\":\"http:\/\/www.mechatronik.hu\/\",\"logo\":{\"@type\":\"ImageObject\",\"inLanguage\":\"hu\",\"@id\":\"http:\/\/www.mechatronik.hu\/#\/schema\/logo\/image\/\",\"url\":\"http:\/\/www.mechatronik.hu\/wp-content\/uploads\/MECHLOGO.png\",\"contentUrl\":\"http:\/\/www.mechatronik.hu\/wp-content\/uploads\/MECHLOGO.png\",\"width\":84,\"height\":78,\"caption\":\"Mechatronik Automatika Kft.\"},\"image\":{\"@id\":\"http:\/\/www.mechatronik.hu\/#\/schema\/logo\/image\/\"}}]}<\/script>\n<!-- \/ Yoast SEO plugin. -->","yoast_head_json":{"title":"Womit k\u00f6nnen Sie sich an uns wenden? - Mechatronik Automatika Kft. - egyedi g\u00e9pgy\u00e1rt\u00e1s, automatiz\u00e1l\u00e1s, vez\u00e9rl\u00e9s fel\u00faj\u00edt\u00e1s, g\u00e9p\u00e9szeti nagyjav\u00edt\u00e1s, \u00e1raj\u00e1nlat, felm\u00e9r\u00e9s","description":"Megrendel\u0151ink b\u00e1tran fordulhatnak hozz\u00e1nk ipari termel\u0151 berendez\u00e9sek teljes k\u00f6r\u0171 g\u00e9p\u00e9szeti tervez\u00e9s\u00e9vel, kivitelez\u00e9s\u00e9vel kapcsolatban.","robots":{"index":"index","follow":"follow","max-snippet":"max-snippet:-1","max-image-preview":"max-image-preview:large","max-video-preview":"max-video-preview:-1"},"canonical":"http:\/\/www.mechatronik.hu\/index.php\/de\/womit-konnen-sie-sich-uns-wenden\/","og_locale":"hu_HU","og_type":"article","og_title":"Womit k\u00f6nnen Sie sich an uns wenden? - Mechatronik Automatika Kft. - egyedi g\u00e9pgy\u00e1rt\u00e1s, automatiz\u00e1l\u00e1s, vez\u00e9rl\u00e9s fel\u00faj\u00edt\u00e1s, g\u00e9p\u00e9szeti nagyjav\u00edt\u00e1s, \u00e1raj\u00e1nlat, felm\u00e9r\u00e9s","og_description":"Megrendel\u0151ink b\u00e1tran fordulhatnak hozz\u00e1nk ipari termel\u0151 berendez\u00e9sek teljes k\u00f6r\u0171 g\u00e9p\u00e9szeti tervez\u00e9s\u00e9vel, kivitelez\u00e9s\u00e9vel kapcsolatban.","og_url":"http:\/\/www.mechatronik.hu\/index.php\/de\/womit-konnen-sie-sich-uns-wenden\/","og_site_name":"Mechatronik Automatika Kft.","article_modified_time":"2016-10-25T11:17:36+00:00","og_image":[{"url":"http:\/\/www.mechatronik.hu\/wp-content\/uploads\/mivel-foglalkozunkDE.png"}],"twitter_card":"summary_large_image","twitter_misc":{"Becs\u00fclt olvas\u00e1si id\u0151":"2 perc"},"schema":{"@context":"https:\/\/schema.org","@graph":[{"@type":"WebPage","@id":"http:\/\/www.mechatronik.hu\/index.php\/de\/womit-konnen-sie-sich-uns-wenden\/","url":"http:\/\/www.mechatronik.hu\/index.php\/de\/womit-konnen-sie-sich-uns-wenden\/","name":"Womit k\u00f6nnen Sie sich an uns wenden? - Mechatronik Automatika Kft. - egyedi g\u00e9pgy\u00e1rt\u00e1s, automatiz\u00e1l\u00e1s, vez\u00e9rl\u00e9s fel\u00faj\u00edt\u00e1s, g\u00e9p\u00e9szeti nagyjav\u00edt\u00e1s, \u00e1raj\u00e1nlat, felm\u00e9r\u00e9s","isPartOf":{"@id":"http:\/\/www.mechatronik.hu\/#website"},"primaryImageOfPage":{"@id":"http:\/\/www.mechatronik.hu\/index.php\/de\/womit-konnen-sie-sich-uns-wenden\/#primaryimage"},"image":{"@id":"http:\/\/www.mechatronik.hu\/index.php\/de\/womit-konnen-sie-sich-uns-wenden\/#primaryimage"},"thumbnailUrl":"http:\/\/www.mechatronik.hu\/wp-content\/uploads\/mivel-foglalkozunkDE.png","datePublished":"2016-10-18T05:58:00+00:00","dateModified":"2016-10-25T11:17:36+00:00","description":"Megrendel\u0151ink b\u00e1tran fordulhatnak hozz\u00e1nk ipari termel\u0151 berendez\u00e9sek teljes k\u00f6r\u0171 g\u00e9p\u00e9szeti tervez\u00e9s\u00e9vel, kivitelez\u00e9s\u00e9vel kapcsolatban.","breadcrumb":{"@id":"http:\/\/www.mechatronik.hu\/index.php\/de\/womit-konnen-sie-sich-uns-wenden\/#breadcrumb"},"inLanguage":"hu","potentialAction":[{"@type":"ReadAction","target":["http:\/\/www.mechatronik.hu\/index.php\/de\/womit-konnen-sie-sich-uns-wenden\/"]}]},{"@type":"ImageObject","inLanguage":"hu","@id":"http:\/\/www.mechatronik.hu\/index.php\/de\/womit-konnen-sie-sich-uns-wenden\/#primaryimage","url":"http:\/\/www.mechatronik.hu\/wp-content\/uploads\/mivel-foglalkozunkDE.png","contentUrl":"http:\/\/www.mechatronik.hu\/wp-content\/uploads\/mivel-foglalkozunkDE.png","width":1040,"height":269},{"@type":"BreadcrumbList","@id":"http:\/\/www.mechatronik.hu\/index.php\/de\/womit-konnen-sie-sich-uns-wenden\/#breadcrumb","itemListElement":[{"@type":"ListItem","position":1,"name":"Home","item":"https:\/\/www.mechatronik.hu\/index.php\/de\/mechatronik-automatika-kft\/"},{"@type":"ListItem","position":2,"name":"Womit k\u00f6nnen Sie sich an uns wenden?"}]},{"@type":"WebSite","@id":"http:\/\/www.mechatronik.hu\/#website","url":"http:\/\/www.mechatronik.hu\/","name":"Mechatronik Automatika Kft.","description":"Mechatronik Automatika Kft. - egyedi g\u00e9pgy\u00e1rt\u00e1s, ipari automatiz\u00e1l\u00e1s, vez\u00e9rl\u00e9s fel\u00faj\u00edt\u00e1s, g\u00e9p\u00e9szeti nagyjav\u00edt\u00e1s, \u00e1raj\u00e1nlat, felm\u00e9r\u00e9s","publisher":{"@id":"http:\/\/www.mechatronik.hu\/#organization"},"potentialAction":[{"@type":"SearchAction","target":{"@type":"EntryPoint","urlTemplate":"http:\/\/www.mechatronik.hu\/?s={search_term_string}"},"query-input":{"@type":"PropertyValueSpecification","valueRequired":true,"valueName":"search_term_string"}}],"inLanguage":"hu"},{"@type":"Organization","@id":"http:\/\/www.mechatronik.hu\/#organization","name":"Mechatronik Automatika Kft.","url":"http:\/\/www.mechatronik.hu\/","logo":{"@type":"ImageObject","inLanguage":"hu","@id":"http:\/\/www.mechatronik.hu\/#\/schema\/logo\/image\/","url":"http:\/\/www.mechatronik.hu\/wp-content\/uploads\/MECHLOGO.png","contentUrl":"http:\/\/www.mechatronik.hu\/wp-content\/uploads\/MECHLOGO.png","width":84,"height":78,"caption":"Mechatronik Automatika Kft."},"image":{"@id":"http:\/\/www.mechatronik.hu\/#\/schema\/logo\/image\/"}}]}},"_links":{"self":[{"href":"http:\/\/www.mechatronik.hu\/index.php\/wp-json\/wp\/v2\/pages\/284"}],"collection":[{"href":"http:\/\/www.mechatronik.hu\/index.php\/wp-json\/wp\/v2\/pages"}],"about":[{"href":"http:\/\/www.mechatronik.hu\/index.php\/wp-json\/wp\/v2\/types\/page"}],"author":[{"embeddable":true,"href":"http:\/\/www.mechatronik.hu\/index.php\/wp-json\/wp\/v2\/users\/1"}],"replies":[{"embeddable":true,"href":"http:\/\/www.mechatronik.hu\/index.php\/wp-json\/wp\/v2\/comments?post=284"}],"version-history":[{"count":4,"href":"http:\/\/www.mechatronik.hu\/index.php\/wp-json\/wp\/v2\/pages\/284\/revisions"}],"predecessor-version":[{"id":333,"href":"http:\/\/www.mechatronik.hu\/index.php\/wp-json\/wp\/v2\/pages\/284\/revisions\/333"}],"wp:attachment":[{"href":"http:\/\/www.mechatronik.hu\/index.php\/wp-json\/wp\/v2\/media?parent=284"}],"curies":[{"name":"wp","href":"https:\/\/api.w.org\/{rel}","templated":true}]}}