{"id":288,"date":"2016-10-18T07:01:32","date_gmt":"2016-10-18T06:01:32","guid":{"rendered":"http:\/\/www.mechatronik.hu\/?page_id=288"},"modified":"2016-10-25T12:39:54","modified_gmt":"2016-10-25T11:39:54","slug":"warum-die-mechatronik-automatika","status":"publish","type":"page","link":"http:\/\/www.mechatronik.hu\/index.php\/de\/warum-die-mechatronik-automatika\/","title":{"rendered":"Warum die Mechatronik Automatika?"},"content":{"rendered":"<p style=\"text-align: justify;\">Die Mehrheit unserer hochqualifizierten Belegschaft arbeitet schon seit mehr als 14 Jahren im Bereich des Maschinenbaues, der Reparatur, der Installierung und der Wartung, deshalb werden die Projekte in den meisten F\u00e4llen schnell, mit kurzer Umlaufzeit fertig.<\/p>\n<p><strong>Unsere Haupteinzigartigkeit ist, dass<\/strong><\/p>\n<ul style=\"list-style-type: square;\">\n<li style=\"text-align: justify;\">\n<h4>wir sowohl die mechanische als auch die elektrische Planung und Ausf\u00fchrung der Projekte mit der kontinuierlichen Koordination der beiden Gebiete verrichten, denn unser Motto ist: <strong>Alle Teile des Projekts in einer Hand!<\/strong><\/h4>\n<\/li>\n<\/ul>\n<p>&nbsp;<\/p>\n<p><img loading=\"lazy\" decoding=\"async\" class=\"aligncenter size-full wp-image-154\" src=\"http:\/\/www.mechatronik.hu\/wp-content\/uploads\/egy-k\u00e9zbenDE.png\" alt=\"egy-k\u00e9zben\" width=\"1040\" height=\"458\" \/><\/p>\n<p>&nbsp;<\/p>\n<p>&nbsp;<\/p>\n<p>&nbsp;<\/p>\n<ul style=\"list-style-type: square;\">\n<li style=\"text-align: justify;\">\n<h4>\u201eKein Mann zur\u00fcckgelassen&#8230;\u201d <b>&#8211; <\/b><b>Alle Projekt <\/b><b>vollendet<\/b><\/h4>\n<\/li>\n<\/ul>\n<p style=\"text-align: center;\"><strong>Alle Projekt mit effektiv Endresultat!<\/strong><\/p>\n<p><img loading=\"lazy\" decoding=\"async\" class=\"aligncenter size-full wp-image-155\" src=\"http:\/\/www.mechatronik.hu\/wp-content\/uploads\/el\u00e9gedettDE.png\" alt=\"el\u00e9gedett\" width=\"1040\" height=\"420\" \/><\/p>\n<p>&nbsp;<\/p>\n<p>&nbsp;<\/p>\n<p>&nbsp;<\/p>\n<ul style=\"list-style-type: square;\">\n<li>\n<h4>Ein gro\u00dfer Prozentsatz unserer Kunden suchen wir f\u00fcr wieder Projekt <b>&#8211; mehr als 90 Prozent<\/b><\/h4>\n<\/li>\n<\/ul>\n<p>&nbsp;<\/p>\n<p><img loading=\"lazy\" decoding=\"async\" class=\"aligncenter size-full wp-image-163\" src=\"http:\/\/www.mechatronik.hu\/wp-content\/uploads\/92.png\" alt=\"92\" width=\"617\" height=\"355\" srcset=\"http:\/\/www.mechatronik.hu\/wp-content\/uploads\/92.png 617w, http:\/\/www.mechatronik.hu\/wp-content\/uploads\/92-300x173.png 300w\" sizes=\"(max-width: 617px) 100vw, 617px\" \/><\/p>\n<p>&nbsp;<\/p>\n<p>&nbsp;<\/p>\n<ul style=\"list-style-type: square;\">\n<li>\n<h4>Wir arbeiten mit hochwertige Komponenten mit die maximale professionelle Unterst\u00fctzung unserer Lieferanten<b>&#8211; <\/b><b>stabilen und zuverl\u00e4ssigen Betrieb<\/b><\/h4>\n<\/li>\n<\/ul>\n<p>&nbsp;<\/p>\n<p><img loading=\"lazy\" decoding=\"async\" class=\"aligncenter size-full wp-image-159\" src=\"http:\/\/www.mechatronik.hu\/wp-content\/uploads\/aramkorDE.png\" alt=\"min\u0151s\u00e9gi\" width=\"1013\" height=\"395\" \/><\/p>\n<p>&nbsp;<\/p>\n<p>&nbsp;<\/p>\n<h5><b>Hauptzulieferer:<\/b> Siemens, Phoenix Contact, Schneider Electric, Balluff<\/h5>\n<p>&nbsp;<\/p>\n<p><img loading=\"lazy\" decoding=\"async\" class=\"aligncenter size-full wp-image-158\" src=\"http:\/\/www.mechatronik.hu\/wp-content\/uploads\/besz\u00e1ll\u00edt\u00f3k.png\" alt=\"besz\u00e1ll\u00edt\u00f3k\" width=\"1879\" height=\"173\" srcset=\"http:\/\/www.mechatronik.hu\/wp-content\/uploads\/besz\u00e1ll\u00edt\u00f3k.png 1879w, http:\/\/www.mechatronik.hu\/wp-content\/uploads\/besz\u00e1ll\u00edt\u00f3k-300x28.png 300w, http:\/\/www.mechatronik.hu\/wp-content\/uploads\/besz\u00e1ll\u00edt\u00f3k-768x71.png 768w, http:\/\/www.mechatronik.hu\/wp-content\/uploads\/besz\u00e1ll\u00edt\u00f3k-1024x94.png 1024w\" sizes=\"(max-width: 1879px) 100vw, 1879px\" \/><\/p>\n","protected":false},"excerpt":{"rendered":"<p>Die Mehrheit unserer hochqualifizierten Belegschaft arbeitet schon seit mehr als 14 Jahren im Bereich des Maschinenbaues, der Reparatur, der Installierung und der Wartung, deshalb werden die Projekte in den meisten [&hellip;]<\/p>\n","protected":false},"author":1,"featured_media":0,"parent":0,"menu_order":0,"comment_status":"closed","ping_status":"closed","template":"","meta":{"footnotes":""},"yoast_head":"<!-- This site is optimized with the Yoast SEO plugin v23.4 - https:\/\/yoast.com\/wordpress\/plugins\/seo\/ -->\n<title>Warum die Mechatronik Automatika? - Mechatronik Automatika Kft. - egyedi g\u00e9pgy\u00e1rt\u00e1s, automatiz\u00e1l\u00e1s, vez\u00e9rl\u00e9s fel\u00faj\u00edt\u00e1s, g\u00e9p\u00e9szeti nagyjav\u00edt\u00e1s, \u00e1raj\u00e1nlat, felm\u00e9r\u00e9s<\/title>\n<meta name=\"description\" content=\"G\u00e9p\u00e9szeti \u00e9s villamos oldalr\u00f3l egy k\u00e9zben tudjuk \u00f6sszehangoltan megval\u00f3s\u00edtani a projekteket.A tervez\u00e9st\u0151l a megval\u00f3s\u00edt\u00e1sig a k\u00e9t ter\u00fclet egy\u00fctt m\u0171k\u00f6dik.\" \/>\n<meta name=\"robots\" content=\"index, follow, max-snippet:-1, max-image-preview:large, max-video-preview:-1\" \/>\n<link rel=\"canonical\" href=\"http:\/\/www.mechatronik.hu\/index.php\/de\/warum-die-mechatronik-automatika\/\" \/>\n<meta property=\"og:locale\" content=\"hu_HU\" \/>\n<meta property=\"og:type\" content=\"article\" \/>\n<meta property=\"og:title\" content=\"Warum die Mechatronik Automatika? - Mechatronik Automatika Kft. - egyedi g\u00e9pgy\u00e1rt\u00e1s, automatiz\u00e1l\u00e1s, vez\u00e9rl\u00e9s fel\u00faj\u00edt\u00e1s, g\u00e9p\u00e9szeti nagyjav\u00edt\u00e1s, \u00e1raj\u00e1nlat, felm\u00e9r\u00e9s\" \/>\n<meta property=\"og:description\" content=\"G\u00e9p\u00e9szeti \u00e9s villamos oldalr\u00f3l egy k\u00e9zben tudjuk \u00f6sszehangoltan megval\u00f3s\u00edtani a projekteket.A tervez\u00e9st\u0151l a megval\u00f3s\u00edt\u00e1sig a k\u00e9t ter\u00fclet egy\u00fctt m\u0171k\u00f6dik.\" \/>\n<meta property=\"og:url\" content=\"http:\/\/www.mechatronik.hu\/index.php\/de\/warum-die-mechatronik-automatika\/\" \/>\n<meta property=\"og:site_name\" content=\"Mechatronik Automatika Kft.\" \/>\n<meta property=\"article:modified_time\" content=\"2016-10-25T11:39:54+00:00\" \/>\n<meta property=\"og:image\" content=\"http:\/\/www.mechatronik.hu\/wp-content\/uploads\/92.png\" \/>\n<meta name=\"twitter:card\" content=\"summary_large_image\" \/>\n<meta name=\"twitter:label1\" content=\"Becs\u00fclt olvas\u00e1si id\u0151\" \/>\n\t<meta name=\"twitter:data1\" content=\"1 perc\" \/>\n<script type=\"application\/ld+json\" class=\"yoast-schema-graph\">{\"@context\":\"https:\/\/schema.org\",\"@graph\":[{\"@type\":\"WebPage\",\"@id\":\"http:\/\/www.mechatronik.hu\/index.php\/de\/warum-die-mechatronik-automatika\/\",\"url\":\"http:\/\/www.mechatronik.hu\/index.php\/de\/warum-die-mechatronik-automatika\/\",\"name\":\"Warum die Mechatronik Automatika? - Mechatronik Automatika Kft. - egyedi g\u00e9pgy\u00e1rt\u00e1s, automatiz\u00e1l\u00e1s, vez\u00e9rl\u00e9s fel\u00faj\u00edt\u00e1s, g\u00e9p\u00e9szeti nagyjav\u00edt\u00e1s, \u00e1raj\u00e1nlat, felm\u00e9r\u00e9s\",\"isPartOf\":{\"@id\":\"http:\/\/www.mechatronik.hu\/#website\"},\"primaryImageOfPage\":{\"@id\":\"http:\/\/www.mechatronik.hu\/index.php\/de\/warum-die-mechatronik-automatika\/#primaryimage\"},\"image\":{\"@id\":\"http:\/\/www.mechatronik.hu\/index.php\/de\/warum-die-mechatronik-automatika\/#primaryimage\"},\"thumbnailUrl\":\"http:\/\/www.mechatronik.hu\/wp-content\/uploads\/92.png\",\"datePublished\":\"2016-10-18T06:01:32+00:00\",\"dateModified\":\"2016-10-25T11:39:54+00:00\",\"description\":\"G\u00e9p\u00e9szeti \u00e9s villamos oldalr\u00f3l egy k\u00e9zben tudjuk \u00f6sszehangoltan megval\u00f3s\u00edtani a projekteket.A tervez\u00e9st\u0151l a megval\u00f3s\u00edt\u00e1sig a k\u00e9t ter\u00fclet egy\u00fctt m\u0171k\u00f6dik.\",\"breadcrumb\":{\"@id\":\"http:\/\/www.mechatronik.hu\/index.php\/de\/warum-die-mechatronik-automatika\/#breadcrumb\"},\"inLanguage\":\"hu\",\"potentialAction\":[{\"@type\":\"ReadAction\",\"target\":[\"http:\/\/www.mechatronik.hu\/index.php\/de\/warum-die-mechatronik-automatika\/\"]}]},{\"@type\":\"ImageObject\",\"inLanguage\":\"hu\",\"@id\":\"http:\/\/www.mechatronik.hu\/index.php\/de\/warum-die-mechatronik-automatika\/#primaryimage\",\"url\":\"http:\/\/www.mechatronik.hu\/wp-content\/uploads\/92.png\",\"contentUrl\":\"http:\/\/www.mechatronik.hu\/wp-content\/uploads\/92.png\",\"width\":617,\"height\":355},{\"@type\":\"BreadcrumbList\",\"@id\":\"http:\/\/www.mechatronik.hu\/index.php\/de\/warum-die-mechatronik-automatika\/#breadcrumb\",\"itemListElement\":[{\"@type\":\"ListItem\",\"position\":1,\"name\":\"Home\",\"item\":\"https:\/\/www.mechatronik.hu\/index.php\/de\/mechatronik-automatika-kft\/\"},{\"@type\":\"ListItem\",\"position\":2,\"name\":\"Warum die Mechatronik Automatika?\"}]},{\"@type\":\"WebSite\",\"@id\":\"http:\/\/www.mechatronik.hu\/#website\",\"url\":\"http:\/\/www.mechatronik.hu\/\",\"name\":\"Mechatronik Automatika Kft.\",\"description\":\"Mechatronik Automatika Kft. - egyedi g\u00e9pgy\u00e1rt\u00e1s, ipari automatiz\u00e1l\u00e1s, vez\u00e9rl\u00e9s fel\u00faj\u00edt\u00e1s, g\u00e9p\u00e9szeti nagyjav\u00edt\u00e1s, \u00e1raj\u00e1nlat, felm\u00e9r\u00e9s\",\"publisher\":{\"@id\":\"http:\/\/www.mechatronik.hu\/#organization\"},\"potentialAction\":[{\"@type\":\"SearchAction\",\"target\":{\"@type\":\"EntryPoint\",\"urlTemplate\":\"http:\/\/www.mechatronik.hu\/?s={search_term_string}\"},\"query-input\":{\"@type\":\"PropertyValueSpecification\",\"valueRequired\":true,\"valueName\":\"search_term_string\"}}],\"inLanguage\":\"hu\"},{\"@type\":\"Organization\",\"@id\":\"http:\/\/www.mechatronik.hu\/#organization\",\"name\":\"Mechatronik Automatika Kft.\",\"url\":\"http:\/\/www.mechatronik.hu\/\",\"logo\":{\"@type\":\"ImageObject\",\"inLanguage\":\"hu\",\"@id\":\"http:\/\/www.mechatronik.hu\/#\/schema\/logo\/image\/\",\"url\":\"http:\/\/www.mechatronik.hu\/wp-content\/uploads\/MECHLOGO.png\",\"contentUrl\":\"http:\/\/www.mechatronik.hu\/wp-content\/uploads\/MECHLOGO.png\",\"width\":84,\"height\":78,\"caption\":\"Mechatronik Automatika Kft.\"},\"image\":{\"@id\":\"http:\/\/www.mechatronik.hu\/#\/schema\/logo\/image\/\"}}]}<\/script>\n<!-- \/ Yoast SEO plugin. -->","yoast_head_json":{"title":"Warum die Mechatronik Automatika? - Mechatronik Automatika Kft. - egyedi g\u00e9pgy\u00e1rt\u00e1s, automatiz\u00e1l\u00e1s, vez\u00e9rl\u00e9s fel\u00faj\u00edt\u00e1s, g\u00e9p\u00e9szeti nagyjav\u00edt\u00e1s, \u00e1raj\u00e1nlat, felm\u00e9r\u00e9s","description":"G\u00e9p\u00e9szeti \u00e9s villamos oldalr\u00f3l egy k\u00e9zben tudjuk \u00f6sszehangoltan megval\u00f3s\u00edtani a projekteket.A tervez\u00e9st\u0151l a megval\u00f3s\u00edt\u00e1sig a k\u00e9t ter\u00fclet egy\u00fctt m\u0171k\u00f6dik.","robots":{"index":"index","follow":"follow","max-snippet":"max-snippet:-1","max-image-preview":"max-image-preview:large","max-video-preview":"max-video-preview:-1"},"canonical":"http:\/\/www.mechatronik.hu\/index.php\/de\/warum-die-mechatronik-automatika\/","og_locale":"hu_HU","og_type":"article","og_title":"Warum die Mechatronik Automatika? - Mechatronik Automatika Kft. - egyedi g\u00e9pgy\u00e1rt\u00e1s, automatiz\u00e1l\u00e1s, vez\u00e9rl\u00e9s fel\u00faj\u00edt\u00e1s, g\u00e9p\u00e9szeti nagyjav\u00edt\u00e1s, \u00e1raj\u00e1nlat, felm\u00e9r\u00e9s","og_description":"G\u00e9p\u00e9szeti \u00e9s villamos oldalr\u00f3l egy k\u00e9zben tudjuk \u00f6sszehangoltan megval\u00f3s\u00edtani a projekteket.A tervez\u00e9st\u0151l a megval\u00f3s\u00edt\u00e1sig a k\u00e9t ter\u00fclet egy\u00fctt m\u0171k\u00f6dik.","og_url":"http:\/\/www.mechatronik.hu\/index.php\/de\/warum-die-mechatronik-automatika\/","og_site_name":"Mechatronik Automatika Kft.","article_modified_time":"2016-10-25T11:39:54+00:00","og_image":[{"url":"http:\/\/www.mechatronik.hu\/wp-content\/uploads\/92.png"}],"twitter_card":"summary_large_image","twitter_misc":{"Becs\u00fclt olvas\u00e1si id\u0151":"1 perc"},"schema":{"@context":"https:\/\/schema.org","@graph":[{"@type":"WebPage","@id":"http:\/\/www.mechatronik.hu\/index.php\/de\/warum-die-mechatronik-automatika\/","url":"http:\/\/www.mechatronik.hu\/index.php\/de\/warum-die-mechatronik-automatika\/","name":"Warum die Mechatronik Automatika? - Mechatronik Automatika Kft. - egyedi g\u00e9pgy\u00e1rt\u00e1s, automatiz\u00e1l\u00e1s, vez\u00e9rl\u00e9s fel\u00faj\u00edt\u00e1s, g\u00e9p\u00e9szeti nagyjav\u00edt\u00e1s, \u00e1raj\u00e1nlat, felm\u00e9r\u00e9s","isPartOf":{"@id":"http:\/\/www.mechatronik.hu\/#website"},"primaryImageOfPage":{"@id":"http:\/\/www.mechatronik.hu\/index.php\/de\/warum-die-mechatronik-automatika\/#primaryimage"},"image":{"@id":"http:\/\/www.mechatronik.hu\/index.php\/de\/warum-die-mechatronik-automatika\/#primaryimage"},"thumbnailUrl":"http:\/\/www.mechatronik.hu\/wp-content\/uploads\/92.png","datePublished":"2016-10-18T06:01:32+00:00","dateModified":"2016-10-25T11:39:54+00:00","description":"G\u00e9p\u00e9szeti \u00e9s villamos oldalr\u00f3l egy k\u00e9zben tudjuk \u00f6sszehangoltan megval\u00f3s\u00edtani a projekteket.A tervez\u00e9st\u0151l a megval\u00f3s\u00edt\u00e1sig a k\u00e9t ter\u00fclet egy\u00fctt m\u0171k\u00f6dik.","breadcrumb":{"@id":"http:\/\/www.mechatronik.hu\/index.php\/de\/warum-die-mechatronik-automatika\/#breadcrumb"},"inLanguage":"hu","potentialAction":[{"@type":"ReadAction","target":["http:\/\/www.mechatronik.hu\/index.php\/de\/warum-die-mechatronik-automatika\/"]}]},{"@type":"ImageObject","inLanguage":"hu","@id":"http:\/\/www.mechatronik.hu\/index.php\/de\/warum-die-mechatronik-automatika\/#primaryimage","url":"http:\/\/www.mechatronik.hu\/wp-content\/uploads\/92.png","contentUrl":"http:\/\/www.mechatronik.hu\/wp-content\/uploads\/92.png","width":617,"height":355},{"@type":"BreadcrumbList","@id":"http:\/\/www.mechatronik.hu\/index.php\/de\/warum-die-mechatronik-automatika\/#breadcrumb","itemListElement":[{"@type":"ListItem","position":1,"name":"Home","item":"https:\/\/www.mechatronik.hu\/index.php\/de\/mechatronik-automatika-kft\/"},{"@type":"ListItem","position":2,"name":"Warum die Mechatronik Automatika?"}]},{"@type":"WebSite","@id":"http:\/\/www.mechatronik.hu\/#website","url":"http:\/\/www.mechatronik.hu\/","name":"Mechatronik Automatika Kft.","description":"Mechatronik Automatika Kft. - egyedi g\u00e9pgy\u00e1rt\u00e1s, ipari automatiz\u00e1l\u00e1s, vez\u00e9rl\u00e9s fel\u00faj\u00edt\u00e1s, g\u00e9p\u00e9szeti nagyjav\u00edt\u00e1s, \u00e1raj\u00e1nlat, felm\u00e9r\u00e9s","publisher":{"@id":"http:\/\/www.mechatronik.hu\/#organization"},"potentialAction":[{"@type":"SearchAction","target":{"@type":"EntryPoint","urlTemplate":"http:\/\/www.mechatronik.hu\/?s={search_term_string}"},"query-input":{"@type":"PropertyValueSpecification","valueRequired":true,"valueName":"search_term_string"}}],"inLanguage":"hu"},{"@type":"Organization","@id":"http:\/\/www.mechatronik.hu\/#organization","name":"Mechatronik Automatika Kft.","url":"http:\/\/www.mechatronik.hu\/","logo":{"@type":"ImageObject","inLanguage":"hu","@id":"http:\/\/www.mechatronik.hu\/#\/schema\/logo\/image\/","url":"http:\/\/www.mechatronik.hu\/wp-content\/uploads\/MECHLOGO.png","contentUrl":"http:\/\/www.mechatronik.hu\/wp-content\/uploads\/MECHLOGO.png","width":84,"height":78,"caption":"Mechatronik Automatika Kft."},"image":{"@id":"http:\/\/www.mechatronik.hu\/#\/schema\/logo\/image\/"}}]}},"_links":{"self":[{"href":"http:\/\/www.mechatronik.hu\/index.php\/wp-json\/wp\/v2\/pages\/288"}],"collection":[{"href":"http:\/\/www.mechatronik.hu\/index.php\/wp-json\/wp\/v2\/pages"}],"about":[{"href":"http:\/\/www.mechatronik.hu\/index.php\/wp-json\/wp\/v2\/types\/page"}],"author":[{"embeddable":true,"href":"http:\/\/www.mechatronik.hu\/index.php\/wp-json\/wp\/v2\/users\/1"}],"replies":[{"embeddable":true,"href":"http:\/\/www.mechatronik.hu\/index.php\/wp-json\/wp\/v2\/comments?post=288"}],"version-history":[{"count":8,"href":"http:\/\/www.mechatronik.hu\/index.php\/wp-json\/wp\/v2\/pages\/288\/revisions"}],"predecessor-version":[{"id":336,"href":"http:\/\/www.mechatronik.hu\/index.php\/wp-json\/wp\/v2\/pages\/288\/revisions\/336"}],"wp:attachment":[{"href":"http:\/\/www.mechatronik.hu\/index.php\/wp-json\/wp\/v2\/media?parent=288"}],"curies":[{"name":"wp","href":"https:\/\/api.w.org\/{rel}","templated":true}]}}