{"id":340,"date":"2016-11-02T08:44:18","date_gmt":"2016-11-02T07:44:18","guid":{"rendered":"http:\/\/www.mechatronik.hu\/?page_id=340"},"modified":"2019-07-30T18:48:30","modified_gmt":"2019-07-30T17:48:30","slug":"szellozo-sztreccsfolia-fejlesztese","status":"publish","type":"page","link":"http:\/\/www.mechatronik.hu\/index.php\/hu\/szellozo-sztreccsfolia-fejlesztese\/","title":{"rendered":"Szell\u0151z\u0151 sztreccsf\u00f3lia fejleszt\u00e9se"},"content":{"rendered":"<div style=\"background: #ffffff; padding: 20px;\">\n<p><img loading=\"lazy\" decoding=\"async\" class=\" wp-image-226 alignright\" src=\"http:\/\/www.mechatronik.hu\/wp-content\/uploads\/infoblokk_kedv_final_felso_cmyk_ERFA.jpg\" alt=\"infoblokk_kedv_final_felso_cmyk_ERFA\" width=\"419\" height=\"290\" \/><\/p>\n<p>&nbsp;<\/p>\n<p>&nbsp;<\/p>\n<p><strong>2016 \/ 10\/ 07<\/strong><br \/>\n<strong>RotaPack Csomagol\u00e1stechnikai Z\u00e1rtk\u00f6r\u0171en m\u0171k\u00f6d\u0151 R\u00e9szv\u00e9nyt\u00e1rsas\u00e1g<\/strong><br \/>\n<strong>Mechatronik Automatika Szolg\u00e1ltat\u00f3 \u00e9s Kereskedelmi Korl\u00e1tolt felel\u0151ss\u00e9g\u0171 T\u00e1rsas\u00e1g<\/strong><\/p>\n<p>&nbsp;<\/p>\n<h3><span style=\"color: #244bae;\"><strong>SAJT\u00d3K\u00d6ZLEM\u00c9NY<\/strong><\/span><\/h3>\n<div style=\"background: #ffffff; padding: 20px;\">\n<p><strong><span style=\"color: #000000;\">Szell\u0151z\u0151 sztreccsf\u00f3lia fejleszt\u00e9se a RotaPack Zrt.-n\u00e9l \u00e9s a kapcsol\u00f3d\u00f3 gy\u00e1rt\u00e1stechnol\u00f3gia kialak\u00edt\u00e1sa a Mechatronik Automatika Kft-vel.<\/span><\/strong><\/p>\n<div style=\"text-align: justify;\">\n<p><strong>A Gazdas\u00e1gfejleszt\u00e9si \u00e9s Innov\u00e1ci\u00f3s Operat\u00edv Program \u201eV\u00e1llalatok K+F+I tev\u00e9kenys\u00e9g\u00e9nek t\u00e1mogat\u00e1sa\u201d t\u00e1rgy\u00fa felh\u00edv\u00e1s keret\u00e9ben<\/strong><strong> \u201eSzell\u0151z\u0151 sztreccsf\u00f3lia fejleszt\u00e9se a RotaPack Zrt.-n\u00e9l \u00e9s a kapcsol\u00f3d\u00f3 gy\u00e1rt\u00e1stechnol\u00f3gia kialak\u00edt\u00e1sa a Mechatronik Automatika Kft-vel\u201d c\u00edmmel konzorciumi egy\u00fcttm\u0171k\u00f6d\u00e9ssel fog megval\u00f3sulni p\u00e1ly\u00e1zat a Sz\u00e9chenyi 2020 program keret\u00e9ben 372,99\u00a0 milli\u00f3 forint vissza nem t\u00e9r\u00edtend\u0151 eur\u00f3pai uni\u00f3s t\u00e1mogat\u00e1s seg\u00edts\u00e9g\u00e9vel.<\/strong><\/p>\n<p>A projekt megval\u00f3s\u00edt\u00e1sa sor\u00e1n a ROTAPACK ZRT., mint konzorciumi vezet\u0151 \u00e9s a MECHATRONIK AUTOMATIKA KFT., mint konzorciumi partner k\u00f6z\u00f6sen kifejleszti az \u00faj l\u00e9legz\u0151 f\u00f3li\u00e1t \u00e9s az el\u0151\u00e1ll\u00edt\u00e1s\u00e1hoz sz\u00fcks\u00e9ges \u00faj gy\u00e1rt\u00e1stechnol\u00f3gi\u00e1t. F\u00f3liany\u00fajt\u00f3 berendez\u00e9shez perfor\u00e1l\u00f3 berendez\u00e9s kifejleszt\u00e9se, protot\u00edpus gy\u00e1rt\u00e1sa. A k\u00eds\u00e9rletek alapj\u00e1n automatikus m\u0171k\u00f6d\u00e9s\u0171 perfor\u00e1l\u00f3 berendez\u00e9s kifejleszt\u00e9se val\u00f3sul meg, amellyel elv\u00e9gezhet\u0151ek a sokoldal\u00fa perfor\u00e1l\u00e1si k\u00eds\u00e9rletek \u00e9s amelynek protot\u00edpus\u00e1val sokf\u00e9le makroperfor\u00e1lt ny\u00fajthat\u00f3 csomagol\u00f3f\u00f3lia term\u00e9kcsal\u00e1d lesz gy\u00e1rthat\u00f3 a\u00a0 f\u00f3liany\u00fajt\u00f3\/tekercsel\u0151 g\u00e9pen. A fejleszt\u00e9si folyamat v\u00e9g\u00e9n l\u00e9trej\u00f6n a perfor\u00e1l\u00f3 berendez\u00e9s protot\u00edpusa, amely h\u00e1rom f\u00f3liaperfor\u00e1l\u00e1si alkalmaz\u00e1st tesz el\u00e9rhet\u0151v\u00e9. A protot\u00edpus fejleszt\u00e9se sor\u00e1n k\u00eds\u00e9rleti \u00faton ker\u00fclnek meghat\u00e1roz\u00e1sra a perfor\u00e1l\u00f3 szersz\u00e1mok anyagmin\u0151s\u00e9ge \u00e9s alakja, m\u0171k\u00f6dtet\u00e9s\u00fck m\u00f3dja, elrendez\u00e9s\u00fck kialak\u00edt\u00e1sa. Gy\u00e1rt\u00e1sk\u00f6zi sz\u00e9l-hullad\u00e9k visszat\u00e1pl\u00e1l\u00f3 berendez\u00e9s kifejleszt\u00e9se, protot\u00edpus gy\u00e1rt\u00e1sa. Kifejleszt\u00e9sre ker\u00fcl egy automatikus m\u0171k\u00f6d\u00e9s\u0171 visszaadagol\u00f3 berendez\u00e9s \u00e9s elk\u00e9sz\u00fcl ennek a protot\u00edpusa is. A protot\u00edpus berendez\u00e9s g\u00e9p\u00e9szeti megold\u00e1sai, mechanikai kivitele \u00e9s elektronikus vez\u00e9rl\u00e9se is megval\u00f3s\u00edt\u00e1sra ker\u00fcl.<\/p>\n<p>A projektr\u0151l b\u0151vebb inform\u00e1ci\u00f3t a www.rotapack.hu \u00e9s a www.mechatronik.hu oldalakon olvashatnak.<\/p>\n<\/div>\n<p>Tov\u00e1bbi inform\u00e1ci\u00f3 k\u00e9rhet\u0151:<br \/>\nN\u00e9meth Katalin Helga, controlling igazgat\u00f3<br \/>\ncontrolling@rotapack.hu<\/p>\n<p>&nbsp;<\/p>\n<p>&nbsp;<\/p>\n<p><strong>2018 \/ 09\/ 30<\/strong><\/p>\n<p><strong> RotaPack Csomagol\u00e1stechnikai Z\u00e1rtk\u00f6r\u0171en m\u0171k\u00f6d\u0151 R\u00e9szv\u00e9nyt\u00e1rsas\u00e1g<\/strong><br \/>\n<strong> Mechatronik Automatika Szolg\u00e1ltat\u00f3 \u00e9s Kereskedelmi Korl\u00e1tolt felel\u0151ss\u00e9g\u0171 T\u00e1rsas\u00e1g<\/strong><\/p>\n<h3><span style=\"color: #333399;\">SAJT\u00d3K\u00d6ZLEM\u00c9NY<\/span><\/h3>\n<p><strong>Szell\u0151z\u0151 sztreccsf\u00f3lia fejleszt\u00e9se a RotaPackZrt.-n\u00e9l \u00e9s a kapcsol\u00f3d\u00f3 gy\u00e1rt\u00e1stechnol\u00f3gia kialak\u00edt\u00e1sa a Mechatronik Automatika Kft-vel.<\/strong><\/p>\n<p><strong> A Gazdas\u00e1gfejleszt\u00e9si \u00e9s Innov\u00e1ci\u00f3s Operat\u00edv Program \u201eV\u00e1llalatok K+F+I tev\u00e9kenys\u00e9g\u00e9nek t\u00e1mogat\u00e1sa\u201d t\u00e1rgy\u00fa felh\u00edv\u00e1s keret\u00e9ben \u201eSzell\u0151z\u0151 sztreccsf\u00f3lia fejleszt\u00e9se a RotaPackZrt.-n\u00e9l \u00e9s a kapcsol\u00f3d\u00f3 gy\u00e1rt\u00e1stechnol\u00f3gia kialak\u00edt\u00e1sa a Mechatronik Automatika Kft-vel\u201d c\u00edmmel konzorciumi egy\u00fcttm\u0171k\u00f6d\u00e9ssel val\u00f3sult meg a p\u00e1ly\u00e1zat a Sz\u00e9chenyi 2020 program keret\u00e9ben 372,9 milli\u00f3 forint eur\u00f3pai uni\u00f3s t\u00e1mogat\u00e1s seg\u00edts\u00e9g\u00e9vel.<\/strong><br \/>\nA projekt megval\u00f3s\u00edt\u00e1sa sor\u00e1n a ROTAPACK ZRT., mint konzorciumi vezet\u0151 \u00e9s a MECHATRONIK AUTOMATIKA KFT., mint konzorciumi partner k\u00f6z\u00f6sen fejlesztette ki az \u00faj l\u00e9legz\u0151 f\u00f3li\u00e1t \u00e9s az el\u0151\u00e1ll\u00edt\u00e1s\u00e1hoz sz\u00fcks\u00e9ges \u00faj gy\u00e1rt\u00e1stechnol\u00f3gi\u00e1t. F\u00f3liany\u00fajt\u00f3 berendez\u00e9shez perfor\u00e1l\u00f3 berendez\u00e9s kifejleszt\u00e9se, protot\u00edpus gy\u00e1rt\u00e1sa. A k\u00eds\u00e9rletek alapj\u00e1n automatikus m\u0171k\u00f6d\u00e9s\u0171 perfor\u00e1l\u00f3 berendez\u00e9s kifejleszt\u00e9se val\u00f3sult meg, mellyel elv\u00e9gezhet\u0151ek a sokoldal\u00fa perfor\u00e1l\u00e1si k\u00eds\u00e9rletek \u00e9s amelynek protot\u00edpus\u00e1val sokf\u00e9le makroperfor\u00e1lt ny\u00fajthat\u00f3 csomagol\u00f3f\u00f3lia term\u00e9kcsal\u00e1d lett gy\u00e1rthat\u00f3 a f\u00f3liany\u00fajt\u00f3\/tekercsel\u0151 g\u00e9pen. A fejleszt\u00e9si folyamat v\u00e9g\u00e9n l\u00e9trej\u00f6tt a perfor\u00e1l\u00f3 berendez\u00e9s protot\u00edpusa, amely h\u00e1rom f\u00f3liaperfor\u00e1l\u00e1si alkalmaz\u00e1st tett el\u00e9rhet\u0151v\u00e9. A protot\u00edpus fejleszt\u00e9se sor\u00e1n k\u00eds\u00e9rleti \u00faton ker\u00fcltek meghat\u00e1roz\u00e1sra a perfor\u00e1l\u00f3 szersz\u00e1mok anyagmin\u0151s\u00e9ge \u00e9s alakja, m\u0171k\u00f6dtet\u00e9s\u00fck m\u00f3dja, elrendez\u00e9s\u00fck kialak\u00edt\u00e1sa. Gy\u00e1rt\u00e1sk\u00f6zi sz\u00e9l-hullad\u00e9k visszat\u00e1pl\u00e1l\u00f3 berendez\u00e9s kifejleszt\u00e9se, protot\u00edpus gy\u00e1rt\u00e1sa. Kifejleszt\u00e9sre ker\u00fclt egy automatikus m\u0171k\u00f6d\u00e9s\u0171 visszaadagol\u00f3 berendez\u00e9s \u00e9s elk\u00e9sz\u00fclt ennek a protot\u00edpusa is. A protot\u00edpus berendez\u00e9s g\u00e9p\u00e9szeti megold\u00e1sai, mechanikai kivitele \u00e9s elektronikus vez\u00e9rl\u00e9se is megval\u00f3s\u00edt\u00e1sra ker\u00fclt.<\/p>\n<p>Mechatronik Automatika Kft.<\/p>\n<p>t\u00e1mogat\u00e1s \u00f6sszege: 120 945 101 Ft<br \/>\nt\u00e1mogat\u00e1s m\u00e9rt\u00e9ke: 62,92 %<br \/>\nt\u00e9nyleges befejez\u00e9s d\u00e1tuma: 2018.09.30.<br \/>\nprojekt azonos\u00edt\u00f3sz\u00e1ma: GINOP-2.1.1.15-2015-00088<\/p>\n<p>A projektr\u0151l b\u0151vebb inform\u00e1ci\u00f3t a www.rotapack.hu \u00e9s a www.mechatronik.hu oldalakon olvashatnak.<\/p>\n<p>Tov\u00e1bbi inform\u00e1ci\u00f3 k\u00e9rhet\u0151:<br \/>\nN\u00e9meth Katalin Helga, controlling igazgat\u00f3<br \/>\ncontrolling@rotapack.hu<\/p>\n<\/div>\n<\/div>\n","protected":false},"excerpt":{"rendered":"<p>&nbsp; &nbsp; 2016 \/ 10\/ 07 RotaPack Csomagol\u00e1stechnikai Z\u00e1rtk\u00f6r\u0171en m\u0171k\u00f6d\u0151 R\u00e9szv\u00e9nyt\u00e1rsas\u00e1g Mechatronik Automatika Szolg\u00e1ltat\u00f3 \u00e9s Kereskedelmi Korl\u00e1tolt felel\u0151ss\u00e9g\u0171 T\u00e1rsas\u00e1g &nbsp; SAJT\u00d3K\u00d6ZLEM\u00c9NY Szell\u0151z\u0151 sztreccsf\u00f3lia fejleszt\u00e9se a RotaPack Zrt.-n\u00e9l \u00e9s a kapcsol\u00f3d\u00f3 [&hellip;]<\/p>\n","protected":false},"author":1,"featured_media":0,"parent":0,"menu_order":0,"comment_status":"closed","ping_status":"closed","template":"","meta":{"footnotes":""},"yoast_head":"<!-- This site is optimized with the Yoast SEO plugin v23.4 - https:\/\/yoast.com\/wordpress\/plugins\/seo\/ -->\n<title>Szell\u0151z\u0151 sztreccsf\u00f3lia fejleszt\u00e9se - Mechatronik Automatika Kft. - egyedi g\u00e9pgy\u00e1rt\u00e1s, automatiz\u00e1l\u00e1s, vez\u00e9rl\u00e9s fel\u00faj\u00edt\u00e1s, g\u00e9p\u00e9szeti nagyjav\u00edt\u00e1s, \u00e1raj\u00e1nlat, felm\u00e9r\u00e9s<\/title>\n<meta name=\"robots\" content=\"index, follow, max-snippet:-1, max-image-preview:large, max-video-preview:-1\" \/>\n<link rel=\"canonical\" href=\"http:\/\/www.mechatronik.hu\/index.php\/hu\/szellozo-sztreccsfolia-fejlesztese\/\" \/>\n<meta property=\"og:locale\" content=\"hu_HU\" \/>\n<meta property=\"og:type\" content=\"article\" \/>\n<meta property=\"og:title\" content=\"Szell\u0151z\u0151 sztreccsf\u00f3lia fejleszt\u00e9se - Mechatronik Automatika Kft. - egyedi g\u00e9pgy\u00e1rt\u00e1s, automatiz\u00e1l\u00e1s, vez\u00e9rl\u00e9s fel\u00faj\u00edt\u00e1s, g\u00e9p\u00e9szeti nagyjav\u00edt\u00e1s, \u00e1raj\u00e1nlat, felm\u00e9r\u00e9s\" \/>\n<meta property=\"og:description\" content=\"&nbsp; &nbsp; 2016 \/ 10\/ 07 RotaPack Csomagol\u00e1stechnikai Z\u00e1rtk\u00f6r\u0171en m\u0171k\u00f6d\u0151 R\u00e9szv\u00e9nyt\u00e1rsas\u00e1g Mechatronik Automatika Szolg\u00e1ltat\u00f3 \u00e9s Kereskedelmi Korl\u00e1tolt felel\u0151ss\u00e9g\u0171 T\u00e1rsas\u00e1g &nbsp; SAJT\u00d3K\u00d6ZLEM\u00c9NY Szell\u0151z\u0151 sztreccsf\u00f3lia fejleszt\u00e9se a RotaPack Zrt.-n\u00e9l \u00e9s a kapcsol\u00f3d\u00f3 [&hellip;]\" \/>\n<meta property=\"og:url\" content=\"http:\/\/www.mechatronik.hu\/index.php\/hu\/szellozo-sztreccsfolia-fejlesztese\/\" \/>\n<meta property=\"og:site_name\" content=\"Mechatronik Automatika Kft.\" \/>\n<meta property=\"article:modified_time\" content=\"2019-07-30T17:48:30+00:00\" \/>\n<meta property=\"og:image\" content=\"http:\/\/www.mechatronik.hu\/wp-content\/uploads\/infoblokk_kedv_final_felso_cmyk_ERFA.jpg\" \/>\n<meta name=\"twitter:card\" content=\"summary_large_image\" \/>\n<meta name=\"twitter:label1\" content=\"Becs\u00fclt olvas\u00e1si id\u0151\" \/>\n\t<meta name=\"twitter:data1\" content=\"5 perc\" \/>\n<script type=\"application\/ld+json\" class=\"yoast-schema-graph\">{\"@context\":\"https:\/\/schema.org\",\"@graph\":[{\"@type\":\"WebPage\",\"@id\":\"http:\/\/www.mechatronik.hu\/index.php\/hu\/szellozo-sztreccsfolia-fejlesztese\/\",\"url\":\"http:\/\/www.mechatronik.hu\/index.php\/hu\/szellozo-sztreccsfolia-fejlesztese\/\",\"name\":\"Szell\u0151z\u0151 sztreccsf\u00f3lia fejleszt\u00e9se - Mechatronik Automatika Kft. - egyedi g\u00e9pgy\u00e1rt\u00e1s, automatiz\u00e1l\u00e1s, vez\u00e9rl\u00e9s fel\u00faj\u00edt\u00e1s, g\u00e9p\u00e9szeti nagyjav\u00edt\u00e1s, \u00e1raj\u00e1nlat, felm\u00e9r\u00e9s\",\"isPartOf\":{\"@id\":\"http:\/\/www.mechatronik.hu\/#website\"},\"primaryImageOfPage\":{\"@id\":\"http:\/\/www.mechatronik.hu\/index.php\/hu\/szellozo-sztreccsfolia-fejlesztese\/#primaryimage\"},\"image\":{\"@id\":\"http:\/\/www.mechatronik.hu\/index.php\/hu\/szellozo-sztreccsfolia-fejlesztese\/#primaryimage\"},\"thumbnailUrl\":\"http:\/\/www.mechatronik.hu\/wp-content\/uploads\/infoblokk_kedv_final_felso_cmyk_ERFA.jpg\",\"datePublished\":\"2016-11-02T07:44:18+00:00\",\"dateModified\":\"2019-07-30T17:48:30+00:00\",\"breadcrumb\":{\"@id\":\"http:\/\/www.mechatronik.hu\/index.php\/hu\/szellozo-sztreccsfolia-fejlesztese\/#breadcrumb\"},\"inLanguage\":\"hu\",\"potentialAction\":[{\"@type\":\"ReadAction\",\"target\":[\"http:\/\/www.mechatronik.hu\/index.php\/hu\/szellozo-sztreccsfolia-fejlesztese\/\"]}]},{\"@type\":\"ImageObject\",\"inLanguage\":\"hu\",\"@id\":\"http:\/\/www.mechatronik.hu\/index.php\/hu\/szellozo-sztreccsfolia-fejlesztese\/#primaryimage\",\"url\":\"http:\/\/www.mechatronik.hu\/wp-content\/uploads\/infoblokk_kedv_final_felso_cmyk_ERFA.jpg\",\"contentUrl\":\"http:\/\/www.mechatronik.hu\/wp-content\/uploads\/infoblokk_kedv_final_felso_cmyk_ERFA.jpg\"},{\"@type\":\"BreadcrumbList\",\"@id\":\"http:\/\/www.mechatronik.hu\/index.php\/hu\/szellozo-sztreccsfolia-fejlesztese\/#breadcrumb\",\"itemListElement\":[{\"@type\":\"ListItem\",\"position\":1,\"name\":\"Home\",\"item\":\"https:\/\/www.mechatronik.hu\/index.php\/de\/mechatronik-automatika-kft\/\"},{\"@type\":\"ListItem\",\"position\":2,\"name\":\"Szell\u0151z\u0151 sztreccsf\u00f3lia fejleszt\u00e9se\"}]},{\"@type\":\"WebSite\",\"@id\":\"http:\/\/www.mechatronik.hu\/#website\",\"url\":\"http:\/\/www.mechatronik.hu\/\",\"name\":\"Mechatronik Automatika Kft.\",\"description\":\"Mechatronik Automatika Kft. - egyedi g\u00e9pgy\u00e1rt\u00e1s, ipari automatiz\u00e1l\u00e1s, vez\u00e9rl\u00e9s fel\u00faj\u00edt\u00e1s, g\u00e9p\u00e9szeti nagyjav\u00edt\u00e1s, \u00e1raj\u00e1nlat, felm\u00e9r\u00e9s\",\"publisher\":{\"@id\":\"http:\/\/www.mechatronik.hu\/#organization\"},\"potentialAction\":[{\"@type\":\"SearchAction\",\"target\":{\"@type\":\"EntryPoint\",\"urlTemplate\":\"http:\/\/www.mechatronik.hu\/?s={search_term_string}\"},\"query-input\":{\"@type\":\"PropertyValueSpecification\",\"valueRequired\":true,\"valueName\":\"search_term_string\"}}],\"inLanguage\":\"hu\"},{\"@type\":\"Organization\",\"@id\":\"http:\/\/www.mechatronik.hu\/#organization\",\"name\":\"Mechatronik Automatika Kft.\",\"url\":\"http:\/\/www.mechatronik.hu\/\",\"logo\":{\"@type\":\"ImageObject\",\"inLanguage\":\"hu\",\"@id\":\"http:\/\/www.mechatronik.hu\/#\/schema\/logo\/image\/\",\"url\":\"http:\/\/www.mechatronik.hu\/wp-content\/uploads\/MECHLOGO.png\",\"contentUrl\":\"http:\/\/www.mechatronik.hu\/wp-content\/uploads\/MECHLOGO.png\",\"width\":84,\"height\":78,\"caption\":\"Mechatronik Automatika Kft.\"},\"image\":{\"@id\":\"http:\/\/www.mechatronik.hu\/#\/schema\/logo\/image\/\"}}]}<\/script>\n<!-- \/ Yoast SEO plugin. -->","yoast_head_json":{"title":"Szell\u0151z\u0151 sztreccsf\u00f3lia fejleszt\u00e9se - Mechatronik Automatika Kft. - egyedi g\u00e9pgy\u00e1rt\u00e1s, automatiz\u00e1l\u00e1s, vez\u00e9rl\u00e9s fel\u00faj\u00edt\u00e1s, g\u00e9p\u00e9szeti nagyjav\u00edt\u00e1s, \u00e1raj\u00e1nlat, felm\u00e9r\u00e9s","robots":{"index":"index","follow":"follow","max-snippet":"max-snippet:-1","max-image-preview":"max-image-preview:large","max-video-preview":"max-video-preview:-1"},"canonical":"http:\/\/www.mechatronik.hu\/index.php\/hu\/szellozo-sztreccsfolia-fejlesztese\/","og_locale":"hu_HU","og_type":"article","og_title":"Szell\u0151z\u0151 sztreccsf\u00f3lia fejleszt\u00e9se - Mechatronik Automatika Kft. - egyedi g\u00e9pgy\u00e1rt\u00e1s, automatiz\u00e1l\u00e1s, vez\u00e9rl\u00e9s fel\u00faj\u00edt\u00e1s, g\u00e9p\u00e9szeti nagyjav\u00edt\u00e1s, \u00e1raj\u00e1nlat, felm\u00e9r\u00e9s","og_description":"&nbsp; &nbsp; 2016 \/ 10\/ 07 RotaPack Csomagol\u00e1stechnikai Z\u00e1rtk\u00f6r\u0171en m\u0171k\u00f6d\u0151 R\u00e9szv\u00e9nyt\u00e1rsas\u00e1g Mechatronik Automatika Szolg\u00e1ltat\u00f3 \u00e9s Kereskedelmi Korl\u00e1tolt felel\u0151ss\u00e9g\u0171 T\u00e1rsas\u00e1g &nbsp; SAJT\u00d3K\u00d6ZLEM\u00c9NY Szell\u0151z\u0151 sztreccsf\u00f3lia fejleszt\u00e9se a RotaPack Zrt.-n\u00e9l \u00e9s a kapcsol\u00f3d\u00f3 [&hellip;]","og_url":"http:\/\/www.mechatronik.hu\/index.php\/hu\/szellozo-sztreccsfolia-fejlesztese\/","og_site_name":"Mechatronik Automatika Kft.","article_modified_time":"2019-07-30T17:48:30+00:00","og_image":[{"url":"http:\/\/www.mechatronik.hu\/wp-content\/uploads\/infoblokk_kedv_final_felso_cmyk_ERFA.jpg"}],"twitter_card":"summary_large_image","twitter_misc":{"Becs\u00fclt olvas\u00e1si id\u0151":"5 perc"},"schema":{"@context":"https:\/\/schema.org","@graph":[{"@type":"WebPage","@id":"http:\/\/www.mechatronik.hu\/index.php\/hu\/szellozo-sztreccsfolia-fejlesztese\/","url":"http:\/\/www.mechatronik.hu\/index.php\/hu\/szellozo-sztreccsfolia-fejlesztese\/","name":"Szell\u0151z\u0151 sztreccsf\u00f3lia fejleszt\u00e9se - Mechatronik Automatika Kft. - egyedi g\u00e9pgy\u00e1rt\u00e1s, automatiz\u00e1l\u00e1s, vez\u00e9rl\u00e9s fel\u00faj\u00edt\u00e1s, g\u00e9p\u00e9szeti nagyjav\u00edt\u00e1s, \u00e1raj\u00e1nlat, felm\u00e9r\u00e9s","isPartOf":{"@id":"http:\/\/www.mechatronik.hu\/#website"},"primaryImageOfPage":{"@id":"http:\/\/www.mechatronik.hu\/index.php\/hu\/szellozo-sztreccsfolia-fejlesztese\/#primaryimage"},"image":{"@id":"http:\/\/www.mechatronik.hu\/index.php\/hu\/szellozo-sztreccsfolia-fejlesztese\/#primaryimage"},"thumbnailUrl":"http:\/\/www.mechatronik.hu\/wp-content\/uploads\/infoblokk_kedv_final_felso_cmyk_ERFA.jpg","datePublished":"2016-11-02T07:44:18+00:00","dateModified":"2019-07-30T17:48:30+00:00","breadcrumb":{"@id":"http:\/\/www.mechatronik.hu\/index.php\/hu\/szellozo-sztreccsfolia-fejlesztese\/#breadcrumb"},"inLanguage":"hu","potentialAction":[{"@type":"ReadAction","target":["http:\/\/www.mechatronik.hu\/index.php\/hu\/szellozo-sztreccsfolia-fejlesztese\/"]}]},{"@type":"ImageObject","inLanguage":"hu","@id":"http:\/\/www.mechatronik.hu\/index.php\/hu\/szellozo-sztreccsfolia-fejlesztese\/#primaryimage","url":"http:\/\/www.mechatronik.hu\/wp-content\/uploads\/infoblokk_kedv_final_felso_cmyk_ERFA.jpg","contentUrl":"http:\/\/www.mechatronik.hu\/wp-content\/uploads\/infoblokk_kedv_final_felso_cmyk_ERFA.jpg"},{"@type":"BreadcrumbList","@id":"http:\/\/www.mechatronik.hu\/index.php\/hu\/szellozo-sztreccsfolia-fejlesztese\/#breadcrumb","itemListElement":[{"@type":"ListItem","position":1,"name":"Home","item":"https:\/\/www.mechatronik.hu\/index.php\/de\/mechatronik-automatika-kft\/"},{"@type":"ListItem","position":2,"name":"Szell\u0151z\u0151 sztreccsf\u00f3lia fejleszt\u00e9se"}]},{"@type":"WebSite","@id":"http:\/\/www.mechatronik.hu\/#website","url":"http:\/\/www.mechatronik.hu\/","name":"Mechatronik Automatika Kft.","description":"Mechatronik Automatika Kft. - egyedi g\u00e9pgy\u00e1rt\u00e1s, ipari automatiz\u00e1l\u00e1s, vez\u00e9rl\u00e9s fel\u00faj\u00edt\u00e1s, g\u00e9p\u00e9szeti nagyjav\u00edt\u00e1s, \u00e1raj\u00e1nlat, felm\u00e9r\u00e9s","publisher":{"@id":"http:\/\/www.mechatronik.hu\/#organization"},"potentialAction":[{"@type":"SearchAction","target":{"@type":"EntryPoint","urlTemplate":"http:\/\/www.mechatronik.hu\/?s={search_term_string}"},"query-input":{"@type":"PropertyValueSpecification","valueRequired":true,"valueName":"search_term_string"}}],"inLanguage":"hu"},{"@type":"Organization","@id":"http:\/\/www.mechatronik.hu\/#organization","name":"Mechatronik Automatika Kft.","url":"http:\/\/www.mechatronik.hu\/","logo":{"@type":"ImageObject","inLanguage":"hu","@id":"http:\/\/www.mechatronik.hu\/#\/schema\/logo\/image\/","url":"http:\/\/www.mechatronik.hu\/wp-content\/uploads\/MECHLOGO.png","contentUrl":"http:\/\/www.mechatronik.hu\/wp-content\/uploads\/MECHLOGO.png","width":84,"height":78,"caption":"Mechatronik Automatika Kft."},"image":{"@id":"http:\/\/www.mechatronik.hu\/#\/schema\/logo\/image\/"}}]}},"_links":{"self":[{"href":"http:\/\/www.mechatronik.hu\/index.php\/wp-json\/wp\/v2\/pages\/340"}],"collection":[{"href":"http:\/\/www.mechatronik.hu\/index.php\/wp-json\/wp\/v2\/pages"}],"about":[{"href":"http:\/\/www.mechatronik.hu\/index.php\/wp-json\/wp\/v2\/types\/page"}],"author":[{"embeddable":true,"href":"http:\/\/www.mechatronik.hu\/index.php\/wp-json\/wp\/v2\/users\/1"}],"replies":[{"embeddable":true,"href":"http:\/\/www.mechatronik.hu\/index.php\/wp-json\/wp\/v2\/comments?post=340"}],"version-history":[{"count":11,"href":"http:\/\/www.mechatronik.hu\/index.php\/wp-json\/wp\/v2\/pages\/340\/revisions"}],"predecessor-version":[{"id":456,"href":"http:\/\/www.mechatronik.hu\/index.php\/wp-json\/wp\/v2\/pages\/340\/revisions\/456"}],"wp:attachment":[{"href":"http:\/\/www.mechatronik.hu\/index.php\/wp-json\/wp\/v2\/media?parent=340"}],"curies":[{"name":"wp","href":"https:\/\/api.w.org\/{rel}","templated":true}]}}