{"id":417,"date":"2018-03-26T19:52:32","date_gmt":"2018-03-26T18:52:32","guid":{"rendered":"http:\/\/www.mechatronik.hu\/?page_id=417"},"modified":"2018-09-02T18:58:32","modified_gmt":"2018-09-02T17:58:32","slug":"gyakornoki-program","status":"publish","type":"page","link":"http:\/\/www.mechatronik.hu\/index.php\/hu\/gyakornoki-program\/","title":{"rendered":"Gyakornoki program a Mechatronik Automatika Kft-n\u00e9l"},"content":{"rendered":"<div style=\"background: #ffffff; padding: 20px;\">\n<p><img loading=\"lazy\" decoding=\"async\" class=\"alignright wp-image-433\" src=\"http:\/\/www.mechatronik.hu\/wp-content\/uploads\/infoblokk_kedv_final_felso_cmyk_ESZA-300x207.jpg\" alt=\"\" width=\"434\" height=\"300\" srcset=\"http:\/\/www.mechatronik.hu\/wp-content\/uploads\/infoblokk_kedv_final_felso_cmyk_ESZA-300x207.jpg 300w, http:\/\/www.mechatronik.hu\/wp-content\/uploads\/infoblokk_kedv_final_felso_cmyk_ESZA-768x531.jpg 768w, http:\/\/www.mechatronik.hu\/wp-content\/uploads\/infoblokk_kedv_final_felso_cmyk_ESZA-1024x708.jpg 1024w, http:\/\/www.mechatronik.hu\/wp-content\/uploads\/infoblokk_kedv_final_felso_cmyk_ESZA.jpg 1453w\" sizes=\"(max-width: 434px) 100vw, 434px\" \/><\/p>\n<p>&nbsp;<\/p>\n<p>&nbsp;<\/p>\n<p><strong><span style=\"color: #0000ff;\">GYAKORNOKI\u00a0PROGRAM\u00a0A\u00a0MECHATRONIK AUTOMATIKA KFT-N\u00c9L<\/span><\/strong><\/p>\n<p>&nbsp;<\/p>\n<p>A Mechatronik Automatika Kft. 7\u00a0325\u00a0374 Ft \u00f6sszeg\u0171 t\u00e1mogat\u00e1st nyert a Gazdas\u00e1gfejleszt\u00e9si \u00e9s Innov\u00e1ci\u00f3s Operat\u00edv Program keret\u00e9ben megval\u00f3sul\u00f3 \u201eGyakornoki program a Mechatronik Automatika Kft-n\u00e9l\u201d c\u00edm\u0171 gyakornoki p\u00e1ly\u00e1zat\u00e1val.<\/p>\n<p><u>A projekt alapadatai:<\/u><\/p>\n<ul>\n<li>Projekt azonos\u00edt\u00f3: GINOP-5.2.4-16-2017-02308<\/li>\n<li>Elnyert t\u00e1mogat\u00e1s \u00f6sszege: 7 325\u00a0374 Ft<\/li>\n<li>T\u00e1mogat\u00e1s m\u00e9rt\u00e9ke: 100%<\/li>\n<li>Projekt id\u0151tartama: 2017.09.01. \u2013 2018.05.31.<\/li>\n<\/ul>\n<p>&nbsp;<\/p>\n<p><u>A projekt bemutat\u00e1sa:<\/u><\/p>\n<p>1 f\u0151 gyakornok foglalkoztat\u00e1sa 8 \u00f3r\u00e1s, lakatos munkak\u00f6rben \u00e9s 1 f\u0151 gyakornok foglalkoztat\u00e1sa 8 \u00f3r\u00e1s adminisztr\u00e1tor munkak\u00f6rben. Munk\u00e1jukat v\u00e1llalati gyakornoki kapcsolattart\u00f3 koordin\u00e1lja a teljes projektid\u0151szak alatt, az \u0151 feladata a projekt keret\u00e9ben v\u00e1llalt Szakk\u00e9pz\u00e9si Centrummal val\u00f3 egy\u00fcttm\u0171k\u00f6d\u00e9s is.<\/p>\n<p>A projekt sor\u00e1n a gyakornokok a gy\u00e1rt\u00e1si folyamat hat\u00e9konys\u00e1g\u00e1nak n\u00f6vel\u00e9s\u00e9t, valamint a c\u00e9g g\u00f6rd\u00fcl\u00e9keny adminisztrat\u00edv m\u0171k\u00f6d\u00e9s\u00e9t seg\u00edtik.<\/p>\n<p>A c\u00e9g a gyakornokoknak rendezett, korszer\u0171 eszk\u00f6z\u00f6kkel ell\u00e1tott munkak\u00f6rnyezetet k\u00edn\u00e1l, ahol val\u00f3s feladatok elv\u00e9gz\u00e9s\u00e9vel gyarap\u00edtja a munkatapasztalataikat, ennek seg\u00edts\u00e9g\u00e9vel megteremti a k\u00e9s\u0151bbi, \u00f6n\u00e1ll\u00f3 munkav\u00e9gz\u00e9s alapjait.<\/p>\n<p><u>A projekt megval\u00f3sul\u00e1s\u00e1nak helysz\u00edne:<\/u><\/p>\n<p>6791 Szeged (Kiskundorozsma) Kond utca 1., Hrsz: 2794\/1<\/p>\n<p>A projekt a Sz\u00e9chenyi 2020 program keret\u00e9ben val\u00f3sul meg, az Eur\u00f3pai Szoci\u00e1lis Alap t\u00e1mogat\u00e1s\u00e1val.<\/p>\n<p><img loading=\"lazy\" decoding=\"async\" class=\"aligncenter wp-image-225\" src=\"http:\/\/www.mechatronik.hu\/wp-content\/uploads\/szechenyi_2020_logo_fekvo_color_RGB.jpg\" alt=\"szechenyi_2020_logo_fekvo_color_RGB\" width=\"370\" height=\"143\" \/><\/p>\n<\/div>\n","protected":false},"excerpt":{"rendered":"<p>&nbsp; &nbsp; GYAKORNOKI\u00a0PROGRAM\u00a0A\u00a0MECHATRONIK AUTOMATIKA KFT-N\u00c9L &nbsp; A Mechatronik Automatika Kft. 7\u00a0325\u00a0374 Ft \u00f6sszeg\u0171 t\u00e1mogat\u00e1st nyert a Gazdas\u00e1gfejleszt\u00e9si \u00e9s Innov\u00e1ci\u00f3s Operat\u00edv Program keret\u00e9ben megval\u00f3sul\u00f3 \u201eGyakornoki program a Mechatronik Automatika Kft-n\u00e9l\u201d c\u00edm\u0171 [&hellip;]<\/p>\n","protected":false},"author":1,"featured_media":0,"parent":0,"menu_order":0,"comment_status":"closed","ping_status":"closed","template":"","meta":{"footnotes":""},"yoast_head":"<!-- This site is optimized with the Yoast SEO plugin v23.4 - https:\/\/yoast.com\/wordpress\/plugins\/seo\/ -->\n<title>Gyakornoki program a Mechatronik Automatika Kft-n\u00e9l - Mechatronik Automatika Kft. - egyedi g\u00e9pgy\u00e1rt\u00e1s, automatiz\u00e1l\u00e1s, vez\u00e9rl\u00e9s fel\u00faj\u00edt\u00e1s, g\u00e9p\u00e9szeti nagyjav\u00edt\u00e1s, \u00e1raj\u00e1nlat, felm\u00e9r\u00e9s<\/title>\n<meta name=\"robots\" content=\"index, follow, max-snippet:-1, max-image-preview:large, max-video-preview:-1\" \/>\n<link rel=\"canonical\" href=\"http:\/\/www.mechatronik.hu\/index.php\/hu\/gyakornoki-program\/\" \/>\n<meta property=\"og:locale\" content=\"hu_HU\" \/>\n<meta property=\"og:type\" content=\"article\" \/>\n<meta property=\"og:title\" content=\"Gyakornoki program a Mechatronik Automatika Kft-n\u00e9l - Mechatronik Automatika Kft. - egyedi g\u00e9pgy\u00e1rt\u00e1s, automatiz\u00e1l\u00e1s, vez\u00e9rl\u00e9s fel\u00faj\u00edt\u00e1s, g\u00e9p\u00e9szeti nagyjav\u00edt\u00e1s, \u00e1raj\u00e1nlat, felm\u00e9r\u00e9s\" \/>\n<meta property=\"og:description\" content=\"&nbsp; &nbsp; GYAKORNOKI\u00a0PROGRAM\u00a0A\u00a0MECHATRONIK AUTOMATIKA KFT-N\u00c9L &nbsp; A Mechatronik Automatika Kft. 7\u00a0325\u00a0374 Ft \u00f6sszeg\u0171 t\u00e1mogat\u00e1st nyert a Gazdas\u00e1gfejleszt\u00e9si \u00e9s Innov\u00e1ci\u00f3s Operat\u00edv Program keret\u00e9ben megval\u00f3sul\u00f3 \u201eGyakornoki program a Mechatronik Automatika Kft-n\u00e9l\u201d c\u00edm\u0171 [&hellip;]\" \/>\n<meta property=\"og:url\" content=\"http:\/\/www.mechatronik.hu\/index.php\/hu\/gyakornoki-program\/\" \/>\n<meta property=\"og:site_name\" content=\"Mechatronik Automatika Kft.\" \/>\n<meta property=\"article:modified_time\" content=\"2018-09-02T17:58:32+00:00\" \/>\n<meta property=\"og:image\" content=\"http:\/\/www.mechatronik.hu\/wp-content\/uploads\/infoblokk_kedv_final_felso_cmyk_ESZA-300x207.jpg\" \/>\n<meta name=\"twitter:card\" content=\"summary_large_image\" \/>\n<meta name=\"twitter:label1\" content=\"Becs\u00fclt olvas\u00e1si id\u0151\" \/>\n\t<meta name=\"twitter:data1\" content=\"1 perc\" \/>\n<script type=\"application\/ld+json\" class=\"yoast-schema-graph\">{\"@context\":\"https:\/\/schema.org\",\"@graph\":[{\"@type\":\"WebPage\",\"@id\":\"http:\/\/www.mechatronik.hu\/index.php\/hu\/gyakornoki-program\/\",\"url\":\"http:\/\/www.mechatronik.hu\/index.php\/hu\/gyakornoki-program\/\",\"name\":\"Gyakornoki program a Mechatronik Automatika Kft-n\u00e9l - Mechatronik Automatika Kft. - egyedi g\u00e9pgy\u00e1rt\u00e1s, automatiz\u00e1l\u00e1s, vez\u00e9rl\u00e9s fel\u00faj\u00edt\u00e1s, g\u00e9p\u00e9szeti nagyjav\u00edt\u00e1s, \u00e1raj\u00e1nlat, felm\u00e9r\u00e9s\",\"isPartOf\":{\"@id\":\"http:\/\/www.mechatronik.hu\/#website\"},\"primaryImageOfPage\":{\"@id\":\"http:\/\/www.mechatronik.hu\/index.php\/hu\/gyakornoki-program\/#primaryimage\"},\"image\":{\"@id\":\"http:\/\/www.mechatronik.hu\/index.php\/hu\/gyakornoki-program\/#primaryimage\"},\"thumbnailUrl\":\"http:\/\/www.mechatronik.hu\/wp-content\/uploads\/infoblokk_kedv_final_felso_cmyk_ESZA-300x207.jpg\",\"datePublished\":\"2018-03-26T18:52:32+00:00\",\"dateModified\":\"2018-09-02T17:58:32+00:00\",\"breadcrumb\":{\"@id\":\"http:\/\/www.mechatronik.hu\/index.php\/hu\/gyakornoki-program\/#breadcrumb\"},\"inLanguage\":\"hu\",\"potentialAction\":[{\"@type\":\"ReadAction\",\"target\":[\"http:\/\/www.mechatronik.hu\/index.php\/hu\/gyakornoki-program\/\"]}]},{\"@type\":\"ImageObject\",\"inLanguage\":\"hu\",\"@id\":\"http:\/\/www.mechatronik.hu\/index.php\/hu\/gyakornoki-program\/#primaryimage\",\"url\":\"http:\/\/www.mechatronik.hu\/wp-content\/uploads\/infoblokk_kedv_final_felso_cmyk_ESZA.jpg\",\"contentUrl\":\"http:\/\/www.mechatronik.hu\/wp-content\/uploads\/infoblokk_kedv_final_felso_cmyk_ESZA.jpg\",\"width\":1453,\"height\":1004},{\"@type\":\"BreadcrumbList\",\"@id\":\"http:\/\/www.mechatronik.hu\/index.php\/hu\/gyakornoki-program\/#breadcrumb\",\"itemListElement\":[{\"@type\":\"ListItem\",\"position\":1,\"name\":\"Home\",\"item\":\"https:\/\/www.mechatronik.hu\/index.php\/de\/mechatronik-automatika-kft\/\"},{\"@type\":\"ListItem\",\"position\":2,\"name\":\"Gyakornoki program a Mechatronik Automatika Kft-n\u00e9l\"}]},{\"@type\":\"WebSite\",\"@id\":\"http:\/\/www.mechatronik.hu\/#website\",\"url\":\"http:\/\/www.mechatronik.hu\/\",\"name\":\"Mechatronik Automatika Kft.\",\"description\":\"Mechatronik Automatika Kft. - egyedi g\u00e9pgy\u00e1rt\u00e1s, ipari automatiz\u00e1l\u00e1s, vez\u00e9rl\u00e9s fel\u00faj\u00edt\u00e1s, g\u00e9p\u00e9szeti nagyjav\u00edt\u00e1s, \u00e1raj\u00e1nlat, felm\u00e9r\u00e9s\",\"publisher\":{\"@id\":\"http:\/\/www.mechatronik.hu\/#organization\"},\"potentialAction\":[{\"@type\":\"SearchAction\",\"target\":{\"@type\":\"EntryPoint\",\"urlTemplate\":\"http:\/\/www.mechatronik.hu\/?s={search_term_string}\"},\"query-input\":{\"@type\":\"PropertyValueSpecification\",\"valueRequired\":true,\"valueName\":\"search_term_string\"}}],\"inLanguage\":\"hu\"},{\"@type\":\"Organization\",\"@id\":\"http:\/\/www.mechatronik.hu\/#organization\",\"name\":\"Mechatronik Automatika Kft.\",\"url\":\"http:\/\/www.mechatronik.hu\/\",\"logo\":{\"@type\":\"ImageObject\",\"inLanguage\":\"hu\",\"@id\":\"http:\/\/www.mechatronik.hu\/#\/schema\/logo\/image\/\",\"url\":\"http:\/\/www.mechatronik.hu\/wp-content\/uploads\/MECHLOGO.png\",\"contentUrl\":\"http:\/\/www.mechatronik.hu\/wp-content\/uploads\/MECHLOGO.png\",\"width\":84,\"height\":78,\"caption\":\"Mechatronik Automatika Kft.\"},\"image\":{\"@id\":\"http:\/\/www.mechatronik.hu\/#\/schema\/logo\/image\/\"}}]}<\/script>\n<!-- \/ Yoast SEO plugin. -->","yoast_head_json":{"title":"Gyakornoki program a Mechatronik Automatika Kft-n\u00e9l - Mechatronik Automatika Kft. - egyedi g\u00e9pgy\u00e1rt\u00e1s, automatiz\u00e1l\u00e1s, vez\u00e9rl\u00e9s fel\u00faj\u00edt\u00e1s, g\u00e9p\u00e9szeti nagyjav\u00edt\u00e1s, \u00e1raj\u00e1nlat, felm\u00e9r\u00e9s","robots":{"index":"index","follow":"follow","max-snippet":"max-snippet:-1","max-image-preview":"max-image-preview:large","max-video-preview":"max-video-preview:-1"},"canonical":"http:\/\/www.mechatronik.hu\/index.php\/hu\/gyakornoki-program\/","og_locale":"hu_HU","og_type":"article","og_title":"Gyakornoki program a Mechatronik Automatika Kft-n\u00e9l - Mechatronik Automatika Kft. - egyedi g\u00e9pgy\u00e1rt\u00e1s, automatiz\u00e1l\u00e1s, vez\u00e9rl\u00e9s fel\u00faj\u00edt\u00e1s, g\u00e9p\u00e9szeti nagyjav\u00edt\u00e1s, \u00e1raj\u00e1nlat, felm\u00e9r\u00e9s","og_description":"&nbsp; &nbsp; GYAKORNOKI\u00a0PROGRAM\u00a0A\u00a0MECHATRONIK AUTOMATIKA KFT-N\u00c9L &nbsp; A Mechatronik Automatika Kft. 7\u00a0325\u00a0374 Ft \u00f6sszeg\u0171 t\u00e1mogat\u00e1st nyert a Gazdas\u00e1gfejleszt\u00e9si \u00e9s Innov\u00e1ci\u00f3s Operat\u00edv Program keret\u00e9ben megval\u00f3sul\u00f3 \u201eGyakornoki program a Mechatronik Automatika Kft-n\u00e9l\u201d c\u00edm\u0171 [&hellip;]","og_url":"http:\/\/www.mechatronik.hu\/index.php\/hu\/gyakornoki-program\/","og_site_name":"Mechatronik Automatika Kft.","article_modified_time":"2018-09-02T17:58:32+00:00","og_image":[{"url":"http:\/\/www.mechatronik.hu\/wp-content\/uploads\/infoblokk_kedv_final_felso_cmyk_ESZA-300x207.jpg"}],"twitter_card":"summary_large_image","twitter_misc":{"Becs\u00fclt olvas\u00e1si id\u0151":"1 perc"},"schema":{"@context":"https:\/\/schema.org","@graph":[{"@type":"WebPage","@id":"http:\/\/www.mechatronik.hu\/index.php\/hu\/gyakornoki-program\/","url":"http:\/\/www.mechatronik.hu\/index.php\/hu\/gyakornoki-program\/","name":"Gyakornoki program a Mechatronik Automatika Kft-n\u00e9l - Mechatronik Automatika Kft. - egyedi g\u00e9pgy\u00e1rt\u00e1s, automatiz\u00e1l\u00e1s, vez\u00e9rl\u00e9s fel\u00faj\u00edt\u00e1s, g\u00e9p\u00e9szeti nagyjav\u00edt\u00e1s, \u00e1raj\u00e1nlat, felm\u00e9r\u00e9s","isPartOf":{"@id":"http:\/\/www.mechatronik.hu\/#website"},"primaryImageOfPage":{"@id":"http:\/\/www.mechatronik.hu\/index.php\/hu\/gyakornoki-program\/#primaryimage"},"image":{"@id":"http:\/\/www.mechatronik.hu\/index.php\/hu\/gyakornoki-program\/#primaryimage"},"thumbnailUrl":"http:\/\/www.mechatronik.hu\/wp-content\/uploads\/infoblokk_kedv_final_felso_cmyk_ESZA-300x207.jpg","datePublished":"2018-03-26T18:52:32+00:00","dateModified":"2018-09-02T17:58:32+00:00","breadcrumb":{"@id":"http:\/\/www.mechatronik.hu\/index.php\/hu\/gyakornoki-program\/#breadcrumb"},"inLanguage":"hu","potentialAction":[{"@type":"ReadAction","target":["http:\/\/www.mechatronik.hu\/index.php\/hu\/gyakornoki-program\/"]}]},{"@type":"ImageObject","inLanguage":"hu","@id":"http:\/\/www.mechatronik.hu\/index.php\/hu\/gyakornoki-program\/#primaryimage","url":"http:\/\/www.mechatronik.hu\/wp-content\/uploads\/infoblokk_kedv_final_felso_cmyk_ESZA.jpg","contentUrl":"http:\/\/www.mechatronik.hu\/wp-content\/uploads\/infoblokk_kedv_final_felso_cmyk_ESZA.jpg","width":1453,"height":1004},{"@type":"BreadcrumbList","@id":"http:\/\/www.mechatronik.hu\/index.php\/hu\/gyakornoki-program\/#breadcrumb","itemListElement":[{"@type":"ListItem","position":1,"name":"Home","item":"https:\/\/www.mechatronik.hu\/index.php\/de\/mechatronik-automatika-kft\/"},{"@type":"ListItem","position":2,"name":"Gyakornoki program a Mechatronik Automatika Kft-n\u00e9l"}]},{"@type":"WebSite","@id":"http:\/\/www.mechatronik.hu\/#website","url":"http:\/\/www.mechatronik.hu\/","name":"Mechatronik Automatika Kft.","description":"Mechatronik Automatika Kft. - egyedi g\u00e9pgy\u00e1rt\u00e1s, ipari automatiz\u00e1l\u00e1s, vez\u00e9rl\u00e9s fel\u00faj\u00edt\u00e1s, g\u00e9p\u00e9szeti nagyjav\u00edt\u00e1s, \u00e1raj\u00e1nlat, felm\u00e9r\u00e9s","publisher":{"@id":"http:\/\/www.mechatronik.hu\/#organization"},"potentialAction":[{"@type":"SearchAction","target":{"@type":"EntryPoint","urlTemplate":"http:\/\/www.mechatronik.hu\/?s={search_term_string}"},"query-input":{"@type":"PropertyValueSpecification","valueRequired":true,"valueName":"search_term_string"}}],"inLanguage":"hu"},{"@type":"Organization","@id":"http:\/\/www.mechatronik.hu\/#organization","name":"Mechatronik Automatika Kft.","url":"http:\/\/www.mechatronik.hu\/","logo":{"@type":"ImageObject","inLanguage":"hu","@id":"http:\/\/www.mechatronik.hu\/#\/schema\/logo\/image\/","url":"http:\/\/www.mechatronik.hu\/wp-content\/uploads\/MECHLOGO.png","contentUrl":"http:\/\/www.mechatronik.hu\/wp-content\/uploads\/MECHLOGO.png","width":84,"height":78,"caption":"Mechatronik Automatika Kft."},"image":{"@id":"http:\/\/www.mechatronik.hu\/#\/schema\/logo\/image\/"}}]}},"_links":{"self":[{"href":"http:\/\/www.mechatronik.hu\/index.php\/wp-json\/wp\/v2\/pages\/417"}],"collection":[{"href":"http:\/\/www.mechatronik.hu\/index.php\/wp-json\/wp\/v2\/pages"}],"about":[{"href":"http:\/\/www.mechatronik.hu\/index.php\/wp-json\/wp\/v2\/types\/page"}],"author":[{"embeddable":true,"href":"http:\/\/www.mechatronik.hu\/index.php\/wp-json\/wp\/v2\/users\/1"}],"replies":[{"embeddable":true,"href":"http:\/\/www.mechatronik.hu\/index.php\/wp-json\/wp\/v2\/comments?post=417"}],"version-history":[{"count":10,"href":"http:\/\/www.mechatronik.hu\/index.php\/wp-json\/wp\/v2\/pages\/417\/revisions"}],"predecessor-version":[{"id":439,"href":"http:\/\/www.mechatronik.hu\/index.php\/wp-json\/wp\/v2\/pages\/417\/revisions\/439"}],"wp:attachment":[{"href":"http:\/\/www.mechatronik.hu\/index.php\/wp-json\/wp\/v2\/media?parent=417"}],"curies":[{"name":"wp","href":"https:\/\/api.w.org\/{rel}","templated":true}]}}