{"id":428,"date":"2018-09-02T16:14:35","date_gmt":"2018-09-02T15:14:35","guid":{"rendered":"http:\/\/www.mechatronik.hu\/?page_id=428"},"modified":"2023-09-22T10:31:08","modified_gmt":"2023-09-22T09:31:08","slug":"vallalati-komplex-infokommunikacios-fejlesztesek-peas-vallalatiranyitasi-rendszer-bevezetesevel-mechatronik-automatika-kft-nel","status":"publish","type":"page","link":"http:\/\/www.mechatronik.hu\/index.php\/hu\/vallalati-komplex-infokommunikacios-fejlesztesek-peas-vallalatiranyitasi-rendszer-bevezetesevel-mechatronik-automatika-kft-nel\/","title":{"rendered":"V\u00e1llalati komplex infokommunik\u00e1ci\u00f3s fejleszt\u00e9sek a PEAS V\u00e1llalatir\u00e1ny\u00edt\u00e1si Rendszer bevezet\u00e9s\u00e9vel a Mechatronik Automatika Kft.-n\u00e9l"},"content":{"rendered":"<div style=\"background: #ffffff; padding: 20px;\">\n<p><img loading=\"lazy\" decoding=\"async\" class=\" wp-image-226 alignright\" src=\"http:\/\/www.mechatronik.hu\/wp-content\/uploads\/infoblokk_kedv_final_felso_cmyk_ERFA.jpg\" alt=\"infoblokk_kedv_final_felso_cmyk_ERFA\" width=\"419\" height=\"290\" \/><\/p>\n<p><span style=\"color: #0000ff;\"><strong>V\u00c1LLALATI KOMPLEX INFOKOMMUNIK\u00c1CI\u00d3S FEJLESZT\u00c9SEK A PEAS V\u00c1LLALATIR\u00c1NY\u00cdT\u00c1SI RENDSZER BEVEZET\u00c9S\u00c9VEL A MECHATRONIK AUTOMATIKA KFT.-N\u00c9L<\/strong><\/span><\/p>\n<p><strong><u>A projekt alapadatai:<\/u><\/strong><\/p>\n<ul>\n<li>kedvezm\u00e9nyezett neve: Mechatronik Automatika Kft.<\/li>\n<li>projekt c\u00edme: V\u00e1llalati komplex infokommunik\u00e1ci\u00f3s fejleszt\u00e9sek a PEAS V\u00e1llalatir\u00e1ny\u00edt\u00e1si Rendszer bevezet\u00e9s\u00e9vel a Mechatronik Automatika Kft.-n\u00e9l<\/li>\n<li>szerz\u0151d\u00f6tt t\u00e1mogat\u00e1s \u00f6sszege: 10,45 M Ft<\/li>\n<li>hitel \u00f6sszege: 13,06 M Ft<\/li>\n<li>t\u00e1mogat\u00e1s m\u00e9rt\u00e9ke: 40%<\/li>\n<li>projekt fizikai befejez\u00e9se: 2018.10.02.<\/li>\n<li>projekt azonos\u00edt\u00f3 sz\u00e1ma: GINOP-3.2.2-8-2-4-16-2017-00154<\/li>\n<\/ul>\n<p><u><\/u><strong><u>A projekt bemutat\u00e1sa:<\/u><\/strong><\/p>\n<p>A Mechatronik Automatika Kft. sikeresen p\u00e1ly\u00e1zott a \u201eGINOP-3.2.2-8-2-4-16 &#8211; V\u00e1llalati komplex infokommunik\u00e1ci\u00f3s \u00e9s mobilfejleszt\u00e9sek, felh\u0151alap\u00fa online \u00fczleti szolg\u00e1ltat\u00e1sok terjeszt\u00e9s\u00e9nek t\u00e1mogat\u00e1sa\u201d c\u00edm\u0171 felh\u00edv\u00e1sra. A projekt keret\u00e9ben a PEAS V\u00e1llalatir\u00e1ny\u00edt\u00e1si Rendszer ker\u00fcl beszerz\u00e9sre, mely jav\u00edtja a c\u00e9g technol\u00f3giai felk\u00e9sz\u00fclts\u00e9g\u00e9t, versenyk\u00e9pess\u00e9g\u00e9t \u00e9s er\u0151forr\u00e1s-hat\u00e9konys\u00e1g\u00e1t.<\/p>\n<p>A CRM \u00e9s \u00c9rt\u00e9kes\u00edt\u00e9s modulok seg\u00edtik az \u00fcgyfelekkel t\u00f6rt\u00e9n\u0151 kommunik\u00e1ci\u00f3t, t\u00e1rolj\u00e1k az \u00fcgyfelek \u00e9s a dolgoz\u00f3k adatait. Az \u00e9rt\u00e9kes\u00edt\u00e9s teljes folyamat\u00e1t seg\u00edtik az aj\u00e1nlatk\u00e9r\u00e9s r\u00f6gz\u00edt\u00e9s\u00e9t\u0151l a sz\u00e1ml\u00e1z\u00e1sig. A Gy\u00e1rt\u00e1s modul teljes k\u00f6r\u0171en menedzseli a gy\u00e1rt\u00e1si folyamatokat, a nyersanyagok felhaszn\u00e1l\u00e1s\u00e1n kereszt\u00fcl a legy\u00e1rtott term\u00e9kek k\u00e9szletre ker\u00fcl\u00e9s\u00e9ig. A HR modul t\u00e1rolja a dolgoz\u00f3k adatait, a szabads\u00e1gol\u00e1sokat, a b\u00e9rsz\u00e1mfejt\u00e9s ez\u00e1ltal rugalmasabb\u00e1, \u00e1tl\u00e1that\u00f3bb\u00e1 v\u00e1lik.<\/p>\n<p>A kontrolling \u00e9s d\u00f6nt\u00e9st\u00e1mogat\u00e1s feladata a v\u00e1llalat \u00e1tvil\u00e1g\u00edt\u00e1sa, a felel\u0151s vezet\u0151i d\u00f6nt\u00e9sek meghozatal\u00e1nak t\u00e1mogat\u00e1sa.<\/p>\n<p>A PEAS V\u00e1llalatir\u00e1ny\u00edt\u00e1si Rendszerrel teljes beszerz\u00e9si folyamatokat kezelhet\u00fcnk, az ig\u00e9ny megjelen\u00e9s\u00e9t\u0151l a beszerzett term\u00e9k \u00e1tv\u00e9tel\u00e9ig. A Feladatkezel\u0151 modul a rendszer helyt\u0151l f\u00fcggetlen el\u00e9r\u00e9s\u00e9t teszi lehet\u0151v\u00e9, \u00edgy az egy\u00e9b elfoglalts\u00e1g miatt t\u00e1vol l\u00e9v\u0151 munkat\u00e1rsak is gyorsan \u00e9s k\u00f6nnyen el\u00e9rhet\u0151v\u00e9 v\u00e1lnak.<\/p>\n<p>A p\u00e9nz\u00fcgyi \u00e9s sz\u00e1mviteli modulok seg\u00edts\u00e9g\u00e9vel \u00e1tl\u00e1that\u00f3v\u00e1 v\u00e1lnak a p\u00e9nzmozg\u00e1sok, nyilv\u00e1ntarthatjuk a ki\u00e1ll\u00edtott \u00e9s befogadott sz\u00e1ml\u00e1kat, nyomon k\u00f6vethetj\u00fck a kiegyenl\u00edt\u00e9seket \u00e9s a kintl\u00e9v\u0151s\u00e9geket.<\/p>\n<p>A Dokumentumkezel\u0151 modul iktatja a dokumentumokat, \u00edgy azok b\u00e1rmikor visszakereshet\u0151ek.<\/p>\n<p>A rendszer oktat\u00e1s\u00e1t, implement\u00e1l\u00e1s\u00e1t az IKRON Kft. biztos\u00edtja.<\/p>\n<p><u><\/u><img loading=\"lazy\" decoding=\"async\" class=\"aligncenter wp-image-225\" src=\"http:\/\/www.mechatronik.hu\/wp-content\/uploads\/szechenyi_2020_logo_fekvo_color_RGB.jpg\" alt=\"szechenyi_2020_logo_fekvo_color_RGB\" width=\"370\" height=\"143\" \/><\/p>\n<\/div>\n","protected":false},"excerpt":{"rendered":"<p>V\u00c1LLALATI KOMPLEX INFOKOMMUNIK\u00c1CI\u00d3S FEJLESZT\u00c9SEK A PEAS V\u00c1LLALATIR\u00c1NY\u00cdT\u00c1SI RENDSZER BEVEZET\u00c9S\u00c9VEL A MECHATRONIK AUTOMATIKA KFT.-N\u00c9L A projekt alapadatai: kedvezm\u00e9nyezett neve: Mechatronik Automatika Kft. projekt c\u00edme: V\u00e1llalati komplex infokommunik\u00e1ci\u00f3s fejleszt\u00e9sek a PEAS V\u00e1llalatir\u00e1ny\u00edt\u00e1si [&hellip;]<\/p>\n","protected":false},"author":1,"featured_media":0,"parent":0,"menu_order":0,"comment_status":"closed","ping_status":"closed","template":"","meta":{"footnotes":""},"yoast_head":"<!-- This site is optimized with the Yoast SEO plugin v23.4 - https:\/\/yoast.com\/wordpress\/plugins\/seo\/ -->\n<title>V\u00e1llalati komplex infokommunik\u00e1ci\u00f3s fejleszt\u00e9sek a PEAS V\u00e1llalatir\u00e1ny\u00edt\u00e1si Rendszer bevezet\u00e9s\u00e9vel a Mechatronik Automatika Kft.-n\u00e9l - Mechatronik Automatika Kft. - egyedi g\u00e9pgy\u00e1rt\u00e1s, automatiz\u00e1l\u00e1s, vez\u00e9rl\u00e9s fel\u00faj\u00edt\u00e1s, g\u00e9p\u00e9szeti nagyjav\u00edt\u00e1s, \u00e1raj\u00e1nlat, felm\u00e9r\u00e9s<\/title>\n<meta name=\"robots\" content=\"index, follow, max-snippet:-1, max-image-preview:large, max-video-preview:-1\" \/>\n<link rel=\"canonical\" href=\"http:\/\/www.mechatronik.hu\/index.php\/hu\/vallalati-komplex-infokommunikacios-fejlesztesek-peas-vallalatiranyitasi-rendszer-bevezetesevel-mechatronik-automatika-kft-nel\/\" \/>\n<meta property=\"og:locale\" content=\"hu_HU\" \/>\n<meta property=\"og:type\" content=\"article\" \/>\n<meta property=\"og:title\" content=\"V\u00e1llalati komplex infokommunik\u00e1ci\u00f3s fejleszt\u00e9sek a PEAS V\u00e1llalatir\u00e1ny\u00edt\u00e1si Rendszer bevezet\u00e9s\u00e9vel a Mechatronik Automatika Kft.-n\u00e9l - Mechatronik Automatika Kft. - egyedi g\u00e9pgy\u00e1rt\u00e1s, automatiz\u00e1l\u00e1s, vez\u00e9rl\u00e9s fel\u00faj\u00edt\u00e1s, g\u00e9p\u00e9szeti nagyjav\u00edt\u00e1s, \u00e1raj\u00e1nlat, felm\u00e9r\u00e9s\" \/>\n<meta property=\"og:description\" content=\"V\u00c1LLALATI KOMPLEX INFOKOMMUNIK\u00c1CI\u00d3S FEJLESZT\u00c9SEK A PEAS V\u00c1LLALATIR\u00c1NY\u00cdT\u00c1SI RENDSZER BEVEZET\u00c9S\u00c9VEL A MECHATRONIK AUTOMATIKA KFT.-N\u00c9L A projekt alapadatai: kedvezm\u00e9nyezett neve: Mechatronik Automatika Kft. projekt c\u00edme: V\u00e1llalati komplex infokommunik\u00e1ci\u00f3s fejleszt\u00e9sek a PEAS V\u00e1llalatir\u00e1ny\u00edt\u00e1si [&hellip;]\" \/>\n<meta property=\"og:url\" content=\"http:\/\/www.mechatronik.hu\/index.php\/hu\/vallalati-komplex-infokommunikacios-fejlesztesek-peas-vallalatiranyitasi-rendszer-bevezetesevel-mechatronik-automatika-kft-nel\/\" \/>\n<meta property=\"og:site_name\" content=\"Mechatronik Automatika Kft.\" \/>\n<meta property=\"article:modified_time\" content=\"2023-09-22T09:31:08+00:00\" \/>\n<meta property=\"og:image\" content=\"http:\/\/www.mechatronik.hu\/wp-content\/uploads\/infoblokk_kedv_final_felso_cmyk_ERFA.jpg\" \/>\n<meta name=\"twitter:card\" content=\"summary_large_image\" \/>\n<meta name=\"twitter:label1\" content=\"Becs\u00fclt olvas\u00e1si id\u0151\" \/>\n\t<meta name=\"twitter:data1\" content=\"2 perc\" \/>\n<script type=\"application\/ld+json\" class=\"yoast-schema-graph\">{\"@context\":\"https:\/\/schema.org\",\"@graph\":[{\"@type\":\"WebPage\",\"@id\":\"http:\/\/www.mechatronik.hu\/index.php\/hu\/vallalati-komplex-infokommunikacios-fejlesztesek-peas-vallalatiranyitasi-rendszer-bevezetesevel-mechatronik-automatika-kft-nel\/\",\"url\":\"http:\/\/www.mechatronik.hu\/index.php\/hu\/vallalati-komplex-infokommunikacios-fejlesztesek-peas-vallalatiranyitasi-rendszer-bevezetesevel-mechatronik-automatika-kft-nel\/\",\"name\":\"V\u00e1llalati komplex infokommunik\u00e1ci\u00f3s fejleszt\u00e9sek a PEAS V\u00e1llalatir\u00e1ny\u00edt\u00e1si Rendszer bevezet\u00e9s\u00e9vel a Mechatronik Automatika Kft.-n\u00e9l - Mechatronik Automatika Kft. - egyedi g\u00e9pgy\u00e1rt\u00e1s, automatiz\u00e1l\u00e1s, vez\u00e9rl\u00e9s fel\u00faj\u00edt\u00e1s, g\u00e9p\u00e9szeti nagyjav\u00edt\u00e1s, \u00e1raj\u00e1nlat, felm\u00e9r\u00e9s\",\"isPartOf\":{\"@id\":\"http:\/\/www.mechatronik.hu\/#website\"},\"primaryImageOfPage\":{\"@id\":\"http:\/\/www.mechatronik.hu\/index.php\/hu\/vallalati-komplex-infokommunikacios-fejlesztesek-peas-vallalatiranyitasi-rendszer-bevezetesevel-mechatronik-automatika-kft-nel\/#primaryimage\"},\"image\":{\"@id\":\"http:\/\/www.mechatronik.hu\/index.php\/hu\/vallalati-komplex-infokommunikacios-fejlesztesek-peas-vallalatiranyitasi-rendszer-bevezetesevel-mechatronik-automatika-kft-nel\/#primaryimage\"},\"thumbnailUrl\":\"http:\/\/www.mechatronik.hu\/wp-content\/uploads\/infoblokk_kedv_final_felso_cmyk_ERFA.jpg\",\"datePublished\":\"2018-09-02T15:14:35+00:00\",\"dateModified\":\"2023-09-22T09:31:08+00:00\",\"breadcrumb\":{\"@id\":\"http:\/\/www.mechatronik.hu\/index.php\/hu\/vallalati-komplex-infokommunikacios-fejlesztesek-peas-vallalatiranyitasi-rendszer-bevezetesevel-mechatronik-automatika-kft-nel\/#breadcrumb\"},\"inLanguage\":\"hu\",\"potentialAction\":[{\"@type\":\"ReadAction\",\"target\":[\"http:\/\/www.mechatronik.hu\/index.php\/hu\/vallalati-komplex-infokommunikacios-fejlesztesek-peas-vallalatiranyitasi-rendszer-bevezetesevel-mechatronik-automatika-kft-nel\/\"]}]},{\"@type\":\"ImageObject\",\"inLanguage\":\"hu\",\"@id\":\"http:\/\/www.mechatronik.hu\/index.php\/hu\/vallalati-komplex-infokommunikacios-fejlesztesek-peas-vallalatiranyitasi-rendszer-bevezetesevel-mechatronik-automatika-kft-nel\/#primaryimage\",\"url\":\"http:\/\/www.mechatronik.hu\/wp-content\/uploads\/infoblokk_kedv_final_felso_cmyk_ERFA.jpg\",\"contentUrl\":\"http:\/\/www.mechatronik.hu\/wp-content\/uploads\/infoblokk_kedv_final_felso_cmyk_ERFA.jpg\"},{\"@type\":\"BreadcrumbList\",\"@id\":\"http:\/\/www.mechatronik.hu\/index.php\/hu\/vallalati-komplex-infokommunikacios-fejlesztesek-peas-vallalatiranyitasi-rendszer-bevezetesevel-mechatronik-automatika-kft-nel\/#breadcrumb\",\"itemListElement\":[{\"@type\":\"ListItem\",\"position\":1,\"name\":\"Home\",\"item\":\"https:\/\/www.mechatronik.hu\/index.php\/de\/mechatronik-automatika-kft\/\"},{\"@type\":\"ListItem\",\"position\":2,\"name\":\"V\u00e1llalati komplex infokommunik\u00e1ci\u00f3s fejleszt\u00e9sek a PEAS V\u00e1llalatir\u00e1ny\u00edt\u00e1si Rendszer bevezet\u00e9s\u00e9vel a Mechatronik Automatika Kft.-n\u00e9l\"}]},{\"@type\":\"WebSite\",\"@id\":\"http:\/\/www.mechatronik.hu\/#website\",\"url\":\"http:\/\/www.mechatronik.hu\/\",\"name\":\"Mechatronik Automatika Kft.\",\"description\":\"Mechatronik Automatika Kft. - egyedi g\u00e9pgy\u00e1rt\u00e1s, ipari automatiz\u00e1l\u00e1s, vez\u00e9rl\u00e9s fel\u00faj\u00edt\u00e1s, g\u00e9p\u00e9szeti nagyjav\u00edt\u00e1s, \u00e1raj\u00e1nlat, felm\u00e9r\u00e9s\",\"publisher\":{\"@id\":\"http:\/\/www.mechatronik.hu\/#organization\"},\"potentialAction\":[{\"@type\":\"SearchAction\",\"target\":{\"@type\":\"EntryPoint\",\"urlTemplate\":\"http:\/\/www.mechatronik.hu\/?s={search_term_string}\"},\"query-input\":{\"@type\":\"PropertyValueSpecification\",\"valueRequired\":true,\"valueName\":\"search_term_string\"}}],\"inLanguage\":\"hu\"},{\"@type\":\"Organization\",\"@id\":\"http:\/\/www.mechatronik.hu\/#organization\",\"name\":\"Mechatronik Automatika Kft.\",\"url\":\"http:\/\/www.mechatronik.hu\/\",\"logo\":{\"@type\":\"ImageObject\",\"inLanguage\":\"hu\",\"@id\":\"http:\/\/www.mechatronik.hu\/#\/schema\/logo\/image\/\",\"url\":\"http:\/\/www.mechatronik.hu\/wp-content\/uploads\/MECHLOGO.png\",\"contentUrl\":\"http:\/\/www.mechatronik.hu\/wp-content\/uploads\/MECHLOGO.png\",\"width\":84,\"height\":78,\"caption\":\"Mechatronik Automatika Kft.\"},\"image\":{\"@id\":\"http:\/\/www.mechatronik.hu\/#\/schema\/logo\/image\/\"}}]}<\/script>\n<!-- \/ Yoast SEO plugin. -->","yoast_head_json":{"title":"V\u00e1llalati komplex infokommunik\u00e1ci\u00f3s fejleszt\u00e9sek a PEAS V\u00e1llalatir\u00e1ny\u00edt\u00e1si Rendszer bevezet\u00e9s\u00e9vel a Mechatronik Automatika Kft.-n\u00e9l - Mechatronik Automatika Kft. - egyedi g\u00e9pgy\u00e1rt\u00e1s, automatiz\u00e1l\u00e1s, vez\u00e9rl\u00e9s fel\u00faj\u00edt\u00e1s, g\u00e9p\u00e9szeti nagyjav\u00edt\u00e1s, \u00e1raj\u00e1nlat, felm\u00e9r\u00e9s","robots":{"index":"index","follow":"follow","max-snippet":"max-snippet:-1","max-image-preview":"max-image-preview:large","max-video-preview":"max-video-preview:-1"},"canonical":"http:\/\/www.mechatronik.hu\/index.php\/hu\/vallalati-komplex-infokommunikacios-fejlesztesek-peas-vallalatiranyitasi-rendszer-bevezetesevel-mechatronik-automatika-kft-nel\/","og_locale":"hu_HU","og_type":"article","og_title":"V\u00e1llalati komplex infokommunik\u00e1ci\u00f3s fejleszt\u00e9sek a PEAS V\u00e1llalatir\u00e1ny\u00edt\u00e1si Rendszer bevezet\u00e9s\u00e9vel a Mechatronik Automatika Kft.-n\u00e9l - Mechatronik Automatika Kft. - egyedi g\u00e9pgy\u00e1rt\u00e1s, automatiz\u00e1l\u00e1s, vez\u00e9rl\u00e9s fel\u00faj\u00edt\u00e1s, g\u00e9p\u00e9szeti nagyjav\u00edt\u00e1s, \u00e1raj\u00e1nlat, felm\u00e9r\u00e9s","og_description":"V\u00c1LLALATI KOMPLEX INFOKOMMUNIK\u00c1CI\u00d3S FEJLESZT\u00c9SEK A PEAS V\u00c1LLALATIR\u00c1NY\u00cdT\u00c1SI RENDSZER BEVEZET\u00c9S\u00c9VEL A MECHATRONIK AUTOMATIKA KFT.-N\u00c9L A projekt alapadatai: kedvezm\u00e9nyezett neve: Mechatronik Automatika Kft. projekt c\u00edme: V\u00e1llalati komplex infokommunik\u00e1ci\u00f3s fejleszt\u00e9sek a PEAS V\u00e1llalatir\u00e1ny\u00edt\u00e1si [&hellip;]","og_url":"http:\/\/www.mechatronik.hu\/index.php\/hu\/vallalati-komplex-infokommunikacios-fejlesztesek-peas-vallalatiranyitasi-rendszer-bevezetesevel-mechatronik-automatika-kft-nel\/","og_site_name":"Mechatronik Automatika Kft.","article_modified_time":"2023-09-22T09:31:08+00:00","og_image":[{"url":"http:\/\/www.mechatronik.hu\/wp-content\/uploads\/infoblokk_kedv_final_felso_cmyk_ERFA.jpg"}],"twitter_card":"summary_large_image","twitter_misc":{"Becs\u00fclt olvas\u00e1si id\u0151":"2 perc"},"schema":{"@context":"https:\/\/schema.org","@graph":[{"@type":"WebPage","@id":"http:\/\/www.mechatronik.hu\/index.php\/hu\/vallalati-komplex-infokommunikacios-fejlesztesek-peas-vallalatiranyitasi-rendszer-bevezetesevel-mechatronik-automatika-kft-nel\/","url":"http:\/\/www.mechatronik.hu\/index.php\/hu\/vallalati-komplex-infokommunikacios-fejlesztesek-peas-vallalatiranyitasi-rendszer-bevezetesevel-mechatronik-automatika-kft-nel\/","name":"V\u00e1llalati komplex infokommunik\u00e1ci\u00f3s fejleszt\u00e9sek a PEAS V\u00e1llalatir\u00e1ny\u00edt\u00e1si Rendszer bevezet\u00e9s\u00e9vel a Mechatronik Automatika Kft.-n\u00e9l - Mechatronik Automatika Kft. - egyedi g\u00e9pgy\u00e1rt\u00e1s, automatiz\u00e1l\u00e1s, vez\u00e9rl\u00e9s fel\u00faj\u00edt\u00e1s, g\u00e9p\u00e9szeti nagyjav\u00edt\u00e1s, \u00e1raj\u00e1nlat, felm\u00e9r\u00e9s","isPartOf":{"@id":"http:\/\/www.mechatronik.hu\/#website"},"primaryImageOfPage":{"@id":"http:\/\/www.mechatronik.hu\/index.php\/hu\/vallalati-komplex-infokommunikacios-fejlesztesek-peas-vallalatiranyitasi-rendszer-bevezetesevel-mechatronik-automatika-kft-nel\/#primaryimage"},"image":{"@id":"http:\/\/www.mechatronik.hu\/index.php\/hu\/vallalati-komplex-infokommunikacios-fejlesztesek-peas-vallalatiranyitasi-rendszer-bevezetesevel-mechatronik-automatika-kft-nel\/#primaryimage"},"thumbnailUrl":"http:\/\/www.mechatronik.hu\/wp-content\/uploads\/infoblokk_kedv_final_felso_cmyk_ERFA.jpg","datePublished":"2018-09-02T15:14:35+00:00","dateModified":"2023-09-22T09:31:08+00:00","breadcrumb":{"@id":"http:\/\/www.mechatronik.hu\/index.php\/hu\/vallalati-komplex-infokommunikacios-fejlesztesek-peas-vallalatiranyitasi-rendszer-bevezetesevel-mechatronik-automatika-kft-nel\/#breadcrumb"},"inLanguage":"hu","potentialAction":[{"@type":"ReadAction","target":["http:\/\/www.mechatronik.hu\/index.php\/hu\/vallalati-komplex-infokommunikacios-fejlesztesek-peas-vallalatiranyitasi-rendszer-bevezetesevel-mechatronik-automatika-kft-nel\/"]}]},{"@type":"ImageObject","inLanguage":"hu","@id":"http:\/\/www.mechatronik.hu\/index.php\/hu\/vallalati-komplex-infokommunikacios-fejlesztesek-peas-vallalatiranyitasi-rendszer-bevezetesevel-mechatronik-automatika-kft-nel\/#primaryimage","url":"http:\/\/www.mechatronik.hu\/wp-content\/uploads\/infoblokk_kedv_final_felso_cmyk_ERFA.jpg","contentUrl":"http:\/\/www.mechatronik.hu\/wp-content\/uploads\/infoblokk_kedv_final_felso_cmyk_ERFA.jpg"},{"@type":"BreadcrumbList","@id":"http:\/\/www.mechatronik.hu\/index.php\/hu\/vallalati-komplex-infokommunikacios-fejlesztesek-peas-vallalatiranyitasi-rendszer-bevezetesevel-mechatronik-automatika-kft-nel\/#breadcrumb","itemListElement":[{"@type":"ListItem","position":1,"name":"Home","item":"https:\/\/www.mechatronik.hu\/index.php\/de\/mechatronik-automatika-kft\/"},{"@type":"ListItem","position":2,"name":"V\u00e1llalati komplex infokommunik\u00e1ci\u00f3s fejleszt\u00e9sek a PEAS V\u00e1llalatir\u00e1ny\u00edt\u00e1si Rendszer bevezet\u00e9s\u00e9vel a Mechatronik Automatika Kft.-n\u00e9l"}]},{"@type":"WebSite","@id":"http:\/\/www.mechatronik.hu\/#website","url":"http:\/\/www.mechatronik.hu\/","name":"Mechatronik Automatika Kft.","description":"Mechatronik Automatika Kft. - egyedi g\u00e9pgy\u00e1rt\u00e1s, ipari automatiz\u00e1l\u00e1s, vez\u00e9rl\u00e9s fel\u00faj\u00edt\u00e1s, g\u00e9p\u00e9szeti nagyjav\u00edt\u00e1s, \u00e1raj\u00e1nlat, felm\u00e9r\u00e9s","publisher":{"@id":"http:\/\/www.mechatronik.hu\/#organization"},"potentialAction":[{"@type":"SearchAction","target":{"@type":"EntryPoint","urlTemplate":"http:\/\/www.mechatronik.hu\/?s={search_term_string}"},"query-input":{"@type":"PropertyValueSpecification","valueRequired":true,"valueName":"search_term_string"}}],"inLanguage":"hu"},{"@type":"Organization","@id":"http:\/\/www.mechatronik.hu\/#organization","name":"Mechatronik Automatika Kft.","url":"http:\/\/www.mechatronik.hu\/","logo":{"@type":"ImageObject","inLanguage":"hu","@id":"http:\/\/www.mechatronik.hu\/#\/schema\/logo\/image\/","url":"http:\/\/www.mechatronik.hu\/wp-content\/uploads\/MECHLOGO.png","contentUrl":"http:\/\/www.mechatronik.hu\/wp-content\/uploads\/MECHLOGO.png","width":84,"height":78,"caption":"Mechatronik Automatika Kft."},"image":{"@id":"http:\/\/www.mechatronik.hu\/#\/schema\/logo\/image\/"}}]}},"_links":{"self":[{"href":"http:\/\/www.mechatronik.hu\/index.php\/wp-json\/wp\/v2\/pages\/428"}],"collection":[{"href":"http:\/\/www.mechatronik.hu\/index.php\/wp-json\/wp\/v2\/pages"}],"about":[{"href":"http:\/\/www.mechatronik.hu\/index.php\/wp-json\/wp\/v2\/types\/page"}],"author":[{"embeddable":true,"href":"http:\/\/www.mechatronik.hu\/index.php\/wp-json\/wp\/v2\/users\/1"}],"replies":[{"embeddable":true,"href":"http:\/\/www.mechatronik.hu\/index.php\/wp-json\/wp\/v2\/comments?post=428"}],"version-history":[{"count":3,"href":"http:\/\/www.mechatronik.hu\/index.php\/wp-json\/wp\/v2\/pages\/428\/revisions"}],"predecessor-version":[{"id":482,"href":"http:\/\/www.mechatronik.hu\/index.php\/wp-json\/wp\/v2\/pages\/428\/revisions\/482"}],"wp:attachment":[{"href":"http:\/\/www.mechatronik.hu\/index.php\/wp-json\/wp\/v2\/media?parent=428"}],"curies":[{"name":"wp","href":"https:\/\/api.w.org\/{rel}","templated":true}]}}