{"id":445,"date":"2018-12-14T09:51:45","date_gmt":"2018-12-14T08:51:45","guid":{"rendered":"http:\/\/www.mechatronik.hu\/?page_id=445"},"modified":"2019-06-02T15:23:12","modified_gmt":"2019-06-02T14:23:12","slug":"munkavallaloi-kepzesek-megvalositasa-mechatronik-automatika-kft-nel","status":"publish","type":"page","link":"http:\/\/www.mechatronik.hu\/index.php\/hu\/munkavallaloi-kepzesek-megvalositasa-mechatronik-automatika-kft-nel\/","title":{"rendered":"Munkav\u00e1llal\u00f3i k\u00e9pz\u00e9sek megval\u00f3s\u00edt\u00e1sa a Mechatronik Automatika Kft.-n\u00e9l"},"content":{"rendered":"<div style=\"background: #ffffff; padding: 20px;\">\n<p><img loading=\"lazy\" decoding=\"async\" class=\"alignright wp-image-433\" src=\"http:\/\/www.mechatronik.hu\/wp-content\/uploads\/infoblokk_kedv_final_felso_cmyk_ESZA-300x207.jpg\" alt=\"\" width=\"434\" height=\"300\" srcset=\"http:\/\/www.mechatronik.hu\/wp-content\/uploads\/infoblokk_kedv_final_felso_cmyk_ESZA-300x207.jpg 300w, http:\/\/www.mechatronik.hu\/wp-content\/uploads\/infoblokk_kedv_final_felso_cmyk_ESZA-768x531.jpg 768w, http:\/\/www.mechatronik.hu\/wp-content\/uploads\/infoblokk_kedv_final_felso_cmyk_ESZA-1024x708.jpg 1024w, http:\/\/www.mechatronik.hu\/wp-content\/uploads\/infoblokk_kedv_final_felso_cmyk_ESZA.jpg 1453w\" sizes=\"(max-width: 434px) 100vw, 434px\" \/><\/p>\n<p>&nbsp;<\/p>\n<p>&nbsp;<\/p>\n<p><strong><span style=\"color: #0000ff;\">Munkav\u00e1llal\u00f3i k\u00e9pz\u00e9sek megval\u00f3s\u00edt\u00e1sa a Mechatronik Automatika Kft.-n\u00e9l<\/span><\/strong><\/p>\n<p>&nbsp;<br \/>\n<u>A projekt alapadatai:<\/u><\/p>\n<ul>\n<li>Projekt azonos\u00edt\u00f3: GINOP-6.1.6-17-2018-00235<\/li>\n<li>Elnyert t\u00e1mogat\u00e1s \u00f6sszege:  9 300 000 Ft<\/li>\n<li>T\u00e1mogat\u00e1s m\u00e9rt\u00e9ke: 100%<\/li>\n<\/ul>\n<p>&nbsp;<\/p>\n<p><u>A projekt le\u00edr\u00e1sa:<\/u><\/p>\n<p>A Gazdas\u00e1gfejleszt\u00e9si \u00e9s Innov\u00e1ci\u00f3s Operat\u00edv Program keret\u00e9n bel\u00fcl a P\u00e9nz\u00fcgyminiszt\u00e9rium \u201eMunkahelyi k\u00e9pz\u00e9sek t\u00e1mogat\u00e1sa mikro-, kis- \u00e9s k\u00f6z\u00e9pv\u00e1llalatok munkav\u00e1llal\u00f3i sz\u00e1m\u00e1ra\u201d c. felh\u00edv\u00e1sa alapj\u00e1n, a Mechatronik Automatika Kft. p\u00e1ly\u00e1zatot ny\u00fajtott be. GINOP-6.1.6-17-2018-00235 azonos\u00edt\u00f3 sz\u00e1m\u00fa t\u00e1mogat\u00e1si k\u00e9relem pozit\u00edv elb\u00edr\u00e1l\u00e1sban r\u00e9szes\u00fclt. Az Eur\u00f3pai Szoci\u00e1lis Alapb\u00f3l finansz\u00edrozott vissza nem t\u00e9r\u00edtend\u0151 t\u00e1mogat\u00e1s \u00f6sszege 9 300 000 Ft.<br \/>\nMunkav\u00e1llal\u00f3ink sz\u00e1m\u00e1ra a kommunik\u00e1ci\u00f3s, a vezet\u00e9si k\u00e9szs\u00e9gek fejleszt\u00e9se, valamint a csoportd\u00f6nt\u00e9s t\u00e1mogat\u00e1sa t\u00e9m\u00e1j\u00fa k\u00e9pz\u00e9seket szeretn\u00e9nk megval\u00f3s\u00edtani. A projekt sor\u00e1n a  k\u00e9pz\u00e9sek csak saj\u00e1t munkav\u00e1llal\u00f3ink sz\u00e1m\u00e1ra ker\u00fclnek lebonyol\u00edt\u00e1sra. A projekt sor\u00e1n nem ker\u00fcl sor k\u00fcls\u0151 szem\u00e9ly bevon\u00e1s\u00e1ra. A k\u00e9pz\u00e9sek lehet\u0151v\u00e9 teszik v\u00e1llalkoz\u00e1sunk versenyk\u00e9pes n\u00f6veked\u00e9s\u00e9t. <\/p>\n<p>A projekt megval\u00f3s\u00edt\u00e1s\u00e1nak tervezett befejez\u00e9se: 2019.12.31.<\/p>\n<p><img loading=\"lazy\" decoding=\"async\" class=\"aligncenter wp-image-225\" src=\"http:\/\/www.mechatronik.hu\/wp-content\/uploads\/szechenyi_2020_logo_fekvo_color_RGB.jpg\" alt=\"szechenyi_2020_logo_fekvo_color_RGB\" width=\"370\" height=\"143\" \/><\/p>\n<\/div>\n","protected":false},"excerpt":{"rendered":"<p>&nbsp; &nbsp; Munkav\u00e1llal\u00f3i k\u00e9pz\u00e9sek megval\u00f3s\u00edt\u00e1sa a Mechatronik Automatika Kft.-n\u00e9l &nbsp; A projekt alapadatai: Projekt azonos\u00edt\u00f3: GINOP-6.1.6-17-2018-00235 Elnyert t\u00e1mogat\u00e1s \u00f6sszege: 9 300 000 Ft T\u00e1mogat\u00e1s m\u00e9rt\u00e9ke: 100% &nbsp; A projekt le\u00edr\u00e1sa: [&hellip;]<\/p>\n","protected":false},"author":1,"featured_media":0,"parent":0,"menu_order":0,"comment_status":"closed","ping_status":"closed","template":"","meta":{"footnotes":""},"yoast_head":"<!-- This site is optimized with the Yoast SEO plugin v23.4 - https:\/\/yoast.com\/wordpress\/plugins\/seo\/ -->\n<title>Munkav\u00e1llal\u00f3i k\u00e9pz\u00e9sek megval\u00f3s\u00edt\u00e1sa a Mechatronik Automatika Kft.-n\u00e9l - Mechatronik Automatika Kft. - egyedi g\u00e9pgy\u00e1rt\u00e1s, automatiz\u00e1l\u00e1s, vez\u00e9rl\u00e9s fel\u00faj\u00edt\u00e1s, g\u00e9p\u00e9szeti nagyjav\u00edt\u00e1s, \u00e1raj\u00e1nlat, felm\u00e9r\u00e9s<\/title>\n<meta name=\"robots\" content=\"index, follow, max-snippet:-1, max-image-preview:large, max-video-preview:-1\" \/>\n<link rel=\"canonical\" href=\"http:\/\/www.mechatronik.hu\/index.php\/hu\/munkavallaloi-kepzesek-megvalositasa-mechatronik-automatika-kft-nel\/\" \/>\n<meta property=\"og:locale\" content=\"hu_HU\" \/>\n<meta property=\"og:type\" content=\"article\" \/>\n<meta property=\"og:title\" content=\"Munkav\u00e1llal\u00f3i k\u00e9pz\u00e9sek megval\u00f3s\u00edt\u00e1sa a Mechatronik Automatika Kft.-n\u00e9l - Mechatronik Automatika Kft. - egyedi g\u00e9pgy\u00e1rt\u00e1s, automatiz\u00e1l\u00e1s, vez\u00e9rl\u00e9s fel\u00faj\u00edt\u00e1s, g\u00e9p\u00e9szeti nagyjav\u00edt\u00e1s, \u00e1raj\u00e1nlat, felm\u00e9r\u00e9s\" \/>\n<meta property=\"og:description\" content=\"&nbsp; &nbsp; Munkav\u00e1llal\u00f3i k\u00e9pz\u00e9sek megval\u00f3s\u00edt\u00e1sa a Mechatronik Automatika Kft.-n\u00e9l &nbsp; A projekt alapadatai: Projekt azonos\u00edt\u00f3: GINOP-6.1.6-17-2018-00235 Elnyert t\u00e1mogat\u00e1s \u00f6sszege: 9 300 000 Ft T\u00e1mogat\u00e1s m\u00e9rt\u00e9ke: 100% &nbsp; A projekt le\u00edr\u00e1sa: [&hellip;]\" \/>\n<meta property=\"og:url\" content=\"http:\/\/www.mechatronik.hu\/index.php\/hu\/munkavallaloi-kepzesek-megvalositasa-mechatronik-automatika-kft-nel\/\" \/>\n<meta property=\"og:site_name\" content=\"Mechatronik Automatika Kft.\" \/>\n<meta property=\"article:modified_time\" content=\"2019-06-02T14:23:12+00:00\" \/>\n<meta property=\"og:image\" content=\"http:\/\/www.mechatronik.hu\/wp-content\/uploads\/infoblokk_kedv_final_felso_cmyk_ESZA-300x207.jpg\" \/>\n<meta name=\"twitter:card\" content=\"summary_large_image\" \/>\n<meta name=\"twitter:label1\" content=\"Becs\u00fclt olvas\u00e1si id\u0151\" \/>\n\t<meta name=\"twitter:data1\" content=\"1 perc\" \/>\n<script type=\"application\/ld+json\" class=\"yoast-schema-graph\">{\"@context\":\"https:\/\/schema.org\",\"@graph\":[{\"@type\":\"WebPage\",\"@id\":\"http:\/\/www.mechatronik.hu\/index.php\/hu\/munkavallaloi-kepzesek-megvalositasa-mechatronik-automatika-kft-nel\/\",\"url\":\"http:\/\/www.mechatronik.hu\/index.php\/hu\/munkavallaloi-kepzesek-megvalositasa-mechatronik-automatika-kft-nel\/\",\"name\":\"Munkav\u00e1llal\u00f3i k\u00e9pz\u00e9sek megval\u00f3s\u00edt\u00e1sa a Mechatronik Automatika Kft.-n\u00e9l - Mechatronik Automatika Kft. - egyedi g\u00e9pgy\u00e1rt\u00e1s, automatiz\u00e1l\u00e1s, vez\u00e9rl\u00e9s fel\u00faj\u00edt\u00e1s, g\u00e9p\u00e9szeti nagyjav\u00edt\u00e1s, \u00e1raj\u00e1nlat, felm\u00e9r\u00e9s\",\"isPartOf\":{\"@id\":\"http:\/\/www.mechatronik.hu\/#website\"},\"primaryImageOfPage\":{\"@id\":\"http:\/\/www.mechatronik.hu\/index.php\/hu\/munkavallaloi-kepzesek-megvalositasa-mechatronik-automatika-kft-nel\/#primaryimage\"},\"image\":{\"@id\":\"http:\/\/www.mechatronik.hu\/index.php\/hu\/munkavallaloi-kepzesek-megvalositasa-mechatronik-automatika-kft-nel\/#primaryimage\"},\"thumbnailUrl\":\"http:\/\/www.mechatronik.hu\/wp-content\/uploads\/infoblokk_kedv_final_felso_cmyk_ESZA-300x207.jpg\",\"datePublished\":\"2018-12-14T08:51:45+00:00\",\"dateModified\":\"2019-06-02T14:23:12+00:00\",\"breadcrumb\":{\"@id\":\"http:\/\/www.mechatronik.hu\/index.php\/hu\/munkavallaloi-kepzesek-megvalositasa-mechatronik-automatika-kft-nel\/#breadcrumb\"},\"inLanguage\":\"hu\",\"potentialAction\":[{\"@type\":\"ReadAction\",\"target\":[\"http:\/\/www.mechatronik.hu\/index.php\/hu\/munkavallaloi-kepzesek-megvalositasa-mechatronik-automatika-kft-nel\/\"]}]},{\"@type\":\"ImageObject\",\"inLanguage\":\"hu\",\"@id\":\"http:\/\/www.mechatronik.hu\/index.php\/hu\/munkavallaloi-kepzesek-megvalositasa-mechatronik-automatika-kft-nel\/#primaryimage\",\"url\":\"http:\/\/www.mechatronik.hu\/wp-content\/uploads\/infoblokk_kedv_final_felso_cmyk_ESZA.jpg\",\"contentUrl\":\"http:\/\/www.mechatronik.hu\/wp-content\/uploads\/infoblokk_kedv_final_felso_cmyk_ESZA.jpg\",\"width\":1453,\"height\":1004},{\"@type\":\"BreadcrumbList\",\"@id\":\"http:\/\/www.mechatronik.hu\/index.php\/hu\/munkavallaloi-kepzesek-megvalositasa-mechatronik-automatika-kft-nel\/#breadcrumb\",\"itemListElement\":[{\"@type\":\"ListItem\",\"position\":1,\"name\":\"Home\",\"item\":\"https:\/\/www.mechatronik.hu\/index.php\/de\/mechatronik-automatika-kft\/\"},{\"@type\":\"ListItem\",\"position\":2,\"name\":\"Munkav\u00e1llal\u00f3i k\u00e9pz\u00e9sek megval\u00f3s\u00edt\u00e1sa a Mechatronik Automatika Kft.-n\u00e9l\"}]},{\"@type\":\"WebSite\",\"@id\":\"http:\/\/www.mechatronik.hu\/#website\",\"url\":\"http:\/\/www.mechatronik.hu\/\",\"name\":\"Mechatronik Automatika Kft.\",\"description\":\"Mechatronik Automatika Kft. - egyedi g\u00e9pgy\u00e1rt\u00e1s, ipari automatiz\u00e1l\u00e1s, vez\u00e9rl\u00e9s fel\u00faj\u00edt\u00e1s, g\u00e9p\u00e9szeti nagyjav\u00edt\u00e1s, \u00e1raj\u00e1nlat, felm\u00e9r\u00e9s\",\"publisher\":{\"@id\":\"http:\/\/www.mechatronik.hu\/#organization\"},\"potentialAction\":[{\"@type\":\"SearchAction\",\"target\":{\"@type\":\"EntryPoint\",\"urlTemplate\":\"http:\/\/www.mechatronik.hu\/?s={search_term_string}\"},\"query-input\":{\"@type\":\"PropertyValueSpecification\",\"valueRequired\":true,\"valueName\":\"search_term_string\"}}],\"inLanguage\":\"hu\"},{\"@type\":\"Organization\",\"@id\":\"http:\/\/www.mechatronik.hu\/#organization\",\"name\":\"Mechatronik Automatika Kft.\",\"url\":\"http:\/\/www.mechatronik.hu\/\",\"logo\":{\"@type\":\"ImageObject\",\"inLanguage\":\"hu\",\"@id\":\"http:\/\/www.mechatronik.hu\/#\/schema\/logo\/image\/\",\"url\":\"http:\/\/www.mechatronik.hu\/wp-content\/uploads\/MECHLOGO.png\",\"contentUrl\":\"http:\/\/www.mechatronik.hu\/wp-content\/uploads\/MECHLOGO.png\",\"width\":84,\"height\":78,\"caption\":\"Mechatronik Automatika Kft.\"},\"image\":{\"@id\":\"http:\/\/www.mechatronik.hu\/#\/schema\/logo\/image\/\"}}]}<\/script>\n<!-- \/ Yoast SEO plugin. -->","yoast_head_json":{"title":"Munkav\u00e1llal\u00f3i k\u00e9pz\u00e9sek megval\u00f3s\u00edt\u00e1sa a Mechatronik Automatika Kft.-n\u00e9l - Mechatronik Automatika Kft. - egyedi g\u00e9pgy\u00e1rt\u00e1s, automatiz\u00e1l\u00e1s, vez\u00e9rl\u00e9s fel\u00faj\u00edt\u00e1s, g\u00e9p\u00e9szeti nagyjav\u00edt\u00e1s, \u00e1raj\u00e1nlat, felm\u00e9r\u00e9s","robots":{"index":"index","follow":"follow","max-snippet":"max-snippet:-1","max-image-preview":"max-image-preview:large","max-video-preview":"max-video-preview:-1"},"canonical":"http:\/\/www.mechatronik.hu\/index.php\/hu\/munkavallaloi-kepzesek-megvalositasa-mechatronik-automatika-kft-nel\/","og_locale":"hu_HU","og_type":"article","og_title":"Munkav\u00e1llal\u00f3i k\u00e9pz\u00e9sek megval\u00f3s\u00edt\u00e1sa a Mechatronik Automatika Kft.-n\u00e9l - Mechatronik Automatika Kft. - egyedi g\u00e9pgy\u00e1rt\u00e1s, automatiz\u00e1l\u00e1s, vez\u00e9rl\u00e9s fel\u00faj\u00edt\u00e1s, g\u00e9p\u00e9szeti nagyjav\u00edt\u00e1s, \u00e1raj\u00e1nlat, felm\u00e9r\u00e9s","og_description":"&nbsp; &nbsp; Munkav\u00e1llal\u00f3i k\u00e9pz\u00e9sek megval\u00f3s\u00edt\u00e1sa a Mechatronik Automatika Kft.-n\u00e9l &nbsp; A projekt alapadatai: Projekt azonos\u00edt\u00f3: GINOP-6.1.6-17-2018-00235 Elnyert t\u00e1mogat\u00e1s \u00f6sszege: 9 300 000 Ft T\u00e1mogat\u00e1s m\u00e9rt\u00e9ke: 100% &nbsp; A projekt le\u00edr\u00e1sa: [&hellip;]","og_url":"http:\/\/www.mechatronik.hu\/index.php\/hu\/munkavallaloi-kepzesek-megvalositasa-mechatronik-automatika-kft-nel\/","og_site_name":"Mechatronik Automatika Kft.","article_modified_time":"2019-06-02T14:23:12+00:00","og_image":[{"url":"http:\/\/www.mechatronik.hu\/wp-content\/uploads\/infoblokk_kedv_final_felso_cmyk_ESZA-300x207.jpg"}],"twitter_card":"summary_large_image","twitter_misc":{"Becs\u00fclt olvas\u00e1si id\u0151":"1 perc"},"schema":{"@context":"https:\/\/schema.org","@graph":[{"@type":"WebPage","@id":"http:\/\/www.mechatronik.hu\/index.php\/hu\/munkavallaloi-kepzesek-megvalositasa-mechatronik-automatika-kft-nel\/","url":"http:\/\/www.mechatronik.hu\/index.php\/hu\/munkavallaloi-kepzesek-megvalositasa-mechatronik-automatika-kft-nel\/","name":"Munkav\u00e1llal\u00f3i k\u00e9pz\u00e9sek megval\u00f3s\u00edt\u00e1sa a Mechatronik Automatika Kft.-n\u00e9l - Mechatronik Automatika Kft. - egyedi g\u00e9pgy\u00e1rt\u00e1s, automatiz\u00e1l\u00e1s, vez\u00e9rl\u00e9s fel\u00faj\u00edt\u00e1s, g\u00e9p\u00e9szeti nagyjav\u00edt\u00e1s, \u00e1raj\u00e1nlat, felm\u00e9r\u00e9s","isPartOf":{"@id":"http:\/\/www.mechatronik.hu\/#website"},"primaryImageOfPage":{"@id":"http:\/\/www.mechatronik.hu\/index.php\/hu\/munkavallaloi-kepzesek-megvalositasa-mechatronik-automatika-kft-nel\/#primaryimage"},"image":{"@id":"http:\/\/www.mechatronik.hu\/index.php\/hu\/munkavallaloi-kepzesek-megvalositasa-mechatronik-automatika-kft-nel\/#primaryimage"},"thumbnailUrl":"http:\/\/www.mechatronik.hu\/wp-content\/uploads\/infoblokk_kedv_final_felso_cmyk_ESZA-300x207.jpg","datePublished":"2018-12-14T08:51:45+00:00","dateModified":"2019-06-02T14:23:12+00:00","breadcrumb":{"@id":"http:\/\/www.mechatronik.hu\/index.php\/hu\/munkavallaloi-kepzesek-megvalositasa-mechatronik-automatika-kft-nel\/#breadcrumb"},"inLanguage":"hu","potentialAction":[{"@type":"ReadAction","target":["http:\/\/www.mechatronik.hu\/index.php\/hu\/munkavallaloi-kepzesek-megvalositasa-mechatronik-automatika-kft-nel\/"]}]},{"@type":"ImageObject","inLanguage":"hu","@id":"http:\/\/www.mechatronik.hu\/index.php\/hu\/munkavallaloi-kepzesek-megvalositasa-mechatronik-automatika-kft-nel\/#primaryimage","url":"http:\/\/www.mechatronik.hu\/wp-content\/uploads\/infoblokk_kedv_final_felso_cmyk_ESZA.jpg","contentUrl":"http:\/\/www.mechatronik.hu\/wp-content\/uploads\/infoblokk_kedv_final_felso_cmyk_ESZA.jpg","width":1453,"height":1004},{"@type":"BreadcrumbList","@id":"http:\/\/www.mechatronik.hu\/index.php\/hu\/munkavallaloi-kepzesek-megvalositasa-mechatronik-automatika-kft-nel\/#breadcrumb","itemListElement":[{"@type":"ListItem","position":1,"name":"Home","item":"https:\/\/www.mechatronik.hu\/index.php\/de\/mechatronik-automatika-kft\/"},{"@type":"ListItem","position":2,"name":"Munkav\u00e1llal\u00f3i k\u00e9pz\u00e9sek megval\u00f3s\u00edt\u00e1sa a Mechatronik Automatika Kft.-n\u00e9l"}]},{"@type":"WebSite","@id":"http:\/\/www.mechatronik.hu\/#website","url":"http:\/\/www.mechatronik.hu\/","name":"Mechatronik Automatika Kft.","description":"Mechatronik Automatika Kft. - egyedi g\u00e9pgy\u00e1rt\u00e1s, ipari automatiz\u00e1l\u00e1s, vez\u00e9rl\u00e9s fel\u00faj\u00edt\u00e1s, g\u00e9p\u00e9szeti nagyjav\u00edt\u00e1s, \u00e1raj\u00e1nlat, felm\u00e9r\u00e9s","publisher":{"@id":"http:\/\/www.mechatronik.hu\/#organization"},"potentialAction":[{"@type":"SearchAction","target":{"@type":"EntryPoint","urlTemplate":"http:\/\/www.mechatronik.hu\/?s={search_term_string}"},"query-input":{"@type":"PropertyValueSpecification","valueRequired":true,"valueName":"search_term_string"}}],"inLanguage":"hu"},{"@type":"Organization","@id":"http:\/\/www.mechatronik.hu\/#organization","name":"Mechatronik Automatika Kft.","url":"http:\/\/www.mechatronik.hu\/","logo":{"@type":"ImageObject","inLanguage":"hu","@id":"http:\/\/www.mechatronik.hu\/#\/schema\/logo\/image\/","url":"http:\/\/www.mechatronik.hu\/wp-content\/uploads\/MECHLOGO.png","contentUrl":"http:\/\/www.mechatronik.hu\/wp-content\/uploads\/MECHLOGO.png","width":84,"height":78,"caption":"Mechatronik Automatika Kft."},"image":{"@id":"http:\/\/www.mechatronik.hu\/#\/schema\/logo\/image\/"}}]}},"_links":{"self":[{"href":"http:\/\/www.mechatronik.hu\/index.php\/wp-json\/wp\/v2\/pages\/445"}],"collection":[{"href":"http:\/\/www.mechatronik.hu\/index.php\/wp-json\/wp\/v2\/pages"}],"about":[{"href":"http:\/\/www.mechatronik.hu\/index.php\/wp-json\/wp\/v2\/types\/page"}],"author":[{"embeddable":true,"href":"http:\/\/www.mechatronik.hu\/index.php\/wp-json\/wp\/v2\/users\/1"}],"replies":[{"embeddable":true,"href":"http:\/\/www.mechatronik.hu\/index.php\/wp-json\/wp\/v2\/comments?post=445"}],"version-history":[{"count":4,"href":"http:\/\/www.mechatronik.hu\/index.php\/wp-json\/wp\/v2\/pages\/445\/revisions"}],"predecessor-version":[{"id":452,"href":"http:\/\/www.mechatronik.hu\/index.php\/wp-json\/wp\/v2\/pages\/445\/revisions\/452"}],"wp:attachment":[{"href":"http:\/\/www.mechatronik.hu\/index.php\/wp-json\/wp\/v2\/media?parent=445"}],"curies":[{"name":"wp","href":"https:\/\/api.w.org\/{rel}","templated":true}]}}