{"id":149,"date":"2016-01-29T12:26:36","date_gmt":"2016-01-29T11:26:36","guid":{"rendered":"http:\/\/www.mechatronik.hu\/new\/?page_id=149"},"modified":"2023-07-06T14:46:10","modified_gmt":"2023-07-06T13:46:10","slug":"cegvezeteselerhetosegek","status":"publish","type":"page","link":"https:\/\/www.mechatronik.hu\/index.php\/en\/cegvezeteselerhetosegek\/","title":{"rendered":"El\u00e9rhet\u0151s\u00e9gek"},"content":{"rendered":"<table cellspacing=\"0\" cellpadding=\"0\">\n<tbody>\n<tr>\n<td style=\"vertical-align: middle;\">\n<h3>MECHATRONIK AUTOMATIKA KFT.<\/h3>\n<h5>H-6791 Szeged, Kond u. 1.<\/h5>\n<h5>Telefon: 62\/555-080<br \/>\nFax: 62\/555-082<br \/>\nEmail:<script type=\"text\/javascript\">\ndocument.write('automatika@' + 'mechatronik.hu');\n<\/script><\/h5>\n<h5>Nyitvatart\u00e1s: H-P 7:00-15:30<\/h5>\n<\/td>\n<td><iframe loading=\"lazy\" src=\"https:\/\/mapsengine.google.com\/map\/embed?mid=zrb-fT8cxW-E.kp8r1q-SSyNY\" width=\"400\" height=\"300\"><\/iframe><\/td>\n<\/tr>\n<\/tbody>\n<\/table>\n<p>&nbsp;<\/p>\n<table class=\" alignleft\" style=\"height: 62px; border-color: #f1f1f1; background-color: #f1f1f1;\" border=\"0\" width=\"500\" cellspacing=\"20\" cellpadding=\"20\">\n<tbody>\n<tr>\n<td><img loading=\"lazy\" decoding=\"async\" class=\"alignleft wp-image-264 size-medium\" src=\"http:\/\/ceghatekonysag.hu\/wp-content\/uploads\/2015\/05\/fej-243x300.png\" alt=\"fej\" width=\"243\" height=\"300\" \/><\/td>\n<td><img loading=\"lazy\" decoding=\"async\" class=\"alignleft wp-image-264 size-medium\" src=\"http:\/\/ceghatekonysag.hu\/wp-content\/uploads\/2015\/05\/fej-243x300.png\" alt=\"fej\" width=\"243\" height=\"300\" \/><\/td>\n<\/tr>\n<tr>\n<td>\n<h3><strong>BAL\u00c1ZS B\u00c9LA<\/strong><\/h3>\n<p>\u00dcgyvezet\u0151<br \/>\nvillamosm\u00e9rn\u00f6k<\/p>\n<p>Telefon: 20\/947-2243<\/p>\n<p>E-mail:<script type=\"text\/javascript\">\ndocument.write('balazsb@' + 'mechatronik.hu');\n<\/script><\/td>\n<td>\n<h3 style=\"text-align: left;\"><strong>SZ\u0170CS P\u00c9TER<\/strong><\/h3>\n<p style=\"text-align: left;\">G\u00e9p\u00e9szeti vezet\u0151<br \/>\ng\u00e9p\u00e9szm\u00e9rn\u00f6k<\/p>\n<p style=\"text-align: left;\">Telefon: 20\/457-2395<\/p>\n<p style=\"text-align: left;\">E-mail:szucsp@mechatronik.hu<\/p>\n<\/td>\n<\/tr>\n<\/tbody>\n<\/table>\n<p>&nbsp;<\/p>\n<p>&nbsp;<\/p>\n<p>&nbsp;<\/p>\n<p>&nbsp;<\/p>\n<p>&nbsp;<\/p>\n<p>&nbsp;<\/p>\n<p>&nbsp;<\/p>\n<p>&nbsp;<\/p>\n<p>&nbsp;<\/p>\n<p>&nbsp;<\/p>\n<p>&nbsp;<\/p>\n<p>&nbsp;<\/p>\n<p>&nbsp;<\/p>\n<p>&nbsp;<\/p>\n<p>&nbsp;<\/p>\n<p>&nbsp;<\/p>\n<p>&nbsp;<\/p>\n<p>&nbsp;<\/p>\n<p>&nbsp;<\/p>\n<p>&nbsp;<\/p>\n<p>&nbsp;<\/p>\n","protected":false},"excerpt":{"rendered":"<p>MECHATRONIK AUTOMATIKA KFT. H-6791 Szeged, Kond u. 1. Telefon: 62\/555-080 Fax: 62\/555-082 Email: Nyitvatart\u00e1s: H-P 7:00-15:30 &nbsp; BAL\u00c1ZS B\u00c9LA \u00dcgyvezet\u0151 villamosm\u00e9rn\u00f6k Telefon: 20\/947-2243 E-mail: SZ\u0170CS P\u00c9TER G\u00e9p\u00e9szeti vezet\u0151 g\u00e9p\u00e9szm\u00e9rn\u00f6k Telefon: [&hellip;]<\/p>\n","protected":false},"author":1,"featured_media":0,"parent":0,"menu_order":0,"comment_status":"closed","ping_status":"closed","template":"","meta":{"footnotes":""},"yoast_head":"<!-- This site is optimized with the Yoast SEO plugin v23.4 - https:\/\/yoast.com\/wordpress\/plugins\/seo\/ -->\n<title>El\u00e9rhet\u0151s\u00e9gek - Mechatronik Automatika Kft. - egyedi g\u00e9pgy\u00e1rt\u00e1s, automatiz\u00e1l\u00e1s, vez\u00e9rl\u00e9s fel\u00faj\u00edt\u00e1s, g\u00e9p\u00e9szeti nagyjav\u00edt\u00e1s, \u00e1raj\u00e1nlat, felm\u00e9r\u00e9s<\/title>\n<meta name=\"robots\" content=\"index, follow, max-snippet:-1, max-image-preview:large, max-video-preview:-1\" \/>\n<link rel=\"canonical\" href=\"https:\/\/www.mechatronik.hu\/index.php\/en\/cegvezeteselerhetosegek\/\" \/>\n<meta property=\"og:locale\" content=\"hu_HU\" \/>\n<meta property=\"og:type\" content=\"article\" \/>\n<meta property=\"og:title\" content=\"El\u00e9rhet\u0151s\u00e9gek - Mechatronik Automatika Kft. - egyedi g\u00e9pgy\u00e1rt\u00e1s, automatiz\u00e1l\u00e1s, vez\u00e9rl\u00e9s fel\u00faj\u00edt\u00e1s, g\u00e9p\u00e9szeti nagyjav\u00edt\u00e1s, \u00e1raj\u00e1nlat, felm\u00e9r\u00e9s\" \/>\n<meta property=\"og:description\" content=\"MECHATRONIK AUTOMATIKA KFT. H-6791 Szeged, Kond u. 1. Telefon: 62\/555-080 Fax: 62\/555-082 Email: Nyitvatart\u00e1s: H-P 7:00-15:30 &nbsp; BAL\u00c1ZS B\u00c9LA \u00dcgyvezet\u0151 villamosm\u00e9rn\u00f6k Telefon: 20\/947-2243 E-mail: SZ\u0170CS P\u00c9TER G\u00e9p\u00e9szeti vezet\u0151 g\u00e9p\u00e9szm\u00e9rn\u00f6k Telefon: [&hellip;]\" \/>\n<meta property=\"og:url\" content=\"https:\/\/www.mechatronik.hu\/index.php\/en\/cegvezeteselerhetosegek\/\" \/>\n<meta property=\"og:site_name\" content=\"Mechatronik Automatika Kft.\" \/>\n<meta property=\"article:modified_time\" content=\"2023-07-06T13:46:10+00:00\" \/>\n<meta property=\"og:image\" content=\"http:\/\/ceghatekonysag.hu\/wp-content\/uploads\/2015\/05\/fej-243x300.png\" \/>\n<meta name=\"twitter:card\" content=\"summary_large_image\" \/>\n<script type=\"application\/ld+json\" class=\"yoast-schema-graph\">{\"@context\":\"https:\/\/schema.org\",\"@graph\":[{\"@type\":\"WebPage\",\"@id\":\"https:\/\/www.mechatronik.hu\/index.php\/en\/cegvezeteselerhetosegek\/\",\"url\":\"https:\/\/www.mechatronik.hu\/index.php\/en\/cegvezeteselerhetosegek\/\",\"name\":\"El\u00e9rhet\u0151s\u00e9gek - Mechatronik Automatika Kft. - egyedi g\u00e9pgy\u00e1rt\u00e1s, automatiz\u00e1l\u00e1s, vez\u00e9rl\u00e9s fel\u00faj\u00edt\u00e1s, g\u00e9p\u00e9szeti nagyjav\u00edt\u00e1s, \u00e1raj\u00e1nlat, felm\u00e9r\u00e9s\",\"isPartOf\":{\"@id\":\"https:\/\/www.mechatronik.hu\/#website\"},\"primaryImageOfPage\":{\"@id\":\"https:\/\/www.mechatronik.hu\/index.php\/en\/cegvezeteselerhetosegek\/#primaryimage\"},\"image\":{\"@id\":\"https:\/\/www.mechatronik.hu\/index.php\/en\/cegvezeteselerhetosegek\/#primaryimage\"},\"thumbnailUrl\":\"http:\/\/ceghatekonysag.hu\/wp-content\/uploads\/2015\/05\/fej-243x300.png\",\"datePublished\":\"2016-01-29T11:26:36+00:00\",\"dateModified\":\"2023-07-06T13:46:10+00:00\",\"breadcrumb\":{\"@id\":\"https:\/\/www.mechatronik.hu\/index.php\/en\/cegvezeteselerhetosegek\/#breadcrumb\"},\"inLanguage\":\"hu\",\"potentialAction\":[{\"@type\":\"ReadAction\",\"target\":[\"https:\/\/www.mechatronik.hu\/index.php\/en\/cegvezeteselerhetosegek\/\"]}]},{\"@type\":\"ImageObject\",\"inLanguage\":\"hu\",\"@id\":\"https:\/\/www.mechatronik.hu\/index.php\/en\/cegvezeteselerhetosegek\/#primaryimage\",\"url\":\"http:\/\/ceghatekonysag.hu\/wp-content\/uploads\/2015\/05\/fej-243x300.png\",\"contentUrl\":\"http:\/\/ceghatekonysag.hu\/wp-content\/uploads\/2015\/05\/fej-243x300.png\"},{\"@type\":\"BreadcrumbList\",\"@id\":\"https:\/\/www.mechatronik.hu\/index.php\/en\/cegvezeteselerhetosegek\/#breadcrumb\",\"itemListElement\":[{\"@type\":\"ListItem\",\"position\":1,\"name\":\"Home\",\"item\":\"https:\/\/www.mechatronik.hu\/index.php\/de\/mechatronik-automatika-kft\/\"},{\"@type\":\"ListItem\",\"position\":2,\"name\":\"El\u00e9rhet\u0151s\u00e9gek\"}]},{\"@type\":\"WebSite\",\"@id\":\"https:\/\/www.mechatronik.hu\/#website\",\"url\":\"https:\/\/www.mechatronik.hu\/\",\"name\":\"Mechatronik Automatika Kft.\",\"description\":\"Mechatronik Automatika Kft. - egyedi g\u00e9pgy\u00e1rt\u00e1s, ipari automatiz\u00e1l\u00e1s, vez\u00e9rl\u00e9s fel\u00faj\u00edt\u00e1s, g\u00e9p\u00e9szeti nagyjav\u00edt\u00e1s, \u00e1raj\u00e1nlat, felm\u00e9r\u00e9s\",\"publisher\":{\"@id\":\"https:\/\/www.mechatronik.hu\/#organization\"},\"potentialAction\":[{\"@type\":\"SearchAction\",\"target\":{\"@type\":\"EntryPoint\",\"urlTemplate\":\"https:\/\/www.mechatronik.hu\/?s={search_term_string}\"},\"query-input\":{\"@type\":\"PropertyValueSpecification\",\"valueRequired\":true,\"valueName\":\"search_term_string\"}}],\"inLanguage\":\"hu\"},{\"@type\":\"Organization\",\"@id\":\"https:\/\/www.mechatronik.hu\/#organization\",\"name\":\"Mechatronik Automatika Kft.\",\"url\":\"https:\/\/www.mechatronik.hu\/\",\"logo\":{\"@type\":\"ImageObject\",\"inLanguage\":\"hu\",\"@id\":\"https:\/\/www.mechatronik.hu\/#\/schema\/logo\/image\/\",\"url\":\"http:\/\/www.mechatronik.hu\/wp-content\/uploads\/MECHLOGO.png\",\"contentUrl\":\"http:\/\/www.mechatronik.hu\/wp-content\/uploads\/MECHLOGO.png\",\"width\":84,\"height\":78,\"caption\":\"Mechatronik Automatika Kft.\"},\"image\":{\"@id\":\"https:\/\/www.mechatronik.hu\/#\/schema\/logo\/image\/\"}}]}<\/script>\n<!-- \/ Yoast SEO plugin. -->","yoast_head_json":{"title":"El\u00e9rhet\u0151s\u00e9gek - Mechatronik Automatika Kft. - egyedi g\u00e9pgy\u00e1rt\u00e1s, automatiz\u00e1l\u00e1s, vez\u00e9rl\u00e9s fel\u00faj\u00edt\u00e1s, g\u00e9p\u00e9szeti nagyjav\u00edt\u00e1s, \u00e1raj\u00e1nlat, felm\u00e9r\u00e9s","robots":{"index":"index","follow":"follow","max-snippet":"max-snippet:-1","max-image-preview":"max-image-preview:large","max-video-preview":"max-video-preview:-1"},"canonical":"https:\/\/www.mechatronik.hu\/index.php\/en\/cegvezeteselerhetosegek\/","og_locale":"hu_HU","og_type":"article","og_title":"El\u00e9rhet\u0151s\u00e9gek - Mechatronik Automatika Kft. - egyedi g\u00e9pgy\u00e1rt\u00e1s, automatiz\u00e1l\u00e1s, vez\u00e9rl\u00e9s fel\u00faj\u00edt\u00e1s, g\u00e9p\u00e9szeti nagyjav\u00edt\u00e1s, \u00e1raj\u00e1nlat, felm\u00e9r\u00e9s","og_description":"MECHATRONIK AUTOMATIKA KFT. H-6791 Szeged, Kond u. 1. Telefon: 62\/555-080 Fax: 62\/555-082 Email: Nyitvatart\u00e1s: H-P 7:00-15:30 &nbsp; BAL\u00c1ZS B\u00c9LA \u00dcgyvezet\u0151 villamosm\u00e9rn\u00f6k Telefon: 20\/947-2243 E-mail: SZ\u0170CS P\u00c9TER G\u00e9p\u00e9szeti vezet\u0151 g\u00e9p\u00e9szm\u00e9rn\u00f6k Telefon: [&hellip;]","og_url":"https:\/\/www.mechatronik.hu\/index.php\/en\/cegvezeteselerhetosegek\/","og_site_name":"Mechatronik Automatika Kft.","article_modified_time":"2023-07-06T13:46:10+00:00","og_image":[{"url":"http:\/\/ceghatekonysag.hu\/wp-content\/uploads\/2015\/05\/fej-243x300.png"}],"twitter_card":"summary_large_image","schema":{"@context":"https:\/\/schema.org","@graph":[{"@type":"WebPage","@id":"https:\/\/www.mechatronik.hu\/index.php\/en\/cegvezeteselerhetosegek\/","url":"https:\/\/www.mechatronik.hu\/index.php\/en\/cegvezeteselerhetosegek\/","name":"El\u00e9rhet\u0151s\u00e9gek - Mechatronik Automatika Kft. - egyedi g\u00e9pgy\u00e1rt\u00e1s, automatiz\u00e1l\u00e1s, vez\u00e9rl\u00e9s fel\u00faj\u00edt\u00e1s, g\u00e9p\u00e9szeti nagyjav\u00edt\u00e1s, \u00e1raj\u00e1nlat, felm\u00e9r\u00e9s","isPartOf":{"@id":"https:\/\/www.mechatronik.hu\/#website"},"primaryImageOfPage":{"@id":"https:\/\/www.mechatronik.hu\/index.php\/en\/cegvezeteselerhetosegek\/#primaryimage"},"image":{"@id":"https:\/\/www.mechatronik.hu\/index.php\/en\/cegvezeteselerhetosegek\/#primaryimage"},"thumbnailUrl":"http:\/\/ceghatekonysag.hu\/wp-content\/uploads\/2015\/05\/fej-243x300.png","datePublished":"2016-01-29T11:26:36+00:00","dateModified":"2023-07-06T13:46:10+00:00","breadcrumb":{"@id":"https:\/\/www.mechatronik.hu\/index.php\/en\/cegvezeteselerhetosegek\/#breadcrumb"},"inLanguage":"hu","potentialAction":[{"@type":"ReadAction","target":["https:\/\/www.mechatronik.hu\/index.php\/en\/cegvezeteselerhetosegek\/"]}]},{"@type":"ImageObject","inLanguage":"hu","@id":"https:\/\/www.mechatronik.hu\/index.php\/en\/cegvezeteselerhetosegek\/#primaryimage","url":"http:\/\/ceghatekonysag.hu\/wp-content\/uploads\/2015\/05\/fej-243x300.png","contentUrl":"http:\/\/ceghatekonysag.hu\/wp-content\/uploads\/2015\/05\/fej-243x300.png"},{"@type":"BreadcrumbList","@id":"https:\/\/www.mechatronik.hu\/index.php\/en\/cegvezeteselerhetosegek\/#breadcrumb","itemListElement":[{"@type":"ListItem","position":1,"name":"Home","item":"https:\/\/www.mechatronik.hu\/index.php\/de\/mechatronik-automatika-kft\/"},{"@type":"ListItem","position":2,"name":"El\u00e9rhet\u0151s\u00e9gek"}]},{"@type":"WebSite","@id":"https:\/\/www.mechatronik.hu\/#website","url":"https:\/\/www.mechatronik.hu\/","name":"Mechatronik Automatika Kft.","description":"Mechatronik Automatika Kft. - egyedi g\u00e9pgy\u00e1rt\u00e1s, ipari automatiz\u00e1l\u00e1s, vez\u00e9rl\u00e9s fel\u00faj\u00edt\u00e1s, g\u00e9p\u00e9szeti nagyjav\u00edt\u00e1s, \u00e1raj\u00e1nlat, felm\u00e9r\u00e9s","publisher":{"@id":"https:\/\/www.mechatronik.hu\/#organization"},"potentialAction":[{"@type":"SearchAction","target":{"@type":"EntryPoint","urlTemplate":"https:\/\/www.mechatronik.hu\/?s={search_term_string}"},"query-input":{"@type":"PropertyValueSpecification","valueRequired":true,"valueName":"search_term_string"}}],"inLanguage":"hu"},{"@type":"Organization","@id":"https:\/\/www.mechatronik.hu\/#organization","name":"Mechatronik Automatika Kft.","url":"https:\/\/www.mechatronik.hu\/","logo":{"@type":"ImageObject","inLanguage":"hu","@id":"https:\/\/www.mechatronik.hu\/#\/schema\/logo\/image\/","url":"http:\/\/www.mechatronik.hu\/wp-content\/uploads\/MECHLOGO.png","contentUrl":"http:\/\/www.mechatronik.hu\/wp-content\/uploads\/MECHLOGO.png","width":84,"height":78,"caption":"Mechatronik Automatika Kft."},"image":{"@id":"https:\/\/www.mechatronik.hu\/#\/schema\/logo\/image\/"}}]}},"_links":{"self":[{"href":"https:\/\/www.mechatronik.hu\/index.php\/wp-json\/wp\/v2\/pages\/149"}],"collection":[{"href":"https:\/\/www.mechatronik.hu\/index.php\/wp-json\/wp\/v2\/pages"}],"about":[{"href":"https:\/\/www.mechatronik.hu\/index.php\/wp-json\/wp\/v2\/types\/page"}],"author":[{"embeddable":true,"href":"https:\/\/www.mechatronik.hu\/index.php\/wp-json\/wp\/v2\/users\/1"}],"replies":[{"embeddable":true,"href":"https:\/\/www.mechatronik.hu\/index.php\/wp-json\/wp\/v2\/comments?post=149"}],"version-history":[{"count":28,"href":"https:\/\/www.mechatronik.hu\/index.php\/wp-json\/wp\/v2\/pages\/149\/revisions"}],"predecessor-version":[{"id":464,"href":"https:\/\/www.mechatronik.hu\/index.php\/wp-json\/wp\/v2\/pages\/149\/revisions\/464"}],"wp:attachment":[{"href":"https:\/\/www.mechatronik.hu\/index.php\/wp-json\/wp\/v2\/media?parent=149"}],"curies":[{"name":"wp","href":"https:\/\/api.w.org\/{rel}","templated":true}]}}