{"id":239,"date":"2016-06-27T07:26:51","date_gmt":"2016-06-27T06:26:51","guid":{"rendered":"http:\/\/www.mechatronik.hu\/?page_id=239"},"modified":"2023-05-12T14:46:46","modified_gmt":"2023-05-12T13:46:46","slug":"allas","status":"publish","type":"page","link":"https:\/\/www.mechatronik.hu\/index.php\/hu\/allas\/","title":{"rendered":"\u00c1ll\u00e1s, karrier lehet\u0151s\u00e9gek a Mechatronik Automatika Kft.-n\u00e9l"},"content":{"rendered":"<p>Folyamatos fejl\u0151d\u00e9s\u00fcnk \u00e9rdek\u00e9ben csapatunkat a k\u00f6vetkez\u0151 nyitott \u00e1ll\u00e1slehet\u0151s\u00e9gekre jelentkez\u0151 tehets\u00e9gekkel k\u00edv\u00e1njuk b\u0151v\u00edteni:<\/p>\n<h3><strong>G\u00e9p\u00e9szm\u00e9rn\u00f6k \u00e1ll\u00e1s:<\/strong><\/h3>\n<p style=\"padding-left: 30px;\"><strong>Feladatok:<\/strong><br \/>\n&#8211; G\u00e9pek, berendez\u00e9sek g\u00e9p\u00e9szeti terveinek elk\u00e9sz\u00edt\u00e9se.<br \/>\n&#8211; G\u00e9pek, berendez\u00e9sek \u00e9leszt\u00e9s\u00e9ben, be\u00fczemel\u00e9s\u00e9ben val\u00f3 k\u00f6zrem\u0171k\u00f6d\u00e9s.<br \/>\n&#8211; G\u00e9p\u00e9szeti karbantart\u00e1sok, hibakeres\u00e9sek, jav\u00edt\u00e1sok elv\u00e9gz\u00e9se.<\/p>\n<p style=\"padding-left: 30px;\"><strong>Elv\u00e1r\u00e1sok:<\/strong><br \/>\n&#8211; Fels\u0151fok\u00fa v\u00e9gzetts\u00e9g<br \/>\n&#8211; B kateg\u00f3ri\u00e1s jogos\u00edtv\u00e1ny<br \/>\n&#8211; Kiv\u00e1l\u00f3 sz\u00e1m\u00edt\u00f3g\u00e9pes ismeretek<br \/>\n&#8211; Gyakorlatban haszn\u00e1lhat\u00f3 szakmai ismeretek<br \/>\n&#8211; Nyitotts\u00e1g \u00e9s k\u00e9pess\u00e9g \u00faj ismeretek elsaj\u00e1t\u00edt\u00e1s\u00e1ra<br \/>\n&#8211; K\u00e9pes legyen \u00f6n\u00e1ll\u00f3 munkav\u00e9gz\u00e9sre, szeresse a kih\u00edv\u00e1sokat<br \/>\n&#8211; J\u00f3 munkab\u00edr\u00e1s<br \/>\n&#8211; J\u00f3 kommunik\u00e1ci\u00f3s k\u00e9szs\u00e9g<br \/>\n&#8211; Kiv\u00e1l\u00f3 felhaszn\u00e1l\u00f3i szint\u0171 sz\u00e1m\u00edt\u00e1stechnikai ismeretek \u00e9s internethaszn\u00e1lat<br \/>\n&#8211; Angol vagy n\u00e9met nyelvismeret<\/p>\n<p style=\"padding-left: 30px;\"><strong>El\u0151ny jelent:<\/strong><br \/>\n&#8211; Szakmai tapasztalat<br \/>\n&#8211; Pneumatikus \u00e9s hidraulikus ismeretek<br \/>\n&#8211; Solid Edge vagy m\u00e1s tervez\u0151rendszer haszn\u00e1lata<\/p>\n<p style=\"padding-left: 30px;\">Kiemelt figyelmet ford\u00edtunk a betan\u00edt\u00e1sra, beilleszked\u00e9sre \u00e9s el\u0151l\u00e9p\u00e9si lehet\u0151s\u00e9get biztos\u00edtunk a j\u00f3l teljes\u00edt\u0151 munkat\u00e1rsak r\u00e9sz\u00e9re.<br \/>\nJ\u00f6vedelemig\u00e9nyt is tartalmaz\u00f3 \u00f6n\u00e9letrajz\u00e1t v\u00e1rjuk:\u00a0<img decoding=\"async\" src=\"http:\/\/www.mechatronik.hu\/wp-content\/uploads\/allasmechatronikautomatikahu.jpg\" alt=\"allas (kukac) mechatronikautomatika (pont) hu\" \/>\u00a0c\u00edmre, az e-mail c\u00edmsor\u00e1ban k\u00e9rj\u00fck felt\u00fcntetni: \u201eG\u00e9p\u00e9szm\u00e9rn\u00f6k_W\u201d<\/p>\n<h3><strong>Villamosm\u00e9rn\u00f6k \u00e1ll\u00e1s:<\/strong><\/h3>\n<p style=\"padding-left: 30px;\"><strong>Feladatok:<\/strong><br \/>\n&#8211; G\u00e9pek, berendez\u00e9sek villamos terveinek elk\u00e9sz\u00edt\u00e9se<br \/>\n&#8211; PLC-k, oper\u00e1tor panelek programoz\u00e1sa<br \/>\n&#8211; Villamos hajt\u00e1sok be\u00fczemel\u00e9se<br \/>\n&#8211; G\u00e9pek, berendez\u00e9sek villamos \u00e9leszt\u00e9s\u00e9ben, be\u00fczemel\u00e9s\u00e9ben val\u00f3 k\u00f6zrem\u0171k\u00f6d\u00e9s<br \/>\n&#8211; Villamos hibakeres\u00e9sek, jav\u00edt\u00e1sok elv\u00e9gz\u00e9se<\/p>\n<p style=\"padding-left: 30px;\"><strong>Elv\u00e1r\u00e1sok:<\/strong><br \/>\n&#8211; Gyakorlatban haszn\u00e1lhat\u00f3 szakmai ismeretek<br \/>\n&#8211; Nyitotts\u00e1g \u00e9s k\u00e9pess\u00e9g \u00faj ismeretek elsaj\u00e1t\u00edt\u00e1s\u00e1ra<br \/>\n&#8211; K\u00e9pes legyen \u00f6n\u00e1ll\u00f3 munkav\u00e9gz\u00e9sre, szeresse a kih\u00edv\u00e1sokat<br \/>\n&#8211; J\u00f3 munkab\u00edr\u00e1s<br \/>\n&#8211; J\u00f3 kommunik\u00e1ci\u00f3s k\u00e9szs\u00e9g<br \/>\n&#8211; Kiv\u00e1l\u00f3 felhaszn\u00e1l\u00f3i szint\u0171 sz\u00e1m\u00edt\u00e1stechnikai ismeretek \u00e9s internethaszn\u00e1lat<br \/>\n&#8211; Angol vagy n\u00e9met nyelvismeret.<br \/>\n&#8211; B kateg\u00f3ri\u00e1s jogos\u00edtv\u00e1ny<\/p>\n<p style=\"padding-left: 30px;\"><strong>El\u0151ny jelent:<\/strong><br \/>\n&#8211; Szakmai tapasztalat<br \/>\n&#8211; G\u00e9p\u00e9szeti, pneumatikus \u00e9s hidraulikus ismeretek<\/p>\n<p style=\"padding-left: 30px;\">Kiemelt figyelmet ford\u00edtunk a betan\u00edt\u00e1sra, beilleszked\u00e9sre \u00e9s el\u0151l\u00e9p\u00e9si lehet\u0151s\u00e9get biztos\u00edtunk a j\u00f3l teljes\u00edt\u0151 munkat\u00e1rsak r\u00e9sz\u00e9re.<br \/>\nJ\u00f6vedelemig\u00e9nyt is tartalmaz\u00f3 \u00f6n\u00e9letrajz\u00e1t v\u00e1rjuk:\u00a0<img decoding=\"async\" src=\"http:\/\/www.mechatronik.hu\/wp-content\/uploads\/allasmechatronikautomatikahu.jpg\" alt=\"allas (kukac) mechatronikautomatika (pont) hu\" \/>\u00a0c\u00edmre, az e-mail c\u00edmsor\u00e1ban k\u00e9rj\u00fck felt\u00fcntetni: \u201eVillamosm\u00e9rn\u00f6k_W\u201d<\/p>\n","protected":false},"excerpt":{"rendered":"<p>Folyamatos fejl\u0151d\u00e9s\u00fcnk \u00e9rdek\u00e9ben csapatunkat a k\u00f6vetkez\u0151 nyitott \u00e1ll\u00e1slehet\u0151s\u00e9gekre jelentkez\u0151 tehets\u00e9gekkel k\u00edv\u00e1njuk b\u0151v\u00edteni: G\u00e9p\u00e9szm\u00e9rn\u00f6k \u00e1ll\u00e1s: Feladatok: &#8211; G\u00e9pek, berendez\u00e9sek g\u00e9p\u00e9szeti terveinek elk\u00e9sz\u00edt\u00e9se. &#8211; G\u00e9pek, berendez\u00e9sek \u00e9leszt\u00e9s\u00e9ben, be\u00fczemel\u00e9s\u00e9ben val\u00f3 k\u00f6zrem\u0171k\u00f6d\u00e9s. &#8211; G\u00e9p\u00e9szeti [&hellip;]<\/p>\n","protected":false},"author":1,"featured_media":0,"parent":0,"menu_order":0,"comment_status":"closed","ping_status":"closed","template":"","meta":{"footnotes":""},"yoast_head":"<!-- This site is optimized with the Yoast SEO plugin v23.4 - https:\/\/yoast.com\/wordpress\/plugins\/seo\/ -->\n<title>\u00c1ll\u00e1s, karrier lehet\u0151s\u00e9gek a Mechatronik Automatika Kft.-n\u00e9l - Mechatronik Automatika Kft. - egyedi g\u00e9pgy\u00e1rt\u00e1s, automatiz\u00e1l\u00e1s, vez\u00e9rl\u00e9s fel\u00faj\u00edt\u00e1s, g\u00e9p\u00e9szeti nagyjav\u00edt\u00e1s, \u00e1raj\u00e1nlat, felm\u00e9r\u00e9s<\/title>\n<meta name=\"robots\" content=\"index, follow, max-snippet:-1, max-image-preview:large, max-video-preview:-1\" \/>\n<link rel=\"canonical\" href=\"https:\/\/www.mechatronik.hu\/index.php\/hu\/allas\/\" \/>\n<meta property=\"og:locale\" content=\"hu_HU\" \/>\n<meta property=\"og:type\" content=\"article\" \/>\n<meta property=\"og:title\" content=\"\u00c1ll\u00e1s, karrier lehet\u0151s\u00e9gek a Mechatronik Automatika Kft.-n\u00e9l - Mechatronik Automatika Kft. - egyedi g\u00e9pgy\u00e1rt\u00e1s, automatiz\u00e1l\u00e1s, vez\u00e9rl\u00e9s fel\u00faj\u00edt\u00e1s, g\u00e9p\u00e9szeti nagyjav\u00edt\u00e1s, \u00e1raj\u00e1nlat, felm\u00e9r\u00e9s\" \/>\n<meta property=\"og:description\" content=\"Folyamatos fejl\u0151d\u00e9s\u00fcnk \u00e9rdek\u00e9ben csapatunkat a k\u00f6vetkez\u0151 nyitott \u00e1ll\u00e1slehet\u0151s\u00e9gekre jelentkez\u0151 tehets\u00e9gekkel k\u00edv\u00e1njuk b\u0151v\u00edteni: G\u00e9p\u00e9szm\u00e9rn\u00f6k \u00e1ll\u00e1s: Feladatok: &#8211; G\u00e9pek, berendez\u00e9sek g\u00e9p\u00e9szeti terveinek elk\u00e9sz\u00edt\u00e9se. &#8211; G\u00e9pek, berendez\u00e9sek \u00e9leszt\u00e9s\u00e9ben, be\u00fczemel\u00e9s\u00e9ben val\u00f3 k\u00f6zrem\u0171k\u00f6d\u00e9s. &#8211; G\u00e9p\u00e9szeti [&hellip;]\" \/>\n<meta property=\"og:url\" content=\"https:\/\/www.mechatronik.hu\/index.php\/hu\/allas\/\" \/>\n<meta property=\"og:site_name\" content=\"Mechatronik Automatika Kft.\" \/>\n<meta property=\"article:modified_time\" content=\"2023-05-12T13:46:46+00:00\" \/>\n<meta property=\"og:image\" content=\"http:\/\/www.mechatronik.hu\/wp-content\/uploads\/allasmechatronikautomatikahu.jpg\" \/>\n<meta name=\"twitter:card\" content=\"summary_large_image\" \/>\n<meta name=\"twitter:label1\" content=\"Becs\u00fclt olvas\u00e1si id\u0151\" \/>\n\t<meta name=\"twitter:data1\" content=\"2 perc\" \/>\n<script type=\"application\/ld+json\" class=\"yoast-schema-graph\">{\"@context\":\"https:\/\/schema.org\",\"@graph\":[{\"@type\":\"WebPage\",\"@id\":\"https:\/\/www.mechatronik.hu\/index.php\/hu\/allas\/\",\"url\":\"https:\/\/www.mechatronik.hu\/index.php\/hu\/allas\/\",\"name\":\"\u00c1ll\u00e1s, karrier lehet\u0151s\u00e9gek a Mechatronik Automatika Kft.-n\u00e9l - Mechatronik Automatika Kft. - egyedi g\u00e9pgy\u00e1rt\u00e1s, automatiz\u00e1l\u00e1s, vez\u00e9rl\u00e9s fel\u00faj\u00edt\u00e1s, g\u00e9p\u00e9szeti nagyjav\u00edt\u00e1s, \u00e1raj\u00e1nlat, felm\u00e9r\u00e9s\",\"isPartOf\":{\"@id\":\"https:\/\/www.mechatronik.hu\/#website\"},\"primaryImageOfPage\":{\"@id\":\"https:\/\/www.mechatronik.hu\/index.php\/hu\/allas\/#primaryimage\"},\"image\":{\"@id\":\"https:\/\/www.mechatronik.hu\/index.php\/hu\/allas\/#primaryimage\"},\"thumbnailUrl\":\"http:\/\/www.mechatronik.hu\/wp-content\/uploads\/allasmechatronikautomatikahu.jpg\",\"datePublished\":\"2016-06-27T06:26:51+00:00\",\"dateModified\":\"2023-05-12T13:46:46+00:00\",\"breadcrumb\":{\"@id\":\"https:\/\/www.mechatronik.hu\/index.php\/hu\/allas\/#breadcrumb\"},\"inLanguage\":\"hu\",\"potentialAction\":[{\"@type\":\"ReadAction\",\"target\":[\"https:\/\/www.mechatronik.hu\/index.php\/hu\/allas\/\"]}]},{\"@type\":\"ImageObject\",\"inLanguage\":\"hu\",\"@id\":\"https:\/\/www.mechatronik.hu\/index.php\/hu\/allas\/#primaryimage\",\"url\":\"https:\/\/www.mechatronik.hu\/wp-content\/uploads\/allasmechatronikautomatikahu.jpg\",\"contentUrl\":\"https:\/\/www.mechatronik.hu\/wp-content\/uploads\/allasmechatronikautomatikahu.jpg\",\"width\":246,\"height\":24},{\"@type\":\"BreadcrumbList\",\"@id\":\"https:\/\/www.mechatronik.hu\/index.php\/hu\/allas\/#breadcrumb\",\"itemListElement\":[{\"@type\":\"ListItem\",\"position\":1,\"name\":\"Home\",\"item\":\"https:\/\/www.mechatronik.hu\/index.php\/de\/mechatronik-automatika-kft\/\"},{\"@type\":\"ListItem\",\"position\":2,\"name\":\"\u00c1ll\u00e1s, karrier lehet\u0151s\u00e9gek a Mechatronik Automatika Kft.-n\u00e9l\"}]},{\"@type\":\"WebSite\",\"@id\":\"https:\/\/www.mechatronik.hu\/#website\",\"url\":\"https:\/\/www.mechatronik.hu\/\",\"name\":\"Mechatronik Automatika Kft.\",\"description\":\"Mechatronik Automatika Kft. - egyedi g\u00e9pgy\u00e1rt\u00e1s, ipari automatiz\u00e1l\u00e1s, vez\u00e9rl\u00e9s fel\u00faj\u00edt\u00e1s, g\u00e9p\u00e9szeti nagyjav\u00edt\u00e1s, \u00e1raj\u00e1nlat, felm\u00e9r\u00e9s\",\"publisher\":{\"@id\":\"https:\/\/www.mechatronik.hu\/#organization\"},\"potentialAction\":[{\"@type\":\"SearchAction\",\"target\":{\"@type\":\"EntryPoint\",\"urlTemplate\":\"https:\/\/www.mechatronik.hu\/?s={search_term_string}\"},\"query-input\":{\"@type\":\"PropertyValueSpecification\",\"valueRequired\":true,\"valueName\":\"search_term_string\"}}],\"inLanguage\":\"hu\"},{\"@type\":\"Organization\",\"@id\":\"https:\/\/www.mechatronik.hu\/#organization\",\"name\":\"Mechatronik Automatika Kft.\",\"url\":\"https:\/\/www.mechatronik.hu\/\",\"logo\":{\"@type\":\"ImageObject\",\"inLanguage\":\"hu\",\"@id\":\"https:\/\/www.mechatronik.hu\/#\/schema\/logo\/image\/\",\"url\":\"http:\/\/www.mechatronik.hu\/wp-content\/uploads\/MECHLOGO.png\",\"contentUrl\":\"http:\/\/www.mechatronik.hu\/wp-content\/uploads\/MECHLOGO.png\",\"width\":84,\"height\":78,\"caption\":\"Mechatronik Automatika Kft.\"},\"image\":{\"@id\":\"https:\/\/www.mechatronik.hu\/#\/schema\/logo\/image\/\"}}]}<\/script>\n<!-- \/ Yoast SEO plugin. -->","yoast_head_json":{"title":"\u00c1ll\u00e1s, karrier lehet\u0151s\u00e9gek a Mechatronik Automatika Kft.-n\u00e9l - Mechatronik Automatika Kft. - egyedi g\u00e9pgy\u00e1rt\u00e1s, automatiz\u00e1l\u00e1s, vez\u00e9rl\u00e9s fel\u00faj\u00edt\u00e1s, g\u00e9p\u00e9szeti nagyjav\u00edt\u00e1s, \u00e1raj\u00e1nlat, felm\u00e9r\u00e9s","robots":{"index":"index","follow":"follow","max-snippet":"max-snippet:-1","max-image-preview":"max-image-preview:large","max-video-preview":"max-video-preview:-1"},"canonical":"https:\/\/www.mechatronik.hu\/index.php\/hu\/allas\/","og_locale":"hu_HU","og_type":"article","og_title":"\u00c1ll\u00e1s, karrier lehet\u0151s\u00e9gek a Mechatronik Automatika Kft.-n\u00e9l - Mechatronik Automatika Kft. - egyedi g\u00e9pgy\u00e1rt\u00e1s, automatiz\u00e1l\u00e1s, vez\u00e9rl\u00e9s fel\u00faj\u00edt\u00e1s, g\u00e9p\u00e9szeti nagyjav\u00edt\u00e1s, \u00e1raj\u00e1nlat, felm\u00e9r\u00e9s","og_description":"Folyamatos fejl\u0151d\u00e9s\u00fcnk \u00e9rdek\u00e9ben csapatunkat a k\u00f6vetkez\u0151 nyitott \u00e1ll\u00e1slehet\u0151s\u00e9gekre jelentkez\u0151 tehets\u00e9gekkel k\u00edv\u00e1njuk b\u0151v\u00edteni: G\u00e9p\u00e9szm\u00e9rn\u00f6k \u00e1ll\u00e1s: Feladatok: &#8211; G\u00e9pek, berendez\u00e9sek g\u00e9p\u00e9szeti terveinek elk\u00e9sz\u00edt\u00e9se. &#8211; G\u00e9pek, berendez\u00e9sek \u00e9leszt\u00e9s\u00e9ben, be\u00fczemel\u00e9s\u00e9ben val\u00f3 k\u00f6zrem\u0171k\u00f6d\u00e9s. &#8211; G\u00e9p\u00e9szeti [&hellip;]","og_url":"https:\/\/www.mechatronik.hu\/index.php\/hu\/allas\/","og_site_name":"Mechatronik Automatika Kft.","article_modified_time":"2023-05-12T13:46:46+00:00","og_image":[{"url":"http:\/\/www.mechatronik.hu\/wp-content\/uploads\/allasmechatronikautomatikahu.jpg"}],"twitter_card":"summary_large_image","twitter_misc":{"Becs\u00fclt olvas\u00e1si id\u0151":"2 perc"},"schema":{"@context":"https:\/\/schema.org","@graph":[{"@type":"WebPage","@id":"https:\/\/www.mechatronik.hu\/index.php\/hu\/allas\/","url":"https:\/\/www.mechatronik.hu\/index.php\/hu\/allas\/","name":"\u00c1ll\u00e1s, karrier lehet\u0151s\u00e9gek a Mechatronik Automatika Kft.-n\u00e9l - Mechatronik Automatika Kft. - egyedi g\u00e9pgy\u00e1rt\u00e1s, automatiz\u00e1l\u00e1s, vez\u00e9rl\u00e9s fel\u00faj\u00edt\u00e1s, g\u00e9p\u00e9szeti nagyjav\u00edt\u00e1s, \u00e1raj\u00e1nlat, felm\u00e9r\u00e9s","isPartOf":{"@id":"https:\/\/www.mechatronik.hu\/#website"},"primaryImageOfPage":{"@id":"https:\/\/www.mechatronik.hu\/index.php\/hu\/allas\/#primaryimage"},"image":{"@id":"https:\/\/www.mechatronik.hu\/index.php\/hu\/allas\/#primaryimage"},"thumbnailUrl":"http:\/\/www.mechatronik.hu\/wp-content\/uploads\/allasmechatronikautomatikahu.jpg","datePublished":"2016-06-27T06:26:51+00:00","dateModified":"2023-05-12T13:46:46+00:00","breadcrumb":{"@id":"https:\/\/www.mechatronik.hu\/index.php\/hu\/allas\/#breadcrumb"},"inLanguage":"hu","potentialAction":[{"@type":"ReadAction","target":["https:\/\/www.mechatronik.hu\/index.php\/hu\/allas\/"]}]},{"@type":"ImageObject","inLanguage":"hu","@id":"https:\/\/www.mechatronik.hu\/index.php\/hu\/allas\/#primaryimage","url":"https:\/\/www.mechatronik.hu\/wp-content\/uploads\/allasmechatronikautomatikahu.jpg","contentUrl":"https:\/\/www.mechatronik.hu\/wp-content\/uploads\/allasmechatronikautomatikahu.jpg","width":246,"height":24},{"@type":"BreadcrumbList","@id":"https:\/\/www.mechatronik.hu\/index.php\/hu\/allas\/#breadcrumb","itemListElement":[{"@type":"ListItem","position":1,"name":"Home","item":"https:\/\/www.mechatronik.hu\/index.php\/de\/mechatronik-automatika-kft\/"},{"@type":"ListItem","position":2,"name":"\u00c1ll\u00e1s, karrier lehet\u0151s\u00e9gek a Mechatronik Automatika Kft.-n\u00e9l"}]},{"@type":"WebSite","@id":"https:\/\/www.mechatronik.hu\/#website","url":"https:\/\/www.mechatronik.hu\/","name":"Mechatronik Automatika Kft.","description":"Mechatronik Automatika Kft. - egyedi g\u00e9pgy\u00e1rt\u00e1s, ipari automatiz\u00e1l\u00e1s, vez\u00e9rl\u00e9s fel\u00faj\u00edt\u00e1s, g\u00e9p\u00e9szeti nagyjav\u00edt\u00e1s, \u00e1raj\u00e1nlat, felm\u00e9r\u00e9s","publisher":{"@id":"https:\/\/www.mechatronik.hu\/#organization"},"potentialAction":[{"@type":"SearchAction","target":{"@type":"EntryPoint","urlTemplate":"https:\/\/www.mechatronik.hu\/?s={search_term_string}"},"query-input":{"@type":"PropertyValueSpecification","valueRequired":true,"valueName":"search_term_string"}}],"inLanguage":"hu"},{"@type":"Organization","@id":"https:\/\/www.mechatronik.hu\/#organization","name":"Mechatronik Automatika Kft.","url":"https:\/\/www.mechatronik.hu\/","logo":{"@type":"ImageObject","inLanguage":"hu","@id":"https:\/\/www.mechatronik.hu\/#\/schema\/logo\/image\/","url":"http:\/\/www.mechatronik.hu\/wp-content\/uploads\/MECHLOGO.png","contentUrl":"http:\/\/www.mechatronik.hu\/wp-content\/uploads\/MECHLOGO.png","width":84,"height":78,"caption":"Mechatronik Automatika Kft."},"image":{"@id":"https:\/\/www.mechatronik.hu\/#\/schema\/logo\/image\/"}}]}},"_links":{"self":[{"href":"https:\/\/www.mechatronik.hu\/index.php\/wp-json\/wp\/v2\/pages\/239"}],"collection":[{"href":"https:\/\/www.mechatronik.hu\/index.php\/wp-json\/wp\/v2\/pages"}],"about":[{"href":"https:\/\/www.mechatronik.hu\/index.php\/wp-json\/wp\/v2\/types\/page"}],"author":[{"embeddable":true,"href":"https:\/\/www.mechatronik.hu\/index.php\/wp-json\/wp\/v2\/users\/1"}],"replies":[{"embeddable":true,"href":"https:\/\/www.mechatronik.hu\/index.php\/wp-json\/wp\/v2\/comments?post=239"}],"version-history":[{"count":10,"href":"https:\/\/www.mechatronik.hu\/index.php\/wp-json\/wp\/v2\/pages\/239\/revisions"}],"predecessor-version":[{"id":453,"href":"https:\/\/www.mechatronik.hu\/index.php\/wp-json\/wp\/v2\/pages\/239\/revisions\/453"}],"wp:attachment":[{"href":"https:\/\/www.mechatronik.hu\/index.php\/wp-json\/wp\/v2\/media?parent=239"}],"curies":[{"name":"wp","href":"https:\/\/api.w.org\/{rel}","templated":true}]}}