{"id":262,"date":"2016-09-20T12:41:22","date_gmt":"2016-09-20T11:41:22","guid":{"rendered":"http:\/\/www.mechatronik.hu\/?page_id=262"},"modified":"2016-10-25T12:17:04","modified_gmt":"2016-10-25T11:17:04","slug":"kind-solution-can-provide","status":"publish","type":"page","link":"https:\/\/www.mechatronik.hu\/index.php\/en\/kind-solution-can-provide\/","title":{"rendered":"What kind of solutions we provide?"},"content":{"rendered":"<p style=\"text-align: justify;\">Share us your ideas related with the mechanical design and implementation of industrial production equipment and PLC control or your need for  special engineering.\n<\/p>\n<p><img loading=\"lazy\" decoding=\"async\" class=\"aligncenter size-full wp-image-160\" src=\"http:\/\/www.mechatronik.hu\/wp-content\/uploads\/mivel-foglalkozunkEN.png\" alt=\"mivel-foglalkozunk01\" width=\"1040\" height=\"269\" \/><\/p>\n<h2><b>When a custom-made machine is needed <\/b><\/h2>\n<p style=\"text-align: justify;\">Following the assessment and the description our customers\u2019 requirements, the specific equipment is constructed and installed according to the design prepared by our qualified colleagues.<\/p>\n<p style=\"text-align: justify;\">Our reliable special purpose machines provide solution for the production of small and large serials and of different lots included in your production plan.<\/p>\n<p style=\"text-align: justify;\">Our team performs the development and expansion of existing production lines with proven expertise that allows the economical production in higher volume and in better quality. <\/p>\n<p>&nbsp;<\/p>\n<h2><b>When there is a need for  the modification of your production equipment <\/b><\/h2>\n<p style=\"text-align: justify;\">We propose plans for the feasible modifications on your existing machinery in order to  make them suitable for the production of better quality, higher volume  and if it is a requirement,  the equipment will meet  other (e.g. labour safety) criteria as well with a small investment.\n<\/p>\n<p><b>We offer the most diverse solutions for any problem that may arise:<\/b><\/p>\n<ol>\n<li>our experts modernize the control unit of your existing machines<\/li>\n<li>our team realize the necessary mechanical modifications <\/li>\n<\/ol>\n<p>&nbsp;<\/p>\n<h2><b>In case your machine need repair or refurbishment<\/b><\/h2>\n<p style=\"text-align: justify;\">We perform the repairs and refurbishments according to the actual machine status that will result safer production, improved productivity and product quality.<\/p>\n<p style=\"text-align: justify;\">In addition to the engineering works we are ready to repair and renew the electrical installations as well.<\/p>\n<p>&nbsp;<\/p>\n<h2><b>When your machine must be relocated   <\/b><\/h2>\n<p style=\"text-align: justify;\">Our colleagues implement the electrical and mechanical disassembling, relocation, reassembling and re-commissioning of your machine with great care and expertise.<\/p>\n<p style=\"text-align: justify;\">These kind of operations are usually ordered in the occasion of technological reconstruction projects, following a building expansion or the construction of a new hall in order to optimize and improve production efficiency.\n<\/p>\n<p>&nbsp;<\/p>\n","protected":false},"excerpt":{"rendered":"<p>Share us your ideas related with the mechanical design and implementation of industrial production equipment and PLC control or your need for special engineering. When a custom-made machine is needed [&hellip;]<\/p>\n","protected":false},"author":1,"featured_media":0,"parent":0,"menu_order":0,"comment_status":"closed","ping_status":"open","template":"","meta":{"footnotes":""},"yoast_head":"<!-- This site is optimized with the Yoast SEO plugin v23.4 - https:\/\/yoast.com\/wordpress\/plugins\/seo\/ -->\n<title>What kind of solutions we provide? - Mechatronik Automatika Kft. - egyedi g\u00e9pgy\u00e1rt\u00e1s, automatiz\u00e1l\u00e1s, vez\u00e9rl\u00e9s fel\u00faj\u00edt\u00e1s, g\u00e9p\u00e9szeti nagyjav\u00edt\u00e1s, \u00e1raj\u00e1nlat, felm\u00e9r\u00e9s<\/title>\n<meta name=\"description\" content=\"Megrendel\u0151ink b\u00e1tran fordulhatnak hozz\u00e1nk ipari termel\u0151 berendez\u00e9sek teljes k\u00f6r\u0171 g\u00e9p\u00e9szeti tervez\u00e9s\u00e9vel, kivitelez\u00e9s\u00e9vel kapcsolatban.\" \/>\n<meta name=\"robots\" content=\"index, follow, max-snippet:-1, max-image-preview:large, max-video-preview:-1\" \/>\n<link rel=\"canonical\" href=\"https:\/\/www.mechatronik.hu\/index.php\/en\/kind-solution-can-provide\/\" \/>\n<meta property=\"og:locale\" content=\"hu_HU\" \/>\n<meta property=\"og:type\" content=\"article\" \/>\n<meta property=\"og:title\" content=\"What kind of solutions we provide? - Mechatronik Automatika Kft. - egyedi g\u00e9pgy\u00e1rt\u00e1s, automatiz\u00e1l\u00e1s, vez\u00e9rl\u00e9s fel\u00faj\u00edt\u00e1s, g\u00e9p\u00e9szeti nagyjav\u00edt\u00e1s, \u00e1raj\u00e1nlat, felm\u00e9r\u00e9s\" \/>\n<meta property=\"og:description\" content=\"Megrendel\u0151ink b\u00e1tran fordulhatnak hozz\u00e1nk ipari termel\u0151 berendez\u00e9sek teljes k\u00f6r\u0171 g\u00e9p\u00e9szeti tervez\u00e9s\u00e9vel, kivitelez\u00e9s\u00e9vel kapcsolatban.\" \/>\n<meta property=\"og:url\" content=\"https:\/\/www.mechatronik.hu\/index.php\/en\/kind-solution-can-provide\/\" \/>\n<meta property=\"og:site_name\" content=\"Mechatronik Automatika Kft.\" \/>\n<meta property=\"article:modified_time\" content=\"2016-10-25T11:17:04+00:00\" \/>\n<meta property=\"og:image\" content=\"http:\/\/www.mechatronik.hu\/wp-content\/uploads\/mivel-foglalkozunkEN.png\" \/>\n<meta name=\"twitter:card\" content=\"summary_large_image\" \/>\n<meta name=\"twitter:label1\" content=\"Becs\u00fclt olvas\u00e1si id\u0151\" \/>\n\t<meta name=\"twitter:data1\" content=\"2 perc\" \/>\n<script type=\"application\/ld+json\" class=\"yoast-schema-graph\">{\"@context\":\"https:\/\/schema.org\",\"@graph\":[{\"@type\":\"WebPage\",\"@id\":\"https:\/\/www.mechatronik.hu\/index.php\/en\/kind-solution-can-provide\/\",\"url\":\"https:\/\/www.mechatronik.hu\/index.php\/en\/kind-solution-can-provide\/\",\"name\":\"What kind of solutions we provide? - Mechatronik Automatika Kft. - egyedi g\u00e9pgy\u00e1rt\u00e1s, automatiz\u00e1l\u00e1s, vez\u00e9rl\u00e9s fel\u00faj\u00edt\u00e1s, g\u00e9p\u00e9szeti nagyjav\u00edt\u00e1s, \u00e1raj\u00e1nlat, felm\u00e9r\u00e9s\",\"isPartOf\":{\"@id\":\"https:\/\/www.mechatronik.hu\/#website\"},\"primaryImageOfPage\":{\"@id\":\"https:\/\/www.mechatronik.hu\/index.php\/en\/kind-solution-can-provide\/#primaryimage\"},\"image\":{\"@id\":\"https:\/\/www.mechatronik.hu\/index.php\/en\/kind-solution-can-provide\/#primaryimage\"},\"thumbnailUrl\":\"http:\/\/www.mechatronik.hu\/wp-content\/uploads\/mivel-foglalkozunkEN.png\",\"datePublished\":\"2016-09-20T11:41:22+00:00\",\"dateModified\":\"2016-10-25T11:17:04+00:00\",\"description\":\"Megrendel\u0151ink b\u00e1tran fordulhatnak hozz\u00e1nk ipari termel\u0151 berendez\u00e9sek teljes k\u00f6r\u0171 g\u00e9p\u00e9szeti tervez\u00e9s\u00e9vel, kivitelez\u00e9s\u00e9vel kapcsolatban.\",\"breadcrumb\":{\"@id\":\"https:\/\/www.mechatronik.hu\/index.php\/en\/kind-solution-can-provide\/#breadcrumb\"},\"inLanguage\":\"hu\",\"potentialAction\":[{\"@type\":\"ReadAction\",\"target\":[\"https:\/\/www.mechatronik.hu\/index.php\/en\/kind-solution-can-provide\/\"]}]},{\"@type\":\"ImageObject\",\"inLanguage\":\"hu\",\"@id\":\"https:\/\/www.mechatronik.hu\/index.php\/en\/kind-solution-can-provide\/#primaryimage\",\"url\":\"https:\/\/www.mechatronik.hu\/wp-content\/uploads\/mivel-foglalkozunkEN.png\",\"contentUrl\":\"https:\/\/www.mechatronik.hu\/wp-content\/uploads\/mivel-foglalkozunkEN.png\",\"width\":1040,\"height\":269},{\"@type\":\"BreadcrumbList\",\"@id\":\"https:\/\/www.mechatronik.hu\/index.php\/en\/kind-solution-can-provide\/#breadcrumb\",\"itemListElement\":[{\"@type\":\"ListItem\",\"position\":1,\"name\":\"Home\",\"item\":\"https:\/\/www.mechatronik.hu\/index.php\/de\/mechatronik-automatika-kft\/\"},{\"@type\":\"ListItem\",\"position\":2,\"name\":\"What kind of solutions we provide?\"}]},{\"@type\":\"WebSite\",\"@id\":\"https:\/\/www.mechatronik.hu\/#website\",\"url\":\"https:\/\/www.mechatronik.hu\/\",\"name\":\"Mechatronik Automatika Kft.\",\"description\":\"Mechatronik Automatika Kft. - egyedi g\u00e9pgy\u00e1rt\u00e1s, ipari automatiz\u00e1l\u00e1s, vez\u00e9rl\u00e9s fel\u00faj\u00edt\u00e1s, g\u00e9p\u00e9szeti nagyjav\u00edt\u00e1s, \u00e1raj\u00e1nlat, felm\u00e9r\u00e9s\",\"publisher\":{\"@id\":\"https:\/\/www.mechatronik.hu\/#organization\"},\"potentialAction\":[{\"@type\":\"SearchAction\",\"target\":{\"@type\":\"EntryPoint\",\"urlTemplate\":\"https:\/\/www.mechatronik.hu\/?s={search_term_string}\"},\"query-input\":{\"@type\":\"PropertyValueSpecification\",\"valueRequired\":true,\"valueName\":\"search_term_string\"}}],\"inLanguage\":\"hu\"},{\"@type\":\"Organization\",\"@id\":\"https:\/\/www.mechatronik.hu\/#organization\",\"name\":\"Mechatronik Automatika Kft.\",\"url\":\"https:\/\/www.mechatronik.hu\/\",\"logo\":{\"@type\":\"ImageObject\",\"inLanguage\":\"hu\",\"@id\":\"https:\/\/www.mechatronik.hu\/#\/schema\/logo\/image\/\",\"url\":\"http:\/\/www.mechatronik.hu\/wp-content\/uploads\/MECHLOGO.png\",\"contentUrl\":\"http:\/\/www.mechatronik.hu\/wp-content\/uploads\/MECHLOGO.png\",\"width\":84,\"height\":78,\"caption\":\"Mechatronik Automatika Kft.\"},\"image\":{\"@id\":\"https:\/\/www.mechatronik.hu\/#\/schema\/logo\/image\/\"}}]}<\/script>\n<!-- \/ Yoast SEO plugin. -->","yoast_head_json":{"title":"What kind of solutions we provide? - Mechatronik Automatika Kft. - egyedi g\u00e9pgy\u00e1rt\u00e1s, automatiz\u00e1l\u00e1s, vez\u00e9rl\u00e9s fel\u00faj\u00edt\u00e1s, g\u00e9p\u00e9szeti nagyjav\u00edt\u00e1s, \u00e1raj\u00e1nlat, felm\u00e9r\u00e9s","description":"Megrendel\u0151ink b\u00e1tran fordulhatnak hozz\u00e1nk ipari termel\u0151 berendez\u00e9sek teljes k\u00f6r\u0171 g\u00e9p\u00e9szeti tervez\u00e9s\u00e9vel, kivitelez\u00e9s\u00e9vel kapcsolatban.","robots":{"index":"index","follow":"follow","max-snippet":"max-snippet:-1","max-image-preview":"max-image-preview:large","max-video-preview":"max-video-preview:-1"},"canonical":"https:\/\/www.mechatronik.hu\/index.php\/en\/kind-solution-can-provide\/","og_locale":"hu_HU","og_type":"article","og_title":"What kind of solutions we provide? - Mechatronik Automatika Kft. - egyedi g\u00e9pgy\u00e1rt\u00e1s, automatiz\u00e1l\u00e1s, vez\u00e9rl\u00e9s fel\u00faj\u00edt\u00e1s, g\u00e9p\u00e9szeti nagyjav\u00edt\u00e1s, \u00e1raj\u00e1nlat, felm\u00e9r\u00e9s","og_description":"Megrendel\u0151ink b\u00e1tran fordulhatnak hozz\u00e1nk ipari termel\u0151 berendez\u00e9sek teljes k\u00f6r\u0171 g\u00e9p\u00e9szeti tervez\u00e9s\u00e9vel, kivitelez\u00e9s\u00e9vel kapcsolatban.","og_url":"https:\/\/www.mechatronik.hu\/index.php\/en\/kind-solution-can-provide\/","og_site_name":"Mechatronik Automatika Kft.","article_modified_time":"2016-10-25T11:17:04+00:00","og_image":[{"url":"http:\/\/www.mechatronik.hu\/wp-content\/uploads\/mivel-foglalkozunkEN.png"}],"twitter_card":"summary_large_image","twitter_misc":{"Becs\u00fclt olvas\u00e1si id\u0151":"2 perc"},"schema":{"@context":"https:\/\/schema.org","@graph":[{"@type":"WebPage","@id":"https:\/\/www.mechatronik.hu\/index.php\/en\/kind-solution-can-provide\/","url":"https:\/\/www.mechatronik.hu\/index.php\/en\/kind-solution-can-provide\/","name":"What kind of solutions we provide? - Mechatronik Automatika Kft. - egyedi g\u00e9pgy\u00e1rt\u00e1s, automatiz\u00e1l\u00e1s, vez\u00e9rl\u00e9s fel\u00faj\u00edt\u00e1s, g\u00e9p\u00e9szeti nagyjav\u00edt\u00e1s, \u00e1raj\u00e1nlat, felm\u00e9r\u00e9s","isPartOf":{"@id":"https:\/\/www.mechatronik.hu\/#website"},"primaryImageOfPage":{"@id":"https:\/\/www.mechatronik.hu\/index.php\/en\/kind-solution-can-provide\/#primaryimage"},"image":{"@id":"https:\/\/www.mechatronik.hu\/index.php\/en\/kind-solution-can-provide\/#primaryimage"},"thumbnailUrl":"http:\/\/www.mechatronik.hu\/wp-content\/uploads\/mivel-foglalkozunkEN.png","datePublished":"2016-09-20T11:41:22+00:00","dateModified":"2016-10-25T11:17:04+00:00","description":"Megrendel\u0151ink b\u00e1tran fordulhatnak hozz\u00e1nk ipari termel\u0151 berendez\u00e9sek teljes k\u00f6r\u0171 g\u00e9p\u00e9szeti tervez\u00e9s\u00e9vel, kivitelez\u00e9s\u00e9vel kapcsolatban.","breadcrumb":{"@id":"https:\/\/www.mechatronik.hu\/index.php\/en\/kind-solution-can-provide\/#breadcrumb"},"inLanguage":"hu","potentialAction":[{"@type":"ReadAction","target":["https:\/\/www.mechatronik.hu\/index.php\/en\/kind-solution-can-provide\/"]}]},{"@type":"ImageObject","inLanguage":"hu","@id":"https:\/\/www.mechatronik.hu\/index.php\/en\/kind-solution-can-provide\/#primaryimage","url":"https:\/\/www.mechatronik.hu\/wp-content\/uploads\/mivel-foglalkozunkEN.png","contentUrl":"https:\/\/www.mechatronik.hu\/wp-content\/uploads\/mivel-foglalkozunkEN.png","width":1040,"height":269},{"@type":"BreadcrumbList","@id":"https:\/\/www.mechatronik.hu\/index.php\/en\/kind-solution-can-provide\/#breadcrumb","itemListElement":[{"@type":"ListItem","position":1,"name":"Home","item":"https:\/\/www.mechatronik.hu\/index.php\/de\/mechatronik-automatika-kft\/"},{"@type":"ListItem","position":2,"name":"What kind of solutions we provide?"}]},{"@type":"WebSite","@id":"https:\/\/www.mechatronik.hu\/#website","url":"https:\/\/www.mechatronik.hu\/","name":"Mechatronik Automatika Kft.","description":"Mechatronik Automatika Kft. - egyedi g\u00e9pgy\u00e1rt\u00e1s, ipari automatiz\u00e1l\u00e1s, vez\u00e9rl\u00e9s fel\u00faj\u00edt\u00e1s, g\u00e9p\u00e9szeti nagyjav\u00edt\u00e1s, \u00e1raj\u00e1nlat, felm\u00e9r\u00e9s","publisher":{"@id":"https:\/\/www.mechatronik.hu\/#organization"},"potentialAction":[{"@type":"SearchAction","target":{"@type":"EntryPoint","urlTemplate":"https:\/\/www.mechatronik.hu\/?s={search_term_string}"},"query-input":{"@type":"PropertyValueSpecification","valueRequired":true,"valueName":"search_term_string"}}],"inLanguage":"hu"},{"@type":"Organization","@id":"https:\/\/www.mechatronik.hu\/#organization","name":"Mechatronik Automatika Kft.","url":"https:\/\/www.mechatronik.hu\/","logo":{"@type":"ImageObject","inLanguage":"hu","@id":"https:\/\/www.mechatronik.hu\/#\/schema\/logo\/image\/","url":"http:\/\/www.mechatronik.hu\/wp-content\/uploads\/MECHLOGO.png","contentUrl":"http:\/\/www.mechatronik.hu\/wp-content\/uploads\/MECHLOGO.png","width":84,"height":78,"caption":"Mechatronik Automatika Kft."},"image":{"@id":"https:\/\/www.mechatronik.hu\/#\/schema\/logo\/image\/"}}]}},"_links":{"self":[{"href":"https:\/\/www.mechatronik.hu\/index.php\/wp-json\/wp\/v2\/pages\/262"}],"collection":[{"href":"https:\/\/www.mechatronik.hu\/index.php\/wp-json\/wp\/v2\/pages"}],"about":[{"href":"https:\/\/www.mechatronik.hu\/index.php\/wp-json\/wp\/v2\/types\/page"}],"author":[{"embeddable":true,"href":"https:\/\/www.mechatronik.hu\/index.php\/wp-json\/wp\/v2\/users\/1"}],"replies":[{"embeddable":true,"href":"https:\/\/www.mechatronik.hu\/index.php\/wp-json\/wp\/v2\/comments?post=262"}],"version-history":[{"count":3,"href":"https:\/\/www.mechatronik.hu\/index.php\/wp-json\/wp\/v2\/pages\/262\/revisions"}],"predecessor-version":[{"id":332,"href":"https:\/\/www.mechatronik.hu\/index.php\/wp-json\/wp\/v2\/pages\/262\/revisions\/332"}],"wp:attachment":[{"href":"https:\/\/www.mechatronik.hu\/index.php\/wp-json\/wp\/v2\/media?parent=262"}],"curies":[{"name":"wp","href":"https:\/\/api.w.org\/{rel}","templated":true}]}}