{"id":270,"date":"2016-09-20T12:54:55","date_gmt":"2016-09-20T11:54:55","guid":{"rendered":"http:\/\/www.mechatronik.hu\/?page_id=270"},"modified":"2016-09-20T13:42:23","modified_gmt":"2016-09-20T12:42:23","slug":"references","status":"publish","type":"page","link":"https:\/\/www.mechatronik.hu\/index.php\/en\/references\/","title":{"rendered":"References"},"content":{"rendered":"<p style=\"text-align: justify;\">Our partners typically need high value-added projects.<\/p>\n<p style=\"text-align: justify;\">As a result, we have developed a variety of technical solutions for the automotive industry, for rubber and feather processing companies, for cable and exhaust muffler manufacturers, or for muscle strength testing &#8211; from the planning, to the commissioning and of course we have successfully solved repair and maintenance tasks. Read about our references in details below:<\/p>\n<p>&nbsp;<\/p>\n<p><strong>Our main projects completed for the rubber industry<\/strong><\/p>\n<ul>\n<li>Development and installation of control unit for turntables<\/li>\n<li>Electrical and mechanical refurbishment of wire rewinding machines<\/li>\n<li>Manufacturing of rotary machines and hose construction lines<\/li>\n<li>Development and installation of the electrical control for hose construction lines<\/li>\n<li>Design of the control unit for a high pressure hose pressure testers<\/li>\n<li>Design and manufacturing of a fitting tightening machine <\/li>\n<li>Manufacturing of surface heating boxes for hose connections<\/li>\n<li>Supplementary safety technological works on hose construction machines <\/li>\n<li>Reconstruction and relocation of rubber hose pressure testing machine<\/li>\n<li>Installation of thermostat and temperature recorder for rubber hose survival tests<\/li>\n<li>Installation of the electrical control for the nanocomposite pressure pulsator<\/li>\n<li>Operations performed on a hose building machine:\n<ul>\n<li>Reconstruction of the electrical controls<\/li>\n<li>Reconstruction of incremental encoders<\/li>\n<li>Mechanical and electrical design and construction of the tube core tensioner<\/li>\n<li>Development of the foil rewinder axis and the electrical control<\/li>\n<li>Gearbox replacement<\/li>\n<\/ul>\n<\/li>\n<\/ul>\n<ul>\n<li>Development of a laser system for the thickness measurement of conveyor belt packaging  machine<\/li>\n<li>Replacement of the motor and the driving unit on a calender rewinder<\/li>\n<li>Installation, refurbishment and modification of control units on a number of different presses <\/li>\n<li>Operations performed on a mixing machine:\n<ul>\n<li>replacement of the main driving unit (by changing the old AEG drive for a new Siemens one, drive:  800V, 3000; Motor: 1,6MW)<\/li>\n<li>Replacement of tachogenerators by incremental encoders on the motors<\/li>\n<\/ul>\n<\/li>\n<\/ul>\n<ul>\n<li>Operations performed on calenders:\n<ul>\n<li>Control unit design, construction and installation <\/li>\n<li>Construction of motorized blade positioners<\/li>\n<li>Mechanical and electrical works related with the replacement of tachogenerators by incremental encoders<\/li>\n<li><span style=\"line-height: 1.5;\">Replacement of the PC by a Siemens operator panel <\/span><\/li>\n<\/ul>\n<ul>\n<li>Replacement of DC drives (installation of Siemens DC drives instead of 12 pieces of Ansaldo)<\/li>\n<li>Replacement of the roller driving units<\/li>\n<\/ul>\n<\/li>\n<li>Preparation, installation and commissioning of the electrical control unit of the cutting machine<\/li>\n<li>Replacement of the old (Siemens) operator panel by a new one <\/li>\n<li>Electrical and mechanical design of the fabric layer rewinding machine including the development of the electrical control<\/li>\n<li>Replacement of the AEG PLC on the lab press with Siemens type <\/li>\n<li>Development of a diagram-based recipe structure for pressure control on PH3 press<\/li>\n<li>Operations performed on a conveyor belt construction machine:\n<ul>\n<li>Modification of the electrical control<\/li>\n<li>Complete drive replacement (modernization)<\/li>\n<li>PLC replacement<\/li>\n<li>Modification of the emergency stop circuit<\/li>\n<li>Modernization of the safety photocell system<\/li>\n<li>Electrical and mechanical modification of the edge guiding system<\/li>\n<\/ul>\n<\/li>\n<li>Installation of IT cabinets in the mixing unit<\/li>\n<li>Design and installation of the electrical distribution cabinet<\/li>\n<\/ul>\n<ul>\n<li>Design and manufacturing of the SPS assembling tables, including modification of the PLC program<\/li>\n<li>Design and manufacturing of a stamping machine <\/li>\n<li>Modification of the feeding system<\/li>\n<li>Design and modification of a pre-crimping machine<\/li>\n<li>PLC programming of TAV boiler control <\/li>\n<li>Design and installation of the electrical control for the gluing station  <\/li>\n<\/ul>\n<p>&nbsp;<\/p>\n<p><strong>Our main projects completed for cable manufacturers:<\/strong><\/p>\n<ul>\n<li>Design and construction of control systems for wire and cable insulating lines<\/li>\n<li>Design and development of a twist buncher machine control unit <\/li>\n<li>Construction of special purpose machines for wire and cable packaging and foiling machines<\/li>\n<li>Construction of scrap cable core dewinders<\/li>\n<li>Control unit modernization on various cable manufacturing machines  <\/li>\n<li>Machine relocation (approx. 15 equipment) within the plant area<\/li>\n<li>General machine maintenance and repair (10 machines)\n<ul>\n<li>Re-engineering, repairing and manufacturing of various axes<\/li>\n<li>Bearing replacements<\/li>\n<li>Replacement of slip rings<\/li>\n<li>Gearbox repairs and replacements<\/li>\n<li>Motor repairs and replacements<\/li>\n<li>Machine cover repairs and replacements<\/li>\n<\/ul>\n<\/li>\n<\/ul>\n<p><strong>Other important projects:<\/strong><\/p>\n<ul>\n<li>Refurbishment and automation of a feather sorting machine<\/li>\n<li>Control and engine maintenance of feather mixers<\/li>\n<li>Refurbishment and automation of feather washing machines and lines<\/li>\n<li>Operations performed during the automation of a feed mill: Preparation of PLC programs<\/li>\n<li>Design, construction, installation and commissioning of the mixers\u2019 electrical control <\/li>\n<li>Mechanical and electrical design and construction of Multicont muscle strength inspection equipment<\/li>\n<li>Integration of marking and engraving equipments in production lines<\/li>\n<li>For exhaust mufflers:\n<ul>\n<li>mechanical and electrical design and construction of engraving machines<\/li>\n<li>mechanical and electrical design and construction of air tightness inspection machines<\/li>\n<\/ul>\n<\/li>\n<li>modernization of industrial sewing machine controls\n<\/li>\n<li>Design manufacturing and installation of swimmer speedometer<\/li>\n<li>Integration and commissioning of diesel generators<\/li>\n<li>Design and installation of electric distributors<\/li>\n<li>Design and construction of lighting system and electric distributor for a tent camp<\/li>\n<li>Design and installation of the electrical control system for a chair testing machine<\/li>\n<li>Design and installation of the electrical control system for a food packaging machine<\/li>\n<li>Design and construction of a mobile cleaning unit of a food industrial mixer, mechanics and control<\/li>\n<\/ul>\n<p>&nbsp;<\/p>\n<p><strong>Pictures of some featured projects:<\/strong><\/p>\n<figure id=\"attachment_190\" aria-describedby=\"caption-attachment-190\" style=\"width: 560px\" class=\"wp-caption aligncenter\"><img loading=\"lazy\" decoding=\"async\" class=\"wp-image-190 size-full\" src=\"http:\/\/www.mechatronik.hu\/wp-content\/uploads\/Multicont.png\" alt=\"Multicont\" width=\"560\" height=\"738\" srcset=\"https:\/\/www.mechatronik.hu\/wp-content\/uploads\/Multicont.png 560w, https:\/\/www.mechatronik.hu\/wp-content\/uploads\/Multicont-228x300.png 228w\" sizes=\"(max-width: 560px) 100vw, 560px\" \/><figcaption id=\"caption-attachment-190\" class=\"wp-caption-text\">Multicont muscle strength inspection equipment<\/figcaption><\/figure>\n<p style=\"text-align: center;\"><img loading=\"lazy\" decoding=\"async\" class=\"wp-image-191 size-full\" src=\"http:\/\/www.mechatronik.hu\/wp-content\/uploads\/Tolloszt.png\" alt=\"Tolloszt\" width=\"1098\" height=\"470\" srcset=\"https:\/\/www.mechatronik.hu\/wp-content\/uploads\/Tolloszt.png 1098w, https:\/\/www.mechatronik.hu\/wp-content\/uploads\/Tolloszt-300x128.png 300w, https:\/\/www.mechatronik.hu\/wp-content\/uploads\/Tolloszt-768x329.png 768w, https:\/\/www.mechatronik.hu\/wp-content\/uploads\/Tolloszt-1024x438.png 1024w\" sizes=\"(max-width: 1098px) 100vw, 1098px\" \/><\/p>\n<p>Design, construction and PLC programming of a feather sorting machine (16 m high)<\/p>\n<figure id=\"attachment_188\" aria-describedby=\"caption-attachment-188\" style=\"width: 945px\" class=\"wp-caption aligncenter\"><img loading=\"lazy\" decoding=\"async\" class=\"wp-image-188 size-full\" src=\"http:\/\/www.mechatronik.hu\/wp-content\/uploads\/Kalmar-targonca.png\" alt=\"Kalmar targonca\" width=\"945\" height=\"640\" srcset=\"https:\/\/www.mechatronik.hu\/wp-content\/uploads\/Kalmar-targonca.png 945w, https:\/\/www.mechatronik.hu\/wp-content\/uploads\/Kalmar-targonca-300x203.png 300w, https:\/\/www.mechatronik.hu\/wp-content\/uploads\/Kalmar-targonca-768x520.png 768w\" sizes=\"(max-width: 945px) 100vw, 945px\" \/><figcaption id=\"caption-attachment-188\" class=\"wp-caption-text\">Kalmar forklift control refurbishment<\/figcaption><\/figure>\n<p>&nbsp;<\/p>\n<figure id=\"attachment_189\" aria-describedby=\"caption-attachment-189\" style=\"width: 892px\" class=\"wp-caption aligncenter\"><img loading=\"lazy\" decoding=\"async\" class=\"wp-image-189 size-full\" src=\"http:\/\/www.mechatronik.hu\/wp-content\/uploads\/L\u00e9gveszt\u00e9s-ell..png\" alt=\"L\u00e9gveszt\u00e9s ell.\" width=\"892\" height=\"625\" srcset=\"https:\/\/www.mechatronik.hu\/wp-content\/uploads\/L\u00e9gveszt\u00e9s-ell..png 892w, https:\/\/www.mechatronik.hu\/wp-content\/uploads\/L\u00e9gveszt\u00e9s-ell.-300x210.png 300w, https:\/\/www.mechatronik.hu\/wp-content\/uploads\/L\u00e9gveszt\u00e9s-ell.-768x538.png 768w\" sizes=\"(max-width: 892px) 100vw, 892px\" \/><figcaption id=\"caption-attachment-189\" class=\"wp-caption-text\">Exhaust muffler air thightness checking and engraving machine, with label printer and barcode checking<\/figcaption><\/figure>\n<figure id=\"attachment_187\" aria-describedby=\"caption-attachment-187\" style=\"width: 772px\" class=\"wp-caption aligncenter\"><img loading=\"lazy\" decoding=\"async\" class=\"wp-image-187 size-full\" src=\"http:\/\/www.mechatronik.hu\/wp-content\/uploads\/Grav\u00edroz\u00f3.png\" alt=\"Grav\u00edroz\u00f3\" width=\"772\" height=\"589\" srcset=\"https:\/\/www.mechatronik.hu\/wp-content\/uploads\/Grav\u00edroz\u00f3.png 772w, https:\/\/www.mechatronik.hu\/wp-content\/uploads\/Grav\u00edroz\u00f3-300x229.png 300w, https:\/\/www.mechatronik.hu\/wp-content\/uploads\/Grav\u00edroz\u00f3-768x586.png 768w\" sizes=\"(max-width: 772px) 100vw, 772px\" \/><figcaption id=\"caption-attachment-187\" class=\"wp-caption-text\">Exhaust muffler shell engraving machine<\/figcaption><\/figure>\n","protected":false},"excerpt":{"rendered":"<p>Our partners typically need high value-added projects. As a result, we have developed a variety of technical solutions for the automotive industry, for rubber and feather processing companies, for cable [&hellip;]<\/p>\n","protected":false},"author":1,"featured_media":0,"parent":0,"menu_order":0,"comment_status":"closed","ping_status":"closed","template":"","meta":{"footnotes":""},"yoast_head":"<!-- This site is optimized with the Yoast SEO plugin v23.4 - https:\/\/yoast.com\/wordpress\/plugins\/seo\/ -->\n<title>References - Mechatronik Automatika Kft. - egyedi g\u00e9pgy\u00e1rt\u00e1s, automatiz\u00e1l\u00e1s, vez\u00e9rl\u00e9s fel\u00faj\u00edt\u00e1s, g\u00e9p\u00e9szeti nagyjav\u00edt\u00e1s, \u00e1raj\u00e1nlat, felm\u00e9r\u00e9s<\/title>\n<meta name=\"description\" content=\"Jellemz\u0151en els\u0151sorban magasabb m\u0171szaki hozz\u00e1adott \u00e9rt\u00e9kkel rendelkez\u0151 feladatokkal b\u00edztak meg benn\u00fcnket.\" \/>\n<meta name=\"robots\" content=\"index, follow, max-snippet:-1, max-image-preview:large, max-video-preview:-1\" \/>\n<link rel=\"canonical\" href=\"https:\/\/www.mechatronik.hu\/index.php\/en\/references\/\" \/>\n<meta property=\"og:locale\" content=\"hu_HU\" \/>\n<meta property=\"og:type\" content=\"article\" \/>\n<meta property=\"og:title\" content=\"References - Mechatronik Automatika Kft. - egyedi g\u00e9pgy\u00e1rt\u00e1s, automatiz\u00e1l\u00e1s, vez\u00e9rl\u00e9s fel\u00faj\u00edt\u00e1s, g\u00e9p\u00e9szeti nagyjav\u00edt\u00e1s, \u00e1raj\u00e1nlat, felm\u00e9r\u00e9s\" \/>\n<meta property=\"og:description\" content=\"Jellemz\u0151en els\u0151sorban magasabb m\u0171szaki hozz\u00e1adott \u00e9rt\u00e9kkel rendelkez\u0151 feladatokkal b\u00edztak meg benn\u00fcnket.\" \/>\n<meta property=\"og:url\" content=\"https:\/\/www.mechatronik.hu\/index.php\/en\/references\/\" \/>\n<meta property=\"og:site_name\" content=\"Mechatronik Automatika Kft.\" \/>\n<meta property=\"article:modified_time\" content=\"2016-09-20T12:42:23+00:00\" \/>\n<meta property=\"og:image\" content=\"http:\/\/www.mechatronik.hu\/wp-content\/uploads\/Multicont.png\" \/>\n<meta name=\"twitter:card\" content=\"summary_large_image\" \/>\n<meta name=\"twitter:label1\" content=\"Becs\u00fclt olvas\u00e1si id\u0151\" \/>\n\t<meta name=\"twitter:data1\" content=\"4 perc\" \/>\n<script type=\"application\/ld+json\" class=\"yoast-schema-graph\">{\"@context\":\"https:\/\/schema.org\",\"@graph\":[{\"@type\":\"WebPage\",\"@id\":\"https:\/\/www.mechatronik.hu\/index.php\/en\/references\/\",\"url\":\"https:\/\/www.mechatronik.hu\/index.php\/en\/references\/\",\"name\":\"References - Mechatronik Automatika Kft. - egyedi g\u00e9pgy\u00e1rt\u00e1s, automatiz\u00e1l\u00e1s, vez\u00e9rl\u00e9s fel\u00faj\u00edt\u00e1s, g\u00e9p\u00e9szeti nagyjav\u00edt\u00e1s, \u00e1raj\u00e1nlat, felm\u00e9r\u00e9s\",\"isPartOf\":{\"@id\":\"https:\/\/www.mechatronik.hu\/#website\"},\"primaryImageOfPage\":{\"@id\":\"https:\/\/www.mechatronik.hu\/index.php\/en\/references\/#primaryimage\"},\"image\":{\"@id\":\"https:\/\/www.mechatronik.hu\/index.php\/en\/references\/#primaryimage\"},\"thumbnailUrl\":\"http:\/\/www.mechatronik.hu\/wp-content\/uploads\/Multicont.png\",\"datePublished\":\"2016-09-20T11:54:55+00:00\",\"dateModified\":\"2016-09-20T12:42:23+00:00\",\"description\":\"Jellemz\u0151en els\u0151sorban magasabb m\u0171szaki hozz\u00e1adott \u00e9rt\u00e9kkel rendelkez\u0151 feladatokkal b\u00edztak meg benn\u00fcnket.\",\"breadcrumb\":{\"@id\":\"https:\/\/www.mechatronik.hu\/index.php\/en\/references\/#breadcrumb\"},\"inLanguage\":\"hu\",\"potentialAction\":[{\"@type\":\"ReadAction\",\"target\":[\"https:\/\/www.mechatronik.hu\/index.php\/en\/references\/\"]}]},{\"@type\":\"ImageObject\",\"inLanguage\":\"hu\",\"@id\":\"https:\/\/www.mechatronik.hu\/index.php\/en\/references\/#primaryimage\",\"url\":\"https:\/\/www.mechatronik.hu\/wp-content\/uploads\/Multicont.png\",\"contentUrl\":\"https:\/\/www.mechatronik.hu\/wp-content\/uploads\/Multicont.png\",\"width\":560,\"height\":738},{\"@type\":\"BreadcrumbList\",\"@id\":\"https:\/\/www.mechatronik.hu\/index.php\/en\/references\/#breadcrumb\",\"itemListElement\":[{\"@type\":\"ListItem\",\"position\":1,\"name\":\"Home\",\"item\":\"https:\/\/www.mechatronik.hu\/index.php\/de\/mechatronik-automatika-kft\/\"},{\"@type\":\"ListItem\",\"position\":2,\"name\":\"References\"}]},{\"@type\":\"WebSite\",\"@id\":\"https:\/\/www.mechatronik.hu\/#website\",\"url\":\"https:\/\/www.mechatronik.hu\/\",\"name\":\"Mechatronik Automatika Kft.\",\"description\":\"Mechatronik Automatika Kft. - egyedi g\u00e9pgy\u00e1rt\u00e1s, ipari automatiz\u00e1l\u00e1s, vez\u00e9rl\u00e9s fel\u00faj\u00edt\u00e1s, g\u00e9p\u00e9szeti nagyjav\u00edt\u00e1s, \u00e1raj\u00e1nlat, felm\u00e9r\u00e9s\",\"publisher\":{\"@id\":\"https:\/\/www.mechatronik.hu\/#organization\"},\"potentialAction\":[{\"@type\":\"SearchAction\",\"target\":{\"@type\":\"EntryPoint\",\"urlTemplate\":\"https:\/\/www.mechatronik.hu\/?s={search_term_string}\"},\"query-input\":{\"@type\":\"PropertyValueSpecification\",\"valueRequired\":true,\"valueName\":\"search_term_string\"}}],\"inLanguage\":\"hu\"},{\"@type\":\"Organization\",\"@id\":\"https:\/\/www.mechatronik.hu\/#organization\",\"name\":\"Mechatronik Automatika Kft.\",\"url\":\"https:\/\/www.mechatronik.hu\/\",\"logo\":{\"@type\":\"ImageObject\",\"inLanguage\":\"hu\",\"@id\":\"https:\/\/www.mechatronik.hu\/#\/schema\/logo\/image\/\",\"url\":\"http:\/\/www.mechatronik.hu\/wp-content\/uploads\/MECHLOGO.png\",\"contentUrl\":\"http:\/\/www.mechatronik.hu\/wp-content\/uploads\/MECHLOGO.png\",\"width\":84,\"height\":78,\"caption\":\"Mechatronik Automatika Kft.\"},\"image\":{\"@id\":\"https:\/\/www.mechatronik.hu\/#\/schema\/logo\/image\/\"}}]}<\/script>\n<!-- \/ Yoast SEO plugin. -->","yoast_head_json":{"title":"References - Mechatronik Automatika Kft. - egyedi g\u00e9pgy\u00e1rt\u00e1s, automatiz\u00e1l\u00e1s, vez\u00e9rl\u00e9s fel\u00faj\u00edt\u00e1s, g\u00e9p\u00e9szeti nagyjav\u00edt\u00e1s, \u00e1raj\u00e1nlat, felm\u00e9r\u00e9s","description":"Jellemz\u0151en els\u0151sorban magasabb m\u0171szaki hozz\u00e1adott \u00e9rt\u00e9kkel rendelkez\u0151 feladatokkal b\u00edztak meg benn\u00fcnket.","robots":{"index":"index","follow":"follow","max-snippet":"max-snippet:-1","max-image-preview":"max-image-preview:large","max-video-preview":"max-video-preview:-1"},"canonical":"https:\/\/www.mechatronik.hu\/index.php\/en\/references\/","og_locale":"hu_HU","og_type":"article","og_title":"References - Mechatronik Automatika Kft. - egyedi g\u00e9pgy\u00e1rt\u00e1s, automatiz\u00e1l\u00e1s, vez\u00e9rl\u00e9s fel\u00faj\u00edt\u00e1s, g\u00e9p\u00e9szeti nagyjav\u00edt\u00e1s, \u00e1raj\u00e1nlat, felm\u00e9r\u00e9s","og_description":"Jellemz\u0151en els\u0151sorban magasabb m\u0171szaki hozz\u00e1adott \u00e9rt\u00e9kkel rendelkez\u0151 feladatokkal b\u00edztak meg benn\u00fcnket.","og_url":"https:\/\/www.mechatronik.hu\/index.php\/en\/references\/","og_site_name":"Mechatronik Automatika Kft.","article_modified_time":"2016-09-20T12:42:23+00:00","og_image":[{"url":"http:\/\/www.mechatronik.hu\/wp-content\/uploads\/Multicont.png"}],"twitter_card":"summary_large_image","twitter_misc":{"Becs\u00fclt olvas\u00e1si id\u0151":"4 perc"},"schema":{"@context":"https:\/\/schema.org","@graph":[{"@type":"WebPage","@id":"https:\/\/www.mechatronik.hu\/index.php\/en\/references\/","url":"https:\/\/www.mechatronik.hu\/index.php\/en\/references\/","name":"References - Mechatronik Automatika Kft. - egyedi g\u00e9pgy\u00e1rt\u00e1s, automatiz\u00e1l\u00e1s, vez\u00e9rl\u00e9s fel\u00faj\u00edt\u00e1s, g\u00e9p\u00e9szeti nagyjav\u00edt\u00e1s, \u00e1raj\u00e1nlat, felm\u00e9r\u00e9s","isPartOf":{"@id":"https:\/\/www.mechatronik.hu\/#website"},"primaryImageOfPage":{"@id":"https:\/\/www.mechatronik.hu\/index.php\/en\/references\/#primaryimage"},"image":{"@id":"https:\/\/www.mechatronik.hu\/index.php\/en\/references\/#primaryimage"},"thumbnailUrl":"http:\/\/www.mechatronik.hu\/wp-content\/uploads\/Multicont.png","datePublished":"2016-09-20T11:54:55+00:00","dateModified":"2016-09-20T12:42:23+00:00","description":"Jellemz\u0151en els\u0151sorban magasabb m\u0171szaki hozz\u00e1adott \u00e9rt\u00e9kkel rendelkez\u0151 feladatokkal b\u00edztak meg benn\u00fcnket.","breadcrumb":{"@id":"https:\/\/www.mechatronik.hu\/index.php\/en\/references\/#breadcrumb"},"inLanguage":"hu","potentialAction":[{"@type":"ReadAction","target":["https:\/\/www.mechatronik.hu\/index.php\/en\/references\/"]}]},{"@type":"ImageObject","inLanguage":"hu","@id":"https:\/\/www.mechatronik.hu\/index.php\/en\/references\/#primaryimage","url":"https:\/\/www.mechatronik.hu\/wp-content\/uploads\/Multicont.png","contentUrl":"https:\/\/www.mechatronik.hu\/wp-content\/uploads\/Multicont.png","width":560,"height":738},{"@type":"BreadcrumbList","@id":"https:\/\/www.mechatronik.hu\/index.php\/en\/references\/#breadcrumb","itemListElement":[{"@type":"ListItem","position":1,"name":"Home","item":"https:\/\/www.mechatronik.hu\/index.php\/de\/mechatronik-automatika-kft\/"},{"@type":"ListItem","position":2,"name":"References"}]},{"@type":"WebSite","@id":"https:\/\/www.mechatronik.hu\/#website","url":"https:\/\/www.mechatronik.hu\/","name":"Mechatronik Automatika Kft.","description":"Mechatronik Automatika Kft. - egyedi g\u00e9pgy\u00e1rt\u00e1s, ipari automatiz\u00e1l\u00e1s, vez\u00e9rl\u00e9s fel\u00faj\u00edt\u00e1s, g\u00e9p\u00e9szeti nagyjav\u00edt\u00e1s, \u00e1raj\u00e1nlat, felm\u00e9r\u00e9s","publisher":{"@id":"https:\/\/www.mechatronik.hu\/#organization"},"potentialAction":[{"@type":"SearchAction","target":{"@type":"EntryPoint","urlTemplate":"https:\/\/www.mechatronik.hu\/?s={search_term_string}"},"query-input":{"@type":"PropertyValueSpecification","valueRequired":true,"valueName":"search_term_string"}}],"inLanguage":"hu"},{"@type":"Organization","@id":"https:\/\/www.mechatronik.hu\/#organization","name":"Mechatronik Automatika Kft.","url":"https:\/\/www.mechatronik.hu\/","logo":{"@type":"ImageObject","inLanguage":"hu","@id":"https:\/\/www.mechatronik.hu\/#\/schema\/logo\/image\/","url":"http:\/\/www.mechatronik.hu\/wp-content\/uploads\/MECHLOGO.png","contentUrl":"http:\/\/www.mechatronik.hu\/wp-content\/uploads\/MECHLOGO.png","width":84,"height":78,"caption":"Mechatronik Automatika Kft."},"image":{"@id":"https:\/\/www.mechatronik.hu\/#\/schema\/logo\/image\/"}}]}},"_links":{"self":[{"href":"https:\/\/www.mechatronik.hu\/index.php\/wp-json\/wp\/v2\/pages\/270"}],"collection":[{"href":"https:\/\/www.mechatronik.hu\/index.php\/wp-json\/wp\/v2\/pages"}],"about":[{"href":"https:\/\/www.mechatronik.hu\/index.php\/wp-json\/wp\/v2\/types\/page"}],"author":[{"embeddable":true,"href":"https:\/\/www.mechatronik.hu\/index.php\/wp-json\/wp\/v2\/users\/1"}],"replies":[{"embeddable":true,"href":"https:\/\/www.mechatronik.hu\/index.php\/wp-json\/wp\/v2\/comments?post=270"}],"version-history":[{"count":4,"href":"https:\/\/www.mechatronik.hu\/index.php\/wp-json\/wp\/v2\/pages\/270\/revisions"}],"predecessor-version":[{"id":280,"href":"https:\/\/www.mechatronik.hu\/index.php\/wp-json\/wp\/v2\/pages\/270\/revisions\/280"}],"wp:attachment":[{"href":"https:\/\/www.mechatronik.hu\/index.php\/wp-json\/wp\/v2\/media?parent=270"}],"curies":[{"name":"wp","href":"https:\/\/api.w.org\/{rel}","templated":true}]}}