{"id":327,"date":"2016-10-25T12:03:51","date_gmt":"2016-10-25T11:03:51","guid":{"rendered":"http:\/\/www.mechatronik.hu\/?page_id=327"},"modified":"2016-10-25T12:03:51","modified_gmt":"2016-10-25T11:03:51","slug":"mechatronik-automatika-kft-3","status":"publish","type":"page","link":"https:\/\/www.mechatronik.hu\/index.php\/en\/mechatronik-automatika-kft-3\/","title":{"rendered":"Mechatronik Automatika Kft."},"content":{"rendered":"<div id=\"metaslider-id-319\" style=\"max-width: 1200px; margin: 0 auto;\" class=\"ml-slider-3-90-1 metaslider metaslider-flex metaslider-319 ml-slider ms-theme-default\" role=\"region\" aria-roledescription=\"Slideshow\" aria-label=\"EN\">\n    <div id=\"metaslider_container_319\">\n        <div id=\"metaslider_319\">\n            <ul class='slides'>\n                <li style=\"display: block; width: 100%;\" class=\"slide-314 ms-image \" aria-roledescription=\"slide\" aria-label=\"slide-314\"><a href=\"http:\/\/www.mechatronik.hu\/index.php\/en\/references\/\" target=\"_self\"><img loading=\"lazy\" decoding=\"async\" src=\"https:\/\/www.mechatronik.hu\/wp-content\/uploads\/BANNER02-1152x480-EN.png\" height=\"500\" width=\"1200\" alt=\"\" class=\"slider-319 slide-314\" \/><\/a><div class=\"caption-wrap\"><div class=\"caption\">References<\/div><\/div><\/li>\n                <li style=\"display: none; width: 100%;\" class=\"slide-320 ms-image \" aria-roledescription=\"slide\" aria-label=\"slide-320\"><a href=\"http:\/\/www.mechatronik.hu\/index.php\/en\/select-mechatronik-automatika\/\" target=\"_self\"><img loading=\"lazy\" decoding=\"async\" src=\"https:\/\/www.mechatronik.hu\/wp-content\/uploads\/BANNER03-1152x480-EN.png\" height=\"500\" width=\"1200\" alt=\"\" class=\"slider-319 slide-320\" \/><\/a><div class=\"caption-wrap\"><div class=\"caption\">Why to select Mechatronik Automatika?<\/div><\/div><\/li>\n            <\/ul>\n        <\/div>\n        \n    <\/div>\n<\/div>\n","protected":false},"excerpt":{"rendered":"","protected":false},"author":1,"featured_media":0,"parent":0,"menu_order":0,"comment_status":"closed","ping_status":"closed","template":"","meta":{"footnotes":""},"yoast_head":"<!-- This site is optimized with the Yoast SEO plugin v23.4 - https:\/\/yoast.com\/wordpress\/plugins\/seo\/ -->\n<title>Mechatronik Automatika Kft. - Mechatronik Automatika Kft. - egyedi g\u00e9pgy\u00e1rt\u00e1s, automatiz\u00e1l\u00e1s, vez\u00e9rl\u00e9s fel\u00faj\u00edt\u00e1s, g\u00e9p\u00e9szeti nagyjav\u00edt\u00e1s, \u00e1raj\u00e1nlat, felm\u00e9r\u00e9s<\/title>\n<meta name=\"robots\" content=\"index, follow, max-snippet:-1, max-image-preview:large, max-video-preview:-1\" \/>\n<link rel=\"canonical\" href=\"https:\/\/www.mechatronik.hu\/index.php\/en\/mechatronik-automatika-kft-3\/\" \/>\n<meta property=\"og:locale\" content=\"hu_HU\" \/>\n<meta property=\"og:type\" content=\"article\" \/>\n<meta property=\"og:title\" content=\"Mechatronik Automatika Kft. - Mechatronik Automatika Kft. - egyedi g\u00e9pgy\u00e1rt\u00e1s, automatiz\u00e1l\u00e1s, vez\u00e9rl\u00e9s fel\u00faj\u00edt\u00e1s, g\u00e9p\u00e9szeti nagyjav\u00edt\u00e1s, \u00e1raj\u00e1nlat, felm\u00e9r\u00e9s\" \/>\n<meta property=\"og:url\" content=\"https:\/\/www.mechatronik.hu\/index.php\/en\/mechatronik-automatika-kft-3\/\" \/>\n<meta property=\"og:site_name\" content=\"Mechatronik Automatika Kft.\" \/>\n<meta name=\"twitter:card\" content=\"summary_large_image\" \/>\n<script type=\"application\/ld+json\" class=\"yoast-schema-graph\">{\"@context\":\"https:\/\/schema.org\",\"@graph\":[{\"@type\":\"WebPage\",\"@id\":\"https:\/\/www.mechatronik.hu\/index.php\/en\/mechatronik-automatika-kft-3\/\",\"url\":\"https:\/\/www.mechatronik.hu\/index.php\/en\/mechatronik-automatika-kft-3\/\",\"name\":\"Mechatronik Automatika Kft. - Mechatronik Automatika Kft. - egyedi g\u00e9pgy\u00e1rt\u00e1s, automatiz\u00e1l\u00e1s, vez\u00e9rl\u00e9s fel\u00faj\u00edt\u00e1s, g\u00e9p\u00e9szeti nagyjav\u00edt\u00e1s, \u00e1raj\u00e1nlat, felm\u00e9r\u00e9s\",\"isPartOf\":{\"@id\":\"https:\/\/www.mechatronik.hu\/#website\"},\"datePublished\":\"2016-10-25T11:03:51+00:00\",\"dateModified\":\"2016-10-25T11:03:51+00:00\",\"breadcrumb\":{\"@id\":\"https:\/\/www.mechatronik.hu\/index.php\/en\/mechatronik-automatika-kft-3\/#breadcrumb\"},\"inLanguage\":\"hu\",\"potentialAction\":[{\"@type\":\"ReadAction\",\"target\":[\"https:\/\/www.mechatronik.hu\/index.php\/en\/mechatronik-automatika-kft-3\/\"]}]},{\"@type\":\"BreadcrumbList\",\"@id\":\"https:\/\/www.mechatronik.hu\/index.php\/en\/mechatronik-automatika-kft-3\/#breadcrumb\",\"itemListElement\":[{\"@type\":\"ListItem\",\"position\":1,\"name\":\"Home\",\"item\":\"https:\/\/www.mechatronik.hu\/index.php\/de\/mechatronik-automatika-kft\/\"},{\"@type\":\"ListItem\",\"position\":2,\"name\":\"Mechatronik Automatika Kft.\"}]},{\"@type\":\"WebSite\",\"@id\":\"https:\/\/www.mechatronik.hu\/#website\",\"url\":\"https:\/\/www.mechatronik.hu\/\",\"name\":\"Mechatronik Automatika Kft.\",\"description\":\"Mechatronik Automatika Kft. - egyedi g\u00e9pgy\u00e1rt\u00e1s, ipari automatiz\u00e1l\u00e1s, vez\u00e9rl\u00e9s fel\u00faj\u00edt\u00e1s, g\u00e9p\u00e9szeti nagyjav\u00edt\u00e1s, \u00e1raj\u00e1nlat, felm\u00e9r\u00e9s\",\"publisher\":{\"@id\":\"https:\/\/www.mechatronik.hu\/#organization\"},\"potentialAction\":[{\"@type\":\"SearchAction\",\"target\":{\"@type\":\"EntryPoint\",\"urlTemplate\":\"https:\/\/www.mechatronik.hu\/?s={search_term_string}\"},\"query-input\":{\"@type\":\"PropertyValueSpecification\",\"valueRequired\":true,\"valueName\":\"search_term_string\"}}],\"inLanguage\":\"hu\"},{\"@type\":\"Organization\",\"@id\":\"https:\/\/www.mechatronik.hu\/#organization\",\"name\":\"Mechatronik Automatika Kft.\",\"url\":\"https:\/\/www.mechatronik.hu\/\",\"logo\":{\"@type\":\"ImageObject\",\"inLanguage\":\"hu\",\"@id\":\"https:\/\/www.mechatronik.hu\/#\/schema\/logo\/image\/\",\"url\":\"http:\/\/www.mechatronik.hu\/wp-content\/uploads\/MECHLOGO.png\",\"contentUrl\":\"http:\/\/www.mechatronik.hu\/wp-content\/uploads\/MECHLOGO.png\",\"width\":84,\"height\":78,\"caption\":\"Mechatronik Automatika Kft.\"},\"image\":{\"@id\":\"https:\/\/www.mechatronik.hu\/#\/schema\/logo\/image\/\"}}]}<\/script>\n<!-- \/ Yoast SEO plugin. -->","yoast_head_json":{"title":"Mechatronik Automatika Kft. - Mechatronik Automatika Kft. - egyedi g\u00e9pgy\u00e1rt\u00e1s, automatiz\u00e1l\u00e1s, vez\u00e9rl\u00e9s fel\u00faj\u00edt\u00e1s, g\u00e9p\u00e9szeti nagyjav\u00edt\u00e1s, \u00e1raj\u00e1nlat, felm\u00e9r\u00e9s","robots":{"index":"index","follow":"follow","max-snippet":"max-snippet:-1","max-image-preview":"max-image-preview:large","max-video-preview":"max-video-preview:-1"},"canonical":"https:\/\/www.mechatronik.hu\/index.php\/en\/mechatronik-automatika-kft-3\/","og_locale":"hu_HU","og_type":"article","og_title":"Mechatronik Automatika Kft. - Mechatronik Automatika Kft. - egyedi g\u00e9pgy\u00e1rt\u00e1s, automatiz\u00e1l\u00e1s, vez\u00e9rl\u00e9s fel\u00faj\u00edt\u00e1s, g\u00e9p\u00e9szeti nagyjav\u00edt\u00e1s, \u00e1raj\u00e1nlat, felm\u00e9r\u00e9s","og_url":"https:\/\/www.mechatronik.hu\/index.php\/en\/mechatronik-automatika-kft-3\/","og_site_name":"Mechatronik Automatika Kft.","twitter_card":"summary_large_image","schema":{"@context":"https:\/\/schema.org","@graph":[{"@type":"WebPage","@id":"https:\/\/www.mechatronik.hu\/index.php\/en\/mechatronik-automatika-kft-3\/","url":"https:\/\/www.mechatronik.hu\/index.php\/en\/mechatronik-automatika-kft-3\/","name":"Mechatronik Automatika Kft. - Mechatronik Automatika Kft. - egyedi g\u00e9pgy\u00e1rt\u00e1s, automatiz\u00e1l\u00e1s, vez\u00e9rl\u00e9s fel\u00faj\u00edt\u00e1s, g\u00e9p\u00e9szeti nagyjav\u00edt\u00e1s, \u00e1raj\u00e1nlat, felm\u00e9r\u00e9s","isPartOf":{"@id":"https:\/\/www.mechatronik.hu\/#website"},"datePublished":"2016-10-25T11:03:51+00:00","dateModified":"2016-10-25T11:03:51+00:00","breadcrumb":{"@id":"https:\/\/www.mechatronik.hu\/index.php\/en\/mechatronik-automatika-kft-3\/#breadcrumb"},"inLanguage":"hu","potentialAction":[{"@type":"ReadAction","target":["https:\/\/www.mechatronik.hu\/index.php\/en\/mechatronik-automatika-kft-3\/"]}]},{"@type":"BreadcrumbList","@id":"https:\/\/www.mechatronik.hu\/index.php\/en\/mechatronik-automatika-kft-3\/#breadcrumb","itemListElement":[{"@type":"ListItem","position":1,"name":"Home","item":"https:\/\/www.mechatronik.hu\/index.php\/de\/mechatronik-automatika-kft\/"},{"@type":"ListItem","position":2,"name":"Mechatronik Automatika Kft."}]},{"@type":"WebSite","@id":"https:\/\/www.mechatronik.hu\/#website","url":"https:\/\/www.mechatronik.hu\/","name":"Mechatronik Automatika Kft.","description":"Mechatronik Automatika Kft. - egyedi g\u00e9pgy\u00e1rt\u00e1s, ipari automatiz\u00e1l\u00e1s, vez\u00e9rl\u00e9s fel\u00faj\u00edt\u00e1s, g\u00e9p\u00e9szeti nagyjav\u00edt\u00e1s, \u00e1raj\u00e1nlat, felm\u00e9r\u00e9s","publisher":{"@id":"https:\/\/www.mechatronik.hu\/#organization"},"potentialAction":[{"@type":"SearchAction","target":{"@type":"EntryPoint","urlTemplate":"https:\/\/www.mechatronik.hu\/?s={search_term_string}"},"query-input":{"@type":"PropertyValueSpecification","valueRequired":true,"valueName":"search_term_string"}}],"inLanguage":"hu"},{"@type":"Organization","@id":"https:\/\/www.mechatronik.hu\/#organization","name":"Mechatronik Automatika Kft.","url":"https:\/\/www.mechatronik.hu\/","logo":{"@type":"ImageObject","inLanguage":"hu","@id":"https:\/\/www.mechatronik.hu\/#\/schema\/logo\/image\/","url":"http:\/\/www.mechatronik.hu\/wp-content\/uploads\/MECHLOGO.png","contentUrl":"http:\/\/www.mechatronik.hu\/wp-content\/uploads\/MECHLOGO.png","width":84,"height":78,"caption":"Mechatronik Automatika Kft."},"image":{"@id":"https:\/\/www.mechatronik.hu\/#\/schema\/logo\/image\/"}}]}},"_links":{"self":[{"href":"https:\/\/www.mechatronik.hu\/index.php\/wp-json\/wp\/v2\/pages\/327"}],"collection":[{"href":"https:\/\/www.mechatronik.hu\/index.php\/wp-json\/wp\/v2\/pages"}],"about":[{"href":"https:\/\/www.mechatronik.hu\/index.php\/wp-json\/wp\/v2\/types\/page"}],"author":[{"embeddable":true,"href":"https:\/\/www.mechatronik.hu\/index.php\/wp-json\/wp\/v2\/users\/1"}],"replies":[{"embeddable":true,"href":"https:\/\/www.mechatronik.hu\/index.php\/wp-json\/wp\/v2\/comments?post=327"}],"version-history":[{"count":1,"href":"https:\/\/www.mechatronik.hu\/index.php\/wp-json\/wp\/v2\/pages\/327\/revisions"}],"predecessor-version":[{"id":328,"href":"https:\/\/www.mechatronik.hu\/index.php\/wp-json\/wp\/v2\/pages\/327\/revisions\/328"}],"wp:attachment":[{"href":"https:\/\/www.mechatronik.hu\/index.php\/wp-json\/wp\/v2\/media?parent=327"}],"curies":[{"name":"wp","href":"https:\/\/api.w.org\/{rel}","templated":true}]}}