{"id":484,"date":"2024-07-08T09:58:48","date_gmt":"2024-07-08T08:58:48","guid":{"rendered":"http:\/\/www.mechatronik.hu\/?page_id=484"},"modified":"2024-07-08T10:01:26","modified_gmt":"2024-07-08T09:01:26","slug":"minosegpolitika","status":"publish","type":"page","link":"https:\/\/www.mechatronik.hu\/index.php\/hu\/minosegpolitika\/","title":{"rendered":"Min\u0151s\u00e9gpolitika"},"content":{"rendered":"\n<p style=\"font-size: 1.2em;text-align: justify;\">T\u00e1rsas\u00e1gunknak, a MECHATRONIK AUTOMATIKA Kft-nek az a c\u00e9lja, hogy a szem\u00e9lyi \u00e9s t\u00e1rgyi felt\u00e9teleink min\u00e9l sz\u00ednvonalasabb biztos\u00edt\u00e1s\u00e1val az MSZ EN ISO 9001:2015 szabv\u00e1ny k\u00f6vetelm\u00e9nyeit kiel\u00e9g\u00edt\u0151 min\u0151s\u00e9gir\u00e1ny\u00edt\u00e1si rendszert m\u0171k\u00f6dtess\u00fcnk, folyamatos fejleszt\u00e9s\u00e9r\u0151l gondoskodjunk annak \u00e9rdek\u00e9ben, hogy a Megb\u00edz\u00f3ink mindig el\u00e9gedettek legyenek a szolg\u00e1ltat\u00e1saink \u00e9s tev\u00e9kenys\u00e9geink sz\u00ednvonal\u00e1val. Ennek \u00e9rdek\u00e9ben:<br>\n<br>\n<ul style=\"font-size: 1.2em; text-align: justify;\">\n<li>Az egyre er\u0151s\u00f6d\u0151 piaci versenyviszonyok k\u00f6z\u00f6tt &#8211; a j\u00f6vedelmez\u0151s\u00e9g megtart\u00e1sa mellett &#8211; kapcsolatrendszer\u00fcnk minden ter\u00fclet\u00e9n megtartsuk, er\u0151s\u00edts\u00fck \u00e9s lehet\u0151s\u00e9g szerint b\u0151v\u00edts\u00fck poz\u00edci\u00f3nkat. <\/li><li>Minden tev\u00e9kenys\u00e9g\u00fcnk \u00e9s szolg\u00e1ltat\u00e1sunk v\u00e9gz\u00e9se sor\u00e1n els\u0151dleges c\u00e9lunk, hogy olyan v\u00e1llalkoz\u00e1s maradjunk, amely a Megrendel\u0151ink el\u00e9gedetts\u00e9ge mellett a lehet\u0151 legmagasabb min\u0151s\u00e9gben teljes\u00edt.<\/li>\n<br>\n<li>Munk\u00e1nk sor\u00e1n mindig azt tartjuk szem el\u0151tt, hogy c\u00e9lunk Megrendel\u0151ink ig\u00e9nyeinek kiel\u00e9g\u00edt\u00e9se, legfontosabb teend\u0151nk bizalmuk elnyer\u00e9se, meg\u00e1llapod\u00e1sainkat mindig betartjuk, minden elfogadott megrendel\u00e9st azonos fontoss\u00e1g\u00fanak tekint\u00fcnk, az emberi t\u00e9nyez\u0151k hasznosul\u00e1s\u00e1t \u00e9s fejleszt\u00e9s\u00e9t, valamint a folyamatos min\u0151s\u00e9gjav\u00edt\u00e1s elv\u00e9t k\u00f6vetj\u00fck.<\/li>\n<br>\n<li>Kiemelt figyelmet ford\u00edtunk munkat\u00e1rsaink szakmai felk\u00e9sz\u00fclts\u00e9g\u00e9nek fejleszt\u00e9s\u00e9re \u00e9s eszk\u00f6zeink korszer\u0171s\u00edt\u00e9s\u00e9re.\n<\/ul>\n<\/p>\n\n\n\n<p>Szeged, 2024.06.24.<\/p>\n\n\n\n<p class=\"has-text-align-center\">Bal\u00e1zs B\u00e9la<br>\u00fcgyvezet\u0151<\/p>\n","protected":false},"excerpt":{"rendered":"<p>T\u00e1rsas\u00e1gunknak, a MECHATRONIK AUTOMATIKA Kft-nek az a c\u00e9lja, hogy a szem\u00e9lyi \u00e9s t\u00e1rgyi felt\u00e9teleink min\u00e9l sz\u00ednvonalasabb biztos\u00edt\u00e1s\u00e1val az MSZ EN ISO 9001:2015 szabv\u00e1ny k\u00f6vetelm\u00e9nyeit kiel\u00e9g\u00edt\u0151 min\u0151s\u00e9gir\u00e1ny\u00edt\u00e1si rendszert m\u0171k\u00f6dtess\u00fcnk, folyamatos fejleszt\u00e9s\u00e9r\u0151l [&hellip;]<\/p>\n","protected":false},"author":1,"featured_media":0,"parent":0,"menu_order":0,"comment_status":"closed","ping_status":"closed","template":"","meta":{"footnotes":""},"yoast_head":"<!-- This site is optimized with the Yoast SEO plugin v23.4 - https:\/\/yoast.com\/wordpress\/plugins\/seo\/ -->\n<title>Min\u0151s\u00e9gpolitika - Mechatronik Automatika Kft. - egyedi g\u00e9pgy\u00e1rt\u00e1s, automatiz\u00e1l\u00e1s, vez\u00e9rl\u00e9s fel\u00faj\u00edt\u00e1s, g\u00e9p\u00e9szeti nagyjav\u00edt\u00e1s, \u00e1raj\u00e1nlat, felm\u00e9r\u00e9s<\/title>\n<meta name=\"robots\" content=\"index, follow, max-snippet:-1, max-image-preview:large, max-video-preview:-1\" \/>\n<link rel=\"canonical\" href=\"https:\/\/www.mechatronik.hu\/index.php\/hu\/minosegpolitika\/\" \/>\n<meta property=\"og:locale\" content=\"hu_HU\" \/>\n<meta property=\"og:type\" content=\"article\" \/>\n<meta property=\"og:title\" content=\"Min\u0151s\u00e9gpolitika - Mechatronik Automatika Kft. - egyedi g\u00e9pgy\u00e1rt\u00e1s, automatiz\u00e1l\u00e1s, vez\u00e9rl\u00e9s fel\u00faj\u00edt\u00e1s, g\u00e9p\u00e9szeti nagyjav\u00edt\u00e1s, \u00e1raj\u00e1nlat, felm\u00e9r\u00e9s\" \/>\n<meta property=\"og:description\" content=\"T\u00e1rsas\u00e1gunknak, a MECHATRONIK AUTOMATIKA Kft-nek az a c\u00e9lja, hogy a szem\u00e9lyi \u00e9s t\u00e1rgyi felt\u00e9teleink min\u00e9l sz\u00ednvonalasabb biztos\u00edt\u00e1s\u00e1val az MSZ EN ISO 9001:2015 szabv\u00e1ny k\u00f6vetelm\u00e9nyeit kiel\u00e9g\u00edt\u0151 min\u0151s\u00e9gir\u00e1ny\u00edt\u00e1si rendszert m\u0171k\u00f6dtess\u00fcnk, folyamatos fejleszt\u00e9s\u00e9r\u0151l [&hellip;]\" \/>\n<meta property=\"og:url\" content=\"https:\/\/www.mechatronik.hu\/index.php\/hu\/minosegpolitika\/\" \/>\n<meta property=\"og:site_name\" content=\"Mechatronik Automatika Kft.\" \/>\n<meta property=\"article:modified_time\" content=\"2024-07-08T09:01:26+00:00\" \/>\n<meta name=\"twitter:card\" content=\"summary_large_image\" \/>\n<meta name=\"twitter:label1\" content=\"Becs\u00fclt olvas\u00e1si id\u0151\" \/>\n\t<meta name=\"twitter:data1\" content=\"1 perc\" \/>\n<script type=\"application\/ld+json\" class=\"yoast-schema-graph\">{\"@context\":\"https:\/\/schema.org\",\"@graph\":[{\"@type\":\"WebPage\",\"@id\":\"https:\/\/www.mechatronik.hu\/index.php\/hu\/minosegpolitika\/\",\"url\":\"https:\/\/www.mechatronik.hu\/index.php\/hu\/minosegpolitika\/\",\"name\":\"Min\u0151s\u00e9gpolitika - Mechatronik Automatika Kft. - egyedi g\u00e9pgy\u00e1rt\u00e1s, automatiz\u00e1l\u00e1s, vez\u00e9rl\u00e9s fel\u00faj\u00edt\u00e1s, g\u00e9p\u00e9szeti nagyjav\u00edt\u00e1s, \u00e1raj\u00e1nlat, felm\u00e9r\u00e9s\",\"isPartOf\":{\"@id\":\"https:\/\/www.mechatronik.hu\/#website\"},\"datePublished\":\"2024-07-08T08:58:48+00:00\",\"dateModified\":\"2024-07-08T09:01:26+00:00\",\"breadcrumb\":{\"@id\":\"https:\/\/www.mechatronik.hu\/index.php\/hu\/minosegpolitika\/#breadcrumb\"},\"inLanguage\":\"hu\",\"potentialAction\":[{\"@type\":\"ReadAction\",\"target\":[\"https:\/\/www.mechatronik.hu\/index.php\/hu\/minosegpolitika\/\"]}]},{\"@type\":\"BreadcrumbList\",\"@id\":\"https:\/\/www.mechatronik.hu\/index.php\/hu\/minosegpolitika\/#breadcrumb\",\"itemListElement\":[{\"@type\":\"ListItem\",\"position\":1,\"name\":\"Home\",\"item\":\"https:\/\/www.mechatronik.hu\/index.php\/de\/mechatronik-automatika-kft\/\"},{\"@type\":\"ListItem\",\"position\":2,\"name\":\"Min\u0151s\u00e9gpolitika\"}]},{\"@type\":\"WebSite\",\"@id\":\"https:\/\/www.mechatronik.hu\/#website\",\"url\":\"https:\/\/www.mechatronik.hu\/\",\"name\":\"Mechatronik Automatika Kft.\",\"description\":\"Mechatronik Automatika Kft. - egyedi g\u00e9pgy\u00e1rt\u00e1s, ipari automatiz\u00e1l\u00e1s, vez\u00e9rl\u00e9s fel\u00faj\u00edt\u00e1s, g\u00e9p\u00e9szeti nagyjav\u00edt\u00e1s, \u00e1raj\u00e1nlat, felm\u00e9r\u00e9s\",\"publisher\":{\"@id\":\"https:\/\/www.mechatronik.hu\/#organization\"},\"potentialAction\":[{\"@type\":\"SearchAction\",\"target\":{\"@type\":\"EntryPoint\",\"urlTemplate\":\"https:\/\/www.mechatronik.hu\/?s={search_term_string}\"},\"query-input\":{\"@type\":\"PropertyValueSpecification\",\"valueRequired\":true,\"valueName\":\"search_term_string\"}}],\"inLanguage\":\"hu\"},{\"@type\":\"Organization\",\"@id\":\"https:\/\/www.mechatronik.hu\/#organization\",\"name\":\"Mechatronik Automatika Kft.\",\"url\":\"https:\/\/www.mechatronik.hu\/\",\"logo\":{\"@type\":\"ImageObject\",\"inLanguage\":\"hu\",\"@id\":\"https:\/\/www.mechatronik.hu\/#\/schema\/logo\/image\/\",\"url\":\"http:\/\/www.mechatronik.hu\/wp-content\/uploads\/MECHLOGO.png\",\"contentUrl\":\"http:\/\/www.mechatronik.hu\/wp-content\/uploads\/MECHLOGO.png\",\"width\":84,\"height\":78,\"caption\":\"Mechatronik Automatika Kft.\"},\"image\":{\"@id\":\"https:\/\/www.mechatronik.hu\/#\/schema\/logo\/image\/\"}}]}<\/script>\n<!-- \/ Yoast SEO plugin. -->","yoast_head_json":{"title":"Min\u0151s\u00e9gpolitika - Mechatronik Automatika Kft. - egyedi g\u00e9pgy\u00e1rt\u00e1s, automatiz\u00e1l\u00e1s, vez\u00e9rl\u00e9s fel\u00faj\u00edt\u00e1s, g\u00e9p\u00e9szeti nagyjav\u00edt\u00e1s, \u00e1raj\u00e1nlat, felm\u00e9r\u00e9s","robots":{"index":"index","follow":"follow","max-snippet":"max-snippet:-1","max-image-preview":"max-image-preview:large","max-video-preview":"max-video-preview:-1"},"canonical":"https:\/\/www.mechatronik.hu\/index.php\/hu\/minosegpolitika\/","og_locale":"hu_HU","og_type":"article","og_title":"Min\u0151s\u00e9gpolitika - Mechatronik Automatika Kft. - egyedi g\u00e9pgy\u00e1rt\u00e1s, automatiz\u00e1l\u00e1s, vez\u00e9rl\u00e9s fel\u00faj\u00edt\u00e1s, g\u00e9p\u00e9szeti nagyjav\u00edt\u00e1s, \u00e1raj\u00e1nlat, felm\u00e9r\u00e9s","og_description":"T\u00e1rsas\u00e1gunknak, a MECHATRONIK AUTOMATIKA Kft-nek az a c\u00e9lja, hogy a szem\u00e9lyi \u00e9s t\u00e1rgyi felt\u00e9teleink min\u00e9l sz\u00ednvonalasabb biztos\u00edt\u00e1s\u00e1val az MSZ EN ISO 9001:2015 szabv\u00e1ny k\u00f6vetelm\u00e9nyeit kiel\u00e9g\u00edt\u0151 min\u0151s\u00e9gir\u00e1ny\u00edt\u00e1si rendszert m\u0171k\u00f6dtess\u00fcnk, folyamatos fejleszt\u00e9s\u00e9r\u0151l [&hellip;]","og_url":"https:\/\/www.mechatronik.hu\/index.php\/hu\/minosegpolitika\/","og_site_name":"Mechatronik Automatika Kft.","article_modified_time":"2024-07-08T09:01:26+00:00","twitter_card":"summary_large_image","twitter_misc":{"Becs\u00fclt olvas\u00e1si id\u0151":"1 perc"},"schema":{"@context":"https:\/\/schema.org","@graph":[{"@type":"WebPage","@id":"https:\/\/www.mechatronik.hu\/index.php\/hu\/minosegpolitika\/","url":"https:\/\/www.mechatronik.hu\/index.php\/hu\/minosegpolitika\/","name":"Min\u0151s\u00e9gpolitika - Mechatronik Automatika Kft. - egyedi g\u00e9pgy\u00e1rt\u00e1s, automatiz\u00e1l\u00e1s, vez\u00e9rl\u00e9s fel\u00faj\u00edt\u00e1s, g\u00e9p\u00e9szeti nagyjav\u00edt\u00e1s, \u00e1raj\u00e1nlat, felm\u00e9r\u00e9s","isPartOf":{"@id":"https:\/\/www.mechatronik.hu\/#website"},"datePublished":"2024-07-08T08:58:48+00:00","dateModified":"2024-07-08T09:01:26+00:00","breadcrumb":{"@id":"https:\/\/www.mechatronik.hu\/index.php\/hu\/minosegpolitika\/#breadcrumb"},"inLanguage":"hu","potentialAction":[{"@type":"ReadAction","target":["https:\/\/www.mechatronik.hu\/index.php\/hu\/minosegpolitika\/"]}]},{"@type":"BreadcrumbList","@id":"https:\/\/www.mechatronik.hu\/index.php\/hu\/minosegpolitika\/#breadcrumb","itemListElement":[{"@type":"ListItem","position":1,"name":"Home","item":"https:\/\/www.mechatronik.hu\/index.php\/de\/mechatronik-automatika-kft\/"},{"@type":"ListItem","position":2,"name":"Min\u0151s\u00e9gpolitika"}]},{"@type":"WebSite","@id":"https:\/\/www.mechatronik.hu\/#website","url":"https:\/\/www.mechatronik.hu\/","name":"Mechatronik Automatika Kft.","description":"Mechatronik Automatika Kft. - egyedi g\u00e9pgy\u00e1rt\u00e1s, ipari automatiz\u00e1l\u00e1s, vez\u00e9rl\u00e9s fel\u00faj\u00edt\u00e1s, g\u00e9p\u00e9szeti nagyjav\u00edt\u00e1s, \u00e1raj\u00e1nlat, felm\u00e9r\u00e9s","publisher":{"@id":"https:\/\/www.mechatronik.hu\/#organization"},"potentialAction":[{"@type":"SearchAction","target":{"@type":"EntryPoint","urlTemplate":"https:\/\/www.mechatronik.hu\/?s={search_term_string}"},"query-input":{"@type":"PropertyValueSpecification","valueRequired":true,"valueName":"search_term_string"}}],"inLanguage":"hu"},{"@type":"Organization","@id":"https:\/\/www.mechatronik.hu\/#organization","name":"Mechatronik Automatika Kft.","url":"https:\/\/www.mechatronik.hu\/","logo":{"@type":"ImageObject","inLanguage":"hu","@id":"https:\/\/www.mechatronik.hu\/#\/schema\/logo\/image\/","url":"http:\/\/www.mechatronik.hu\/wp-content\/uploads\/MECHLOGO.png","contentUrl":"http:\/\/www.mechatronik.hu\/wp-content\/uploads\/MECHLOGO.png","width":84,"height":78,"caption":"Mechatronik Automatika Kft."},"image":{"@id":"https:\/\/www.mechatronik.hu\/#\/schema\/logo\/image\/"}}]}},"_links":{"self":[{"href":"https:\/\/www.mechatronik.hu\/index.php\/wp-json\/wp\/v2\/pages\/484"}],"collection":[{"href":"https:\/\/www.mechatronik.hu\/index.php\/wp-json\/wp\/v2\/pages"}],"about":[{"href":"https:\/\/www.mechatronik.hu\/index.php\/wp-json\/wp\/v2\/types\/page"}],"author":[{"embeddable":true,"href":"https:\/\/www.mechatronik.hu\/index.php\/wp-json\/wp\/v2\/users\/1"}],"replies":[{"embeddable":true,"href":"https:\/\/www.mechatronik.hu\/index.php\/wp-json\/wp\/v2\/comments?post=484"}],"version-history":[{"count":2,"href":"https:\/\/www.mechatronik.hu\/index.php\/wp-json\/wp\/v2\/pages\/484\/revisions"}],"predecessor-version":[{"id":486,"href":"https:\/\/www.mechatronik.hu\/index.php\/wp-json\/wp\/v2\/pages\/484\/revisions\/486"}],"wp:attachment":[{"href":"https:\/\/www.mechatronik.hu\/index.php\/wp-json\/wp\/v2\/media?parent=484"}],"curies":[{"name":"wp","href":"https:\/\/api.w.org\/{rel}","templated":true}]}}